{"id":17254,"date":"2021-12-09T11:50:51","date_gmt":"2021-12-09T10:50:51","guid":{"rendered":"https:\/\/www.revfine.com\/?page_id=17254"},"modified":"2024-07-16T14:11:16","modified_gmt":"2024-07-16T12:11:16","slug":"inspiration","status":"publish","type":"page","link":"https:\/\/www.revfine.com\/de\/inspiration\/","title":{"rendered":"Content-Inspiration + Content-Marketing-Leitfaden"},"content":{"rendered":"<h2><span style=\"font-size: 24pt;\">Inspiration und Tipps zur Optimierung Ihrer Ergebnisse<\/span><\/h2>\n<p>Wissensbasierte Artikel eignen sich hervorragend, um Markenbekanntheit zu erzeugen. Kostenlose Ressourcen sind eine hervorragende M\u00f6glichkeit, Klicks zu generieren und Leads auf Ihre Unternehmenswebsite zu lenken.<\/p>\n<p>Nachfolgend finden Sie Inspirationen und Beispiele zum Ver\u00f6ffentlichen von Inhalten auf Revfine.com.<\/p>\n<h3><span style=\"font-size: 16pt;\"><strong>1) Schaffen Sie Markenbekanntheit mit Artikeln aus der Wissensdatenbank<\/strong><\/span><\/h3>\n<p><strong>Tor:<\/strong> Markenbekanntheit<\/p>\n<p><strong>Einige Beispiele:<\/strong><\/p>\n<ul>\n<li>Sprechen Sie Themen basierend auf dem Profil Ihres Kunden an\n<ul>\n<li>Was sind ihre Schmerzpunkte, Interessen und Bed\u00fcrfnisse?<\/li>\n<li>Was sind ihre Fragen w\u00e4hrend ihrer Buyer Journey (Awareness-, Consideration-, Decision-Phase)<\/li>\n<\/ul>\n<\/li>\n<li>Informieren Sie Ihre Zielgruppe, indem Sie Tipps, Strategien oder einen Plan bereitstellen<\/li>\n<li>Zeigen Sie, dass Sie ein Vordenker sind, indem Sie Ihre Vision teilen<\/li>\n<li>Zeigen Sie, dass Sie ein Experte sind, indem Sie detaillierte Informationen wie Analysen bereitstellen<\/li>\n<li>Informieren Sie Ihr Publikum \u00fcber die neuesten Entwicklungen und Trends in der Branche<\/li>\n<li>Beschreiben Sie die Vorteile des von Ihnen gel\u00f6sten Problems<\/li>\n<li>Bauen Sie Vertrauen auf, indem Sie Anwendungsf\u00e4lle teilen<\/li>\n<li>Weitere Inspirationen finden Sie in unserem ausf\u00fchrlichen Ratgeber <span style=\"text-decoration: underline; color: #212121;\"><a style=\"color: #212121; text-decoration: underline;\" href=\"#guide\">\u201eWie Hoteltechnikanbieter mit Content Marketing den Umsatz steigern k\u00f6nnen\u201c<\/a><\/span><\/li>\n<\/ul>\n<p><strong>Richtlinien zum Ver\u00f6ffentlichen von Wissensdatenbankartikeln:<\/strong> Bitte stellen Sie sicher, dass alle Inhalte unseren entsprechen <strong><span style=\"text-decoration: underline;\"><a href=\"https:\/\/www.revfine.com\/de\/editorial-guidelines-knowledge-base-articles\/\" target=\"_blank\" rel=\"noopener\">Richtlinien<\/a><\/span><\/strong> &amp; <strong><span style=\"text-decoration: underline;\"><a href=\"https:\/\/www.revfine.com\/de\/artikelformat\/\" target=\"_blank\" rel=\"noopener\">Artikelformat<\/a><\/span><\/strong>.<\/p>\n<h3><span style=\"font-size: 16pt;\"><strong>2) Generieren Sie Leads mit Bildungsressourcen<\/strong><\/span><\/h3>\n<p><strong>Tor:<\/strong> Markenbekanntheit &amp; gezielte Klicks und Leads<\/p>\n<p><strong>Einige Beispiele:<\/strong><\/p>\n<ul>\n<li>E-Books<\/li>\n<li>F\u00fchrer<\/li>\n<li>wei\u00dfe Papiere<\/li>\n<li>Berichte<a id=\"guide\"><\/a><\/li>\n<li>Checklisten<\/li>\n<li>Einkaufsf\u00fchrer<\/li>\n<li>Fallstudien<\/li>\n<li>Kurse<\/li>\n<li>Weitere Inspirationen finden Sie in unserem ausf\u00fchrlichen Ratgeber <a href=\"https:\/\/www.revfine.com\/wp-content\/uploads\/2024\/07\/Guide-How-Hotel-Tech-Suppliers-Can-Increase-Sales-with-Content-Marketing-2.1.pdf\" target=\"_blank\" rel=\"noopener\"><span style=\"text-decoration: underline; color: #212121;\">\u201eWie Hoteltechnikanbieter mit Content Marketing den Umsatz steigern k\u00f6nnen\u201c<\/span><\/a><\/li>\n<\/ul>\n<p><strong>Erforderliche Informationen zum Ver\u00f6ffentlichen einer Ressource:<\/strong> Bitte stellen Sie sicher, dass wir alle <strong><span style=\"text-decoration: underline;\"><a href=\"https:\/\/www.revfine.com\/de\/richtlinien-e-book\/\" target=\"_blank\" rel=\"noopener\">Notwendige Informationen zur Ver\u00f6ffentlichung Ihrer Ressource<\/a><\/span><\/strong><a href=\"https:\/\/www.revfine.com\/de\/richtlinien-e-book\/\">.<\/a><\/p>\n<h3><strong><span style=\"font-size: 16pt;\">3) Steigern Sie Ihre Ergebnisse weiter mit unseren ma\u00dfgeschneiderten Werbel\u00f6sungen<\/span><\/strong><\/h3>\n<p>Um Ihre Sichtbarkeit, Markenbekanntheit und Lead-Generierung weiter zu steigern, haben wir mehrere ma\u00dfgeschneiderte Werbem\u00f6glichkeiten entwickelt. <span style=\"text-decoration: underline;\"><strong><a href=\"https:\/\/www.revfine.com\/customised\/\" target=\"_blank\" rel=\"noopener\">Klicke hier<\/a><\/strong><\/span> um die M\u00f6glichkeiten zu sehen. Z\u00f6gern Sie nicht, uns zu kontaktieren, um die M\u00f6glichkeiten zu besprechen.<\/p>\n<h3><strong><span style=\"font-size: 16pt;\">4) Leitfaden \u201eWie Hoteltechnikanbieter den Umsatz mit Content Marketing steigern k\u00f6nnen\u201c<\/span><\/strong><\/h3>\n<p>Wir haben einen Leitfaden geschrieben, der Hoteltechnologieanbietern dabei hilft, ihr Content-Marketing zu optimieren. Im Leitfaden erfahren Sie, wie Sie mit den richtigen Inhalten das richtige Publikum erreichen, wie Sie die richtigen Vertriebskan\u00e4le berechnen, analysieren und ausw\u00e4hlen. <a href=\"https:\/\/www.revfine.com\/wp-content\/uploads\/2024\/07\/Guide-How-Hotel-Tech-Suppliers-Can-Increase-Sales-with-Content-Marketing-2.1.pdf\" target=\"_blank\" rel=\"noopener\"><strong><span style=\"text-decoration: underline;\">Klicken Sie hier, um den Leitfaden herunterzuladen<\/span><\/strong><\/a>.<\/p>\n<h3><span style=\"font-size: 16pt;\"><strong>Copywriting-Service<\/strong><\/span><\/h3>\n<p>Wenn Sie keinen eigenen Texter haben, k\u00f6nnte es interessant sein, Ihr Texten auszulagern. Ein Texter erm\u00f6glicht es Ihnen, Ihr Wissen in hochwertige und spannende Geschichten umzusetzen. Geschichten, die Ihnen helfen, Ihre gew\u00fcnschten Ziele zu erreichen und Ihre Marke hervorzuheben. Revfine.com kann Sie mit einem Texter in Verbindung bringen, der auf Gastgewerbe und Technologie spezialisiert ist.<\/p>","protected":false},"excerpt":{"rendered":"<p>Inspiration und Tipps zur Optimierung Ihrer Ergebnisse Wissensbasierte Artikel eignen sich hervorragend zur Steigerung der Markenbekanntheit. Kostenlose Ressourcen sind eine hervorragende M\u00f6glichkeit, Klicks zu generieren und Leads f\u00fcr Ihre Unternehmenswebsite zu generieren. Nachfolgend finden Sie Inspiration und Beispiele f\u00fcr die Ver\u00f6ffentlichung von Inhalten auf Revfine.com. 1) Schaffen Sie Markenbekanntheit mit Wissensdatenbankartikeln Ziel: Markenbekanntheit Einige Beispiele: Behandeln Sie Themen basierend auf<\/p>","protected":false},"author":1,"featured_media":0,"parent":0,"menu_order":0,"comment_status":"closed","ping_status":"closed","template":"","meta":{"footnotes":""},"class_list":["post-17254","page","type-page","status-publish","hentry"],"yoast_head":"<!-- This site is optimized with the Yoast SEO plugin v27.3 - https:\/\/yoast.com\/product\/yoast-seo-wordpress\/ -->\n<title>Content Inspiration + Content Marketing Guide - Revfine.com<\/title>\n<meta name=\"robots\" content=\"noindex, nofollow\" \/>\n<meta property=\"og:locale\" content=\"de_DE\" \/>\n<meta property=\"og:type\" content=\"article\" \/>\n<meta property=\"og:title\" content=\"Content Inspiration + Content Marketing Guide - Revfine.com\" \/>\n<meta property=\"og:description\" content=\"Inspiration &amp; Tips To Optimize Your Results Knowledge-based articles are great for creating brand awareness. Free resources are an excellent way to push clicks and generate leads to your company website. Below, you will find inspiration and examples for publishing content on Revfine.com. 1) Create Brand Awareness with Knowledge Base Articles Goal: Brand awareness Some examples: Address topics based on\" \/>\n<meta property=\"og:url\" content=\"https:\/\/www.revfine.com\/de\/inspiration\/\" \/>\n<meta property=\"og:site_name\" content=\"Revfine.com\" \/>\n<meta property=\"article:modified_time\" content=\"2024-07-16T12:11:16+00:00\" \/>\n<meta name=\"twitter:card\" content=\"summary_large_image\" \/>\n<meta name=\"twitter:label1\" content=\"Gesch\u00e4tzte Lesezeit\" \/>\n\t<meta name=\"twitter:data1\" content=\"2\u00a0Minuten\" \/>\n<script type=\"application\/ld+json\" class=\"yoast-schema-graph\">{\"@context\":\"https:\\\/\\\/schema.org\",\"@graph\":[{\"@type\":\"WebPage\",\"@id\":\"https:\\\/\\\/www.revfine.com\\\/inspiration\\\/\",\"url\":\"https:\\\/\\\/www.revfine.com\\\/inspiration\\\/\",\"name\":\"Content Inspiration + Content Marketing Guide - Revfine.com\",\"isPartOf\":{\"@id\":\"https:\\\/\\\/www.revfine.com\\\/pt\\\/#website\"},\"datePublished\":\"2021-12-09T10:50:51+00:00\",\"dateModified\":\"2024-07-16T12:11:16+00:00\",\"breadcrumb\":{\"@id\":\"https:\\\/\\\/www.revfine.com\\\/inspiration\\\/#breadcrumb\"},\"inLanguage\":\"de\",\"potentialAction\":[{\"@type\":\"ReadAction\",\"target\":[\"https:\\\/\\\/www.revfine.com\\\/inspiration\\\/\"]}]},{\"@type\":\"BreadcrumbList\",\"@id\":\"https:\\\/\\\/www.revfine.com\\\/inspiration\\\/#breadcrumb\",\"itemListElement\":[{\"@type\":\"ListItem\",\"position\":1,\"name\":\"Home\",\"item\":\"https:\\\/\\\/www.revfine.com\\\/\"},{\"@type\":\"ListItem\",\"position\":2,\"name\":\"Content Inspiration + Content Marketing Guide\"}]},{\"@type\":\"WebSite\",\"@id\":\"https:\\\/\\\/www.revfine.com\\\/pt\\\/#website\",\"url\":\"https:\\\/\\\/www.revfine.com\\\/pt\\\/\",\"name\":\"Revfine.com\",\"description\":\"Optimising Revenue\",\"potentialAction\":[{\"@type\":\"SearchAction\",\"target\":{\"@type\":\"EntryPoint\",\"urlTemplate\":\"https:\\\/\\\/www.revfine.com\\\/pt\\\/?s={search_term_string}\"},\"query-input\":{\"@type\":\"PropertyValueSpecification\",\"valueRequired\":true,\"valueName\":\"search_term_string\"}}],\"inLanguage\":\"de\"}]}<\/script>\n<!-- \/ Yoast SEO plugin. -->","yoast_head_json":{"title":"Content-Inspiration + Content-Marketing-Leitfaden - Revfine.com","robots":{"index":"noindex","follow":"nofollow"},"og_locale":"de_DE","og_type":"article","og_title":"Content Inspiration + Content Marketing Guide - Revfine.com","og_description":"Inspiration &amp; Tips To Optimize Your Results Knowledge-based articles are great for creating brand awareness. Free resources are an excellent way to push clicks and generate leads to your company website. Below, you will find inspiration and examples for publishing content on Revfine.com. 1) Create Brand Awareness with Knowledge Base Articles Goal: Brand awareness Some examples: Address topics based on","og_url":"https:\/\/www.revfine.com\/de\/inspiration\/","og_site_name":"Revfine.com","article_modified_time":"2024-07-16T12:11:16+00:00","twitter_card":"summary_large_image","twitter_misc":{"Gesch\u00e4tzte Lesezeit":"2\u00a0Minuten"},"schema":{"@context":"https:\/\/schema.org","@graph":[{"@type":"WebPage","@id":"https:\/\/www.revfine.com\/inspiration\/","url":"https:\/\/www.revfine.com\/inspiration\/","name":"Content-Inspiration + Content-Marketing-Leitfaden - Revfine.com","isPartOf":{"@id":"https:\/\/www.revfine.com\/pt\/#website"},"datePublished":"2021-12-09T10:50:51+00:00","dateModified":"2024-07-16T12:11:16+00:00","breadcrumb":{"@id":"https:\/\/www.revfine.com\/inspiration\/#breadcrumb"},"inLanguage":"de","potentialAction":[{"@type":"ReadAction","target":["https:\/\/www.revfine.com\/inspiration\/"]}]},{"@type":"BreadcrumbList","@id":"https:\/\/www.revfine.com\/inspiration\/#breadcrumb","itemListElement":[{"@type":"ListItem","position":1,"name":"Home","item":"https:\/\/www.revfine.com\/"},{"@type":"ListItem","position":2,"name":"Content Inspiration + Content Marketing Guide"}]},{"@type":"WebSite","@id":"https:\/\/www.revfine.com\/pt\/#website","url":"https:\/\/www.revfine.com\/pt\/","name":"Revfine.com","description":"Optimierung des Umsatzes","potentialAction":[{"@type":"SearchAction","target":{"@type":"EntryPoint","urlTemplate":"https:\/\/www.revfine.com\/pt\/?s={search_term_string}"},"query-input":{"@type":"PropertyValueSpecification","valueRequired":true,"valueName":"search_term_string"}}],"inLanguage":"de"}]}},"_links":{"self":[{"href":"https:\/\/www.revfine.com\/de\/wp-json\/wp\/v2\/pages\/17254","targetHints":{"allow":["GET"]}}],"collection":[{"href":"https:\/\/www.revfine.com\/de\/wp-json\/wp\/v2\/pages"}],"about":[{"href":"https:\/\/www.revfine.com\/de\/wp-json\/wp\/v2\/types\/page"}],"author":[{"embeddable":true,"href":"https:\/\/www.revfine.com\/de\/wp-json\/wp\/v2\/users\/1"}],"replies":[{"embeddable":true,"href":"https:\/\/www.revfine.com\/de\/wp-json\/wp\/v2\/comments?post=17254"}],"version-history":[{"count":2,"href":"https:\/\/www.revfine.com\/de\/wp-json\/wp\/v2\/pages\/17254\/revisions"}],"predecessor-version":[{"id":32301,"href":"https:\/\/www.revfine.com\/de\/wp-json\/wp\/v2\/pages\/17254\/revisions\/32301"}],"wp:attachment":[{"href":"https:\/\/www.revfine.com\/de\/wp-json\/wp\/v2\/media?parent=17254"}],"curies":[{"name":"wp","href":"https:\/\/api.w.org\/{rel}","templated":true}]}}