{"id":2499,"date":"2019-05-18T10:04:55","date_gmt":"2019-05-18T08:04:55","guid":{"rendered":"https:\/\/revfine.com\/?page_id=2499"},"modified":"2025-12-10T12:54:29","modified_gmt":"2025-12-10T11:54:29","slug":"redaktionelle-leitlinien-wissensdatenbank-artikel","status":"publish","type":"page","link":"https:\/\/www.revfine.com\/de\/guidelines-articles\/","title":{"rendered":"Redaktionelle Richtlinien f\u00fcr Knowledge Base-Artikel"},"content":{"rendered":"<p><em><span style=\"font-size: 14pt;\">Eine Content-Marketing-Partnerschaft ist eine gemeinsame Anstrengung Ihres Unternehmens und Revfine.com, um unserer Zielgruppe praktische Tipps, die neuesten Trends und interessante Einblicke zu bieten und gleichzeitig Ihre Markenbekanntheit zu steigern. Im Folgenden finden Sie unsere Richtlinien und Tipps, mit denen Sie Ihre Wissensdatenbankartikel optimal nutzen k\u00f6nnen.<\/span><\/em><\/p>\n<h3><strong>Verbinden Sie sich mit dem Publikum von Revfine.com<\/strong><\/h3>\n<p>Bei der Erstellung von Inhalten ist es wichtig, die Zielgruppe und den Stil von Revfine.com zu ber\u00fccksichtigen. Revfine.com zieht innovative und einflussreiche Fachleute aus der Hotel-, Gastgewerbe- und Reisebranche an, die in ihren Unternehmen Entscheidungstr\u00e4ger sind, wie beispielsweise Eigent\u00fcmer, F\u00fchrungskr\u00e4fte und Gesch\u00e4ftsf\u00fchrer.<\/p>\n<h3><strong>Revfine.com &amp; Inhalt<\/strong><\/h3>\n<p>Revfine.com inspiriert, vermittelt Wissen und bietet praktische Tipps zu Marketing, Technologie und Software, um den Umsatz zu optimieren, Prozesse zu innovieren und das Kundenerlebnis zu verbessern. Jeder Artikel liefert verst\u00e4ndliche und umsetzbare L\u00f6sungen. Diese Herangehensweise spiegelt sich in unseren redaktionellen Inhalten wider und pr\u00e4gt auch unsere gesponserten Beitr\u00e4ge.<\/p>\n<h3><strong>Richtlinien Knowledge Base-Artikel<\/strong><\/h3>\n<p>Generell gilt: Informieren und begeistern Sie Ihre Leser, aber verzichten Sie auf Werbung. Wertvolle und praxisnahe Informationen in einem lebendigen und leicht verst\u00e4ndlichen Stil tragen wesentlich mehr zur Markenbildung bei als altmodische Marketingbotschaften. Je authentischer und unvoreingenommener Ihr Artikel ist, desto gr\u00f6\u00dfer ist seine Wirkung.<\/p>\n<p>Nachfolgend finden Sie die Richtlinien zum Verfassen eines Wissensdatenbankartikels. Bitte stellen Sie sicher, dass alle Artikel unseren Richtlinien entsprechen.<\/p>\n<ul>\n<li>Erw\u00e4hnen Sie Ihre Marke, damit der Artikel objektiv wirkt <span style=\"text-decoration: underline;\">Einmal<\/span> innerhalb des Artikels.<\/li>\n<li>Der Artikel sollte bestehen aus <strong>einzigartiger Text, der exklusiv verfasst wird<\/strong> f\u00fcr Revfine.com. Dein Artikel wird (teilweise) nicht an anderer Stelle ver\u00f6ffentlicht<\/li>\n<li>Mindestens 800 W\u00f6rter (Beratung liegt zwischen 1000 und 2000 W\u00f6rtern)<\/li>\n<li>1 externer Link zu Ihrer Firmenwebsite ist erlaubt<\/li>\n<li>Um alle Ergebnisse korrekt zu messen, ist innerhalb der URL zur Unternehmenswebsite nur das Google-Tracking-UTM zul\u00e4ssig.<\/li>\n<li>Interner Linkaufbau: Sie d\u00fcrfen auf Revfine.com auf andere relevante Artikel Ihres Unternehmens verlinken<\/li>\n<li>Andere externe Links m\u00fcssen relevant und nicht kommerziell sein. Z. B. um Statistiken zu sichern (Bitte beachten Sie die Quelle)<\/li>\n<li>In Englisch geschrieben<\/li>\n<li>Bitte schreibe den Artikel in die <strong>\u201ezweite Person\u201c (Du, Dein, Dein)<\/strong> statt der \u201eersten Person\u201c (Ich, Wir, Unser)<\/li>\n<li>Artikeleinleitung: Im Einleitungstext sind keine Hyperlinks oder Markennamen erlaubt \u2013 ca. 60 W\u00f6rter.<\/li>\n<li>Artikelschluss: Im Schluss sind keine Hyperlinks oder Markennamen erlaubt \u2013 ungef\u00e4hr 40 W\u00f6rter.<\/li>\n<li>Der Artikel muss aus Gr\u00fcnden der Klarheit, Grammatik und Rechtschreibung Korrektur gelesen und bearbeitet werden!<\/li>\n<li><strong>Die Verwendung unseres Artikelformats (siehe unten)<\/strong><\/li>\n<\/ul>\n<p><span style=\"color: #d4a763; font-size: 12pt;\"><strong><span style=\"text-decoration: underline;\">Tipp!<\/span> Teilen Sie diese Richtlinien und das Artikelformat mit Ihrem Texter :)<\/strong><\/span><\/p>\n<h3><strong>Artikelformat<\/strong><\/h3>\n<p>Im Folgenden finden Sie unser Artikelformat und Tipps zum Schreiben eines erfolgreichen Artikels f\u00fcr Revfine.com.<\/p>\n<h3><span style=\"font-size: 14pt;\"><strong>Titel:<\/strong><\/span><\/h3>\n<ul>\n<li>Kernig, druckvoll auf den Punkt<\/li>\n<li>Maximal 69 Zeichen<\/li>\n<\/ul>\n<h3><span style=\"font-size: 14pt;\"><strong>Einf\u00fchrung:<\/strong><\/span><\/h3>\n<ul>\n<li>Beschreiben Sie pr\u00e4gnant, warum das Thema wichtig ist und was der Leser durch die Lekt\u00fcre des Artikels erreichen wird<\/li>\n<li>Im Einleitungstext sind keine Hyperlinks oder Markennamen erlaubt<\/li>\n<li>Ungef\u00e4hr 60 W\u00f6rter<\/li>\n<\/ul>\n<h3><span style=\"font-size: 14pt;\"><strong>K\u00f6rper:<\/strong><\/span><\/h3>\n<ul>\n<li>Schreiben Sie den Artikel positiv<\/li>\n<li>Verwenden Sie ein klares Layout: Verwenden Sie \u00dcberschriften, Unter\u00fcberschriften, Abs\u00e4tze, Aufz\u00e4hlungszeichen und Beispiele<\/li>\n<li>Beantworten Sie Fragen wie: Was ist das? Warum ist es wichtig? Und wie? Was kann der Leser erreichen? (Vorzugsweise praktische Tipps.)<\/li>\n<li>Halten Sie es informativ, unterst\u00fctzend, n\u00fctzlich, praktisch und leicht zu lesen<\/li>\n<li>Wenn ein relevantes Schl\u00fcsselwort f\u00fcr Suchmaschinen wie Google anwendbar ist, stellen Sie sicher, dass das Schl\u00fcsselwort in mindestens 1 \u00dcberschrift und innerhalb des Inhalts (maximal 1%) enthalten ist. Vermeiden Sie jedoch Keyword-Stuffing<\/li>\n<\/ul>\n<h3><span style=\"font-size: 14pt;\"><strong>Fazit:<\/strong><\/span><\/h3>\n<ul>\n<li>Motivieren Sie sich, das erhaltene Wissen und die Tipps anzuwenden, damit die gew\u00fcnschten Ziele erreicht werden k\u00f6nnen.<\/li>\n<li>Im Schluss sind keine Hyperlinks oder Markennamen erlaubt<\/li>\n<li>Ungef\u00e4hr 40 W\u00f6rter<\/li>\n<\/ul>\n<h3><strong>Inspiration &amp; Tipps zur Optimierung Ihrer Ergebnisse<\/strong><\/h3>\n<p>Wir haben zahlreiche Tipps und Best Practices f\u00fcr optimale Content-Marketing-Ergebnisse zusammengestellt. Au\u00dferdem haben wir einen ausf\u00fchrlichen Content-Marketing-Leitfaden f\u00fcr Hoteltechnologieanbieter verfasst. Dieser Leitfaden unterst\u00fctzt Sie dabei, die richtige Zielgruppe mit den passenden Inhalten zu erreichen, Daten zu berechnen, Daten zu analysieren und die richtigen Vertriebskan\u00e4le auszuw\u00e4hlen. <span style=\"text-decoration: underline;\"><a href=\"https:\/\/www.revfine.com\/de\/inspiration\/\" target=\"_blank\" rel=\"noopener\">Klicken Sie hier f\u00fcr alle Tipps<\/a><\/span>.<\/p>\n<h3><strong>Bildanforderungen<\/strong><\/h3>\n<ul>\n<li>Stellen Sie sicher, dass die Bilder zur Verwendung im \u00f6ffentlichen Bereich (urheberrechtsfrei) verf\u00fcgbar sind.<\/li>\n<li>Das Video kann in den Artikel eingebettet werden, indem ein Einbettungscode angegeben wird (YouTube oder Vimeo).<\/li>\n<li>Bitte f\u00fcgen Sie Ihren Markennamen oder Ihr Logo nicht zu Bildern oder Videos hinzu<\/li>\n<\/ul>\n<p><strong>Alle Materialien m\u00fcssen 10 Tage vor dem Erscheinungsdatum geliefert werden.<\/strong><\/p>\n<h3><strong>Haftungsausschluss:<\/strong><\/h3>\n<ul>\n<li>Revfine.com beh\u00e4lt sich das Recht vor, Materialien abzulehnen, die nicht unseren Inhaltsstandards und technischen Spezifikationen entsprechen<\/li>\n<li>Revfine.com beh\u00e4lt sich das Recht vor, kleine redaktionelle \u00c4nderungen an den Inhalten vorzunehmen, die dem allgemeinen Tonfall von Revfine.com entsprechen<\/li>\n<\/ul>","protected":false},"excerpt":{"rendered":"<p>Eine Content-Marketing-Partnerschaft ist eine gemeinsame Anstrengung Ihres Unternehmens und Revfine.com, um unserer Zielgruppe praktische Tipps, die neuesten Trends und interessante Einblicke zu bieten und gleichzeitig Ihre Markenbekanntheit zu steigern. Im Folgenden finden Sie unsere Richtlinien und Tipps, mit denen Sie Ihre Wissensdatenbankartikel optimal nutzen k\u00f6nnen. Verbinden Sie sich mit der Zielgruppe von Revfine.com.<\/p>","protected":false},"author":1,"featured_media":0,"parent":0,"menu_order":0,"comment_status":"closed","ping_status":"closed","template":"","meta":{"footnotes":""},"class_list":["post-2499","page","type-page","status-publish","hentry"],"yoast_head":"<!-- This site is optimized with the Yoast SEO plugin v27.3 - https:\/\/yoast.com\/product\/yoast-seo-wordpress\/ -->\n<title>Editorial Guidelines for Knowledge Base Articles - Revfine.com<\/title>\n<meta name=\"robots\" content=\"noindex, nofollow\" \/>\n<meta property=\"og:locale\" content=\"de_DE\" \/>\n<meta property=\"og:type\" content=\"article\" \/>\n<meta property=\"og:title\" content=\"Editorial Guidelines for Knowledge Base Articles - Revfine.com\" \/>\n<meta property=\"og:description\" content=\"A content marketing partnership is a joint effort between your company and Revfine.com, providing our audience with practical tips, the latest trends, and interesting insights while creating brand awareness for your company. Below you will find our guidelines and tips to help you get the most out of your knowledge-base articles. Connect With the Audience of Revfine.com It\u2019s important to\" \/>\n<meta property=\"og:url\" content=\"https:\/\/www.revfine.com\/de\/redaktionelle-leitlinien-wissensdatenbank-artikel\/\" \/>\n<meta property=\"og:site_name\" content=\"Revfine.com\" \/>\n<meta property=\"article:modified_time\" content=\"2025-12-10T11:54:29+00:00\" \/>\n<meta name=\"twitter:card\" content=\"summary_large_image\" \/>\n<meta name=\"twitter:label1\" content=\"Gesch\u00e4tzte Lesezeit\" \/>\n\t<meta name=\"twitter:data1\" content=\"4\u00a0Minuten\" \/>\n<script type=\"application\/ld+json\" class=\"yoast-schema-graph\">{\"@context\":\"https:\\\/\\\/schema.org\",\"@graph\":[{\"@type\":\"WebPage\",\"@id\":\"https:\\\/\\\/www.revfine.com\\\/guidelines-articles\\\/\",\"url\":\"https:\\\/\\\/www.revfine.com\\\/guidelines-articles\\\/\",\"name\":\"Editorial Guidelines for Knowledge Base Articles - Revfine.com\",\"isPartOf\":{\"@id\":\"https:\\\/\\\/www.revfine.com\\\/pt\\\/#website\"},\"datePublished\":\"2019-05-18T08:04:55+00:00\",\"dateModified\":\"2025-12-10T11:54:29+00:00\",\"breadcrumb\":{\"@id\":\"https:\\\/\\\/www.revfine.com\\\/guidelines-articles\\\/#breadcrumb\"},\"inLanguage\":\"de\",\"potentialAction\":[{\"@type\":\"ReadAction\",\"target\":[\"https:\\\/\\\/www.revfine.com\\\/guidelines-articles\\\/\"]}]},{\"@type\":\"BreadcrumbList\",\"@id\":\"https:\\\/\\\/www.revfine.com\\\/guidelines-articles\\\/#breadcrumb\",\"itemListElement\":[{\"@type\":\"ListItem\",\"position\":1,\"name\":\"Home\",\"item\":\"https:\\\/\\\/www.revfine.com\\\/\"},{\"@type\":\"ListItem\",\"position\":2,\"name\":\"Editorial Guidelines for Knowledge Base Articles\"}]},{\"@type\":\"WebSite\",\"@id\":\"https:\\\/\\\/www.revfine.com\\\/pt\\\/#website\",\"url\":\"https:\\\/\\\/www.revfine.com\\\/pt\\\/\",\"name\":\"Revfine.com\",\"description\":\"Optimising Revenue\",\"potentialAction\":[{\"@type\":\"SearchAction\",\"target\":{\"@type\":\"EntryPoint\",\"urlTemplate\":\"https:\\\/\\\/www.revfine.com\\\/pt\\\/?s={search_term_string}\"},\"query-input\":{\"@type\":\"PropertyValueSpecification\",\"valueRequired\":true,\"valueName\":\"search_term_string\"}}],\"inLanguage\":\"de\"}]}<\/script>\n<!-- \/ Yoast SEO plugin. -->","yoast_head_json":{"title":"Redaktionelle Richtlinien f\u00fcr Knowledge Base-Artikel - Revfine.com","robots":{"index":"noindex","follow":"nofollow"},"og_locale":"de_DE","og_type":"article","og_title":"Editorial Guidelines for Knowledge Base Articles - Revfine.com","og_description":"A content marketing partnership is a joint effort between your company and Revfine.com, providing our audience with practical tips, the latest trends, and interesting insights while creating brand awareness for your company. Below you will find our guidelines and tips to help you get the most out of your knowledge-base articles. Connect With the Audience of Revfine.com It\u2019s important to","og_url":"https:\/\/www.revfine.com\/de\/redaktionelle-leitlinien-wissensdatenbank-artikel\/","og_site_name":"Revfine.com","article_modified_time":"2025-12-10T11:54:29+00:00","twitter_card":"summary_large_image","twitter_misc":{"Gesch\u00e4tzte Lesezeit":"4\u00a0Minuten"},"schema":{"@context":"https:\/\/schema.org","@graph":[{"@type":"WebPage","@id":"https:\/\/www.revfine.com\/guidelines-articles\/","url":"https:\/\/www.revfine.com\/guidelines-articles\/","name":"Redaktionelle Richtlinien f\u00fcr Knowledge Base-Artikel - Revfine.com","isPartOf":{"@id":"https:\/\/www.revfine.com\/pt\/#website"},"datePublished":"2019-05-18T08:04:55+00:00","dateModified":"2025-12-10T11:54:29+00:00","breadcrumb":{"@id":"https:\/\/www.revfine.com\/guidelines-articles\/#breadcrumb"},"inLanguage":"de","potentialAction":[{"@type":"ReadAction","target":["https:\/\/www.revfine.com\/guidelines-articles\/"]}]},{"@type":"BreadcrumbList","@id":"https:\/\/www.revfine.com\/guidelines-articles\/#breadcrumb","itemListElement":[{"@type":"ListItem","position":1,"name":"Home","item":"https:\/\/www.revfine.com\/"},{"@type":"ListItem","position":2,"name":"Editorial Guidelines for Knowledge Base Articles"}]},{"@type":"WebSite","@id":"https:\/\/www.revfine.com\/pt\/#website","url":"https:\/\/www.revfine.com\/pt\/","name":"Revfine.com","description":"Optimierung des Umsatzes","potentialAction":[{"@type":"SearchAction","target":{"@type":"EntryPoint","urlTemplate":"https:\/\/www.revfine.com\/pt\/?s={search_term_string}"},"query-input":{"@type":"PropertyValueSpecification","valueRequired":true,"valueName":"search_term_string"}}],"inLanguage":"de"}]}},"_links":{"self":[{"href":"https:\/\/www.revfine.com\/de\/wp-json\/wp\/v2\/pages\/2499","targetHints":{"allow":["GET"]}}],"collection":[{"href":"https:\/\/www.revfine.com\/de\/wp-json\/wp\/v2\/pages"}],"about":[{"href":"https:\/\/www.revfine.com\/de\/wp-json\/wp\/v2\/types\/page"}],"author":[{"embeddable":true,"href":"https:\/\/www.revfine.com\/de\/wp-json\/wp\/v2\/users\/1"}],"replies":[{"embeddable":true,"href":"https:\/\/www.revfine.com\/de\/wp-json\/wp\/v2\/comments?post=2499"}],"version-history":[{"count":4,"href":"https:\/\/www.revfine.com\/de\/wp-json\/wp\/v2\/pages\/2499\/revisions"}],"predecessor-version":[{"id":36800,"href":"https:\/\/www.revfine.com\/de\/wp-json\/wp\/v2\/pages\/2499\/revisions\/36800"}],"wp:attachment":[{"href":"https:\/\/www.revfine.com\/de\/wp-json\/wp\/v2\/media?parent=2499"}],"curies":[{"name":"wp","href":"https:\/\/api.w.org\/{rel}","templated":true}]}}