{"id":3111,"date":"2019-08-26T14:38:51","date_gmt":"2019-08-26T12:38:51","guid":{"rendered":"https:\/\/revfine.com\/?page_id=3111"},"modified":"2025-08-15T19:58:10","modified_gmt":"2025-08-15T17:58:10","slug":"artikelformat","status":"publish","type":"page","link":"https:\/\/www.revfine.com\/de\/article-format\/","title":{"rendered":"Artikelformat und Tipps zum Schreiben eines erfolgreichen Knowledge Base-Artikels"},"content":{"rendered":"<p>Nachfolgend finden Sie unser Artikelformat und Tipps zum Schreiben eines erfolgreichen Artikels f\u00fcr Revfine.com.<\/p>\n<h3><span style=\"font-size: 14pt;\"><strong>Titel:<\/strong><\/span><\/h3>\n<ul>\n<li>Kernig, druckvoll auf den Punkt<\/li>\n<li>F\u00fcgen Sie das Thema und\/oder Schl\u00fcsselwort in den Titel ein, vorzugsweise am Anfang<\/li>\n<li>Maximal 69 Zeichen<\/li>\n<\/ul>\n<h3><span style=\"font-size: 14pt;\"><strong>Einf\u00fchrung:<\/strong><\/span><\/h3>\n<ul>\n<li>Beschreiben Sie auf den Punkt, warum das Thema wichtig ist und was der Leser durch das Lesen des Artikels erreichen wird<\/li>\n<li>Erw\u00e4hnen Sie das Schl\u00fcsselwort bevorzugt am Anfang des Satzes<\/li>\n<li>Im Einleitungstext sind keine Hyperlinks oder Markennamen erlaubt<\/li>\n<li>Ungef\u00e4hr 60 W\u00f6rter<\/li>\n<\/ul>\n<h3><span style=\"font-size: 14pt;\"><strong>K\u00f6rper:<\/strong><\/span><\/h3>\n<ul>\n<li>Schreiben Sie den Artikel positiv<\/li>\n<li>Verwenden Sie ein \u00fcbersichtliches Layout: Verwenden Sie \u00dcberschriften, Zwischen\u00fcberschriften, Abs\u00e4tze, Aufz\u00e4hlungszeichen und Beispiele<\/li>\n<li>Beantworten Sie Fragen wie \u201eWas ist, warum wichtig und wie\u201c (bevorzugte praktische Tipps)<\/li>\n<li>Halten Sie es informativ, unterst\u00fctzend, n\u00fctzlich, praktisch und leicht zu lesen<\/li>\n<li>Muss frei von Fachjargon sein. Seien Sie zug\u00e4nglich und einladend f\u00fcr Menschen aller Lesestufen<\/li>\n<li>Wenn ein relevantes Schl\u00fcsselwort f\u00fcr Suchmaschinen wie Google anwendbar ist, stellen Sie sicher, dass das Schl\u00fcsselwort in mindestens 1 \u00dcberschrift und innerhalb des Inhalts (maximal 1%) enthalten ist. Vermeiden Sie jedoch Keyword-Stuffing<\/li>\n<li>Interner Linkaufbau: Sie d\u00fcrfen auf Revfine.com auf andere relevante Artikel Ihres Unternehmens verlinken<\/li>\n<li>Schreiben Sie den Artikel in der \u201ezweiten Person\u201c (You, Your, Yours) statt in der \u201eersten Person\u201c (I, We, Our)<\/li>\n<li>Korrektur lesen und auf Klarheit, Grammatik und Rechtschreibung hin bearbeiten<\/li>\n<\/ul>\n<h3><span style=\"font-size: 14pt;\"><strong>Fazit:<\/strong><\/span><\/h3>\n<ul>\n<li>Motivieren Sie, gegebenes Wissen und Tipps weiterzuverfolgen, damit die gew\u00fcnschten Ziele erreicht werden k\u00f6nnen<\/li>\n<li>Im Schluss sind keine Hyperlinks oder Markennamen erlaubt<\/li>\n<li>Ungef\u00e4hr 40 W\u00f6rter<\/li>\n<\/ul>\n<p><span style=\"color: #ffffff;\">\u2013<\/span><em><strong><br \/>\nPr\u00fcfen Sie, ob Ihr Artikel den Richtlinien von Revfine.com entspricht. <span style=\"text-decoration: underline;\"><a href=\"https:\/\/www.revfine.com\/de\/article-guidelines\/\">Klicken Sie hier f\u00fcr unsere Richtlinien<\/a><\/span>.<\/strong><\/em><\/p>\n<h3><span style=\"font-size: 14pt;\"><strong>Beispielartikel:<\/strong><\/span><\/h3>\n<p><a href=\"https:\/\/www.revfine.com\/de\/increase-direct-bookings-hotel-chatbot\/\" target=\"_blank\" rel=\"noopener noreferrer\"><img decoding=\"async\" class=\"alignnone wp-image-4999 size-full\" src=\"https:\/\/www.revfine.com\/wp-content\/uploads\/2025\/07\/Example-1.jpg\" alt=\"\" width=\"500\" height=\"258\" srcset=\"https:\/\/www.revfine.com\/wp-content\/uploads\/2025\/07\/Example-1-300x155.jpg 300w, https:\/\/www.revfine.com\/wp-content\/uploads\/2025\/07\/Example-1.jpg 500w\" sizes=\"(max-width: 500px) 100vw, 500px\" \/><\/a> <a href=\"https:\/\/www.revfine.com\/de\/virtual-reality-marketing\/\" target=\"_blank\" rel=\"noopener noreferrer\"><img decoding=\"async\" class=\"alignnone wp-image-5000 size-full\" src=\"https:\/\/www.revfine.com\/wp-content\/uploads\/2025\/07\/Example-2.jpg\" alt=\"\" width=\"500\" height=\"258\" srcset=\"https:\/\/www.revfine.com\/wp-content\/uploads\/2025\/07\/Example-2-300x155.jpg 300w, https:\/\/www.revfine.com\/wp-content\/uploads\/2025\/07\/Example-2.jpg 500w\" sizes=\"(max-width: 500px) 100vw, 500px\" \/><\/a> <a href=\"https:\/\/www.revfine.com\/de\/rezeption-vs-upselling-vor-dem-aufenthalt\/\"><img decoding=\"async\" class=\"alignnone wp-image-2463 size-full\" src=\"https:\/\/www.revfine.com\/wp-content\/uploads\/2025\/07\/Example-3.jpg\" alt=\"\" width=\"500\" height=\"258\" srcset=\"https:\/\/www.revfine.com\/wp-content\/uploads\/2025\/07\/Example-3-300x155.jpg 300w, https:\/\/www.revfine.com\/wp-content\/uploads\/2025\/07\/Example-3.jpg 500w\" sizes=\"(max-width: 500px) 100vw, 500px\" \/><\/a> <a href=\"https:\/\/www.revfine.com\/de\/pms-software\/\"><img decoding=\"async\" class=\"alignnone wp-image-2512 size-full\" src=\"https:\/\/www.revfine.com\/wp-content\/uploads\/2025\/07\/Example-4.jpg\" alt=\"\" width=\"500\" height=\"258\" srcset=\"https:\/\/www.revfine.com\/wp-content\/uploads\/2025\/07\/Example-4-300x155.jpg 300w, https:\/\/www.revfine.com\/wp-content\/uploads\/2025\/07\/Example-4.jpg 500w\" sizes=\"(max-width: 500px) 100vw, 500px\" \/><\/a><\/p>","protected":false},"excerpt":{"rendered":"<p>Nachfolgend finden Sie unser Artikelformat und Tipps zum Schreiben eines erfolgreichen Artikels f\u00fcr Revfine.com. Titel: Pr\u00e4gnant, schlagfertig und auf den Punkt. F\u00fcgen Sie das Thema und\/oder das Schl\u00fcsselwort in den Titel ein, vorzugsweise am Anfang. Maximal 69 Zeichen. Einleitung: Beschreiben Sie auf den Punkt, warum das Thema wichtig ist und was der Leser durch das Lesen des Artikels erreichen wird. Erw\u00e4hnen Sie die<\/p>","protected":false},"author":1,"featured_media":0,"parent":0,"menu_order":0,"comment_status":"closed","ping_status":"closed","template":"","meta":{"footnotes":""},"class_list":["post-3111","page","type-page","status-publish","hentry"],"yoast_head":"<!-- This site is optimized with the Yoast SEO plugin v27.3 - https:\/\/yoast.com\/product\/yoast-seo-wordpress\/ -->\n<title>Article Format &amp; Tips for Writing a Successful Knowledge Base Article - Revfine.com<\/title>\n<meta name=\"robots\" content=\"noindex, nofollow\" \/>\n<meta property=\"og:locale\" content=\"de_DE\" \/>\n<meta property=\"og:type\" content=\"article\" \/>\n<meta property=\"og:title\" content=\"Article Format &amp; Tips for Writing a Successful Knowledge Base Article - Revfine.com\" \/>\n<meta property=\"og:description\" content=\"Below you find our article format and tips to write a successful article for Revfine.com. Title: Pithy, punchy to the point Include the subject and\/ or keyword in the title, preferable at the beginning Maximum of 69 characters Introduction: Describe to the point, why the subject is important and what the reader will achieve by reading the article Mention the\" \/>\n<meta property=\"og:url\" content=\"https:\/\/www.revfine.com\/de\/artikelformat\/\" \/>\n<meta property=\"og:site_name\" content=\"Revfine.com\" \/>\n<meta property=\"article:modified_time\" content=\"2025-08-15T17:58:10+00:00\" \/>\n<meta property=\"og:image\" content=\"https:\/\/www.revfine.com\/wp-content\/uploads\/2025\/07\/Example-1.jpg\" \/>\n\t<meta property=\"og:image:width\" content=\"500\" \/>\n\t<meta property=\"og:image:height\" content=\"258\" \/>\n\t<meta property=\"og:image:type\" content=\"image\/jpeg\" \/>\n<meta name=\"twitter:card\" content=\"summary_large_image\" \/>\n<meta name=\"twitter:label1\" content=\"Gesch\u00e4tzte Lesezeit\" \/>\n\t<meta name=\"twitter:data1\" content=\"2\u00a0Minuten\" \/>\n<script type=\"application\/ld+json\" class=\"yoast-schema-graph\">{\"@context\":\"https:\\\/\\\/schema.org\",\"@graph\":[{\"@type\":\"WebPage\",\"@id\":\"https:\\\/\\\/www.revfine.com\\\/article-format\\\/\",\"url\":\"https:\\\/\\\/www.revfine.com\\\/article-format\\\/\",\"name\":\"Article Format & Tips for Writing a Successful Knowledge Base Article - Revfine.com\",\"isPartOf\":{\"@id\":\"https:\\\/\\\/www.revfine.com\\\/pt\\\/#website\"},\"primaryImageOfPage\":{\"@id\":\"https:\\\/\\\/www.revfine.com\\\/article-format\\\/#primaryimage\"},\"image\":{\"@id\":\"https:\\\/\\\/www.revfine.com\\\/article-format\\\/#primaryimage\"},\"thumbnailUrl\":\"https:\\\/\\\/www.revfine.com\\\/wp-content\\\/uploads\\\/2025\\\/07\\\/Example-1.jpg\",\"datePublished\":\"2019-08-26T12:38:51+00:00\",\"dateModified\":\"2025-08-15T17:58:10+00:00\",\"breadcrumb\":{\"@id\":\"https:\\\/\\\/www.revfine.com\\\/article-format\\\/#breadcrumb\"},\"inLanguage\":\"de\",\"potentialAction\":[{\"@type\":\"ReadAction\",\"target\":[\"https:\\\/\\\/www.revfine.com\\\/article-format\\\/\"]}]},{\"@type\":\"ImageObject\",\"inLanguage\":\"de\",\"@id\":\"https:\\\/\\\/www.revfine.com\\\/article-format\\\/#primaryimage\",\"url\":\"https:\\\/\\\/www.revfine.com\\\/wp-content\\\/uploads\\\/2025\\\/07\\\/Example-1.jpg\",\"contentUrl\":\"https:\\\/\\\/www.revfine.com\\\/wp-content\\\/uploads\\\/2025\\\/07\\\/Example-1.jpg\"},{\"@type\":\"BreadcrumbList\",\"@id\":\"https:\\\/\\\/www.revfine.com\\\/article-format\\\/#breadcrumb\",\"itemListElement\":[{\"@type\":\"ListItem\",\"position\":1,\"name\":\"Home\",\"item\":\"https:\\\/\\\/www.revfine.com\\\/\"},{\"@type\":\"ListItem\",\"position\":2,\"name\":\"Article Format &#038; Tips for Writing a Successful Knowledge Base Article\"}]},{\"@type\":\"WebSite\",\"@id\":\"https:\\\/\\\/www.revfine.com\\\/pt\\\/#website\",\"url\":\"https:\\\/\\\/www.revfine.com\\\/pt\\\/\",\"name\":\"Revfine.com\",\"description\":\"Optimising Revenue\",\"potentialAction\":[{\"@type\":\"SearchAction\",\"target\":{\"@type\":\"EntryPoint\",\"urlTemplate\":\"https:\\\/\\\/www.revfine.com\\\/pt\\\/?s={search_term_string}\"},\"query-input\":{\"@type\":\"PropertyValueSpecification\",\"valueRequired\":true,\"valueName\":\"search_term_string\"}}],\"inLanguage\":\"de\"}]}<\/script>\n<!-- \/ Yoast SEO plugin. -->","yoast_head_json":{"title":"Artikelformat und Tipps zum Schreiben eines erfolgreichen Knowledge-Base-Artikels - Revfine.com","robots":{"index":"noindex","follow":"nofollow"},"og_locale":"de_DE","og_type":"article","og_title":"Article Format & Tips for Writing a Successful Knowledge Base Article - Revfine.com","og_description":"Below you find our article format and tips to write a successful article for Revfine.com. Title: Pithy, punchy to the point Include the subject and\/ or keyword in the title, preferable at the beginning Maximum of 69 characters Introduction: Describe to the point, why the subject is important and what the reader will achieve by reading the article Mention the","og_url":"https:\/\/www.revfine.com\/de\/artikelformat\/","og_site_name":"Revfine.com","article_modified_time":"2025-08-15T17:58:10+00:00","og_image":[{"width":500,"height":258,"url":"https:\/\/www.revfine.com\/wp-content\/uploads\/2025\/07\/Example-1.jpg","type":"image\/jpeg"}],"twitter_card":"summary_large_image","twitter_misc":{"Gesch\u00e4tzte Lesezeit":"2\u00a0Minuten"},"schema":{"@context":"https:\/\/schema.org","@graph":[{"@type":"WebPage","@id":"https:\/\/www.revfine.com\/article-format\/","url":"https:\/\/www.revfine.com\/article-format\/","name":"Artikelformat und Tipps zum Schreiben eines erfolgreichen Knowledge-Base-Artikels - Revfine.com","isPartOf":{"@id":"https:\/\/www.revfine.com\/pt\/#website"},"primaryImageOfPage":{"@id":"https:\/\/www.revfine.com\/article-format\/#primaryimage"},"image":{"@id":"https:\/\/www.revfine.com\/article-format\/#primaryimage"},"thumbnailUrl":"https:\/\/www.revfine.com\/wp-content\/uploads\/2025\/07\/Example-1.jpg","datePublished":"2019-08-26T12:38:51+00:00","dateModified":"2025-08-15T17:58:10+00:00","breadcrumb":{"@id":"https:\/\/www.revfine.com\/article-format\/#breadcrumb"},"inLanguage":"de","potentialAction":[{"@type":"ReadAction","target":["https:\/\/www.revfine.com\/article-format\/"]}]},{"@type":"ImageObject","inLanguage":"de","@id":"https:\/\/www.revfine.com\/article-format\/#primaryimage","url":"https:\/\/www.revfine.com\/wp-content\/uploads\/2025\/07\/Example-1.jpg","contentUrl":"https:\/\/www.revfine.com\/wp-content\/uploads\/2025\/07\/Example-1.jpg"},{"@type":"BreadcrumbList","@id":"https:\/\/www.revfine.com\/article-format\/#breadcrumb","itemListElement":[{"@type":"ListItem","position":1,"name":"Home","item":"https:\/\/www.revfine.com\/"},{"@type":"ListItem","position":2,"name":"Article Format &#038; Tips for Writing a Successful Knowledge Base Article"}]},{"@type":"WebSite","@id":"https:\/\/www.revfine.com\/pt\/#website","url":"https:\/\/www.revfine.com\/pt\/","name":"Revfine.com","description":"Optimierung des Umsatzes","potentialAction":[{"@type":"SearchAction","target":{"@type":"EntryPoint","urlTemplate":"https:\/\/www.revfine.com\/pt\/?s={search_term_string}"},"query-input":{"@type":"PropertyValueSpecification","valueRequired":true,"valueName":"search_term_string"}}],"inLanguage":"de"}]}},"_links":{"self":[{"href":"https:\/\/www.revfine.com\/de\/wp-json\/wp\/v2\/pages\/3111","targetHints":{"allow":["GET"]}}],"collection":[{"href":"https:\/\/www.revfine.com\/de\/wp-json\/wp\/v2\/pages"}],"about":[{"href":"https:\/\/www.revfine.com\/de\/wp-json\/wp\/v2\/types\/page"}],"author":[{"embeddable":true,"href":"https:\/\/www.revfine.com\/de\/wp-json\/wp\/v2\/users\/1"}],"replies":[{"embeddable":true,"href":"https:\/\/www.revfine.com\/de\/wp-json\/wp\/v2\/comments?post=3111"}],"version-history":[{"count":2,"href":"https:\/\/www.revfine.com\/de\/wp-json\/wp\/v2\/pages\/3111\/revisions"}],"predecessor-version":[{"id":35501,"href":"https:\/\/www.revfine.com\/de\/wp-json\/wp\/v2\/pages\/3111\/revisions\/35501"}],"wp:attachment":[{"href":"https:\/\/www.revfine.com\/de\/wp-json\/wp\/v2\/media?parent=3111"}],"curies":[{"name":"wp","href":"https:\/\/api.w.org\/{rel}","templated":true}]}}