{"id":3776,"date":"2019-12-02T09:11:55","date_gmt":"2019-12-02T08:11:55","guid":{"rendered":"https:\/\/revfine.com\/?page_id=3776"},"modified":"2019-12-11T17:40:21","modified_gmt":"2019-12-11T16:40:21","slug":"esb","status":"publish","type":"page","link":"https:\/\/www.revfine.com\/de\/itb\/","title":{"rendered":"ITB"},"content":{"rendered":"<p><div class=\"fusion-fullwidth fullwidth-box fusion-builder-row-1 nonhundred-percent-fullwidth non-hundred-percent-height-scrolling\" style=\"--awb-border-radius-top-left:0px;--awb-border-radius-top-right:0px;--awb-border-radius-bottom-right:0px;--awb-border-radius-bottom-left:0px;--awb-flex-wrap:wrap;\" ><div class=\"fusion-builder-row fusion-row\"><div class=\"fusion-layout-column fusion_builder_column fusion-builder-column-0 fusion_builder_column_1_1 1_1 fusion-one-full fusion-column-first fusion-column-last\" style=\"--awb-bg-size:cover;\"><div class=\"fusion-column-wrapper fusion-column-has-shadow fusion-flex-column-wrapper-legacy\"><br><div class=\"fusion-clearfix\"><\/div><\/div><\/div><\/div><\/div><div class=\"fusion-fullwidth fullwidth-box fusion-builder-row-2 nonhundred-percent-fullwidth non-hundred-percent-height-scrolling\" style=\"--awb-border-radius-top-left:0px;--awb-border-radius-top-right:0px;--awb-border-radius-bottom-right:0px;--awb-border-radius-bottom-left:0px;--awb-flex-wrap:wrap;\" ><div class=\"fusion-builder-row fusion-row\"><div class=\"fusion-layout-column fusion_builder_column fusion-builder-column-1 fusion_builder_column_1_4 1_4 fusion-one-fourth fusion-column-first\" style=\"--awb-bg-size:cover;width:25%;width:calc(25% - ( ( 4% ) * 0.25 ) );margin-right: 4%;\"><div class=\"fusion-column-wrapper fusion-column-has-shadow fusion-flex-column-wrapper-legacy\"><div class=\"fusion-image-element in-legacy-container\" style=\"--awb-max-width:250px;--awb-caption-title-font-family:var(--h2_typography-font-family);--awb-caption-title-font-weight:var(--h2_typography-font-weight);--awb-caption-title-font-style:var(--h2_typography-font-style);--awb-caption-title-size:var(--h2_typography-font-size);--awb-caption-title-transform:var(--h2_typography-text-transform);--awb-caption-title-line-height:var(--h2_typography-line-height);--awb-caption-title-letter-spacing:var(--h2_typography-letter-spacing);\"><span class=\"fusion-imageframe imageframe-none imageframe-1 hover-type-none\"><img decoding=\"async\" width=\"494\" height=\"494\" alt=\"ITB - Travel Trade Show - Das weltweit f\u00fchrende Reisezentrum\" title=\"ITB \u2013 Travel Trade Show \u2013 Das weltweit f\u00fchrende Reisezentrum\" src=\"https:\/\/www.revfine.com\/wp-content\/uploads\/2025\/07\/ITB-Travel-Trade-Show-The-worlds-leading-travel-hub.jpg\" class=\"img-responsive wp-image-3853\" srcset=\"https:\/\/www.revfine.com\/wp-content\/uploads\/2025\/07\/ITB-Travel-Trade-Show-The-worlds-leading-travel-hub-150x150.jpg 150w, https:\/\/www.revfine.com\/wp-content\/uploads\/2025\/07\/ITB-Travel-Trade-Show-The-worlds-leading-travel-hub-300x300.jpg 300w, https:\/\/www.revfine.com\/wp-content\/uploads\/2025\/07\/ITB-Travel-Trade-Show-The-worlds-leading-travel-hub.jpg 494w\" sizes=\"(max-width: 494px) 100vw, 494px\" \/><\/span><\/div><div class=\"fusion-clearfix\"><\/div><\/div><\/div><div class=\"fusion-layout-column fusion_builder_column fusion-builder-column-2 fusion_builder_column_3_4 3_4 fusion-three-fourth fusion-column-last\" style=\"--awb-bg-size:cover;width:75%;width:calc(75% - ( ( 4% ) * 0.75 ) );\"><div class=\"fusion-column-wrapper fusion-column-has-shadow fusion-flex-column-wrapper-legacy\"><div class=\"fusion-text fusion-text-1\"><h2><span style=\"font-size: 20pt;\">ITB<\/span><\/h2>\n<p>Seit 1822 veranstaltet die Messe Berlin internationale Messen und Kongresse. Die Messe Berlin organisiert j\u00e4hrlich mehr als 100 regionale, nationale und internationale Haus- und Gastveranstaltungen, darunter die weltweit f\u00fchrenden ITB-Reisemessen.<\/p>\n<\/div><br><br><div class=\"fusion-builder-row fusion-builder-row-inner fusion-row\"><div class=\"fusion-layout-column fusion_builder_column_inner fusion-builder-nested-column-0 fusion_builder_column_inner_2_3 2_3 fusion-two-third fusion-column-first\" style=\"--awb-bg-size:cover;width:66.666666666667%;width:calc(66.666666666667% - ( ( 4% ) * 0.66666666666667 ) );margin-right: 4%;\"><div class=\"fusion-column-wrapper fusion-column-has-shadow fusion-flex-column-wrapper-legacy\"><div class=\"fusion-social-links fusion-social-links-1\" style=\"--awb-margin-top:0px;--awb-margin-right:0px;--awb-margin-bottom:0px;--awb-margin-left:0px;--awb-box-border-top:0px;--awb-box-border-right:0px;--awb-box-border-bottom:0px;--awb-box-border-left:0px;--awb-icon-colors-hover:rgba(190,189,189,0.8);--awb-box-colors-hover:rgba(232,232,232,0.8);--awb-box-border-color:var(--awb-color3);--awb-box-border-color-hover:var(--awb-color4);\"><div class=\"fusion-social-networks color-type-custom\"><div class=\"fusion-social-networks-wrapper\"><a class=\"fusion-social-network-icon fusion-tooltip fusion-linkedin awb-icon-linkedin\" style=\"color:#bebdbd;font-size:16px;\" data-placement=\"top\" data-title=\"LinkedIn\" data-toggle=\"tooltip\" title=\"LinkedIn\" aria-label=\"verlinktin\" target=\"_blank\" rel=\"noopener noreferrer\" href=\"https:\/\/www.linkedin.com\/groups\/2715065\/\"><\/a><a class=\"fusion-social-network-icon fusion-tooltip fusion-twitter awb-icon-twitter\" style=\"color:#bebdbd;font-size:16px;\" data-placement=\"top\" data-title=\"X\" data-toggle=\"tooltip\" title=\"X\" aria-label=\"twittern\" target=\"_blank\" rel=\"noopener noreferrer\" href=\"https:\/\/twitter.com\/ITB_Berlin\"><\/a><a class=\"fusion-social-network-icon fusion-tooltip fusion-facebook awb-icon-facebook\" style=\"color:#bebdbd;font-size:16px;\" data-placement=\"top\" data-title=\"Facebook\" data-toggle=\"tooltip\" title=\"Facebook\" aria-label=\"Facebook\" target=\"_blank\" rel=\"noopener noreferrer\" href=\"https:\/\/www.facebook.com\/ITBBerlin\"><\/a><a class=\"fusion-social-network-icon fusion-tooltip fusion-instagram awb-icon-instagram\" style=\"color:#bebdbd;font-size:16px;\" data-placement=\"top\" data-title=\"Instagram\" data-toggle=\"tooltip\" title=\"Instagram\" aria-label=\"Instagram\" target=\"_blank\" rel=\"noopener noreferrer\" href=\"https:\/\/www.instagram.com\/itbberlin\/\"><\/a><a class=\"fusion-social-network-icon fusion-tooltip fusion-youtube awb-icon-youtube\" style=\"color:#bebdbd;font-size:16px;\" data-placement=\"top\" data-title=\"YouTube\" data-toggle=\"tooltip\" title=\"Youtube\" aria-label=\"Youtube\" target=\"_blank\" rel=\"noopener noreferrer\" href=\"https:\/\/www.youtube.com\/user\/ITBBerlin\"><\/a><a class=\"fusion-social-network-icon fusion-tooltip fusion-xing awb-icon-xing\" style=\"color:#bebdbd;font-size:16px;\" data-placement=\"top\" data-title=\"Xing\" data-toggle=\"tooltip\" title=\"Xing\" aria-label=\"xing\" target=\"_blank\" rel=\"noopener noreferrer\" href=\"https:\/\/www.xing.com\/communities\/groups\/itb-berlin-ff5d-1073491\"><\/a><\/div><\/div><\/div><div class=\"fusion-clearfix\"><\/div><\/div><\/div><div class=\"fusion-layout-column fusion_builder_column_inner fusion-builder-nested-column-1 fusion_builder_column_inner_1_3 1_3 fusion-one-third fusion-column-last\" style=\"--awb-bg-size:cover;width:33.333333333333%;width:calc(33.333333333333% - ( ( 4% ) * 0.33333333333333 ) );\"><div class=\"fusion-column-wrapper fusion-column-has-shadow fusion-flex-column-wrapper-legacy\"><div class=\"fusion-button-wrapper\"><a class=\"fusion-button button-flat fusion-button-default-size button-custom fusion-button-default button-1 fusion-button-default-span fusion-button-default-type\" style=\"--button_accent_color:#ffffff;--button_accent_hover_color:#ffffff;--button_border_hover_color:#ffffff;--button_gradient_top_color:#d4a763;--button_gradient_bottom_color:#d4a763;--button_gradient_top_color_hover:#d4a763;--button_gradient_bottom_color_hover:#d4a763;\" target=\"_blank\" rel=\"noopener noreferrer\" href=\"https:\/\/www.itb.travel\/en\/\"><span class=\"fusion-button-text awb-button__text awb-button__text--default\">ITB-Website<\/span><\/a><\/div><div class=\"fusion-clearfix\"><\/div><\/div><\/div><\/div><div class=\"fusion-clearfix\"><\/div><\/div><\/div><\/div><\/div><div class=\"fusion-fullwidth fullwidth-box fusion-builder-row-3 nonhundred-percent-fullwidth non-hundred-percent-height-scrolling\" style=\"--awb-border-radius-top-left:0px;--awb-border-radius-top-right:0px;--awb-border-radius-bottom-right:0px;--awb-border-radius-bottom-left:0px;--awb-flex-wrap:wrap;\" ><div class=\"fusion-builder-row fusion-row\"><div class=\"fusion-layout-column fusion_builder_column fusion-builder-column-3 fusion_builder_column_1_1 1_1 fusion-one-full fusion-column-first fusion-column-last\" style=\"--awb-bg-size:cover;\"><div class=\"fusion-column-wrapper fusion-column-has-shadow fusion-flex-column-wrapper-legacy\"><div class=\"fusion-sep-clear\"><\/div><div class=\"fusion-separator fusion-full-width-sep\" style=\"margin-left: auto;margin-right: auto;width:100%;\"><div class=\"fusion-separator-border sep-single sep-solid\" style=\"--awb-height:20px;--awb-amount:20px;border-color:#e0dede;border-top-width:1px;\"><\/div><\/div><div class=\"fusion-sep-clear\"><\/div><br><div class=\"fusion-text fusion-text-2\"><h3><span style=\"font-size: 16pt;\">Alle ITB-Veranstaltungen:<\/span><\/h3>\n<\/div><div class=\"fusion-clearfix\"><\/div><\/div><\/div><\/div><\/div><div class=\"fusion-fullwidth fullwidth-box fusion-builder-row-4 nonhundred-percent-fullwidth non-hundred-percent-height-scrolling\" style=\"--awb-border-radius-top-left:0px;--awb-border-radius-top-right:0px;--awb-border-radius-bottom-right:0px;--awb-border-radius-bottom-left:0px;--awb-flex-wrap:wrap;\" ><div class=\"fusion-builder-row fusion-row\"><div class=\"fusion-layout-column fusion_builder_column fusion-builder-column-4 fusion_builder_column_1_1 1_1 fusion-one-full fusion-column-first fusion-column-last\" style=\"--awb-bg-size:cover;\"><div class=\"fusion-column-wrapper fusion-column-has-shadow fusion-flex-column-wrapper-legacy\"><style type=\"text\/css\">.fusion-portfolio-wrapper#fusion-portfolio-1 .fusion-portfolio-content{  text-align: left; }<\/style><div class=\"fusion-recent-works fusion-portfolio-element fusion-portfolio fusion-portfolio-1 fusion-portfolio-grid fusion-portfolio-paging-infinite fusion-portfolio-two fusion-portfolio-unboxed fusion-portfolio-text fusion-portfolio-equal-heights\" data-id=\"-rw-1\" data-columns=\"two\"><style type=\"text\/css\">.fusion-portfolio-1 .fusion-portfolio-wrapper .fusion-col-spacing{padding:20px;}<\/style><div class=\"fusion-portfolio-wrapper\" id=\"fusion-portfolio-1\" data-picturesize=\"auto\" data-pages=\"1\" style=\"margin:-20px;\"><article id=\"portfolio-1-post-2677\" class=\"fusion-portfolio-post itb fusion-col-spacing post-2677\"><div class=\"fusion-portfolio-content-wrapper\" style=\"border:none;\"><span class=\"vcard rich-snippet-hidden\"><span class=\"fn\"><a href=\"https:\/\/www.revfine.com\/de\/author\/revfine-com\/\" title=\"Beitr\u00e4ge von Revfine.com\" rel=\"author\">Revfine.com<\/a><\/span><\/span><span class=\"updated rich-snippet-hidden\">2026-03-04T19:35:58+01:00<\/span><div  class=\"fusion-image-wrapper\" aria-haspopup=\"true\">\n\t\t\t\t\t\t\t<a href=\"https:\/\/www.revfine.com\/de\/page\/itb-asia\/\" aria-label=\"ITB Asien Singapur | Oktober 2026\">\n\t\t\t\t\t\t\t<img decoding=\"async\" width=\"1200\" height=\"628\" src=\"https:\/\/www.revfine.com\/wp-content\/uploads\/2025\/07\/ITB-Asia.jpg\" class=\"attachment-full size-full wp-post-image\" alt=\"ITB Asien\" \/>\t\t\t<\/a>\n\t\t\t\t\t\t\t<\/div>\n<div class=\"fusion-portfolio-content\"><h2 class=\"entry-title fusion-post-title\"><a href=\"https:\/\/www.revfine.com\/de\/page\/itb-asia\/\">ITB Asien Singapur | Oktober 2026<\/a><\/h2><div class=\"fusion-post-content\"><p> Asiens f\u00fchrende Messe, die Reisemesse ITB Asia in Singapur, pr\u00e4sentiert eine einzigartige Kombination aus Reiseprodukten und Networking-M\u00f6glichkeiten. \u00dcber die ITB Asia Travel Trade Show Die ITB Asia Travel Trade Show in Singapur ist eine dreit\u00e4gige B2B-Messe speziell f\u00fcr die Reisebranche. Diese Messe hat sich zu einer bedeutenden Messe f\u00fcr die asiatische Reisebranche entwickelt \u2013 genau wie ihre Muttermesse: die ITB Berlin. Das ITB Asia Forum ist<\/p><\/div><\/div><\/div><\/article><article id=\"portfolio-1-post-2665\" class=\"fusion-portfolio-post itb fusion-col-spacing post-2665\"><div class=\"fusion-portfolio-content-wrapper\" style=\"border:none;\"><span class=\"vcard rich-snippet-hidden\"><span class=\"fn\"><a href=\"https:\/\/www.revfine.com\/de\/author\/revfine-com\/\" title=\"Beitr\u00e4ge von Revfine.com\" rel=\"author\">Revfine.com<\/a><\/span><\/span><span class=\"updated rich-snippet-hidden\">2026-03-04T19:29:28+01:00<\/span><div  class=\"fusion-image-wrapper\" aria-haspopup=\"true\">\n\t\t\t\t\t\t\t<a href=\"https:\/\/www.revfine.com\/de\/page\/travel-tech-asia\/\" aria-label=\"Travel Tech Asien | Oktober 2026\">\n\t\t\t\t\t\t\t<img decoding=\"async\" width=\"1200\" height=\"628\" src=\"https:\/\/www.revfine.com\/wp-content\/uploads\/2025\/07\/Hotel-Revenue-Distribution-Summit-Singapore.jpg\" class=\"attachment-full size-full wp-post-image\" alt=\"Hotel Revenue Distribution Summit Singapur\" \/>\t\t\t<\/a>\n\t\t\t\t\t\t\t<\/div>\n<div class=\"fusion-portfolio-content\"><h2 class=\"entry-title fusion-post-title\"><a href=\"https:\/\/www.revfine.com\/de\/page\/travel-tech-asia\/\">Travel Tech Asien | Oktober 2026<\/a><\/h2><div class=\"fusion-post-content\"><p> Die Travel Tech Asia Show in Singapur bietet Tipps zur Gewinnmaximierung von Hotels und zur Steigerung der Direktbuchungen. \u00dcber den Hotel Revenue &amp; Distribution Summit im Rahmen der Travel Tech Asia: Die Travel Tech Asia in Singapur ist eine eint\u00e4gige Messe, die f\u00fchrende K\u00f6pfe der Reisebranche zusammenbringt, um innovative Ideen und L\u00f6sungen f\u00fcr Hotels in Asien zu pr\u00e4sentieren. Die Veranstaltung findet einen Tag vor der gleichnamigen Asia Travel Expo statt.<\/p><\/div><\/div><\/div><\/article><article id=\"portfolio-1-post-2929\" class=\"fusion-portfolio-post itb fusion-col-spacing post-2929\"><div class=\"fusion-portfolio-content-wrapper\" style=\"border:none;\"><span class=\"vcard rich-snippet-hidden\"><span class=\"fn\"><a href=\"https:\/\/www.revfine.com\/de\/author\/revfine-com\/\" title=\"Beitr\u00e4ge von Revfine.com\" rel=\"author\">Revfine.com<\/a><\/span><\/span><span class=\"updated rich-snippet-hidden\">2026-03-04T19:12:53+01:00<\/span><div  class=\"fusion-image-wrapper\" aria-haspopup=\"true\">\n\t\t\t\t\t\t\t<a href=\"https:\/\/www.revfine.com\/de\/page\/itb-india\/\" aria-label=\"ITB Indien | September 2026\">\n\t\t\t\t\t\t\t<img decoding=\"async\" width=\"1200\" height=\"628\" src=\"https:\/\/www.revfine.com\/wp-content\/uploads\/2025\/07\/ITB-India.jpg\" class=\"attachment-full size-full wp-post-image\" alt=\"ITB Indien\" \/>\t\t\t<\/a>\n\t\t\t\t\t\t\t<\/div>\n<div class=\"fusion-portfolio-content\"><h2 class=\"entry-title fusion-post-title\"><a href=\"https:\/\/www.revfine.com\/de\/page\/itb-india\/\">ITB Indien | September 2026<\/a><\/h2><div class=\"fusion-post-content\"><p> Die Reisemesse ITB India in Mumbai bringt \u00fcber 400 f\u00fchrende f\u00fchrende Unternehmen der Reisebranche und internationale Aussteller zusammen, um mit dem indischen Reisemarkt in Kontakt zu treten. \u00dcber die Reisemesse ITB India Die Reisemesse ITB India ist eine dreit\u00e4gige Reisemesse in Mumbai, die j\u00e4hrlich stattfindet. Veranstalter der Reisemesse ist die Messe Berlin (Singapur). Sie bringt f\u00fchrende internationale Aussteller und Teilnehmer von MICE, Corporate und Travel zusammen<\/p><\/div><\/div><\/div><\/article><article id=\"portfolio-1-post-2923\" class=\"fusion-portfolio-post itb fusion-col-spacing post-2923\"><div class=\"fusion-portfolio-content-wrapper\" style=\"border:none;\"><span class=\"vcard rich-snippet-hidden\"><span class=\"fn\"><a href=\"https:\/\/www.revfine.com\/de\/author\/revfine-com\/\" title=\"Beitr\u00e4ge von Revfine.com\" rel=\"author\">Revfine.com<\/a><\/span><\/span><span class=\"updated rich-snippet-hidden\">2026-03-04T18:58:33+01:00<\/span><div  class=\"fusion-image-wrapper\" aria-haspopup=\"true\">\n\t\t\t\t\t\t\t<a href=\"https:\/\/www.revfine.com\/de\/page\/itb-china\/\" aria-label=\"ITB China | Mai 2026\">\n\t\t\t\t\t\t\t<img decoding=\"async\" width=\"1200\" height=\"628\" src=\"https:\/\/www.revfine.com\/wp-content\/uploads\/2025\/07\/ITB-China.jpg\" class=\"attachment-full size-full wp-post-image\" alt=\"ITB China\" \/>\t\t\t<\/a>\n\t\t\t\t\t\t\t<\/div>\n<div class=\"fusion-portfolio-content\"><h2 class=\"entry-title fusion-post-title\"><a href=\"https:\/\/www.revfine.com\/de\/page\/itb-china\/\">ITB China | Mai 2026<\/a><\/h2><div class=\"fusion-post-content\"><p> Lernen Sie auf einer der gr\u00f6\u00dften Veranstaltungen Asiens, der ITB China Travel Trade Show in Shanghai, die neuesten Tourismusmarketing- und Trends in der Reisebranche kennen. \u00dcber die ITB China Travel Trade Show Die ITB China Travel Trade Show in Shanghai ist eine 3-t\u00e4gige B2B-Veranstaltung und eine der wichtigsten Messen des Jahres, die sich ausschlie\u00dflich auf den chinesischen Reisemarkt konzentriert. Diese Messe bringt mehr als 800 Top-Eink\u00e4ufer zusammen<\/p><\/div><\/div><\/div><\/article><article id=\"portfolio-1-post-2704\" class=\"fusion-portfolio-post itb fusion-col-spacing post-2704\"><div class=\"fusion-portfolio-content-wrapper\" style=\"border:none;\"><span class=\"vcard rich-snippet-hidden\"><span class=\"fn\"><a href=\"https:\/\/www.revfine.com\/de\/author\/revfine-com\/\" title=\"Beitr\u00e4ge von Revfine.com\" rel=\"author\">Revfine.com<\/a><\/span><\/span><span class=\"updated rich-snippet-hidden\">2026-04-21T15:23:37+02:00<\/span><div  class=\"fusion-image-wrapper\" aria-haspopup=\"true\">\n\t\t\t\t\t\t\t<a href=\"https:\/\/www.revfine.com\/de\/page\/itb-berlin\/\" aria-label=\"Die ITB Berliner Konferenz | M\u00e4rz 2027\">\n\t\t\t\t\t\t\t<img decoding=\"async\" width=\"1200\" height=\"628\" src=\"https:\/\/www.revfine.com\/wp-content\/uploads\/2025\/07\/ITB-Berlin.jpg\" class=\"attachment-full size-full wp-post-image\" alt=\"ITB Berlin - Reisemesse itb Berlin\" \/>\t\t\t<\/a>\n\t\t\t\t\t\t\t<\/div>\n<div class=\"fusion-portfolio-content\"><h2 class=\"entry-title fusion-post-title\"><a href=\"https:\/\/www.revfine.com\/de\/page\/itb-berlin\/\">Die ITB Berliner Konferenz | M\u00e4rz 2027<\/a><\/h2><div class=\"fusion-post-content\"><p> Die weltber\u00fchmte Reisemesse ITB Berlin in Deutschland bietet einen tiefen Einblick in die neuesten Tourismustrends in der Reisebranche. \u00dcber die Reisemesse ITB Berlin Jedes Jahr im M\u00e4rz versammelt die Reisemesse ITB Berlin in Deutschland \u00fcber 10.000 Aussteller aus bis zu 180 L\u00e4ndern, um ihre innovativsten Produkte und Dienstleistungen in der Reisebranche auszustellen. Die ITB Berlin ist tats\u00e4chlich die gr\u00f6\u00dfte Reise der Welt<\/p><\/div><\/div><\/div><\/article><\/div><\/div><div class=\"fusion-clearfix\"><\/div><\/div><\/div><\/div><\/div><\/p>","protected":false},"excerpt":{"rendered":"","protected":false},"author":1,"featured_media":0,"parent":0,"menu_order":0,"comment_status":"closed","ping_status":"closed","template":"","meta":{"footnotes":""},"class_list":["post-3776","page","type-page","status-publish","hentry"],"yoast_head":"<!-- This site is optimized with the Yoast SEO plugin v27.3 - https:\/\/yoast.com\/product\/yoast-seo-wordpress\/ -->\n<title>ITB Travel Trade Show | Overview of All ITB Events<\/title>\n<meta name=\"description\" content=\"The ITB travel trade shows are one of the world\u2019s leading travel events. Here you find an overview of all ITB events including event information.\" \/>\n<meta name=\"robots\" content=\"index, follow, max-snippet:-1, max-image-preview:large, max-video-preview:-1\" \/>\n<link rel=\"canonical\" href=\"https:\/\/www.revfine.com\/de\/esb\/\" \/>\n<meta property=\"og:locale\" content=\"de_DE\" \/>\n<meta property=\"og:type\" content=\"article\" \/>\n<meta property=\"og:title\" content=\"ITB Travel Trade Show | Overview of All ITB Events\" \/>\n<meta property=\"og:description\" content=\"The ITB travel trade shows are one of the world\u2019s leading travel events. Here you find an overview of all ITB events including event information.\" \/>\n<meta property=\"og:url\" content=\"https:\/\/www.revfine.com\/de\/esb\/\" \/>\n<meta property=\"og:site_name\" content=\"Revfine.com\" \/>\n<meta property=\"article:modified_time\" content=\"2019-12-11T16:40:21+00:00\" \/>\n<meta property=\"og:image\" content=\"https:\/\/www.revfine.com\/wp-content\/uploads\/ITB-Travel-Trade-Show.jpg\" \/>\n\t<meta property=\"og:image:width\" content=\"1000\" \/>\n\t<meta property=\"og:image:height\" content=\"516\" \/>\n\t<meta property=\"og:image:type\" content=\"image\/jpeg\" \/>\n<meta name=\"twitter:card\" content=\"summary_large_image\" \/>\n<meta name=\"twitter:label1\" content=\"Gesch\u00e4tzte Lesezeit\" \/>\n\t<meta name=\"twitter:data1\" content=\"8\u00a0Minuten\" \/>\n<script type=\"application\/ld+json\" class=\"yoast-schema-graph\">{\"@context\":\"https:\\\/\\\/schema.org\",\"@graph\":[{\"@type\":\"WebPage\",\"@id\":\"https:\\\/\\\/www.revfine.com\\\/itb\\\/\",\"url\":\"https:\\\/\\\/www.revfine.com\\\/itb\\\/\",\"name\":\"ITB Travel Trade Show | Overview of All ITB Events\",\"isPartOf\":{\"@id\":\"https:\\\/\\\/www.revfine.com\\\/pt\\\/#website\"},\"datePublished\":\"2019-12-02T08:11:55+00:00\",\"dateModified\":\"2019-12-11T16:40:21+00:00\",\"description\":\"The ITB travel trade shows are one of the world\u2019s leading travel events. Here you find an overview of all ITB events including event information.\",\"breadcrumb\":{\"@id\":\"https:\\\/\\\/www.revfine.com\\\/itb\\\/#breadcrumb\"},\"inLanguage\":\"de\",\"potentialAction\":[{\"@type\":\"ReadAction\",\"target\":[\"https:\\\/\\\/www.revfine.com\\\/itb\\\/\"]}]},{\"@type\":\"BreadcrumbList\",\"@id\":\"https:\\\/\\\/www.revfine.com\\\/itb\\\/#breadcrumb\",\"itemListElement\":[{\"@type\":\"ListItem\",\"position\":1,\"name\":\"Home\",\"item\":\"https:\\\/\\\/www.revfine.com\\\/\"},{\"@type\":\"ListItem\",\"position\":2,\"name\":\"ITB\"}]},{\"@type\":\"WebSite\",\"@id\":\"https:\\\/\\\/www.revfine.com\\\/pt\\\/#website\",\"url\":\"https:\\\/\\\/www.revfine.com\\\/pt\\\/\",\"name\":\"Revfine.com\",\"description\":\"Optimising Revenue\",\"potentialAction\":[{\"@type\":\"SearchAction\",\"target\":{\"@type\":\"EntryPoint\",\"urlTemplate\":\"https:\\\/\\\/www.revfine.com\\\/pt\\\/?s={search_term_string}\"},\"query-input\":{\"@type\":\"PropertyValueSpecification\",\"valueRequired\":true,\"valueName\":\"search_term_string\"}}],\"inLanguage\":\"de\"}]}<\/script>\n<!-- \/ Yoast SEO plugin. -->","yoast_head_json":{"title":"ITB Reisemesse | \u00dcbersicht aller ITB-Events","description":"Die Reisemessen ITB sind eine der weltweit f\u00fchrenden Reiseveranstaltungen. Hier finden Sie eine \u00dcbersicht aller ITB-Veranstaltungen inklusive Veranstaltungshinweise.","robots":{"index":"index","follow":"follow","max-snippet":"max-snippet:-1","max-image-preview":"max-image-preview:large","max-video-preview":"max-video-preview:-1"},"canonical":"https:\/\/www.revfine.com\/de\/esb\/","og_locale":"de_DE","og_type":"article","og_title":"ITB Travel Trade Show | Overview of All ITB Events","og_description":"The ITB travel trade shows are one of the world\u2019s leading travel events. Here you find an overview of all ITB events including event information.","og_url":"https:\/\/www.revfine.com\/de\/esb\/","og_site_name":"Revfine.com","article_modified_time":"2019-12-11T16:40:21+00:00","og_image":[{"width":1000,"height":516,"url":"https:\/\/www.revfine.com\/wp-content\/uploads\/ITB-Travel-Trade-Show.jpg","type":"image\/jpeg"}],"twitter_card":"summary_large_image","twitter_misc":{"Gesch\u00e4tzte Lesezeit":"8\u00a0Minuten"},"schema":{"@context":"https:\/\/schema.org","@graph":[{"@type":"WebPage","@id":"https:\/\/www.revfine.com\/itb\/","url":"https:\/\/www.revfine.com\/itb\/","name":"ITB Reisemesse | \u00dcbersicht aller ITB-Events","isPartOf":{"@id":"https:\/\/www.revfine.com\/pt\/#website"},"datePublished":"2019-12-02T08:11:55+00:00","dateModified":"2019-12-11T16:40:21+00:00","description":"Die Reisemessen ITB sind eine der weltweit f\u00fchrenden Reiseveranstaltungen. Hier finden Sie eine \u00dcbersicht aller ITB-Veranstaltungen inklusive Veranstaltungshinweise.","breadcrumb":{"@id":"https:\/\/www.revfine.com\/itb\/#breadcrumb"},"inLanguage":"de","potentialAction":[{"@type":"ReadAction","target":["https:\/\/www.revfine.com\/itb\/"]}]},{"@type":"BreadcrumbList","@id":"https:\/\/www.revfine.com\/itb\/#breadcrumb","itemListElement":[{"@type":"ListItem","position":1,"name":"Home","item":"https:\/\/www.revfine.com\/"},{"@type":"ListItem","position":2,"name":"ITB"}]},{"@type":"WebSite","@id":"https:\/\/www.revfine.com\/pt\/#website","url":"https:\/\/www.revfine.com\/pt\/","name":"Revfine.com","description":"Optimierung des Umsatzes","potentialAction":[{"@type":"SearchAction","target":{"@type":"EntryPoint","urlTemplate":"https:\/\/www.revfine.com\/pt\/?s={search_term_string}"},"query-input":{"@type":"PropertyValueSpecification","valueRequired":true,"valueName":"search_term_string"}}],"inLanguage":"de"}]}},"_links":{"self":[{"href":"https:\/\/www.revfine.com\/de\/wp-json\/wp\/v2\/pages\/3776","targetHints":{"allow":["GET"]}}],"collection":[{"href":"https:\/\/www.revfine.com\/de\/wp-json\/wp\/v2\/pages"}],"about":[{"href":"https:\/\/www.revfine.com\/de\/wp-json\/wp\/v2\/types\/page"}],"author":[{"embeddable":true,"href":"https:\/\/www.revfine.com\/de\/wp-json\/wp\/v2\/users\/1"}],"replies":[{"embeddable":true,"href":"https:\/\/www.revfine.com\/de\/wp-json\/wp\/v2\/comments?post=3776"}],"version-history":[{"count":0,"href":"https:\/\/www.revfine.com\/de\/wp-json\/wp\/v2\/pages\/3776\/revisions"}],"wp:attachment":[{"href":"https:\/\/www.revfine.com\/de\/wp-json\/wp\/v2\/media?parent=3776"}],"curies":[{"name":"wp","href":"https:\/\/api.w.org\/{rel}","templated":true}]}}