{"id":3932,"date":"2019-12-07T10:24:48","date_gmt":"2019-12-07T09:24:48","guid":{"rendered":"https:\/\/revfine.com\/?page_id=3932"},"modified":"2019-12-11T16:54:52","modified_gmt":"2019-12-11T15:54:52","slug":"iltm","status":"publish","type":"page","link":"https:\/\/www.revfine.com\/de\/iltm\/","title":{"rendered":"ILTM (Internationaler Luxusreisemarkt)"},"content":{"rendered":"<p><div class=\"fusion-fullwidth fullwidth-box fusion-builder-row-1 nonhundred-percent-fullwidth non-hundred-percent-height-scrolling\" style=\"--awb-border-radius-top-left:0px;--awb-border-radius-top-right:0px;--awb-border-radius-bottom-right:0px;--awb-border-radius-bottom-left:0px;--awb-flex-wrap:wrap;\" ><div class=\"fusion-builder-row fusion-row\"><div class=\"fusion-layout-column fusion_builder_column fusion-builder-column-0 fusion_builder_column_1_1 1_1 fusion-one-full fusion-column-first fusion-column-last\" style=\"--awb-bg-size:cover;\"><div class=\"fusion-column-wrapper fusion-column-has-shadow fusion-flex-column-wrapper-legacy\"><br><div class=\"fusion-clearfix\"><\/div><\/div><\/div><\/div><\/div><div class=\"fusion-fullwidth fullwidth-box fusion-builder-row-2 nonhundred-percent-fullwidth non-hundred-percent-height-scrolling\" style=\"--awb-border-radius-top-left:0px;--awb-border-radius-top-right:0px;--awb-border-radius-bottom-right:0px;--awb-border-radius-bottom-left:0px;--awb-flex-wrap:wrap;\" ><div class=\"fusion-builder-row fusion-row\"><div class=\"fusion-layout-column fusion_builder_column fusion-builder-column-1 fusion_builder_column_1_4 1_4 fusion-one-fourth fusion-column-first\" style=\"--awb-bg-size:cover;width:25%;width:calc(25% - ( ( 4% ) * 0.25 ) );margin-right: 4%;\"><div class=\"fusion-column-wrapper fusion-column-has-shadow fusion-flex-column-wrapper-legacy\"><div class=\"fusion-image-element in-legacy-container\" style=\"--awb-max-width:250px;--awb-caption-title-font-family:var(--h2_typography-font-family);--awb-caption-title-font-weight:var(--h2_typography-font-weight);--awb-caption-title-font-style:var(--h2_typography-font-style);--awb-caption-title-size:var(--h2_typography-font-size);--awb-caption-title-transform:var(--h2_typography-text-transform);--awb-caption-title-line-height:var(--h2_typography-line-height);--awb-caption-title-letter-spacing:var(--h2_typography-letter-spacing);\"><span class=\"fusion-imageframe imageframe-none imageframe-1 hover-type-none\"><img decoding=\"async\" width=\"1000\" height=\"516\" alt=\"Internationaler Luxusreisemarkt - ILTM\" title=\"Internationaler Luxusreisemarkt \u2013 ILTM\" src=\"https:\/\/www.revfine.com\/wp-content\/uploads\/2025\/07\/International-Luxury-Travel-Market-ILTM.jpg\" class=\"img-responsive wp-image-3944\"\/><\/span><\/div><div class=\"fusion-clearfix\"><\/div><\/div><\/div><div class=\"fusion-layout-column fusion_builder_column fusion-builder-column-2 fusion_builder_column_3_4 3_4 fusion-three-fourth fusion-column-last\" style=\"--awb-bg-size:cover;width:75%;width:calc(75% - ( ( 4% ) * 0.75 ) );\"><div class=\"fusion-column-wrapper fusion-column-has-shadow fusion-flex-column-wrapper-legacy\"><div class=\"fusion-text fusion-text-1\"><h2><span style=\"font-size: 20pt;\">ILTM<\/span><\/h2>\n<p>Jede Veranstaltung stellt dem umfangreichen Netzwerk von handverlesenen Luxusreiseberatern von ILTM durch ma\u00dfgeschneiderte Terminprogramme und Networking-Sitzungen eine unvergleichliche Auswahl an Luxusreisemarken vor.<\/p>\n<p>Neben den globalen Flaggschiff-Events in Cannes und im asiatisch-pazifischen Raum hat ILTM vier lokale Kernveranstaltungen; ILTM Arabia, ILTM China, ILTM Latin America und ILTM North America sowie eine Fachveranstaltung; ILTM Afrika.<\/p>\n<\/div><br><br><div class=\"fusion-builder-row fusion-builder-row-inner fusion-row\"><div class=\"fusion-layout-column fusion_builder_column_inner fusion-builder-nested-column-0 fusion_builder_column_inner_1_3 1_3 fusion-one-third fusion-column-first\" style=\"--awb-bg-size:cover;width:33.333333333333%;width:calc(33.333333333333% - ( ( 4% ) * 0.33333333333333 ) );margin-right: 4%;\"><div class=\"fusion-column-wrapper fusion-column-has-shadow fusion-flex-column-wrapper-legacy\"><div class=\"fusion-button-wrapper\"><a class=\"fusion-button button-flat fusion-button-default-size button-custom fusion-button-default button-1 fusion-button-default-span fusion-button-default-type\" style=\"--button_accent_color:#ffffff;--button_accent_hover_color:#ffffff;--button_border_hover_color:#ffffff;--button_gradient_top_color:#d4a763;--button_gradient_bottom_color:#d4a763;--button_gradient_top_color_hover:#d4a763;--button_gradient_bottom_color_hover:#d4a763;\" target=\"_blank\" rel=\"noopener noreferrer\" href=\"https:\/\/www.iltm.com\/\"><span class=\"fusion-button-text awb-button__text awb-button__text--default\">ITLM-Website<\/span><\/a><\/div><div class=\"fusion-clearfix\"><\/div><\/div><\/div><\/div><div class=\"fusion-clearfix\"><\/div><\/div><\/div><\/div><\/div><div class=\"fusion-fullwidth fullwidth-box fusion-builder-row-3 nonhundred-percent-fullwidth non-hundred-percent-height-scrolling\" style=\"--awb-border-radius-top-left:0px;--awb-border-radius-top-right:0px;--awb-border-radius-bottom-right:0px;--awb-border-radius-bottom-left:0px;--awb-flex-wrap:wrap;\" ><div class=\"fusion-builder-row fusion-row\"><div class=\"fusion-layout-column fusion_builder_column fusion-builder-column-3 fusion_builder_column_1_1 1_1 fusion-one-full fusion-column-first fusion-column-last\" style=\"--awb-bg-size:cover;\"><div class=\"fusion-column-wrapper fusion-column-has-shadow fusion-flex-column-wrapper-legacy\"><div class=\"fusion-sep-clear\"><\/div><div class=\"fusion-separator fusion-full-width-sep\" style=\"margin-left: auto;margin-right: auto;width:100%;\"><div class=\"fusion-separator-border sep-single sep-solid\" style=\"--awb-height:20px;--awb-amount:20px;border-color:#e0dede;border-top-width:1px;\"><\/div><\/div><div class=\"fusion-sep-clear\"><\/div><br><div class=\"fusion-text fusion-text-2\"><h3><span style=\"font-size: 16pt;\">Alle ILTM-Veranstaltungen:<\/span><\/h3>\n<\/div><div class=\"fusion-clearfix\"><\/div><\/div><\/div><\/div><\/div><div class=\"fusion-fullwidth fullwidth-box fusion-builder-row-4 nonhundred-percent-fullwidth non-hundred-percent-height-scrolling\" style=\"--awb-border-radius-top-left:0px;--awb-border-radius-top-right:0px;--awb-border-radius-bottom-right:0px;--awb-border-radius-bottom-left:0px;--awb-flex-wrap:wrap;\" ><div class=\"fusion-builder-row fusion-row\"><div class=\"fusion-layout-column fusion_builder_column fusion-builder-column-4 fusion_builder_column_1_1 1_1 fusion-one-full fusion-column-first fusion-column-last\" style=\"--awb-bg-size:cover;\"><div class=\"fusion-column-wrapper fusion-column-has-shadow fusion-flex-column-wrapper-legacy\"><style type=\"text\/css\">.fusion-portfolio-wrapper#fusion-portfolio-1 .fusion-portfolio-content{  text-align: left; }<\/style><div class=\"fusion-recent-works fusion-portfolio-element fusion-portfolio fusion-portfolio-1 fusion-portfolio-grid fusion-portfolio-paging-pagination fusion-portfolio-two fusion-portfolio-unboxed fusion-portfolio-text fusion-portfolio-equal-heights\" data-id=\"-rw-1\" data-columns=\"two\"><style type=\"text\/css\">.fusion-portfolio-1 .fusion-portfolio-wrapper .fusion-col-spacing{padding:20px;}<\/style><div class=\"fusion-portfolio-wrapper\" id=\"fusion-portfolio-1\" data-picturesize=\"auto\" data-pages=\"1\" style=\"margin:-20px;\"><article id=\"portfolio-1-post-3928\" class=\"fusion-portfolio-post iltm fusion-col-spacing post-3928\"><div class=\"fusion-portfolio-content-wrapper\" style=\"border:none;\"><span class=\"vcard rich-snippet-hidden\"><span class=\"fn\"><a href=\"https:\/\/www.revfine.com\/de\/author\/revfine-com\/\" title=\"Beitr\u00e4ge von Revfine.com\" rel=\"author\">Revfine.com<\/a><\/span><\/span><span class=\"updated rich-snippet-hidden\">2026-03-04T19:42:26+01:00<\/span><div  class=\"fusion-image-wrapper\" aria-haspopup=\"true\">\n\t\t\t\t\t\t\t<a href=\"https:\/\/www.revfine.com\/de\/page\/iltm-cannes\/\" aria-label=\"Internationaler Luxusreisemarkt Cannes | Dezember 2026\">\n\t\t\t\t\t\t\t<img decoding=\"async\" width=\"1200\" height=\"628\" src=\"https:\/\/www.revfine.com\/wp-content\/uploads\/2025\/07\/ILTM-Cannes-International-Luxury-Travel-Market-Cannes-France.jpg\" class=\"attachment-full size-full wp-post-image\" alt=\"ILTM Cannes - Internationaler Markt f\u00fcr Luxusreisen Cannes - Frankreich\" \/>\t\t\t<\/a>\n\t\t\t\t\t\t\t<\/div>\n<div class=\"fusion-portfolio-content\"><h2 class=\"entry-title fusion-post-title\"><a href=\"https:\/\/www.revfine.com\/de\/page\/iltm-cannes\/\">Internationaler Luxusreisemarkt Cannes | Dezember 2026<\/a><\/h2><div class=\"fusion-post-content\"><p> ILTM Cannes (International Luxury Travel Market Cannes) verspricht das gr\u00f6\u00dfte Event des Jahres f\u00fcr die globale Luxusreise-Community zu werden. \u00dcber ILTM Cannes Diese Veranstaltung bietet die perfekte Gelegenheit, um luxuri\u00f6se Reiseerlebnisse zu treffen. Es \u00f6ffnet die T\u00fcren zu einer etablierten internationalen Gemeinschaft von Elite-Reiseeink\u00e4ufern. Auf der Veranstaltung ILTM Cannes (International Luxury Travel Market Cannes) werden ausgew\u00e4hlte Anbieter exklusiven K\u00e4ufern vorgestellt und einige der begehrtesten und<\/p><\/div><\/div><\/div><\/article><article id=\"portfolio-1-post-3916\" class=\"fusion-portfolio-post iltm fusion-col-spacing post-3916\"><div class=\"fusion-portfolio-content-wrapper\" style=\"border:none;\"><span class=\"vcard rich-snippet-hidden\"><span class=\"fn\"><a href=\"https:\/\/www.revfine.com\/de\/author\/revfine-com\/\" title=\"Beitr\u00e4ge von Revfine.com\" rel=\"author\">Revfine.com<\/a><\/span><\/span><span class=\"updated rich-snippet-hidden\">2026-03-04T19:24:52+01:00<\/span><div  class=\"fusion-image-wrapper\" aria-haspopup=\"true\">\n\t\t\t\t\t\t\t<a href=\"https:\/\/www.revfine.com\/de\/page\/iltm-north-america\/\" aria-label=\"ILTM Nordamerika | September 2026\">\n\t\t\t\t\t\t\t<img decoding=\"async\" width=\"1200\" height=\"628\" src=\"https:\/\/www.revfine.com\/wp-content\/uploads\/2025\/07\/ILTM-North-America-International-Luxury-Travel-Market-North-America.jpg\" class=\"attachment-full size-full wp-post-image\" alt=\"ILTM North America - Internationaler Luxusreisemarkt Nordamerika\" \/>\t\t\t<\/a>\n\t\t\t\t\t\t\t<\/div>\n<div class=\"fusion-portfolio-content\"><h2 class=\"entry-title fusion-post-title\"><a href=\"https:\/\/www.revfine.com\/de\/page\/iltm-north-america\/\">ILTM Nordamerika | September 2026<\/a><\/h2><div class=\"fusion-post-content\"><p> ILTM North America (International Luxury Travel Market North America) bringt Luxusreiseb\u00fcros und -berater aus Kanada, Mexiko und den USA zusammen. \u00dcber ILTM North America Die Veranstaltung ILTM North America (International Luxury Travel Market North America) ist eine Reisemesse, die nur auf Einladung zug\u00e4nglich ist, auf der die besten Reiseb\u00fcros und Berater aus Kanada, den USA und Mexiko zusammenkommen, um die luxuri\u00f6sesten Reiseerlebnisse der Welt zu treffen . Mit \u00fcber 19.000 ma\u00dfgeschneiderten Terminen an drei Tagen, Luxusreisen<\/p><\/div><\/div><\/div><\/article><article id=\"portfolio-1-post-3913\" class=\"fusion-portfolio-post iltm fusion-col-spacing post-3913\"><div class=\"fusion-portfolio-content-wrapper\" style=\"border:none;\"><span class=\"vcard rich-snippet-hidden\"><span class=\"fn\"><a href=\"https:\/\/www.revfine.com\/de\/author\/revfine-com\/\" title=\"Beitr\u00e4ge von Revfine.com\" rel=\"author\">Revfine.com<\/a><\/span><\/span><span class=\"updated rich-snippet-hidden\">2026-03-04T19:08:33+01:00<\/span><div  class=\"fusion-image-wrapper\" aria-haspopup=\"true\">\n\t\t\t\t\t\t\t<a href=\"https:\/\/www.revfine.com\/de\/page\/iltm-asia-pacific\/\" aria-label=\"ILTM Asien-Pazifik | Juni 2026\">\n\t\t\t\t\t\t\t<img decoding=\"async\" width=\"1200\" height=\"628\" src=\"https:\/\/www.revfine.com\/wp-content\/uploads\/2025\/07\/ILTM-Asia-Pacific-International-Luxury-Travel-Market-Asia-Pacific.jpg\" class=\"attachment-full size-full wp-post-image\" alt=\"ILTM Asia Pacific - Internationaler Luxusreisemarkt Asien-Pazifik\" \/>\t\t\t<\/a>\n\t\t\t\t\t\t\t<\/div>\n<div class=\"fusion-portfolio-content\"><h2 class=\"entry-title fusion-post-title\"><a href=\"https:\/\/www.revfine.com\/de\/page\/iltm-asia-pacific\/\">ILTM Asien-Pazifik | Juni 2026<\/a><\/h2><div class=\"fusion-post-content\"><p> ILTM Asia Pacific (Pacific (International Luxury Travel Market Asia Pacific)&quot; bietet die M\u00f6glichkeit, f\u00fchrende Eink\u00e4ufer von Luxusreisen zu treffen und Kontakte zu kn\u00fcpfen. \u00dcber ILTM Asia Pacific Die Veranstaltung ILTM Asia Pacific (International Luxury Travel Market Asia Pacific) findet in Singapur statt und stellt f\u00fchrende Eink\u00e4ufer von Luxusreisen aus dem asiatisch-pazifischen Raum bis hin zu internationalen Reiseerlebnissen. Diese Reisemesse bietet die Plattform f\u00fcr den Aufbau von Gesch\u00e4ftsbeziehungen mit Anbietern von Luxusreisemarken<\/p><\/div><\/div><\/div><\/article><article id=\"portfolio-1-post-3907\" class=\"fusion-portfolio-post iltm fusion-col-spacing post-3907\"><div class=\"fusion-portfolio-content-wrapper\" style=\"border:none;\"><span class=\"vcard rich-snippet-hidden\"><span class=\"fn\"><a href=\"https:\/\/www.revfine.com\/de\/author\/revfine-com\/\" title=\"Beitr\u00e4ge von Revfine.com\" rel=\"author\">Revfine.com<\/a><\/span><\/span><span class=\"updated rich-snippet-hidden\">2026-03-04T11:56:27+01:00<\/span><div  class=\"fusion-image-wrapper\" aria-haspopup=\"true\">\n\t\t\t\t\t\t\t<a href=\"https:\/\/www.revfine.com\/de\/page\/iltm-latin-america\/\" aria-label=\"ILTM Lateinamerika | Mai 2026\">\n\t\t\t\t\t\t\t<img decoding=\"async\" width=\"1200\" height=\"628\" src=\"https:\/\/www.revfine.com\/wp-content\/uploads\/2025\/07\/ILTM-Latin-America-International-Luxury-Travel-Market-Latin-America.jpg\" class=\"attachment-full size-full wp-post-image\" alt=\"ILTM Latin America - Internationaler Luxusreisemarkt Lateinamerika\" \/>\t\t\t<\/a>\n\t\t\t\t\t\t\t<\/div>\n<div class=\"fusion-portfolio-content\"><h2 class=\"entry-title fusion-post-title\"><a href=\"https:\/\/www.revfine.com\/de\/page\/iltm-latin-america\/\">ILTM Lateinamerika | Mai 2026<\/a><\/h2><div class=\"fusion-post-content\"><p> ILTM Latin America (International Luxury Travel Market Latin America) vereint Luxusreiseb\u00fcros mit internationalen Anbietern von Reiseerlebnissen. \u00dcber ILTM Latin America Luxusreiseb\u00fcros aus S\u00e3o Paulo, Brasilien und Lateinamerika treffen sich zu Treffen mit Anbietern von Reiseerlebnissen aus der ganzen Welt. Auf der ILTM Lateinamerika-Veranstaltung k\u00f6nnen Sie Netzwerke aufbauen und einzigartige Gesch\u00e4ftsbeziehungen mit den Elitereisenden Lateinamerikas aufbauen. Diese Reisemesse liefert Gesch\u00e4fte in<\/p><\/div><\/div><\/div><\/article><article id=\"portfolio-1-post-3894\" class=\"fusion-portfolio-post iltm fusion-col-spacing post-3894\"><div class=\"fusion-portfolio-content-wrapper\" style=\"border:none;\"><span class=\"vcard rich-snippet-hidden\"><span class=\"fn\"><a href=\"https:\/\/www.revfine.com\/de\/author\/revfine-com\/\" title=\"Beitr\u00e4ge von Revfine.com\" rel=\"author\">Revfine.com<\/a><\/span><\/span><span class=\"updated rich-snippet-hidden\">2026-04-21T15:22:51+02:00<\/span><div  class=\"fusion-image-wrapper\" aria-haspopup=\"true\">\n\t\t\t\t\t\t\t<a href=\"https:\/\/www.revfine.com\/de\/page\/iltm-africa\/\" aria-label=\"Internationaler Luxusreisemarkt Afrika | April 2027\">\n\t\t\t\t\t\t\t<img decoding=\"async\" width=\"1200\" height=\"628\" src=\"https:\/\/www.revfine.com\/wp-content\/uploads\/2025\/07\/ILTM-Africa-International-Luxury-Travel-Market-Africa-South-Africa.jpg\" class=\"attachment-full size-full wp-post-image\" alt=\"ILTM Africa - Internationaler Luxusreisemarkt Afrika - S\u00fcdafrika\" \/>\t\t\t<\/a>\n\t\t\t\t\t\t\t<\/div>\n<div class=\"fusion-portfolio-content\"><h2 class=\"entry-title fusion-post-title\"><a href=\"https:\/\/www.revfine.com\/de\/page\/iltm-africa\/\">Internationaler Luxusreisemarkt Afrika | April 2027<\/a><\/h2><div class=\"fusion-post-content\"><p> ILTM Africa (International Luxury Travel Market Africa) ist eine exklusive Veranstaltung, bei der afrikanische Luxusreiseanbieter K\u00e4ufer aus der ganzen Welt treffen. \u00dcber die ILTM Africa ILTM Africa ist S\u00fcdafrikas erstes B2B-Event f\u00fcr Luxusreisen, das 2013 ins Leben gerufen wurde. Diese exklusive Veranstaltung stellt Luxusunternehmen von Reiseanbietern weltweit K\u00e4ufern und Reiseplanern mit einzigartigen Erlebnissen f\u00fcr Reisende vor, die daran interessiert sind, Afrika zu erkunden. Wer sollte an der teilnehmen<\/p><\/div><\/div><\/div><\/article><\/div><\/div><div class=\"fusion-clearfix\"><\/div><\/div><\/div><\/div><\/div><\/p>","protected":false},"excerpt":{"rendered":"","protected":false},"author":1,"featured_media":3950,"parent":0,"menu_order":0,"comment_status":"closed","ping_status":"closed","template":"","meta":{"footnotes":""},"class_list":["post-3932","page","type-page","status-publish","has-post-thumbnail","hentry"],"yoast_head":"<!-- This site is optimized with the Yoast SEO plugin v27.3 - https:\/\/yoast.com\/product\/yoast-seo-wordpress\/ -->\n<title>ILTM Luxury Travel Events | Overview of All ILTM Events<\/title>\n<meta name=\"description\" content=\"ILTM is the only truly global event for the luxury travel industry. Here you find an overview of all ILTM events including event information.\" \/>\n<meta name=\"robots\" content=\"index, follow, max-snippet:-1, max-image-preview:large, max-video-preview:-1\" \/>\n<link rel=\"canonical\" href=\"https:\/\/www.revfine.com\/de\/iltm\/\" \/>\n<meta property=\"og:locale\" content=\"de_DE\" \/>\n<meta property=\"og:type\" content=\"article\" \/>\n<meta property=\"og:title\" content=\"ILTM Luxury Travel Events | Overview of All ILTM Events\" \/>\n<meta property=\"og:description\" content=\"ILTM is the only truly global event for the luxury travel industry. Here you find an overview of all ILTM events including event information.\" \/>\n<meta property=\"og:url\" content=\"https:\/\/www.revfine.com\/de\/iltm\/\" \/>\n<meta property=\"og:site_name\" content=\"Revfine.com\" \/>\n<meta property=\"article:modified_time\" content=\"2019-12-11T15:54:52+00:00\" \/>\n<meta property=\"og:image\" content=\"https:\/\/www.revfine.com\/wp-content\/uploads\/ILTM-Luxury-Travel-Events.jpg\" \/>\n\t<meta property=\"og:image:width\" content=\"1000\" \/>\n\t<meta property=\"og:image:height\" content=\"516\" \/>\n\t<meta property=\"og:image:type\" content=\"image\/jpeg\" \/>\n<meta name=\"twitter:card\" content=\"summary_large_image\" \/>\n<meta name=\"twitter:label1\" content=\"Gesch\u00e4tzte Lesezeit\" \/>\n\t<meta name=\"twitter:data1\" content=\"7\u00a0Minuten\" \/>\n<script type=\"application\/ld+json\" class=\"yoast-schema-graph\">{\"@context\":\"https:\\\/\\\/schema.org\",\"@graph\":[{\"@type\":\"WebPage\",\"@id\":\"https:\\\/\\\/www.revfine.com\\\/iltm\\\/\",\"url\":\"https:\\\/\\\/www.revfine.com\\\/iltm\\\/\",\"name\":\"ILTM Luxury Travel Events | Overview of All ILTM Events\",\"isPartOf\":{\"@id\":\"https:\\\/\\\/www.revfine.com\\\/pt\\\/#website\"},\"primaryImageOfPage\":{\"@id\":\"https:\\\/\\\/www.revfine.com\\\/iltm\\\/#primaryimage\"},\"image\":{\"@id\":\"https:\\\/\\\/www.revfine.com\\\/iltm\\\/#primaryimage\"},\"thumbnailUrl\":\"https:\\\/\\\/www.revfine.com\\\/wp-content\\\/uploads\\\/2025\\\/07\\\/ILTM-Luxury-Travel-Events.jpg\",\"datePublished\":\"2019-12-07T09:24:48+00:00\",\"dateModified\":\"2019-12-11T15:54:52+00:00\",\"description\":\"ILTM is the only truly global event for the luxury travel industry. Here you find an overview of all ILTM events including event information.\",\"breadcrumb\":{\"@id\":\"https:\\\/\\\/www.revfine.com\\\/iltm\\\/#breadcrumb\"},\"inLanguage\":\"de\",\"potentialAction\":[{\"@type\":\"ReadAction\",\"target\":[\"https:\\\/\\\/www.revfine.com\\\/iltm\\\/\"]}]},{\"@type\":\"ImageObject\",\"inLanguage\":\"de\",\"@id\":\"https:\\\/\\\/www.revfine.com\\\/iltm\\\/#primaryimage\",\"url\":\"https:\\\/\\\/www.revfine.com\\\/wp-content\\\/uploads\\\/2025\\\/07\\\/ILTM-Luxury-Travel-Events.jpg\",\"contentUrl\":\"https:\\\/\\\/www.revfine.com\\\/wp-content\\\/uploads\\\/2025\\\/07\\\/ILTM-Luxury-Travel-Events.jpg\",\"width\":1000,\"height\":516,\"caption\":\"ILTM - Luxury Travel Events\"},{\"@type\":\"BreadcrumbList\",\"@id\":\"https:\\\/\\\/www.revfine.com\\\/iltm\\\/#breadcrumb\",\"itemListElement\":[{\"@type\":\"ListItem\",\"position\":1,\"name\":\"Home\",\"item\":\"https:\\\/\\\/www.revfine.com\\\/\"},{\"@type\":\"ListItem\",\"position\":2,\"name\":\"ILTM (International Luxury Travel Market)\"}]},{\"@type\":\"WebSite\",\"@id\":\"https:\\\/\\\/www.revfine.com\\\/pt\\\/#website\",\"url\":\"https:\\\/\\\/www.revfine.com\\\/pt\\\/\",\"name\":\"Revfine.com\",\"description\":\"Optimising Revenue\",\"potentialAction\":[{\"@type\":\"SearchAction\",\"target\":{\"@type\":\"EntryPoint\",\"urlTemplate\":\"https:\\\/\\\/www.revfine.com\\\/pt\\\/?s={search_term_string}\"},\"query-input\":{\"@type\":\"PropertyValueSpecification\",\"valueRequired\":true,\"valueName\":\"search_term_string\"}}],\"inLanguage\":\"de\"}]}<\/script>\n<!-- \/ Yoast SEO plugin. -->","yoast_head_json":{"title":"ILTM Luxusreiseveranstaltungen | \u00dcbersicht \u00fcber alle ILTM-Events","description":"Die ILTM ist die einzige wirklich globale Veranstaltung f\u00fcr die Luxusreisebranche. Hier finden Sie eine \u00dcbersicht aller ILTM-Veranstaltungen inklusive Veranstaltungsinformationen.","robots":{"index":"index","follow":"follow","max-snippet":"max-snippet:-1","max-image-preview":"max-image-preview:large","max-video-preview":"max-video-preview:-1"},"canonical":"https:\/\/www.revfine.com\/de\/iltm\/","og_locale":"de_DE","og_type":"article","og_title":"ILTM Luxury Travel Events | Overview of All ILTM Events","og_description":"ILTM is the only truly global event for the luxury travel industry. Here you find an overview of all ILTM events including event information.","og_url":"https:\/\/www.revfine.com\/de\/iltm\/","og_site_name":"Revfine.com","article_modified_time":"2019-12-11T15:54:52+00:00","og_image":[{"width":1000,"height":516,"url":"https:\/\/www.revfine.com\/wp-content\/uploads\/ILTM-Luxury-Travel-Events.jpg","type":"image\/jpeg"}],"twitter_card":"summary_large_image","twitter_misc":{"Gesch\u00e4tzte Lesezeit":"7\u00a0Minuten"},"schema":{"@context":"https:\/\/schema.org","@graph":[{"@type":"WebPage","@id":"https:\/\/www.revfine.com\/iltm\/","url":"https:\/\/www.revfine.com\/iltm\/","name":"ILTM Luxusreiseveranstaltungen | \u00dcbersicht \u00fcber alle ILTM-Events","isPartOf":{"@id":"https:\/\/www.revfine.com\/pt\/#website"},"primaryImageOfPage":{"@id":"https:\/\/www.revfine.com\/iltm\/#primaryimage"},"image":{"@id":"https:\/\/www.revfine.com\/iltm\/#primaryimage"},"thumbnailUrl":"https:\/\/www.revfine.com\/wp-content\/uploads\/2025\/07\/ILTM-Luxury-Travel-Events.jpg","datePublished":"2019-12-07T09:24:48+00:00","dateModified":"2019-12-11T15:54:52+00:00","description":"Die ILTM ist die einzige wirklich globale Veranstaltung f\u00fcr die Luxusreisebranche. Hier finden Sie eine \u00dcbersicht aller ILTM-Veranstaltungen inklusive Veranstaltungsinformationen.","breadcrumb":{"@id":"https:\/\/www.revfine.com\/iltm\/#breadcrumb"},"inLanguage":"de","potentialAction":[{"@type":"ReadAction","target":["https:\/\/www.revfine.com\/iltm\/"]}]},{"@type":"ImageObject","inLanguage":"de","@id":"https:\/\/www.revfine.com\/iltm\/#primaryimage","url":"https:\/\/www.revfine.com\/wp-content\/uploads\/2025\/07\/ILTM-Luxury-Travel-Events.jpg","contentUrl":"https:\/\/www.revfine.com\/wp-content\/uploads\/2025\/07\/ILTM-Luxury-Travel-Events.jpg","width":1000,"height":516,"caption":"ILTM - Luxury Travel Events"},{"@type":"BreadcrumbList","@id":"https:\/\/www.revfine.com\/iltm\/#breadcrumb","itemListElement":[{"@type":"ListItem","position":1,"name":"Home","item":"https:\/\/www.revfine.com\/"},{"@type":"ListItem","position":2,"name":"ILTM (International Luxury Travel Market)"}]},{"@type":"WebSite","@id":"https:\/\/www.revfine.com\/pt\/#website","url":"https:\/\/www.revfine.com\/pt\/","name":"Revfine.com","description":"Optimierung des Umsatzes","potentialAction":[{"@type":"SearchAction","target":{"@type":"EntryPoint","urlTemplate":"https:\/\/www.revfine.com\/pt\/?s={search_term_string}"},"query-input":{"@type":"PropertyValueSpecification","valueRequired":true,"valueName":"search_term_string"}}],"inLanguage":"de"}]}},"_links":{"self":[{"href":"https:\/\/www.revfine.com\/de\/wp-json\/wp\/v2\/pages\/3932","targetHints":{"allow":["GET"]}}],"collection":[{"href":"https:\/\/www.revfine.com\/de\/wp-json\/wp\/v2\/pages"}],"about":[{"href":"https:\/\/www.revfine.com\/de\/wp-json\/wp\/v2\/types\/page"}],"author":[{"embeddable":true,"href":"https:\/\/www.revfine.com\/de\/wp-json\/wp\/v2\/users\/1"}],"replies":[{"embeddable":true,"href":"https:\/\/www.revfine.com\/de\/wp-json\/wp\/v2\/comments?post=3932"}],"version-history":[{"count":0,"href":"https:\/\/www.revfine.com\/de\/wp-json\/wp\/v2\/pages\/3932\/revisions"}],"wp:featuredmedia":[{"embeddable":true,"href":"https:\/\/www.revfine.com\/de\/wp-json\/wp\/v2\/media\/3950"}],"wp:attachment":[{"href":"https:\/\/www.revfine.com\/de\/wp-json\/wp\/v2\/media?parent=3932"}],"curies":[{"name":"wp","href":"https:\/\/api.w.org\/{rel}","templated":true}]}}