{"id":8632,"date":"2020-09-14T14:09:22","date_gmt":"2020-09-14T12:09:22","guid":{"rendered":"https:\/\/revfine.com\/?page_id=8632"},"modified":"2024-09-19T14:05:15","modified_gmt":"2024-09-19T12:05:15","slug":"information-experten-partner-seite","status":"publish","type":"page","link":"https:\/\/www.revfine.com\/de\/information-expert-partner-page\/","title":{"rendered":"Erforderliche Informationen zum Einrichten Ihrer Expertenpartnerseite"},"content":{"rendered":"<p><div class=\"fusion-fullwidth fullwidth-box fusion-builder-row-1 nonhundred-percent-fullwidth non-hundred-percent-height-scrolling\" style=\"--awb-border-radius-top-left:0px;--awb-border-radius-top-right:0px;--awb-border-radius-bottom-right:0px;--awb-border-radius-bottom-left:0px;--awb-flex-wrap:wrap;\" ><div class=\"fusion-builder-row fusion-row\"><div class=\"fusion-layout-column fusion_builder_column fusion-builder-column-0 fusion_builder_column_1_1 1_1 fusion-one-full fusion-column-first fusion-column-last\" style=\"--awb-bg-size:cover;\"><div class=\"fusion-column-wrapper fusion-column-has-shadow fusion-flex-column-wrapper-legacy\"><div class=\"fusion-text fusion-text-1\"><p>Mit Ihrer <span style=\"text-decoration: underline;\"><a href=\"https:\/\/www.revfine.com\/de\/partner\/\" target=\"_blank\" rel=\"noopener noreferrer\">Experten-Partnerseite<\/a><\/span> Auf Revfine.com pr\u00e4sentieren Sie Ihr Unternehmen und Ihr Fachwissen unserem hochgradig zielgerichteten Publikum aus Fachleuten der Hotel- und Reisebranche.<br \/>\nUm Ihre Experten-Partnerseite einzurichten, ben\u00f6tigen wir die folgenden Informationen.<\/p>\n<h3><strong>Firmeninformation<\/strong><\/h3>\n<p><span style=\"text-decoration: underline;\">Der Firmen-Pitch<\/span>: Was l\u00f6sen Sie? (max. 300 Zeichen, inkl. Leerzeichen)<br \/>\n<span style=\"text-decoration: underline;\">URLs<\/span>: Link zu Ihrer Unternehmenswebsite &amp; Social Media Kan\u00e4len<br \/>\n<span style=\"text-decoration: underline;\">Video<\/span>: 1 YouTube- oder Vimeo-Videolink. Vorzugsweise ein Informationsvideo \u00fcber Ihre Dienstleistungen oder eine Einf\u00fchrung in Ihr Unternehmen<br \/>\n<span style=\"text-decoration: underline;\">\u00dcber Ihr Unternehmen<\/span>: Erz\u00e4hlen Sie etwas \u00fcber Ihr Unternehmen und die von Ihnen angebotenen Leistungen (max. 550 Zeichen inkl. Leerzeichen)<\/p>\n<h3><strong>Bilder<\/strong><\/h3>\n<p><span style=\"text-decoration: underline;\">Logo<\/span>: Bitte stellen Sie uns ein hochaufl\u00f6sendes Logo zur Verf\u00fcgung<br \/>\n<span style=\"text-decoration: underline;\"><a href=\"https:\/\/www.revfine.com\/de\/page\/oaky\/\" target=\"_blank\" rel=\"noopener noreferrer\">Header-Bild<\/a><\/span>: JPEG- oder PNG-Format. Gr\u00f6\u00dfe 1920x430px. Die Kopfzeile wird in Schwarzwei\u00df angezeigt<br \/>\n<span style=\"text-decoration: underline;\"><a href=\"https:\/\/www.revfine.com\/de\/partner\/\" target=\"_blank\" rel=\"noopener noreferrer\">Vorgestelltes Bild<\/a><\/span>: JPEG- oder PNG-Format. Gr\u00f6\u00dfe 1200x628px. Tipp: Machen Sie Ihr Unternehmen pers\u00f6nlicher, indem Sie Ihr Team oder Ihren Service pr\u00e4sentieren<\/p>\n<p>&gt; <strong>Bitte f\u00fcgen Sie Ihren Markennamen oder Ihr Logo nicht in die Bilder ein<\/strong>. Wir sorgen daf\u00fcr, dass Ihr Markenname und Ihr Logo sichtbar sind.<br \/>\n&gt; <strong>Kein passendes Bild?<\/strong> Keine Sorge, wir w\u00e4hlen ein sch\u00f6nes und relevantes Bild f\u00fcr Sie aus!<\/p>\n<h3><strong>Beispiele f\u00fcr Experten-Partnerseiten:<\/strong><\/h3>\n<\/div><div class=\"fusion-clearfix\"><\/div><\/div><\/div><\/div><\/div><div class=\"fusion-fullwidth fullwidth-box fusion-builder-row-2 nonhundred-percent-fullwidth non-hundred-percent-height-scrolling\" style=\"--awb-border-radius-top-left:0px;--awb-border-radius-top-right:0px;--awb-border-radius-bottom-right:0px;--awb-border-radius-bottom-left:0px;--awb-margin-bottom:-100px;--awb-flex-wrap:wrap;\" ><div class=\"fusion-builder-row fusion-row\"><div class=\"fusion-layout-column fusion_builder_column fusion-builder-column-1 fusion_builder_column_1_1 1_1 fusion-one-full fusion-column-first fusion-column-last\" style=\"--awb-bg-size:cover;\"><div class=\"fusion-column-wrapper fusion-column-has-shadow fusion-flex-column-wrapper-legacy\"><div class=\"fusion-recent-works fusion-portfolio-element fusion-portfolio fusion-portfolio-1 fusion-portfolio-carousel fusion-portfolio-paging-pagination recent-works-carousel portfolio-carousel picture-size-auto\" data-id=\"-rw-1\"><div class=\"awb-carousel awb-swiper awb-swiper-carousel\" style=\"--awb-columns:3;\" data-autoplay=\"yes\" data-columns=\"3\" data-itemmargin=\"25\" data-itemwidth=\"180\" data-touchscroll=\"no\" data-imagesize=\"auto\"><div class=\"swiper-wrapper\"><div class=\"swiper-slide\"><div class=\"fusion-carousel-item-wrapper\"><span class=\"entry-title rich-snippet-hidden\">Juyo Analytics<\/span><span class=\"vcard rich-snippet-hidden\"><span class=\"fn\"><a href=\"https:\/\/www.revfine.com\/de\/author\/revfine-com\/\" title=\"Beitr\u00e4ge von Revfine.com\" rel=\"author\">Revfine.com<\/a><\/span><\/span><span class=\"updated rich-snippet-hidden\">2026-02-24T09:58:40+01:00<\/span><div  class=\"fusion-image-wrapper\" aria-haspopup=\"true\">\n\t\t\t\t\t\t\t<a href=\"https:\/\/www.revfine.com\/de\/page\/juyo-analytics\/\" aria-label=\"Juyo Analytics\">\n\t\t\t\t\t\t\t<img decoding=\"async\" width=\"1200\" height=\"628\" src=\"https:\/\/www.revfine.com\/wp-content\/uploads\/2024\/02\/Juyo-Analytics-Featured-image-version-1.jpg\" class=\"attachment-full size-full wp-post-image\" alt=\"Juyo Analytics\" \/>\t\t\t<\/a>\n\t\t\t\t\t\t\t<\/div>\n<\/div><\/div><div class=\"swiper-slide\"><div class=\"fusion-carousel-item-wrapper\"><span class=\"entry-title rich-snippet-hidden\">Stallungen<\/span><span class=\"vcard rich-snippet-hidden\"><span class=\"fn\"><a href=\"https:\/\/www.revfine.com\/de\/author\/revfine-com\/\" title=\"Beitr\u00e4ge von Revfine.com\" rel=\"author\">Revfine.com<\/a><\/span><\/span><span class=\"updated rich-snippet-hidden\">2024-07-12T14:13:59+02:00<\/span><div  class=\"fusion-image-wrapper\" aria-haspopup=\"true\">\n\t\t\t\t\t\t\t<a href=\"https:\/\/www.revfine.com\/de\/page\/mews\/\" aria-label=\"Stallungen\">\n\t\t\t\t\t\t\t<img decoding=\"async\" width=\"1200\" height=\"628\" src=\"https:\/\/www.revfine.com\/wp-content\/uploads\/2023\/09\/Mews-The-Hospitality-System-of-The-Future.jpg\" class=\"attachment-full size-full wp-post-image\" alt=\"Mews \u2013 Das Hospitality-System der Zukunft\" \/>\t\t\t<\/a>\n\t\t\t\t\t\t\t<\/div>\n<\/div><\/div><div class=\"swiper-slide\"><div class=\"fusion-carousel-item-wrapper\"><span class=\"entry-title rich-snippet-hidden\">Screen-Pilot<\/span><span class=\"vcard rich-snippet-hidden\"><span class=\"fn\"><a href=\"https:\/\/www.revfine.com\/de\/author\/revfine-com\/\" title=\"Beitr\u00e4ge von Revfine.com\" rel=\"author\">Revfine.com<\/a><\/span><\/span><span class=\"updated rich-snippet-hidden\">2025-08-05T15:56:34+02:00<\/span><div  class=\"fusion-image-wrapper\" aria-haspopup=\"true\">\n\t\t\t\t\t\t\t<a href=\"https:\/\/www.revfine.com\/de\/page\/screen-pilot\/\" aria-label=\"Screen-Pilot\">\n\t\t\t\t\t\t\t<img decoding=\"async\" width=\"1200\" height=\"628\" src=\"https:\/\/www.revfine.com\/wp-content\/uploads\/2023\/02\/Screen-Pilot-Featured-Image-2025.jpg\" class=\"attachment-full size-full wp-post-image\" alt=\"Screen-Pilot\" \/>\t\t\t<\/a>\n\t\t\t\t\t\t\t<\/div>\n<\/div><\/div><div class=\"swiper-slide\"><div class=\"fusion-carousel-item-wrapper\"><span class=\"entry-title rich-snippet-hidden\">Wolkenbetten<\/span><span class=\"vcard rich-snippet-hidden\"><span class=\"fn\"><a href=\"https:\/\/www.revfine.com\/de\/author\/revfine-com\/\" title=\"Beitr\u00e4ge von Revfine.com\" rel=\"author\">Revfine.com<\/a><\/span><\/span><span class=\"updated rich-snippet-hidden\">2025-12-18T11:29:29+01:00<\/span><div  class=\"fusion-image-wrapper\" aria-haspopup=\"true\">\n\t\t\t\t\t\t\t<a href=\"https:\/\/www.revfine.com\/de\/page\/cloudbeds\/\" aria-label=\"Wolkenbetten\">\n\t\t\t\t\t\t\t<img decoding=\"async\" width=\"1200\" height=\"628\" src=\"https:\/\/www.revfine.com\/wp-content\/uploads\/2022\/08\/Cloudbeds-Powering-the-worlds-most-ambitious-hoteliers.png\" class=\"attachment-full size-full wp-post-image\" alt=\"Cloudbeds \u2013 Die Energiequelle f\u00fcr die ambitioniertesten Hoteliers der Welt\" srcset=\"https:\/\/www.revfine.com\/wp-content\/uploads\/2022\/08\/Cloudbeds-Powering-the-worlds-most-ambitious-hoteliers-200x105.png 200w, https:\/\/www.revfine.com\/wp-content\/uploads\/2022\/08\/Cloudbeds-Powering-the-worlds-most-ambitious-hoteliers-400x209.png 400w, https:\/\/www.revfine.com\/wp-content\/uploads\/2022\/08\/Cloudbeds-Powering-the-worlds-most-ambitious-hoteliers-600x314.png 600w, https:\/\/www.revfine.com\/wp-content\/uploads\/2022\/08\/Cloudbeds-Powering-the-worlds-most-ambitious-hoteliers-800x419.png 800w, https:\/\/www.revfine.com\/wp-content\/uploads\/2022\/08\/Cloudbeds-Powering-the-worlds-most-ambitious-hoteliers.png 1200w\" sizes=\"(min-width: 2200px) 100vw, (min-width: 784px) 383px, (min-width: 712px) 575px, (min-width: 640px) 712px, \" \/>\t\t\t<\/a>\n\t\t\t\t\t\t\t<\/div>\n<\/div><\/div><div class=\"swiper-slide\"><div class=\"fusion-carousel-item-wrapper\"><span class=\"entry-title rich-snippet-hidden\">Cendyn<\/span><span class=\"vcard rich-snippet-hidden\"><span class=\"fn\"><a href=\"https:\/\/www.revfine.com\/de\/author\/revfine-com\/\" title=\"Beitr\u00e4ge von Revfine.com\" rel=\"author\">Revfine.com<\/a><\/span><\/span><span class=\"updated rich-snippet-hidden\">26.03.2024T17:20:04+01:00<\/span><div  class=\"fusion-image-wrapper\" aria-haspopup=\"true\">\n\t\t\t\t\t\t\t<a href=\"https:\/\/www.revfine.com\/de\/page\/cendyn\/\" aria-label=\"Cendyn\">\n\t\t\t\t\t\t\t<img decoding=\"async\" width=\"1200\" height=\"628\" src=\"https:\/\/www.revfine.com\/wp-content\/uploads\/2022\/03\/Cendyn-featured-version-3.png\" class=\"attachment-full size-full wp-post-image\" alt=\"\" \/>\t\t\t<\/a>\n\t\t\t\t\t\t\t<\/div>\n<\/div><\/div><div class=\"swiper-slide\"><div class=\"fusion-carousel-item-wrapper\"><span class=\"entry-title rich-snippet-hidden\">Revenue Team von Franco Grasso<\/span><span class=\"vcard rich-snippet-hidden\"><span class=\"fn\"><a href=\"https:\/\/www.revfine.com\/de\/author\/revfine-com\/\" title=\"Beitr\u00e4ge von Revfine.com\" rel=\"author\">Revfine.com<\/a><\/span><\/span><span class=\"updated rich-snippet-hidden\">2025-02-23T22:28:18+01:00<\/span><div  class=\"fusion-image-wrapper\" aria-haspopup=\"true\">\n\t\t\t\t\t\t\t<a href=\"https:\/\/www.revfine.com\/de\/page\/franco-grasso\/\" aria-label=\"Revenue Team von Franco Grasso\">\n\t\t\t\t\t\t\t<img decoding=\"async\" width=\"1200\" height=\"628\" src=\"https:\/\/www.revfine.com\/wp-content\/uploads\/2021\/05\/Franco-Grasso-Revenue-Management.png\" class=\"attachment-full size-full wp-post-image\" alt=\"\" \/>\t\t\t<\/a>\n\t\t\t\t\t\t\t<\/div>\n<\/div><\/div><div class=\"swiper-slide\"><div class=\"fusion-carousel-item-wrapper\"><span class=\"entry-title rich-snippet-hidden\">Zerst\u00e4uben<\/span><span class=\"vcard rich-snippet-hidden\"><span class=\"fn\"><a href=\"https:\/\/www.revfine.com\/de\/author\/revfine-com\/\" title=\"Beitr\u00e4ge von Revfine.com\" rel=\"author\">Revfine.com<\/a><\/span><\/span><span class=\"updated rich-snippet-hidden\">2025-03-24T14:01:23+01:00<\/span><div  class=\"fusion-image-wrapper\" aria-haspopup=\"true\">\n\t\t\t\t\t\t\t<a href=\"https:\/\/www.revfine.com\/de\/page\/atomize\/\" aria-label=\"Zerst\u00e4uben\">\n\t\t\t\t\t\t\t<img decoding=\"async\" width=\"1200\" height=\"628\" src=\"https:\/\/www.revfine.com\/wp-content\/uploads\/2021\/05\/Atomize-Revenue-Mangement-System.png\" class=\"attachment-full size-full wp-post-image\" alt=\"Atomize Revenue Management System\" \/>\t\t\t<\/a>\n\t\t\t\t\t\t\t<\/div>\n<\/div><\/div><div class=\"swiper-slide\"><div class=\"fusion-carousel-item-wrapper\"><span class=\"entry-title rich-snippet-hidden\">IDeaS<\/span><span class=\"vcard rich-snippet-hidden\"><span class=\"fn\"><a href=\"https:\/\/www.revfine.com\/de\/author\/revfine-com\/\" title=\"Beitr\u00e4ge von Revfine.com\" rel=\"author\">Revfine.com<\/a><\/span><\/span><span class=\"updated rich-snippet-hidden\">2024-09-22T11:40:10+02:00<\/span><div  class=\"fusion-image-wrapper\" aria-haspopup=\"true\">\n\t\t\t\t\t\t\t<a href=\"https:\/\/www.revfine.com\/de\/page\/ideas\/\" aria-label=\"IDeaS\">\n\t\t\t\t\t\t\t<img decoding=\"async\" width=\"1200\" height=\"628\" src=\"https:\/\/www.revfine.com\/wp-content\/uploads\/2025\/07\/IDeaS-Revenue-Management-Software-and-Services.png\" class=\"attachment-full size-full wp-post-image\" alt=\"IDeaS - Revenue Management Software und Services\" \/>\t\t\t<\/a>\n\t\t\t\t\t\t\t<\/div>\n<\/div><\/div><div class=\"swiper-slide\"><div class=\"fusion-carousel-item-wrapper\"><span class=\"entry-title rich-snippet-hidden\">Bookboost<\/span><span class=\"vcard rich-snippet-hidden\"><span class=\"fn\"><a href=\"https:\/\/www.revfine.com\/de\/author\/revfine-com\/\" title=\"Beitr\u00e4ge von Revfine.com\" rel=\"author\">Revfine.com<\/a><\/span><\/span><span class=\"updated rich-snippet-hidden\">2024-02-15T15:53:16+01:00<\/span><div  class=\"fusion-image-wrapper\" aria-haspopup=\"true\">\n\t\t\t\t\t\t\t<a href=\"https:\/\/www.revfine.com\/de\/page\/bookboost\/\" aria-label=\"Bookboost\">\n\t\t\t\t\t\t\t<img decoding=\"async\" width=\"1200\" height=\"628\" src=\"https:\/\/www.revfine.com\/wp-content\/uploads\/2021\/05\/Hospitality-Engagement-Platform.jpg\" class=\"attachment-full size-full wp-post-image\" alt=\"Plattform f\u00fcr Engagement im Gastgewerbe\" \/>\t\t\t<\/a>\n\t\t\t\t\t\t\t<\/div>\n<\/div><\/div><div class=\"swiper-slide\"><div class=\"fusion-carousel-item-wrapper\"><span class=\"entry-title rich-snippet-hidden\">ZimmerPreisGenie<\/span><span class=\"vcard rich-snippet-hidden\"><span class=\"fn\"><a href=\"https:\/\/www.revfine.com\/de\/author\/revfine-com\/\" title=\"Beitr\u00e4ge von Revfine.com\" rel=\"author\">Revfine.com<\/a><\/span><\/span><span class=\"updated rich-snippet-hidden\">2026-01-30T17:48:23+01:00<\/span><div  class=\"fusion-image-wrapper\" aria-haspopup=\"true\">\n\t\t\t\t\t\t\t<a href=\"https:\/\/www.revfine.com\/de\/page\/roompricegenie\/\" aria-label=\"ZimmerPreisGenie\">\n\t\t\t\t\t\t\t<img decoding=\"async\" width=\"1200\" height=\"628\" src=\"https:\/\/www.revfine.com\/wp-content\/uploads\/2021\/05\/RoomPriceGenie-Revenue-Management-System-for-Independent-Hotels-and-Groups.jpg\" class=\"attachment-full size-full wp-post-image\" alt=\"RoomPriceGenie - Revenue-Management-System f\u00fcr unabh\u00e4ngige Hotels und Hotelgruppen\" srcset=\"https:\/\/www.revfine.com\/wp-content\/uploads\/2021\/05\/RoomPriceGenie-Revenue-Management-System-for-Independent-Hotels-and-Groups-200x105.jpg 200w, https:\/\/www.revfine.com\/wp-content\/uploads\/2021\/05\/RoomPriceGenie-Revenue-Management-System-for-Independent-Hotels-and-Groups-400x209.jpg 400w, https:\/\/www.revfine.com\/wp-content\/uploads\/2021\/05\/RoomPriceGenie-Revenue-Management-System-for-Independent-Hotels-and-Groups-600x314.jpg 600w, https:\/\/www.revfine.com\/wp-content\/uploads\/2021\/05\/RoomPriceGenie-Revenue-Management-System-for-Independent-Hotels-and-Groups-800x419.jpg 800w, https:\/\/www.revfine.com\/wp-content\/uploads\/2021\/05\/RoomPriceGenie-Revenue-Management-System-for-Independent-Hotels-and-Groups.jpg 1200w\" sizes=\"(min-width: 2200px) 100vw, (min-width: 784px) 383px, (min-width: 712px) 575px, (min-width: 640px) 712px, \" \/>\t\t\t<\/a>\n\t\t\t\t\t\t\t<\/div>\n<\/div><\/div><\/div><div class=\"awb-swiper-button awb-swiper-button-prev\"><i class=\"awb-icon-angle-left\" aria-hidden=\"true\"><\/i><\/div><div class=\"awb-swiper-button awb-swiper-button-next\"><i class=\"awb-icon-angle-right\" aria-hidden=\"true\"><\/i><\/div><\/div><\/div><div class=\"fusion-clearfix\"><\/div><\/div><\/div><\/div><\/div><\/p>","protected":false},"excerpt":{"rendered":"","protected":false},"author":1,"featured_media":0,"parent":0,"menu_order":0,"comment_status":"closed","ping_status":"closed","template":"","meta":{"footnotes":""},"class_list":["post-8632","page","type-page","status-publish","hentry"],"yoast_head":"<!-- This site is optimized with the Yoast SEO plugin v27.3 - https:\/\/yoast.com\/product\/yoast-seo-wordpress\/ -->\n<title>Required Information for Setting up Your Expert Partner Page - Revfine.com<\/title>\n<meta name=\"robots\" content=\"noindex, nofollow\" \/>\n<meta property=\"og:locale\" content=\"de_DE\" \/>\n<meta property=\"og:type\" content=\"article\" \/>\n<meta property=\"og:title\" content=\"Required Information for Setting up Your Expert Partner Page - Revfine.com\" \/>\n<meta property=\"og:url\" content=\"https:\/\/www.revfine.com\/de\/information-experten-partner-seite\/\" \/>\n<meta property=\"og:site_name\" content=\"Revfine.com\" \/>\n<meta property=\"article:modified_time\" content=\"2024-09-19T12:05:15+00:00\" \/>\n<meta name=\"twitter:card\" content=\"summary_large_image\" \/>\n<meta name=\"twitter:label1\" content=\"Gesch\u00e4tzte Lesezeit\" \/>\n\t<meta name=\"twitter:data1\" content=\"6\u00a0Minuten\" \/>\n<script type=\"application\/ld+json\" class=\"yoast-schema-graph\">{\"@context\":\"https:\\\/\\\/schema.org\",\"@graph\":[{\"@type\":\"WebPage\",\"@id\":\"https:\\\/\\\/www.revfine.com\\\/information-expert-partner-page\\\/\",\"url\":\"https:\\\/\\\/www.revfine.com\\\/information-expert-partner-page\\\/\",\"name\":\"Required Information for Setting up Your Expert Partner Page - Revfine.com\",\"isPartOf\":{\"@id\":\"https:\\\/\\\/www.revfine.com\\\/pt\\\/#website\"},\"datePublished\":\"2020-09-14T12:09:22+00:00\",\"dateModified\":\"2024-09-19T12:05:15+00:00\",\"breadcrumb\":{\"@id\":\"https:\\\/\\\/www.revfine.com\\\/information-expert-partner-page\\\/#breadcrumb\"},\"inLanguage\":\"de\",\"potentialAction\":[{\"@type\":\"ReadAction\",\"target\":[\"https:\\\/\\\/www.revfine.com\\\/information-expert-partner-page\\\/\"]}]},{\"@type\":\"BreadcrumbList\",\"@id\":\"https:\\\/\\\/www.revfine.com\\\/information-expert-partner-page\\\/#breadcrumb\",\"itemListElement\":[{\"@type\":\"ListItem\",\"position\":1,\"name\":\"Home\",\"item\":\"https:\\\/\\\/www.revfine.com\\\/\"},{\"@type\":\"ListItem\",\"position\":2,\"name\":\"Required Information for Setting up Your Expert Partner Page\"}]},{\"@type\":\"WebSite\",\"@id\":\"https:\\\/\\\/www.revfine.com\\\/pt\\\/#website\",\"url\":\"https:\\\/\\\/www.revfine.com\\\/pt\\\/\",\"name\":\"Revfine.com\",\"description\":\"Optimising Revenue\",\"potentialAction\":[{\"@type\":\"SearchAction\",\"target\":{\"@type\":\"EntryPoint\",\"urlTemplate\":\"https:\\\/\\\/www.revfine.com\\\/pt\\\/?s={search_term_string}\"},\"query-input\":{\"@type\":\"PropertyValueSpecification\",\"valueRequired\":true,\"valueName\":\"search_term_string\"}}],\"inLanguage\":\"de\"}]}<\/script>\n<!-- \/ Yoast SEO plugin. -->","yoast_head_json":{"title":"Erforderliche Informationen zum Einrichten Ihrer Expertenpartnerseite - Revfine.com","robots":{"index":"noindex","follow":"nofollow"},"og_locale":"de_DE","og_type":"article","og_title":"Required Information for Setting up Your Expert Partner Page - Revfine.com","og_url":"https:\/\/www.revfine.com\/de\/information-experten-partner-seite\/","og_site_name":"Revfine.com","article_modified_time":"2024-09-19T12:05:15+00:00","twitter_card":"summary_large_image","twitter_misc":{"Gesch\u00e4tzte Lesezeit":"6\u00a0Minuten"},"schema":{"@context":"https:\/\/schema.org","@graph":[{"@type":"WebPage","@id":"https:\/\/www.revfine.com\/information-expert-partner-page\/","url":"https:\/\/www.revfine.com\/information-expert-partner-page\/","name":"Erforderliche Informationen zum Einrichten Ihrer Expertenpartnerseite - Revfine.com","isPartOf":{"@id":"https:\/\/www.revfine.com\/pt\/#website"},"datePublished":"2020-09-14T12:09:22+00:00","dateModified":"2024-09-19T12:05:15+00:00","breadcrumb":{"@id":"https:\/\/www.revfine.com\/information-expert-partner-page\/#breadcrumb"},"inLanguage":"de","potentialAction":[{"@type":"ReadAction","target":["https:\/\/www.revfine.com\/information-expert-partner-page\/"]}]},{"@type":"BreadcrumbList","@id":"https:\/\/www.revfine.com\/information-expert-partner-page\/#breadcrumb","itemListElement":[{"@type":"ListItem","position":1,"name":"Home","item":"https:\/\/www.revfine.com\/"},{"@type":"ListItem","position":2,"name":"Required Information for Setting up Your Expert Partner Page"}]},{"@type":"WebSite","@id":"https:\/\/www.revfine.com\/pt\/#website","url":"https:\/\/www.revfine.com\/pt\/","name":"Revfine.com","description":"Optimierung des Umsatzes","potentialAction":[{"@type":"SearchAction","target":{"@type":"EntryPoint","urlTemplate":"https:\/\/www.revfine.com\/pt\/?s={search_term_string}"},"query-input":{"@type":"PropertyValueSpecification","valueRequired":true,"valueName":"search_term_string"}}],"inLanguage":"de"}]}},"_links":{"self":[{"href":"https:\/\/www.revfine.com\/de\/wp-json\/wp\/v2\/pages\/8632","targetHints":{"allow":["GET"]}}],"collection":[{"href":"https:\/\/www.revfine.com\/de\/wp-json\/wp\/v2\/pages"}],"about":[{"href":"https:\/\/www.revfine.com\/de\/wp-json\/wp\/v2\/types\/page"}],"author":[{"embeddable":true,"href":"https:\/\/www.revfine.com\/de\/wp-json\/wp\/v2\/users\/1"}],"replies":[{"embeddable":true,"href":"https:\/\/www.revfine.com\/de\/wp-json\/wp\/v2\/comments?post=8632"}],"version-history":[{"count":1,"href":"https:\/\/www.revfine.com\/de\/wp-json\/wp\/v2\/pages\/8632\/revisions"}],"predecessor-version":[{"id":32759,"href":"https:\/\/www.revfine.com\/de\/wp-json\/wp\/v2\/pages\/8632\/revisions\/32759"}],"wp:attachment":[{"href":"https:\/\/www.revfine.com\/de\/wp-json\/wp\/v2\/media?parent=8632"}],"curies":[{"name":"wp","href":"https:\/\/api.w.org\/{rel}","templated":true}]}}