{"id":17254,"date":"2021-12-09T11:50:51","date_gmt":"2021-12-09T10:50:51","guid":{"rendered":"https:\/\/www.revfine.com\/?page_id=17254"},"modified":"2024-07-16T14:11:16","modified_gmt":"2024-07-16T12:11:16","slug":"inspiracion","status":"publish","type":"page","link":"https:\/\/www.revfine.com\/es\/inspiration\/","title":{"rendered":"Inspiraci\u00f3n de contenido + Gu\u00eda de marketing de contenido"},"content":{"rendered":"<h2><span style=\"font-size: 24pt;\">Inspiraci\u00f3n y consejos para optimizar tus resultados<\/span><\/h2>\n<p>Los art\u00edculos basados en conocimientos son excelentes para generar conciencia de marca. Los recursos gratuitos son una excelente manera de generar clics y clientes potenciales para el sitio web de su empresa.<\/p>\n<p>A continuaci\u00f3n, encontrar\u00e1 inspiraci\u00f3n y ejemplos para publicar contenido en Revfine.com.<\/p>\n<h3><span style=\"font-size: 16pt;\"><strong>1) Crear conciencia de marca con art\u00edculos de la base de conocimientos<\/strong><\/span><\/h3>\n<p><strong>Meta:<\/strong> Conocimiento de la marca<\/p>\n<p><strong>Algunos ejemplos:<\/strong><\/p>\n<ul>\n<li>Aborda temas basados en el perfil de tu cliente\n<ul>\n<li>\u00bfCu\u00e1les son sus puntos d\u00e9biles, intereses y necesidades?<\/li>\n<li>Cu\u00e1les son sus preguntas durante su viaje de compra (conciencia, consideraci\u00f3n, etapa de decisi\u00f3n)<\/li>\n<\/ul>\n<\/li>\n<li>Educar a su p\u00fablico objetivo proporcionando consejos, estrategias o un plan<\/li>\n<li>Demuestra que eres un l\u00edder intelectual compartiendo tu visi\u00f3n<\/li>\n<li>Demuestre que es un experto proporcionando informaci\u00f3n detallada, como un an\u00e1lisis<\/li>\n<li>Informe a su audiencia sobre los \u00faltimos desarrollos y tendencias dentro de la industria.<\/li>\n<li>Describe los beneficios del problema que resuelves.<\/li>\n<li>Genere confianza compartiendo casos de uso<\/li>\n<li>Para obtener m\u00e1s inspiraci\u00f3n, lea nuestra extensa gu\u00eda <span style=\"text-decoration: underline; color: #212121;\"><a style=\"color: #212121; text-decoration: underline;\" href=\"#guide\">\u201cC\u00f3mo los proveedores de tecnolog\u00eda hotelera pueden aumentar las ventas con el marketing de contenidos\u201d<\/a><\/span><\/li>\n<\/ul>\n<p><strong>Directrices para la publicaci\u00f3n de art\u00edculos de la base de conocimientos:<\/strong> Aseg\u00farese de que todo el contenido cumpla con nuestros <strong><span style=\"text-decoration: underline;\"><a href=\"https:\/\/www.revfine.com\/es\/editorial-guidelines-knowledge-base-articles\/\" target=\"_blank\" rel=\"noopener\">pautas<\/a><\/span><\/strong> &amp; <strong><span style=\"text-decoration: underline;\"><a href=\"https:\/\/www.revfine.com\/es\/formato-de-articulo\/\" target=\"_blank\" rel=\"noopener\">formato de art\u00edculo<\/a><\/span><\/strong>.<\/p>\n<h3><span style=\"font-size: 16pt;\"><strong>2) Generar Leads con Recursos Educativos<\/strong><\/span><\/h3>\n<p><strong>Meta:<\/strong> Conciencia de marca y clics y clientes potenciales espec\u00edficos<\/p>\n<p><strong>Algunos ejemplos:<\/strong><\/p>\n<ul>\n<li>libros electr\u00f3nicos<\/li>\n<li>Gu\u00edas<\/li>\n<li>libros blancos<\/li>\n<li>Informes<a id=\"guide\"><\/a><\/li>\n<li>listas de control<\/li>\n<li>gu\u00edas del comprador<\/li>\n<li>Estudios de caso<\/li>\n<li>Cursos<\/li>\n<li>Para obtener m\u00e1s inspiraci\u00f3n, lea nuestra extensa gu\u00eda <a href=\"https:\/\/www.revfine.com\/wp-content\/uploads\/2024\/07\/Guide-How-Hotel-Tech-Suppliers-Can-Increase-Sales-with-Content-Marketing-2.1.pdf\" target=\"_blank\" rel=\"noopener\"><span style=\"text-decoration: underline; color: #212121;\">\u201cC\u00f3mo los proveedores de tecnolog\u00eda hotelera pueden aumentar las ventas con el marketing de contenidos\u201d<\/span><\/a><\/li>\n<\/ul>\n<p><strong>Informaci\u00f3n requerida para publicar un recurso:<\/strong> Aseg\u00farese de que tengamos todos los <strong><span style=\"text-decoration: underline;\"><a href=\"https:\/\/www.revfine.com\/es\/lineamientos-ebook\/\" target=\"_blank\" rel=\"noopener\">Informaci\u00f3n necesaria para publicar su recurso<\/a><\/span><\/strong><a href=\"https:\/\/www.revfine.com\/es\/lineamientos-ebook\/\">.<\/a><\/p>\n<h3><strong><span style=\"font-size: 16pt;\">3) Aumente a\u00fan m\u00e1s sus resultados con nuestras soluciones de promoci\u00f3n personalizadas<\/span><\/strong><\/h3>\n<p>Para aumentar a\u00fan m\u00e1s su visibilidad, el conocimiento de su marca y la generaci\u00f3n de clientes potenciales, desarrollamos varias oportunidades de promoci\u00f3n personalizadas. <span style=\"text-decoration: underline;\"><strong><a href=\"https:\/\/www.revfine.com\/customised\/\" target=\"_blank\" rel=\"noopener\">haga clic aqu\u00ed<\/a><\/strong><\/span> para ver las posibilidades. No dude en ponerse en contacto con nosotros para discutir las posibilidades.<\/p>\n<h3><strong><span style=\"font-size: 16pt;\">4) Gu\u00eda &quot;C\u00f3mo los proveedores de tecnolog\u00eda hotelera pueden aumentar las ventas con el marketing de contenidos&quot;<\/span><\/strong><\/h3>\n<p>Hemos escrito una gu\u00eda para ayudar a los proveedores de tecnolog\u00eda hotelera a optimizar su marketing de contenidos. En la gu\u00eda, aprender\u00e1 a llegar a la audiencia adecuada con el contenido adecuado, as\u00ed como a calcular, analizar y elegir los canales de distribuci\u00f3n adecuados. <a href=\"https:\/\/www.revfine.com\/wp-content\/uploads\/2024\/07\/Guide-How-Hotel-Tech-Suppliers-Can-Increase-Sales-with-Content-Marketing-2.1.pdf\" target=\"_blank\" rel=\"noopener\"><strong><span style=\"text-decoration: underline;\">Haga clic aqu\u00ed para descargar la gu\u00eda<\/span><\/strong><\/a>.<\/p>\n<h3><span style=\"font-size: 16pt;\"><strong>Servicio de Redacci\u00f3n<\/strong><\/span><\/h3>\n<p>Si no tienes un redactor en plantilla, puede ser interesante externalizar la redacci\u00f3n de textos. Un redactor te permite traducir tus conocimientos en historias atractivas y de alta calidad. Historias que te ayudan a lograr tus objetivos deseados y a hacer que tu marca se destaque. Revfine.com puede ponerte en contacto con un redactor especializado en hosteler\u00eda y tecnolog\u00eda.<\/p>","protected":false},"excerpt":{"rendered":"<p>Inspiraci\u00f3n y consejos para optimizar sus resultados Los art\u00edculos basados en el conocimiento son excelentes para crear conciencia de marca. Los recursos gratuitos son una excelente manera de impulsar los clics y generar clientes potenciales para el sitio web de su empresa. A continuaci\u00f3n, encontrar\u00e1 inspiraci\u00f3n y ejemplos para publicar contenido en Revfine.com. 1) Cree conciencia de marca con art\u00edculos de la base de conocimiento Objetivo: conciencia de marca Algunos ejemplos: Aborde temas basados en<\/p>","protected":false},"author":1,"featured_media":0,"parent":0,"menu_order":0,"comment_status":"closed","ping_status":"closed","template":"","meta":{"footnotes":""},"class_list":["post-17254","page","type-page","status-publish","hentry"],"yoast_head":"<!-- This site is optimized with the Yoast SEO plugin v27.3 - https:\/\/yoast.com\/product\/yoast-seo-wordpress\/ -->\n<title>Content Inspiration + Content Marketing Guide - Revfine.com<\/title>\n<meta name=\"robots\" content=\"noindex, nofollow\" \/>\n<meta property=\"og:locale\" content=\"es_ES\" \/>\n<meta property=\"og:type\" content=\"article\" \/>\n<meta property=\"og:title\" content=\"Content Inspiration + Content Marketing Guide - Revfine.com\" \/>\n<meta property=\"og:description\" content=\"Inspiration &amp; Tips To Optimize Your Results Knowledge-based articles are great for creating brand awareness. Free resources are an excellent way to push clicks and generate leads to your company website. Below, you will find inspiration and examples for publishing content on Revfine.com. 1) Create Brand Awareness with Knowledge Base Articles Goal: Brand awareness Some examples: Address topics based on\" \/>\n<meta property=\"og:url\" content=\"https:\/\/www.revfine.com\/es\/inspiracion\/\" \/>\n<meta property=\"og:site_name\" content=\"Revfine.com\" \/>\n<meta property=\"article:modified_time\" content=\"2024-07-16T12:11:16+00:00\" \/>\n<meta name=\"twitter:card\" content=\"summary_large_image\" \/>\n<meta name=\"twitter:label1\" content=\"Tiempo de lectura\" \/>\n\t<meta name=\"twitter:data1\" content=\"2 minutos\" \/>\n<script type=\"application\/ld+json\" class=\"yoast-schema-graph\">{\"@context\":\"https:\\\/\\\/schema.org\",\"@graph\":[{\"@type\":\"WebPage\",\"@id\":\"https:\\\/\\\/www.revfine.com\\\/inspiration\\\/\",\"url\":\"https:\\\/\\\/www.revfine.com\\\/inspiration\\\/\",\"name\":\"Content Inspiration + Content Marketing Guide - Revfine.com\",\"isPartOf\":{\"@id\":\"https:\\\/\\\/www.revfine.com\\\/pt\\\/#website\"},\"datePublished\":\"2021-12-09T10:50:51+00:00\",\"dateModified\":\"2024-07-16T12:11:16+00:00\",\"breadcrumb\":{\"@id\":\"https:\\\/\\\/www.revfine.com\\\/inspiration\\\/#breadcrumb\"},\"inLanguage\":\"es\",\"potentialAction\":[{\"@type\":\"ReadAction\",\"target\":[\"https:\\\/\\\/www.revfine.com\\\/inspiration\\\/\"]}]},{\"@type\":\"BreadcrumbList\",\"@id\":\"https:\\\/\\\/www.revfine.com\\\/inspiration\\\/#breadcrumb\",\"itemListElement\":[{\"@type\":\"ListItem\",\"position\":1,\"name\":\"Home\",\"item\":\"https:\\\/\\\/www.revfine.com\\\/\"},{\"@type\":\"ListItem\",\"position\":2,\"name\":\"Content Inspiration + Content Marketing Guide\"}]},{\"@type\":\"WebSite\",\"@id\":\"https:\\\/\\\/www.revfine.com\\\/pt\\\/#website\",\"url\":\"https:\\\/\\\/www.revfine.com\\\/pt\\\/\",\"name\":\"Revfine.com\",\"description\":\"Optimising Revenue\",\"potentialAction\":[{\"@type\":\"SearchAction\",\"target\":{\"@type\":\"EntryPoint\",\"urlTemplate\":\"https:\\\/\\\/www.revfine.com\\\/pt\\\/?s={search_term_string}\"},\"query-input\":{\"@type\":\"PropertyValueSpecification\",\"valueRequired\":true,\"valueName\":\"search_term_string\"}}],\"inLanguage\":\"es\"}]}<\/script>\n<!-- \/ Yoast SEO plugin. -->","yoast_head_json":{"title":"Inspiraci\u00f3n de contenido + Gu\u00eda de marketing de contenido - Revfine.com","robots":{"index":"noindex","follow":"nofollow"},"og_locale":"es_ES","og_type":"article","og_title":"Content Inspiration + Content Marketing Guide - Revfine.com","og_description":"Inspiration &amp; Tips To Optimize Your Results Knowledge-based articles are great for creating brand awareness. Free resources are an excellent way to push clicks and generate leads to your company website. Below, you will find inspiration and examples for publishing content on Revfine.com. 1) Create Brand Awareness with Knowledge Base Articles Goal: Brand awareness Some examples: Address topics based on","og_url":"https:\/\/www.revfine.com\/es\/inspiracion\/","og_site_name":"Revfine.com","article_modified_time":"2024-07-16T12:11:16+00:00","twitter_card":"summary_large_image","twitter_misc":{"Tiempo de lectura":"2 minutos"},"schema":{"@context":"https:\/\/schema.org","@graph":[{"@type":"WebPage","@id":"https:\/\/www.revfine.com\/inspiration\/","url":"https:\/\/www.revfine.com\/inspiration\/","name":"Inspiraci\u00f3n de contenido + Gu\u00eda de marketing de contenido - Revfine.com","isPartOf":{"@id":"https:\/\/www.revfine.com\/pt\/#website"},"datePublished":"2021-12-09T10:50:51+00:00","dateModified":"2024-07-16T12:11:16+00:00","breadcrumb":{"@id":"https:\/\/www.revfine.com\/inspiration\/#breadcrumb"},"inLanguage":"es","potentialAction":[{"@type":"ReadAction","target":["https:\/\/www.revfine.com\/inspiration\/"]}]},{"@type":"BreadcrumbList","@id":"https:\/\/www.revfine.com\/inspiration\/#breadcrumb","itemListElement":[{"@type":"ListItem","position":1,"name":"Home","item":"https:\/\/www.revfine.com\/"},{"@type":"ListItem","position":2,"name":"Content Inspiration + Content Marketing Guide"}]},{"@type":"WebSite","@id":"https:\/\/www.revfine.com\/pt\/#website","url":"https:\/\/www.revfine.com\/pt\/","name":"Revfine.com","description":"Optimizaci\u00f3n de ingresos","potentialAction":[{"@type":"SearchAction","target":{"@type":"EntryPoint","urlTemplate":"https:\/\/www.revfine.com\/pt\/?s={search_term_string}"},"query-input":{"@type":"PropertyValueSpecification","valueRequired":true,"valueName":"search_term_string"}}],"inLanguage":"es"}]}},"_links":{"self":[{"href":"https:\/\/www.revfine.com\/es\/wp-json\/wp\/v2\/pages\/17254","targetHints":{"allow":["GET"]}}],"collection":[{"href":"https:\/\/www.revfine.com\/es\/wp-json\/wp\/v2\/pages"}],"about":[{"href":"https:\/\/www.revfine.com\/es\/wp-json\/wp\/v2\/types\/page"}],"author":[{"embeddable":true,"href":"https:\/\/www.revfine.com\/es\/wp-json\/wp\/v2\/users\/1"}],"replies":[{"embeddable":true,"href":"https:\/\/www.revfine.com\/es\/wp-json\/wp\/v2\/comments?post=17254"}],"version-history":[{"count":2,"href":"https:\/\/www.revfine.com\/es\/wp-json\/wp\/v2\/pages\/17254\/revisions"}],"predecessor-version":[{"id":32301,"href":"https:\/\/www.revfine.com\/es\/wp-json\/wp\/v2\/pages\/17254\/revisions\/32301"}],"wp:attachment":[{"href":"https:\/\/www.revfine.com\/es\/wp-json\/wp\/v2\/media?parent=17254"}],"curies":[{"name":"wp","href":"https:\/\/api.w.org\/{rel}","templated":true}]}}