{"id":2499,"date":"2019-05-18T10:04:55","date_gmt":"2019-05-18T08:04:55","guid":{"rendered":"https:\/\/revfine.com\/?page_id=2499"},"modified":"2025-12-10T12:54:29","modified_gmt":"2025-12-10T11:54:29","slug":"directrices-editoriales-articulos-base-de-conocimientos","status":"publish","type":"page","link":"https:\/\/www.revfine.com\/es\/guidelines-articles\/","title":{"rendered":"Directrices editoriales para art\u00edculos de la base de conocimientos"},"content":{"rendered":"<p><em><span style=\"font-size: 14pt;\">Una colaboraci\u00f3n en marketing de contenidos es un esfuerzo conjunto entre su empresa y Revfine.com, que ofrece a nuestra audiencia consejos pr\u00e1cticos, las \u00faltimas tendencias y perspectivas interesantes, a la vez que crea visibilidad de marca para su empresa. A continuaci\u00f3n, encontrar\u00e1 nuestras directrices y consejos para ayudarle a sacar el m\u00e1ximo provecho de sus art\u00edculos de la base de conocimientos.<\/span><\/em><\/p>\n<h3><strong>Con\u00e9ctese con la audiencia de Revfine.com<\/strong><\/h3>\n<p>Es importante tener en cuenta la audiencia y la voz de Revfine.com al crear contenido. Revfine.com atrae a profesionales innovadores e influyentes del sector hotelero, hotelero y tur\u00edstico, responsables de la toma de decisiones dentro de su organizaci\u00f3n, como propietarios, altos ejecutivos y gerentes generales.<\/p>\n<h3><strong>Revfine.com y contenido<\/strong><\/h3>\n<p>Revfine.com inspira, comparte conocimiento y ofrece consejos pr\u00e1cticos de marketing, tecnolog\u00eda, software y revenue management para optimizar ingresos, innovar procesos y mejorar la experiencia del cliente. Cada art\u00edculo ofrece soluciones explicativas y pr\u00e1cticas. Esta mentalidad se refleja en nuestro contenido editorial y la extendemos a nuestro contenido patrocinado.<\/p>\n<h3><strong>Directrices Art\u00edculos de la base de conocimientos<\/strong><\/h3>\n<p>En general, procure informar y atraer, pero no haga publicidad. Ofrecer informaci\u00f3n valiosa y pr\u00e1ctica en un estilo \u00e1gil y legible contribuir\u00e1 mucho m\u00e1s a promover su marca que una estrategia de marketing tradicional. Cuanto m\u00e1s aut\u00e9ntico e imparcial sea su art\u00edculo, mayor impacto tendr\u00e1.<\/p>\n<p>A continuaci\u00f3n encontrar\u00e1 las pautas para escribir un art\u00edculo de la base de conocimientos. Por favor, aseg\u00farese de que todos los art\u00edculos cumplan con nuestras directrices.<\/p>\n<ul>\n<li>Para mantener una sensaci\u00f3n objetiva en el art\u00edculo, menciona tu marca <span style=\"text-decoration: underline;\">una vez<\/span> dentro del art\u00edculo.<\/li>\n<li>El art\u00edculo debe constar de <strong>texto \u00fanico y escrito exclusivamente<\/strong> para Revfine.com. Su art\u00edculo no se publicar\u00e1 (parcialmente) en otro lugar<\/li>\n<li>M\u00ednimo de 800 palabras (La recomendaci\u00f3n es entre 1000 y 2000 palabras)<\/li>\n<li>Se permite 1 enlace externo al sitio web de su empresa<\/li>\n<li>Para medir todos los resultados correctamente, solo se permite el UTM de seguimiento de Google dentro de la URL del sitio web de la empresa.<\/li>\n<li>Creaci\u00f3n de enlaces internos: se le permite vincular a otros art\u00edculos relevantes de su empresa en Revfine.com<\/li>\n<li>Otros enlaces externos deben ser relevantes y no comerciales. Por ejemplo, para hacer una copia de seguridad de las estad\u00edsticas (consulte la fuente)<\/li>\n<li>Escrito en ingles<\/li>\n<li>Por favor escriba el art\u00edculo en el <strong>&quot;Segunda persona&quot; (usted, su, el suyo)<\/strong> en lugar de la &quot;primera persona&quot; (yo, nosotros, nuestro)<\/li>\n<li>Introducci\u00f3n del art\u00edculo: no se permiten hiperv\u00ednculos ni nombres comerciales en el texto de la introducci\u00f3n; aproximadamente 60 palabras.<\/li>\n<li>Conclusi\u00f3n del art\u00edculo: no se permiten hiperv\u00ednculos ni nombres comerciales en la conclusi\u00f3n: aproximadamente 40 palabras.<\/li>\n<li>El art\u00edculo debe ser revisado y editado para mayor claridad, gram\u00e1tica y ortograf\u00eda.<\/li>\n<li><strong>El uso de nuestro formato de art\u00edculo (consulte a continuaci\u00f3n)<\/strong><\/li>\n<\/ul>\n<p><span style=\"color: #d4a763; font-size: 12pt;\"><strong><span style=\"text-decoration: underline;\">\u00a1Consejo!<\/span> Comparta estas pautas y el formato del art\u00edculo con su redactor :)<\/strong><\/span><\/p>\n<h3><strong>Formato del art\u00edculo<\/strong><\/h3>\n<p>A continuaci\u00f3n, encontrar\u00e1 nuestro formato de art\u00edculo y consejos para escribir un art\u00edculo exitoso para Revfine.com.<\/p>\n<h3><span style=\"font-size: 14pt;\"><strong>T\u00edtulo:<\/strong><\/span><\/h3>\n<ul>\n<li>Conciso, contundente al grano<\/li>\n<li>M\u00e1ximo de 69 caracteres<\/li>\n<\/ul>\n<h3><span style=\"font-size: 14pt;\"><strong>Introducci\u00f3n:<\/strong><\/span><\/h3>\n<ul>\n<li>Describe hasta el punto por qu\u00e9 el tema es importante y qu\u00e9 lograr\u00e1 el lector al leer el art\u00edculo.<\/li>\n<li>No se permiten hiperv\u00ednculos ni nombres de marcas en el texto de introducci\u00f3n.<\/li>\n<li>Aproximadamente 60 palabras<\/li>\n<\/ul>\n<h3><span style=\"font-size: 14pt;\"><strong>Cuerpo:<\/strong><\/span><\/h3>\n<ul>\n<li>Escribe el art\u00edculo de forma positiva<\/li>\n<li>Use un dise\u00f1o claro: use t\u00edtulos, subt\u00edtulos, p\u00e1rrafos, vi\u00f1etas y ejemplos<\/li>\n<li>Responda preguntas como: \u00bfQu\u00e9 es importante?, \u00bfPor qu\u00e9 es importante?, \u00bfC\u00f3mo?, \u00bfQu\u00e9 puede lograr el lector? (Preferiblemente consejos pr\u00e1cticos).<\/li>\n<li>Mant\u00e9ngalo informativo, de apoyo, \u00fatil, pr\u00e1ctico y f\u00e1cil de leer.<\/li>\n<li>Cuando sea aplicable una palabra clave relevante para los motores de b\u00fasqueda como Google, aseg\u00farese de que la palabra clave est\u00e9 en al menos 1 t\u00edtulo y dentro del contenido (m\u00e1ximo 1%). Pero evite el relleno de palabras clave en todo momento<\/li>\n<\/ul>\n<h3><span style=\"font-size: 14pt;\"><strong>Conclusi\u00f3n:<\/strong><\/span><\/h3>\n<ul>\n<li>Motivar a dar seguimiento a los conocimientos y consejos brindados, para que se puedan alcanzar las metas deseadas.<\/li>\n<li>No se permiten hiperv\u00ednculos ni nombres de marcas en la conclusi\u00f3n.<\/li>\n<li>Aproximadamente 40 palabras<\/li>\n<\/ul>\n<h3><strong>Inspiraci\u00f3n y consejos para optimizar sus resultados<\/strong><\/h3>\n<p>Hemos recopilado algunos consejos de contenido y buenas pr\u00e1cticas para optimizar los resultados de tu marketing de contenidos. Tambi\u00e9n hemos elaborado una gu\u00eda detallada de marketing de contenidos para proveedores de tecnolog\u00eda hotelera. Esta gu\u00eda te ayuda a llegar al p\u00fablico adecuado con el contenido adecuado, as\u00ed como a calcular, analizar y elegir los canales de distribuci\u00f3n adecuados. <span style=\"text-decoration: underline;\"><a href=\"https:\/\/www.revfine.com\/es\/inspiracion\/\" target=\"_blank\" rel=\"noopener\">Haga clic aqu\u00ed para ver todos los consejos.<\/a><\/span>.<\/p>\n<h3><strong>Requisitos de imagen<\/strong><\/h3>\n<ul>\n<li>Aseg\u00farese de que las im\u00e1genes est\u00e9n disponibles para uso de dominio p\u00fablico (libres de derechos de autor)<\/li>\n<li>El video se puede incrustar dentro del art\u00edculo proporcionando un c\u00f3digo de incrustaci\u00f3n (YouTube o Vimeo)<\/li>\n<li>No agregue su marca o logotipo a las im\u00e1genes o videos.<\/li>\n<\/ul>\n<p><strong>Todo el material debe entregarse 10 d\u00edas antes de la fecha de publicaci\u00f3n.<\/strong><\/p>\n<h3><strong>Descargo de responsabilidad:<\/strong><\/h3>\n<ul>\n<li>Revfine.com se reserva el derecho de rechazar materiales que no cumplan con nuestros est\u00e1ndares de contenido y especificaciones t\u00e9cnicas.<\/li>\n<li>Revfine.com se reserva el derecho de realizar peque\u00f1os cambios editoriales en el contenido de acuerdo con el tono de voz general de Revfine.com.<\/li>\n<\/ul>","protected":false},"excerpt":{"rendered":"<p>Una colaboraci\u00f3n en marketing de contenidos es un esfuerzo conjunto entre su empresa y Revfine.com, que ofrece a nuestra audiencia consejos pr\u00e1cticos, las \u00faltimas tendencias y perspectivas interesantes, a la vez que crea visibilidad de marca para su empresa. A continuaci\u00f3n, encontrar\u00e1 nuestras directrices y consejos para ayudarle a sacar el m\u00e1ximo provecho de sus art\u00edculos de la base de conocimientos. Con\u00e9ctese con la audiencia de Revfine.com. Es importante...<\/p>","protected":false},"author":1,"featured_media":0,"parent":0,"menu_order":0,"comment_status":"closed","ping_status":"closed","template":"","meta":{"footnotes":""},"class_list":["post-2499","page","type-page","status-publish","hentry"],"yoast_head":"<!-- This site is optimized with the Yoast SEO plugin v27.3 - https:\/\/yoast.com\/product\/yoast-seo-wordpress\/ -->\n<title>Editorial Guidelines for Knowledge Base Articles - Revfine.com<\/title>\n<meta name=\"robots\" content=\"noindex, nofollow\" \/>\n<meta property=\"og:locale\" content=\"es_ES\" \/>\n<meta property=\"og:type\" content=\"article\" \/>\n<meta property=\"og:title\" content=\"Editorial Guidelines for Knowledge Base Articles - Revfine.com\" \/>\n<meta property=\"og:description\" content=\"A content marketing partnership is a joint effort between your company and Revfine.com, providing our audience with practical tips, the latest trends, and interesting insights while creating brand awareness for your company. Below you will find our guidelines and tips to help you get the most out of your knowledge-base articles. Connect With the Audience of Revfine.com It\u2019s important to\" \/>\n<meta property=\"og:url\" content=\"https:\/\/www.revfine.com\/es\/directrices-editoriales-articulos-base-de-conocimientos\/\" \/>\n<meta property=\"og:site_name\" content=\"Revfine.com\" \/>\n<meta property=\"article:modified_time\" content=\"2025-12-10T11:54:29+00:00\" \/>\n<meta name=\"twitter:card\" content=\"summary_large_image\" \/>\n<meta name=\"twitter:label1\" content=\"Tiempo de lectura\" \/>\n\t<meta name=\"twitter:data1\" content=\"4 minutos\" \/>\n<script type=\"application\/ld+json\" class=\"yoast-schema-graph\">{\"@context\":\"https:\\\/\\\/schema.org\",\"@graph\":[{\"@type\":\"WebPage\",\"@id\":\"https:\\\/\\\/www.revfine.com\\\/guidelines-articles\\\/\",\"url\":\"https:\\\/\\\/www.revfine.com\\\/guidelines-articles\\\/\",\"name\":\"Editorial Guidelines for Knowledge Base Articles - Revfine.com\",\"isPartOf\":{\"@id\":\"https:\\\/\\\/www.revfine.com\\\/pt\\\/#website\"},\"datePublished\":\"2019-05-18T08:04:55+00:00\",\"dateModified\":\"2025-12-10T11:54:29+00:00\",\"breadcrumb\":{\"@id\":\"https:\\\/\\\/www.revfine.com\\\/guidelines-articles\\\/#breadcrumb\"},\"inLanguage\":\"es\",\"potentialAction\":[{\"@type\":\"ReadAction\",\"target\":[\"https:\\\/\\\/www.revfine.com\\\/guidelines-articles\\\/\"]}]},{\"@type\":\"BreadcrumbList\",\"@id\":\"https:\\\/\\\/www.revfine.com\\\/guidelines-articles\\\/#breadcrumb\",\"itemListElement\":[{\"@type\":\"ListItem\",\"position\":1,\"name\":\"Home\",\"item\":\"https:\\\/\\\/www.revfine.com\\\/\"},{\"@type\":\"ListItem\",\"position\":2,\"name\":\"Editorial Guidelines for Knowledge Base Articles\"}]},{\"@type\":\"WebSite\",\"@id\":\"https:\\\/\\\/www.revfine.com\\\/pt\\\/#website\",\"url\":\"https:\\\/\\\/www.revfine.com\\\/pt\\\/\",\"name\":\"Revfine.com\",\"description\":\"Optimising Revenue\",\"potentialAction\":[{\"@type\":\"SearchAction\",\"target\":{\"@type\":\"EntryPoint\",\"urlTemplate\":\"https:\\\/\\\/www.revfine.com\\\/pt\\\/?s={search_term_string}\"},\"query-input\":{\"@type\":\"PropertyValueSpecification\",\"valueRequired\":true,\"valueName\":\"search_term_string\"}}],\"inLanguage\":\"es\"}]}<\/script>\n<!-- \/ Yoast SEO plugin. -->","yoast_head_json":{"title":"Directrices editoriales para art\u00edculos de la base de conocimientos - Revfine.com","robots":{"index":"noindex","follow":"nofollow"},"og_locale":"es_ES","og_type":"article","og_title":"Editorial Guidelines for Knowledge Base Articles - Revfine.com","og_description":"A content marketing partnership is a joint effort between your company and Revfine.com, providing our audience with practical tips, the latest trends, and interesting insights while creating brand awareness for your company. Below you will find our guidelines and tips to help you get the most out of your knowledge-base articles. Connect With the Audience of Revfine.com It\u2019s important to","og_url":"https:\/\/www.revfine.com\/es\/directrices-editoriales-articulos-base-de-conocimientos\/","og_site_name":"Revfine.com","article_modified_time":"2025-12-10T11:54:29+00:00","twitter_card":"summary_large_image","twitter_misc":{"Tiempo de lectura":"4 minutos"},"schema":{"@context":"https:\/\/schema.org","@graph":[{"@type":"WebPage","@id":"https:\/\/www.revfine.com\/guidelines-articles\/","url":"https:\/\/www.revfine.com\/guidelines-articles\/","name":"Directrices editoriales para art\u00edculos de la base de conocimientos - Revfine.com","isPartOf":{"@id":"https:\/\/www.revfine.com\/pt\/#website"},"datePublished":"2019-05-18T08:04:55+00:00","dateModified":"2025-12-10T11:54:29+00:00","breadcrumb":{"@id":"https:\/\/www.revfine.com\/guidelines-articles\/#breadcrumb"},"inLanguage":"es","potentialAction":[{"@type":"ReadAction","target":["https:\/\/www.revfine.com\/guidelines-articles\/"]}]},{"@type":"BreadcrumbList","@id":"https:\/\/www.revfine.com\/guidelines-articles\/#breadcrumb","itemListElement":[{"@type":"ListItem","position":1,"name":"Home","item":"https:\/\/www.revfine.com\/"},{"@type":"ListItem","position":2,"name":"Editorial Guidelines for Knowledge Base Articles"}]},{"@type":"WebSite","@id":"https:\/\/www.revfine.com\/pt\/#website","url":"https:\/\/www.revfine.com\/pt\/","name":"Revfine.com","description":"Optimizaci\u00f3n de ingresos","potentialAction":[{"@type":"SearchAction","target":{"@type":"EntryPoint","urlTemplate":"https:\/\/www.revfine.com\/pt\/?s={search_term_string}"},"query-input":{"@type":"PropertyValueSpecification","valueRequired":true,"valueName":"search_term_string"}}],"inLanguage":"es"}]}},"_links":{"self":[{"href":"https:\/\/www.revfine.com\/es\/wp-json\/wp\/v2\/pages\/2499","targetHints":{"allow":["GET"]}}],"collection":[{"href":"https:\/\/www.revfine.com\/es\/wp-json\/wp\/v2\/pages"}],"about":[{"href":"https:\/\/www.revfine.com\/es\/wp-json\/wp\/v2\/types\/page"}],"author":[{"embeddable":true,"href":"https:\/\/www.revfine.com\/es\/wp-json\/wp\/v2\/users\/1"}],"replies":[{"embeddable":true,"href":"https:\/\/www.revfine.com\/es\/wp-json\/wp\/v2\/comments?post=2499"}],"version-history":[{"count":4,"href":"https:\/\/www.revfine.com\/es\/wp-json\/wp\/v2\/pages\/2499\/revisions"}],"predecessor-version":[{"id":36800,"href":"https:\/\/www.revfine.com\/es\/wp-json\/wp\/v2\/pages\/2499\/revisions\/36800"}],"wp:attachment":[{"href":"https:\/\/www.revfine.com\/es\/wp-json\/wp\/v2\/media?parent=2499"}],"curies":[{"name":"wp","href":"https:\/\/api.w.org\/{rel}","templated":true}]}}