{"id":3111,"date":"2019-08-26T14:38:51","date_gmt":"2019-08-26T12:38:51","guid":{"rendered":"https:\/\/revfine.com\/?page_id=3111"},"modified":"2025-08-15T19:58:10","modified_gmt":"2025-08-15T17:58:10","slug":"formato-de-articulo","status":"publish","type":"page","link":"https:\/\/www.revfine.com\/es\/article-format\/","title":{"rendered":"Formato del art\u00edculo y consejos para escribir un art\u00edculo exitoso de la base de conocimientos"},"content":{"rendered":"<p>A continuaci\u00f3n, encontrar\u00e1 nuestro formato de art\u00edculo y consejos para escribir un art\u00edculo exitoso para Revfine.com.<\/p>\n<h3><span style=\"font-size: 14pt;\"><strong>T\u00edtulo:<\/strong><\/span><\/h3>\n<ul>\n<li>Conciso, contundente al grano<\/li>\n<li>Incluya el tema y \/ o palabra clave en el t\u00edtulo, preferiblemente al principio<\/li>\n<li>M\u00e1ximo de 69 caracteres<\/li>\n<\/ul>\n<h3><span style=\"font-size: 14pt;\"><strong>Introducci\u00f3n:<\/strong><\/span><\/h3>\n<ul>\n<li>Describe al punto, por qu\u00e9 el tema es importante y qu\u00e9 lograr\u00e1 el lector al leer el art\u00edculo.<\/li>\n<li>Mencione la palabra clave preferible al principio de la oraci\u00f3n.<\/li>\n<li>No se permiten hiperv\u00ednculos ni nombres de marcas en el texto de introducci\u00f3n.<\/li>\n<li>Aproximadamente 60 palabras<\/li>\n<\/ul>\n<h3><span style=\"font-size: 14pt;\"><strong>Cuerpo:<\/strong><\/span><\/h3>\n<ul>\n<li>Escribe el art\u00edculo de forma positiva<\/li>\n<li>Use un dise\u00f1o claro: use t\u00edtulos, subt\u00edtulos, p\u00e1rrafos, vi\u00f1etas y ejemplos<\/li>\n<li>Responda preguntas como, qu\u00e9 es, por qu\u00e9 es importante y c\u00f3mo (consejos pr\u00e1cticos preferibles)<\/li>\n<li>Mant\u00e9ngalo informativo, de apoyo, \u00fatil, pr\u00e1ctico y f\u00e1cil de leer.<\/li>\n<li>Debe estar libre de jerga t\u00e9cnica. Sea accesible y atractivo para personas de todos los niveles de lectura.<\/li>\n<li>Cuando sea aplicable una palabra clave relevante para los motores de b\u00fasqueda como Google, aseg\u00farese de que la palabra clave est\u00e9 en al menos 1 t\u00edtulo y dentro del contenido (m\u00e1ximo 1%). Pero evite el relleno de palabras clave en todo momento<\/li>\n<li>Creaci\u00f3n de enlaces internos: se le permite vincular a otros art\u00edculos relevantes de su empresa en Revfine.com<\/li>\n<li>Escribe el art\u00edculo en &quot;segunda persona&quot; (t\u00fa, tu, tuyo) en lugar de en &quot;primera persona&quot; (yo, nosotros, nuestro)<\/li>\n<li>Revise y edite para mayor claridad, gram\u00e1tica y ortograf\u00eda.<\/li>\n<\/ul>\n<h3><span style=\"font-size: 14pt;\"><strong>Conclusi\u00f3n:<\/strong><\/span><\/h3>\n<ul>\n<li>Motivar para hacer un seguimiento de los conocimientos y consejos dados, de modo que se puedan lograr los objetivos deseados<\/li>\n<li>No se permiten hiperv\u00ednculos ni nombres de marcas en la conclusi\u00f3n.<\/li>\n<li>Aproximadamente 40 palabras<\/li>\n<\/ul>\n<p><span style=\"color: #ffffff;\">\u2013<\/span><em><strong><br \/>\nCompruebe si su art\u00edculo coincide con las pautas de Revfine.com. <span style=\"text-decoration: underline;\"><a href=\"https:\/\/www.revfine.com\/es\/article-guidelines\/\">Haga clic aqu\u00ed para conocer nuestras pautas<\/a><\/span>.<\/strong><\/em><\/p>\n<h3><span style=\"font-size: 14pt;\"><strong>Art\u00edculos de ejemplo:<\/strong><\/span><\/h3>\n<p><a href=\"https:\/\/www.revfine.com\/es\/increase-direct-bookings-hotel-chatbot\/\" target=\"_blank\" rel=\"noopener noreferrer\"><img decoding=\"async\" class=\"alignnone wp-image-4999 size-full\" src=\"https:\/\/www.revfine.com\/wp-content\/uploads\/2025\/07\/Example-1.jpg\" alt=\"\" width=\"500\" height=\"258\" srcset=\"https:\/\/www.revfine.com\/wp-content\/uploads\/2025\/07\/Example-1-300x155.jpg 300w, https:\/\/www.revfine.com\/wp-content\/uploads\/2025\/07\/Example-1.jpg 500w\" sizes=\"(max-width: 500px) 100vw, 500px\" \/><\/a> <a href=\"https:\/\/www.revfine.com\/es\/marketing-realidad-virtual\/\" target=\"_blank\" rel=\"noopener noreferrer\"><img decoding=\"async\" class=\"alignnone wp-image-5000 size-full\" src=\"https:\/\/www.revfine.com\/wp-content\/uploads\/2025\/07\/Example-2.jpg\" alt=\"\" width=\"500\" height=\"258\" srcset=\"https:\/\/www.revfine.com\/wp-content\/uploads\/2025\/07\/Example-2-300x155.jpg 300w, https:\/\/www.revfine.com\/wp-content\/uploads\/2025\/07\/Example-2.jpg 500w\" sizes=\"(max-width: 500px) 100vw, 500px\" \/><\/a> <a href=\"https:\/\/www.revfine.com\/es\/recepcion-frente-a-ventas-adicionales-antes-de-la-estancia\/\"><img decoding=\"async\" class=\"alignnone wp-image-2463 size-full\" src=\"https:\/\/www.revfine.com\/wp-content\/uploads\/2025\/07\/Example-3.jpg\" alt=\"\" width=\"500\" height=\"258\" srcset=\"https:\/\/www.revfine.com\/wp-content\/uploads\/2025\/07\/Example-3-300x155.jpg 300w, https:\/\/www.revfine.com\/wp-content\/uploads\/2025\/07\/Example-3.jpg 500w\" sizes=\"(max-width: 500px) 100vw, 500px\" \/><\/a> <a href=\"https:\/\/www.revfine.com\/es\/pms-software\/\"><img decoding=\"async\" class=\"alignnone wp-image-2512 size-full\" src=\"https:\/\/www.revfine.com\/wp-content\/uploads\/2025\/07\/Example-4.jpg\" alt=\"\" width=\"500\" height=\"258\" srcset=\"https:\/\/www.revfine.com\/wp-content\/uploads\/2025\/07\/Example-4-300x155.jpg 300w, https:\/\/www.revfine.com\/wp-content\/uploads\/2025\/07\/Example-4.jpg 500w\" sizes=\"(max-width: 500px) 100vw, 500px\" \/><\/a><\/p>","protected":false},"excerpt":{"rendered":"<p>A continuaci\u00f3n encontrar\u00e1 nuestro formato de art\u00edculo y consejos para escribir un art\u00edculo exitoso para Revfine.com. T\u00edtulo: conciso, directo al grano Incluya el tema y\/o palabra clave en el t\u00edtulo, preferiblemente al principio M\u00e1ximo de 69 caracteres Introducci\u00f3n: describa al punto, por qu\u00e9 el tema es importante y qu\u00e9 lograr\u00e1 el lector al leer el art\u00edculo Menci\u00f3n la<\/p>","protected":false},"author":1,"featured_media":0,"parent":0,"menu_order":0,"comment_status":"closed","ping_status":"closed","template":"","meta":{"footnotes":""},"class_list":["post-3111","page","type-page","status-publish","hentry"],"yoast_head":"<!-- This site is optimized with the Yoast SEO plugin v27.3 - https:\/\/yoast.com\/product\/yoast-seo-wordpress\/ -->\n<title>Article Format &amp; Tips for Writing a Successful Knowledge Base Article - Revfine.com<\/title>\n<meta name=\"robots\" content=\"noindex, nofollow\" \/>\n<meta property=\"og:locale\" content=\"es_ES\" \/>\n<meta property=\"og:type\" content=\"article\" \/>\n<meta property=\"og:title\" content=\"Article Format &amp; Tips for Writing a Successful Knowledge Base Article - Revfine.com\" \/>\n<meta property=\"og:description\" content=\"Below you find our article format and tips to write a successful article for Revfine.com. Title: Pithy, punchy to the point Include the subject and\/ or keyword in the title, preferable at the beginning Maximum of 69 characters Introduction: Describe to the point, why the subject is important and what the reader will achieve by reading the article Mention the\" \/>\n<meta property=\"og:url\" content=\"https:\/\/www.revfine.com\/es\/formato-de-articulo\/\" \/>\n<meta property=\"og:site_name\" content=\"Revfine.com\" \/>\n<meta property=\"article:modified_time\" content=\"2025-08-15T17:58:10+00:00\" \/>\n<meta property=\"og:image\" content=\"https:\/\/www.revfine.com\/wp-content\/uploads\/2025\/07\/Example-1.jpg\" \/>\n\t<meta property=\"og:image:width\" content=\"500\" \/>\n\t<meta property=\"og:image:height\" content=\"258\" \/>\n\t<meta property=\"og:image:type\" content=\"image\/jpeg\" \/>\n<meta name=\"twitter:card\" content=\"summary_large_image\" \/>\n<meta name=\"twitter:label1\" content=\"Tiempo de lectura\" \/>\n\t<meta name=\"twitter:data1\" content=\"2 minutos\" \/>\n<script type=\"application\/ld+json\" class=\"yoast-schema-graph\">{\"@context\":\"https:\\\/\\\/schema.org\",\"@graph\":[{\"@type\":\"WebPage\",\"@id\":\"https:\\\/\\\/www.revfine.com\\\/article-format\\\/\",\"url\":\"https:\\\/\\\/www.revfine.com\\\/article-format\\\/\",\"name\":\"Article Format & Tips for Writing a Successful Knowledge Base Article - Revfine.com\",\"isPartOf\":{\"@id\":\"https:\\\/\\\/www.revfine.com\\\/pt\\\/#website\"},\"primaryImageOfPage\":{\"@id\":\"https:\\\/\\\/www.revfine.com\\\/article-format\\\/#primaryimage\"},\"image\":{\"@id\":\"https:\\\/\\\/www.revfine.com\\\/article-format\\\/#primaryimage\"},\"thumbnailUrl\":\"https:\\\/\\\/www.revfine.com\\\/wp-content\\\/uploads\\\/2025\\\/07\\\/Example-1.jpg\",\"datePublished\":\"2019-08-26T12:38:51+00:00\",\"dateModified\":\"2025-08-15T17:58:10+00:00\",\"breadcrumb\":{\"@id\":\"https:\\\/\\\/www.revfine.com\\\/article-format\\\/#breadcrumb\"},\"inLanguage\":\"es\",\"potentialAction\":[{\"@type\":\"ReadAction\",\"target\":[\"https:\\\/\\\/www.revfine.com\\\/article-format\\\/\"]}]},{\"@type\":\"ImageObject\",\"inLanguage\":\"es\",\"@id\":\"https:\\\/\\\/www.revfine.com\\\/article-format\\\/#primaryimage\",\"url\":\"https:\\\/\\\/www.revfine.com\\\/wp-content\\\/uploads\\\/2025\\\/07\\\/Example-1.jpg\",\"contentUrl\":\"https:\\\/\\\/www.revfine.com\\\/wp-content\\\/uploads\\\/2025\\\/07\\\/Example-1.jpg\"},{\"@type\":\"BreadcrumbList\",\"@id\":\"https:\\\/\\\/www.revfine.com\\\/article-format\\\/#breadcrumb\",\"itemListElement\":[{\"@type\":\"ListItem\",\"position\":1,\"name\":\"Home\",\"item\":\"https:\\\/\\\/www.revfine.com\\\/\"},{\"@type\":\"ListItem\",\"position\":2,\"name\":\"Article Format &#038; Tips for Writing a Successful Knowledge Base Article\"}]},{\"@type\":\"WebSite\",\"@id\":\"https:\\\/\\\/www.revfine.com\\\/pt\\\/#website\",\"url\":\"https:\\\/\\\/www.revfine.com\\\/pt\\\/\",\"name\":\"Revfine.com\",\"description\":\"Optimising Revenue\",\"potentialAction\":[{\"@type\":\"SearchAction\",\"target\":{\"@type\":\"EntryPoint\",\"urlTemplate\":\"https:\\\/\\\/www.revfine.com\\\/pt\\\/?s={search_term_string}\"},\"query-input\":{\"@type\":\"PropertyValueSpecification\",\"valueRequired\":true,\"valueName\":\"search_term_string\"}}],\"inLanguage\":\"es\"}]}<\/script>\n<!-- \/ Yoast SEO plugin. -->","yoast_head_json":{"title":"Formato del art\u00edculo y consejos para escribir un art\u00edculo exitoso de la base de conocimientos - Revfine.com","robots":{"index":"noindex","follow":"nofollow"},"og_locale":"es_ES","og_type":"article","og_title":"Article Format & Tips for Writing a Successful Knowledge Base Article - Revfine.com","og_description":"Below you find our article format and tips to write a successful article for Revfine.com. Title: Pithy, punchy to the point Include the subject and\/ or keyword in the title, preferable at the beginning Maximum of 69 characters Introduction: Describe to the point, why the subject is important and what the reader will achieve by reading the article Mention the","og_url":"https:\/\/www.revfine.com\/es\/formato-de-articulo\/","og_site_name":"Revfine.com","article_modified_time":"2025-08-15T17:58:10+00:00","og_image":[{"width":500,"height":258,"url":"https:\/\/www.revfine.com\/wp-content\/uploads\/2025\/07\/Example-1.jpg","type":"image\/jpeg"}],"twitter_card":"summary_large_image","twitter_misc":{"Tiempo de lectura":"2 minutos"},"schema":{"@context":"https:\/\/schema.org","@graph":[{"@type":"WebPage","@id":"https:\/\/www.revfine.com\/article-format\/","url":"https:\/\/www.revfine.com\/article-format\/","name":"Formato del art\u00edculo y consejos para escribir un art\u00edculo exitoso de la base de conocimientos - Revfine.com","isPartOf":{"@id":"https:\/\/www.revfine.com\/pt\/#website"},"primaryImageOfPage":{"@id":"https:\/\/www.revfine.com\/article-format\/#primaryimage"},"image":{"@id":"https:\/\/www.revfine.com\/article-format\/#primaryimage"},"thumbnailUrl":"https:\/\/www.revfine.com\/wp-content\/uploads\/2025\/07\/Example-1.jpg","datePublished":"2019-08-26T12:38:51+00:00","dateModified":"2025-08-15T17:58:10+00:00","breadcrumb":{"@id":"https:\/\/www.revfine.com\/article-format\/#breadcrumb"},"inLanguage":"es","potentialAction":[{"@type":"ReadAction","target":["https:\/\/www.revfine.com\/article-format\/"]}]},{"@type":"ImageObject","inLanguage":"es","@id":"https:\/\/www.revfine.com\/article-format\/#primaryimage","url":"https:\/\/www.revfine.com\/wp-content\/uploads\/2025\/07\/Example-1.jpg","contentUrl":"https:\/\/www.revfine.com\/wp-content\/uploads\/2025\/07\/Example-1.jpg"},{"@type":"BreadcrumbList","@id":"https:\/\/www.revfine.com\/article-format\/#breadcrumb","itemListElement":[{"@type":"ListItem","position":1,"name":"Home","item":"https:\/\/www.revfine.com\/"},{"@type":"ListItem","position":2,"name":"Article Format &#038; Tips for Writing a Successful Knowledge Base Article"}]},{"@type":"WebSite","@id":"https:\/\/www.revfine.com\/pt\/#website","url":"https:\/\/www.revfine.com\/pt\/","name":"Revfine.com","description":"Optimizaci\u00f3n de ingresos","potentialAction":[{"@type":"SearchAction","target":{"@type":"EntryPoint","urlTemplate":"https:\/\/www.revfine.com\/pt\/?s={search_term_string}"},"query-input":{"@type":"PropertyValueSpecification","valueRequired":true,"valueName":"search_term_string"}}],"inLanguage":"es"}]}},"_links":{"self":[{"href":"https:\/\/www.revfine.com\/es\/wp-json\/wp\/v2\/pages\/3111","targetHints":{"allow":["GET"]}}],"collection":[{"href":"https:\/\/www.revfine.com\/es\/wp-json\/wp\/v2\/pages"}],"about":[{"href":"https:\/\/www.revfine.com\/es\/wp-json\/wp\/v2\/types\/page"}],"author":[{"embeddable":true,"href":"https:\/\/www.revfine.com\/es\/wp-json\/wp\/v2\/users\/1"}],"replies":[{"embeddable":true,"href":"https:\/\/www.revfine.com\/es\/wp-json\/wp\/v2\/comments?post=3111"}],"version-history":[{"count":2,"href":"https:\/\/www.revfine.com\/es\/wp-json\/wp\/v2\/pages\/3111\/revisions"}],"predecessor-version":[{"id":35501,"href":"https:\/\/www.revfine.com\/es\/wp-json\/wp\/v2\/pages\/3111\/revisions\/35501"}],"wp:attachment":[{"href":"https:\/\/www.revfine.com\/es\/wp-json\/wp\/v2\/media?parent=3111"}],"curies":[{"name":"wp","href":"https:\/\/api.w.org\/{rel}","templated":true}]}}