{"id":8619,"date":"2020-09-14T11:34:02","date_gmt":"2020-09-14T09:34:02","guid":{"rendered":"https:\/\/revfine.com\/?page_id=8619"},"modified":"2026-02-12T20:11:25","modified_gmt":"2026-02-12T19:11:25","slug":"lineamientos-ebook","status":"publish","type":"page","link":"https:\/\/www.revfine.com\/es\/guidelines-resources\/","title":{"rendered":"Recursos de directrices"},"content":{"rendered":"<div class=\"fusion-fullwidth fullwidth-box fusion-builder-row-1 nonhundred-percent-fullwidth non-hundred-percent-height-scrolling\" style=\"--awb-border-radius-top-left:0px;--awb-border-radius-top-right:0px;--awb-border-radius-bottom-right:0px;--awb-border-radius-bottom-left:0px;--awb-flex-wrap:wrap;\" ><div class=\"fusion-builder-row fusion-row\"><div class=\"fusion-layout-column fusion_builder_column fusion-builder-column-0 fusion_builder_column_1_1 1_1 fusion-one-full fusion-column-first fusion-column-last\" style=\"--awb-bg-size:cover;--awb-margin-bottom:0px;\"><div class=\"fusion-column-wrapper fusion-flex-column-wrapper-legacy\"><div class=\"fusion-text fusion-text-1\"><h2>Informaci\u00f3n necesaria para publicar un recurso<\/h2>\n<p>\u00bfPodr\u00eda proporcionarnos la siguiente informaci\u00f3n?<\/p>\n<p><strong>1) \u00bfQu\u00e9 aprender\u00e1s?<br \/>\n<\/strong><em>(Describe lo que aprender\u00e1 el lector)<\/em><\/p>\n<p><em><span style=\"text-decoration: underline;\">Ejemplo:<\/span><\/em><\/p>\n<p>Hotel Marketing Canvas es un marco estrat\u00e9gico que ayuda a los hoteles a crear y ejecutar campa\u00f1as s\u00f3lidas de marketing y comunicaci\u00f3n.<\/p>\n<p>Los cuatro pilares: &quot;Tu audiencia&quot;, &quot;Tu marca&quot;, &quot;Fans de la marca&quot; y &quot;El embudo de marketing&quot;, sirven como base para activar tu marca y garantizar que los clientes adecuados reciban el mensaje adecuado en el momento oportuno, y que se analicen los KPI adecuados. Tambi\u00e9n garantizan la creaci\u00f3n de una s\u00f3lida base de datos de marketing como base para el crecimiento a largo plazo.<\/p>\n<p>En el documento <em>&quot;Lienzo de marketing para hoteles: para campa\u00f1as de marketing exitosas&quot;<\/em>, aprender\u00e1 a utilizar cada componente b\u00e1sico al crear un plan de marketing para su hotel. Tambi\u00e9n ilustraremos el uso del Hotel Marketing Canvas con ejemplos y consejos espec\u00edficos.<\/p>\n<p><strong>2) \u00bfCu\u00e1les son los temas?<\/strong><br \/>\n<em>(Describe los temas con precisi\u00f3n mediante vi\u00f1etas)<\/em><\/p>\n<p><em><span style=\"text-decoration: underline;\">Ejemplo:<\/span><\/em><\/p>\n<ul>\n<li>Centrarse en la personalizaci\u00f3n<\/li>\n<li>Crear un esquema de fidelizaci\u00f3n de clientes<\/li>\n<li>Cree un sitio web atractivo<\/li>\n<li>Obtenga las recompensas del marketing de contenidos<\/li>\n<li>Utilice t\u00e9cnicas de SEO<\/li>\n<li>Aproveche la realidad virtual<\/li>\n<li>Centrarse en revisar sitios web<\/li>\n<li>Lleve a las redes sociales<\/li>\n<li>Priorizar el m\u00f3vil<\/li>\n<li>Etc.<\/li>\n<\/ul>\n<p><strong>3) URL de destino page<\/strong><\/p>\n<p>Proporcione la URL page de destino del sitio web de su empresa, donde nuestra audiencia puede descargar su documento.<\/p>\n<\/div><div class=\"fusion-clearfix\"><\/div><\/div><\/div><\/div><\/div>","protected":false},"excerpt":{"rendered":"","protected":false},"author":1,"featured_media":0,"parent":0,"menu_order":0,"comment_status":"closed","ping_status":"closed","template":"","meta":{"footnotes":""},"class_list":["post-8619","page","type-page","status-publish","hentry"],"yoast_head":"<!-- This site is optimized with the Yoast SEO plugin v27.3 - https:\/\/yoast.com\/product\/yoast-seo-wordpress\/ -->\n<title>Guidelines Resources - Revfine.com<\/title>\n<meta name=\"robots\" content=\"noindex, nofollow\" \/>\n<meta property=\"og:locale\" content=\"es_ES\" \/>\n<meta property=\"og:type\" content=\"article\" \/>\n<meta property=\"og:title\" content=\"Guidelines Resources - Revfine.com\" \/>\n<meta property=\"og:url\" content=\"https:\/\/www.revfine.com\/es\/lineamientos-ebook\/\" \/>\n<meta property=\"og:site_name\" content=\"Revfine.com\" \/>\n<meta property=\"article:modified_time\" content=\"2026-02-12T19:11:25+00:00\" \/>\n<meta name=\"twitter:card\" content=\"summary_large_image\" \/>\n<meta name=\"twitter:label1\" content=\"Tiempo de lectura\" \/>\n\t<meta name=\"twitter:data1\" content=\"2 minutos\" \/>\n<script type=\"application\/ld+json\" class=\"yoast-schema-graph\">{\"@context\":\"https:\\\/\\\/schema.org\",\"@graph\":[{\"@type\":\"WebPage\",\"@id\":\"https:\\\/\\\/www.revfine.com\\\/guidelines-resources\\\/\",\"url\":\"https:\\\/\\\/www.revfine.com\\\/guidelines-resources\\\/\",\"name\":\"Guidelines Resources - Revfine.com\",\"isPartOf\":{\"@id\":\"https:\\\/\\\/www.revfine.com\\\/pt\\\/#website\"},\"datePublished\":\"2020-09-14T09:34:02+00:00\",\"dateModified\":\"2026-02-12T19:11:25+00:00\",\"breadcrumb\":{\"@id\":\"https:\\\/\\\/www.revfine.com\\\/guidelines-resources\\\/#breadcrumb\"},\"inLanguage\":\"es\",\"potentialAction\":[{\"@type\":\"ReadAction\",\"target\":[\"https:\\\/\\\/www.revfine.com\\\/guidelines-resources\\\/\"]}]},{\"@type\":\"BreadcrumbList\",\"@id\":\"https:\\\/\\\/www.revfine.com\\\/guidelines-resources\\\/#breadcrumb\",\"itemListElement\":[{\"@type\":\"ListItem\",\"position\":1,\"name\":\"Home\",\"item\":\"https:\\\/\\\/www.revfine.com\\\/\"},{\"@type\":\"ListItem\",\"position\":2,\"name\":\"Guidelines Resources\"}]},{\"@type\":\"WebSite\",\"@id\":\"https:\\\/\\\/www.revfine.com\\\/pt\\\/#website\",\"url\":\"https:\\\/\\\/www.revfine.com\\\/pt\\\/\",\"name\":\"Revfine.com\",\"description\":\"Optimising Revenue\",\"potentialAction\":[{\"@type\":\"SearchAction\",\"target\":{\"@type\":\"EntryPoint\",\"urlTemplate\":\"https:\\\/\\\/www.revfine.com\\\/pt\\\/?s={search_term_string}\"},\"query-input\":{\"@type\":\"PropertyValueSpecification\",\"valueRequired\":true,\"valueName\":\"search_term_string\"}}],\"inLanguage\":\"es\"}]}<\/script>\n<!-- \/ Yoast SEO plugin. -->","yoast_head_json":{"title":"Recursos de directrices - Revfine.com","robots":{"index":"noindex","follow":"nofollow"},"og_locale":"es_ES","og_type":"article","og_title":"Guidelines Resources - Revfine.com","og_url":"https:\/\/www.revfine.com\/es\/lineamientos-ebook\/","og_site_name":"Revfine.com","article_modified_time":"2026-02-12T19:11:25+00:00","twitter_card":"summary_large_image","twitter_misc":{"Tiempo de lectura":"2 minutos"},"schema":{"@context":"https:\/\/schema.org","@graph":[{"@type":"WebPage","@id":"https:\/\/www.revfine.com\/guidelines-resources\/","url":"https:\/\/www.revfine.com\/guidelines-resources\/","name":"Recursos de directrices - Revfine.com","isPartOf":{"@id":"https:\/\/www.revfine.com\/pt\/#website"},"datePublished":"2020-09-14T09:34:02+00:00","dateModified":"2026-02-12T19:11:25+00:00","breadcrumb":{"@id":"https:\/\/www.revfine.com\/guidelines-resources\/#breadcrumb"},"inLanguage":"es","potentialAction":[{"@type":"ReadAction","target":["https:\/\/www.revfine.com\/guidelines-resources\/"]}]},{"@type":"BreadcrumbList","@id":"https:\/\/www.revfine.com\/guidelines-resources\/#breadcrumb","itemListElement":[{"@type":"ListItem","position":1,"name":"Home","item":"https:\/\/www.revfine.com\/"},{"@type":"ListItem","position":2,"name":"Guidelines Resources"}]},{"@type":"WebSite","@id":"https:\/\/www.revfine.com\/pt\/#website","url":"https:\/\/www.revfine.com\/pt\/","name":"Revfine.com","description":"Optimizaci\u00f3n de ingresos","potentialAction":[{"@type":"SearchAction","target":{"@type":"EntryPoint","urlTemplate":"https:\/\/www.revfine.com\/pt\/?s={search_term_string}"},"query-input":{"@type":"PropertyValueSpecification","valueRequired":true,"valueName":"search_term_string"}}],"inLanguage":"es"}]}},"_links":{"self":[{"href":"https:\/\/www.revfine.com\/es\/wp-json\/wp\/v2\/pages\/8619","targetHints":{"allow":["GET"]}}],"collection":[{"href":"https:\/\/www.revfine.com\/es\/wp-json\/wp\/v2\/pages"}],"about":[{"href":"https:\/\/www.revfine.com\/es\/wp-json\/wp\/v2\/types\/page"}],"author":[{"embeddable":true,"href":"https:\/\/www.revfine.com\/es\/wp-json\/wp\/v2\/users\/1"}],"replies":[{"embeddable":true,"href":"https:\/\/www.revfine.com\/es\/wp-json\/wp\/v2\/comments?post=8619"}],"version-history":[{"count":7,"href":"https:\/\/www.revfine.com\/es\/wp-json\/wp\/v2\/pages\/8619\/revisions"}],"predecessor-version":[{"id":37500,"href":"https:\/\/www.revfine.com\/es\/wp-json\/wp\/v2\/pages\/8619\/revisions\/37500"}],"wp:attachment":[{"href":"https:\/\/www.revfine.com\/es\/wp-json\/wp\/v2\/media?parent=8619"}],"curies":[{"name":"wp","href":"https:\/\/api.w.org\/{rel}","templated":true}]}}