{"id":17254,"date":"2021-12-09T11:50:51","date_gmt":"2021-12-09T10:50:51","guid":{"rendered":"https:\/\/www.revfine.com\/?page_id=17254"},"modified":"2024-07-16T14:11:16","modified_gmt":"2024-07-16T12:11:16","slug":"inspiration","status":"publish","type":"page","link":"https:\/\/www.revfine.com\/fr\/inspiration\/","title":{"rendered":"Inspiration de contenu + Guide de marketing de contenu"},"content":{"rendered":"<h2><span style=\"font-size: 24pt;\">Inspiration et conseils pour optimiser vos r\u00e9sultats<\/span><\/h2>\n<p>Les articles bas\u00e9s sur les connaissances sont parfaits pour cr\u00e9er une notori\u00e9t\u00e9 de marque. Les ressources gratuites sont un excellent moyen d&#039;augmenter les clics et de g\u00e9n\u00e9rer des prospects vers le site Web de votre entreprise.<\/p>\n<p>Ci-dessous, vous trouverez de l&#039;inspiration et des exemples pour publier du contenu sur Revfine.com.<\/p>\n<h3><span style=\"font-size: 16pt;\"><strong>1) Cr\u00e9er la notori\u00e9t\u00e9 de la marque avec les articles de la base de connaissances<\/strong><\/span><\/h3>\n<p><strong>But:<\/strong> Notori\u00e9t\u00e9 de la marque<\/p>\n<p><strong>Quelques exemples:<\/strong><\/p>\n<ul>\n<li>Abordez des sujets en fonction du profil de votre client\n<ul>\n<li>Quels sont leurs points faibles, leurs int\u00e9r\u00eats et leurs besoins\u00a0?<\/li>\n<li>Quelles sont leurs questions au cours de leur parcours d&#039;acheteur (Awareness-, consid\u00e9ration-, \u00e9tape de d\u00e9cision)<\/li>\n<\/ul>\n<\/li>\n<li>\u00c9duquez votre public cible en fournissant des conseils, des strat\u00e9gies ou un plan<\/li>\n<li>Montrez que vous \u00eates un leader d&#039;opinion en partageant votre vision<\/li>\n<li>Montrez que vous \u00eates un expert en fournissant des informations d\u00e9taill\u00e9es, comme une analyse<\/li>\n<li>Informez votre public des derniers d\u00e9veloppements et tendances du secteur<\/li>\n<li>D\u00e9crivez les avantages du probl\u00e8me que vous r\u00e9solvez<\/li>\n<li>Instaurer la confiance en partageant des cas d&#039;utilisation<\/li>\n<li>Pour plus d&#039;inspiration, lisez notre guide d\u00e9taill\u00e9 <span style=\"text-decoration: underline; color: #212121;\"><a style=\"color: #212121; text-decoration: underline;\" href=\"#guide\">&quot;Comment les fournisseurs de technologies h\u00f4teli\u00e8res peuvent augmenter leurs ventes gr\u00e2ce au marketing de contenu&quot;<\/a><\/span><\/li>\n<\/ul>\n<p><strong>Consignes pour la publication d&#039;articles de la base de connaissances\u00a0:<\/strong> Veuillez vous assurer que tout le contenu est conforme \u00e0 nos <strong><span style=\"text-decoration: underline;\"><a href=\"https:\/\/www.revfine.com\/fr\/editorial-guidelines-knowledge-base-articles\/\" target=\"_blank\" rel=\"noopener\">des lignes directrices<\/a><\/span><\/strong> &amp; <strong><span style=\"text-decoration: underline;\"><a href=\"https:\/\/www.revfine.com\/fr\/article-format\/\" target=\"_blank\" rel=\"noopener\">format d&#039;article<\/a><\/span><\/strong>.<\/p>\n<h3><span style=\"font-size: 16pt;\"><strong>2) G\u00e9n\u00e9rez des leads avec des ressources p\u00e9dagogiques<\/strong><\/span><\/h3>\n<p><strong>But:<\/strong> Notori\u00e9t\u00e9 de la marque et clics et prospects cibl\u00e9s<\/p>\n<p><strong>Quelques exemples:<\/strong><\/p>\n<ul>\n<li>Livres \u00e9lectroniques<\/li>\n<li>Guides<\/li>\n<li>papiers blanc<\/li>\n<li>Rapports<a id=\"guide\"><\/a><\/li>\n<li>Listes de contr\u00f4le<\/li>\n<li>Guides d&#039;achat<\/li>\n<li>\u00c9tudes de cas<\/li>\n<li>Cours<\/li>\n<li>Pour plus d&#039;inspiration, lisez notre guide d\u00e9taill\u00e9 <a href=\"https:\/\/www.revfine.com\/wp-content\/uploads\/2024\/07\/Guide-How-Hotel-Tech-Suppliers-Can-Increase-Sales-with-Content-Marketing-2.1.pdf\" target=\"_blank\" rel=\"noopener\"><span style=\"text-decoration: underline; color: #212121;\">&quot;Comment les fournisseurs de technologies h\u00f4teli\u00e8res peuvent augmenter leurs ventes gr\u00e2ce au marketing de contenu&quot;<\/span><\/a><\/li>\n<\/ul>\n<p><strong>Informations requises pour publier une ressource\u00a0:<\/strong> Veuillez vous assurer que nous avons tous les <strong><span style=\"text-decoration: underline;\"><a href=\"https:\/\/www.revfine.com\/fr\/lignes-directrices-ressources\/\" target=\"_blank\" rel=\"noopener\">informations n\u00e9cessaires pour publier votre ressource<\/a><\/span><\/strong><a href=\"https:\/\/www.revfine.com\/fr\/lignes-directrices-ressources\/\">.<\/a><\/p>\n<h3><strong><span style=\"font-size: 16pt;\">3) Augmentez encore vos r\u00e9sultats gr\u00e2ce \u00e0 nos solutions de promotion personnalis\u00e9es<\/span><\/strong><\/h3>\n<p>Pour augmenter davantage votre visibilit\u00e9, la notori\u00e9t\u00e9 de votre marque et la g\u00e9n\u00e9ration de leads, nous avons d\u00e9velopp\u00e9 plusieurs opportunit\u00e9s de promotion personnalis\u00e9es. <span style=\"text-decoration: underline;\"><strong><a href=\"https:\/\/www.revfine.com\/customised\/\" target=\"_blank\" rel=\"noopener\">Cliquez ici<\/a><\/strong><\/span> pour voir les possibilit\u00e9s. N&#039;h\u00e9sitez pas \u00e0 nous contacter pour discuter des possibilit\u00e9s.<\/p>\n<h3><strong><span style=\"font-size: 16pt;\">4) Guide &quot;Comment les fournisseurs de technologie h\u00f4teli\u00e8re peuvent augmenter leurs ventes avec le marketing de contenu&quot;<\/span><\/strong><\/h3>\n<p>Nous avons r\u00e9dig\u00e9 un guide pour aider les fournisseurs de technologies h\u00f4teli\u00e8res \u00e0 optimiser leur marketing de contenu. Dans ce guide, vous apprendrez \u00e0 atteindre le bon public avec le bon contenu, \u00e0 calculer, analyser et choisir les bons canaux de distribution. <a href=\"https:\/\/www.revfine.com\/wp-content\/uploads\/2024\/07\/Guide-How-Hotel-Tech-Suppliers-Can-Increase-Sales-with-Content-Marketing-2.1.pdf\" target=\"_blank\" rel=\"noopener\"><strong><span style=\"text-decoration: underline;\">Cliquez ici pour t\u00e9l\u00e9charger le guide<\/span><\/strong><\/a>.<\/p>\n<h3><span style=\"font-size: 16pt;\"><strong>Service de r\u00e9daction<\/strong><\/span><\/h3>\n<p>Si vous n&#039;avez pas de r\u00e9dacteur en interne, il peut \u00eatre int\u00e9ressant d&#039;externaliser votre r\u00e9daction. Un r\u00e9dacteur vous permet de traduire vos connaissances en histoires de haute qualit\u00e9 et engageantes. Des histoires qui vous aident \u00e0 atteindre vos objectifs souhait\u00e9s et \u00e0 faire ressortir votre marque. Revfine.com peut vous mettre en contact avec un r\u00e9dacteur sp\u00e9cialis\u00e9 dans l&#039;h\u00f4tellerie et la technologie.<\/p>","protected":false},"excerpt":{"rendered":"<p>Inspiration et conseils pour optimiser vos r\u00e9sultats Les articles bas\u00e9s sur la connaissance sont parfaits pour cr\u00e9er une notori\u00e9t\u00e9 de marque. Les ressources gratuites sont un excellent moyen de g\u00e9n\u00e9rer des clics et de g\u00e9n\u00e9rer des prospects vers le site Web de votre entreprise. Vous trouverez ci-dessous des inspirations et des exemples pour publier du contenu sur Revfine.com. 1) Cr\u00e9er une notori\u00e9t\u00e9 de marque avec des articles de la base de connaissances Objectif : Notori\u00e9t\u00e9 de la marque Quelques exemples : Aborder des sujets bas\u00e9s sur<\/p>","protected":false},"author":1,"featured_media":0,"parent":0,"menu_order":0,"comment_status":"closed","ping_status":"closed","template":"","meta":{"footnotes":""},"class_list":["post-17254","page","type-page","status-publish","hentry"],"yoast_head":"<!-- This site is optimized with the Yoast SEO plugin v27.3 - https:\/\/yoast.com\/product\/yoast-seo-wordpress\/ -->\n<title>Content Inspiration + Content Marketing Guide - Revfine.com<\/title>\n<meta name=\"robots\" content=\"noindex, nofollow\" \/>\n<meta property=\"og:locale\" content=\"fr_FR\" \/>\n<meta property=\"og:type\" content=\"article\" \/>\n<meta property=\"og:title\" content=\"Content Inspiration + Content Marketing Guide - Revfine.com\" \/>\n<meta property=\"og:description\" content=\"Inspiration &amp; Tips To Optimize Your Results Knowledge-based articles are great for creating brand awareness. Free resources are an excellent way to push clicks and generate leads to your company website. Below, you will find inspiration and examples for publishing content on Revfine.com. 1) Create Brand Awareness with Knowledge Base Articles Goal: Brand awareness Some examples: Address topics based on\" \/>\n<meta property=\"og:url\" content=\"https:\/\/www.revfine.com\/fr\/inspiration\/\" \/>\n<meta property=\"og:site_name\" content=\"Revfine.com\" \/>\n<meta property=\"article:modified_time\" content=\"2024-07-16T12:11:16+00:00\" \/>\n<meta name=\"twitter:card\" content=\"summary_large_image\" \/>\n<meta name=\"twitter:label1\" content=\"Dur\u00e9e de lecture estim\u00e9e\" \/>\n\t<meta name=\"twitter:data1\" content=\"2 minutes\" \/>\n<script type=\"application\/ld+json\" class=\"yoast-schema-graph\">{\"@context\":\"https:\\\/\\\/schema.org\",\"@graph\":[{\"@type\":\"WebPage\",\"@id\":\"https:\\\/\\\/www.revfine.com\\\/inspiration\\\/\",\"url\":\"https:\\\/\\\/www.revfine.com\\\/inspiration\\\/\",\"name\":\"Content Inspiration + Content Marketing Guide - Revfine.com\",\"isPartOf\":{\"@id\":\"https:\\\/\\\/www.revfine.com\\\/pt\\\/#website\"},\"datePublished\":\"2021-12-09T10:50:51+00:00\",\"dateModified\":\"2024-07-16T12:11:16+00:00\",\"breadcrumb\":{\"@id\":\"https:\\\/\\\/www.revfine.com\\\/inspiration\\\/#breadcrumb\"},\"inLanguage\":\"fr-FR\",\"potentialAction\":[{\"@type\":\"ReadAction\",\"target\":[\"https:\\\/\\\/www.revfine.com\\\/inspiration\\\/\"]}]},{\"@type\":\"BreadcrumbList\",\"@id\":\"https:\\\/\\\/www.revfine.com\\\/inspiration\\\/#breadcrumb\",\"itemListElement\":[{\"@type\":\"ListItem\",\"position\":1,\"name\":\"Home\",\"item\":\"https:\\\/\\\/www.revfine.com\\\/\"},{\"@type\":\"ListItem\",\"position\":2,\"name\":\"Content Inspiration + Content Marketing Guide\"}]},{\"@type\":\"WebSite\",\"@id\":\"https:\\\/\\\/www.revfine.com\\\/pt\\\/#website\",\"url\":\"https:\\\/\\\/www.revfine.com\\\/pt\\\/\",\"name\":\"Revfine.com\",\"description\":\"Optimising Revenue\",\"potentialAction\":[{\"@type\":\"SearchAction\",\"target\":{\"@type\":\"EntryPoint\",\"urlTemplate\":\"https:\\\/\\\/www.revfine.com\\\/pt\\\/?s={search_term_string}\"},\"query-input\":{\"@type\":\"PropertyValueSpecification\",\"valueRequired\":true,\"valueName\":\"search_term_string\"}}],\"inLanguage\":\"fr-FR\"}]}<\/script>\n<!-- \/ Yoast SEO plugin. -->","yoast_head_json":{"title":"Inspiration de contenu + Guide de marketing de contenu - Revfine.com","robots":{"index":"noindex","follow":"nofollow"},"og_locale":"fr_FR","og_type":"article","og_title":"Content Inspiration + Content Marketing Guide - Revfine.com","og_description":"Inspiration &amp; Tips To Optimize Your Results Knowledge-based articles are great for creating brand awareness. Free resources are an excellent way to push clicks and generate leads to your company website. Below, you will find inspiration and examples for publishing content on Revfine.com. 1) Create Brand Awareness with Knowledge Base Articles Goal: Brand awareness Some examples: Address topics based on","og_url":"https:\/\/www.revfine.com\/fr\/inspiration\/","og_site_name":"Revfine.com","article_modified_time":"2024-07-16T12:11:16+00:00","twitter_card":"summary_large_image","twitter_misc":{"Dur\u00e9e de lecture estim\u00e9e":"2 minutes"},"schema":{"@context":"https:\/\/schema.org","@graph":[{"@type":"WebPage","@id":"https:\/\/www.revfine.com\/inspiration\/","url":"https:\/\/www.revfine.com\/inspiration\/","name":"Inspiration de contenu + Guide de marketing de contenu - Revfine.com","isPartOf":{"@id":"https:\/\/www.revfine.com\/pt\/#website"},"datePublished":"2021-12-09T10:50:51+00:00","dateModified":"2024-07-16T12:11:16+00:00","breadcrumb":{"@id":"https:\/\/www.revfine.com\/inspiration\/#breadcrumb"},"inLanguage":"fr-FR","potentialAction":[{"@type":"ReadAction","target":["https:\/\/www.revfine.com\/inspiration\/"]}]},{"@type":"BreadcrumbList","@id":"https:\/\/www.revfine.com\/inspiration\/#breadcrumb","itemListElement":[{"@type":"ListItem","position":1,"name":"Home","item":"https:\/\/www.revfine.com\/"},{"@type":"ListItem","position":2,"name":"Content Inspiration + Content Marketing Guide"}]},{"@type":"WebSite","@id":"https:\/\/www.revfine.com\/pt\/#website","url":"https:\/\/www.revfine.com\/pt\/","name":"Revfine.com","description":"Optimiser les revenus","potentialAction":[{"@type":"SearchAction","target":{"@type":"EntryPoint","urlTemplate":"https:\/\/www.revfine.com\/pt\/?s={search_term_string}"},"query-input":{"@type":"PropertyValueSpecification","valueRequired":true,"valueName":"search_term_string"}}],"inLanguage":"fr-FR"}]}},"_links":{"self":[{"href":"https:\/\/www.revfine.com\/fr\/wp-json\/wp\/v2\/pages\/17254","targetHints":{"allow":["GET"]}}],"collection":[{"href":"https:\/\/www.revfine.com\/fr\/wp-json\/wp\/v2\/pages"}],"about":[{"href":"https:\/\/www.revfine.com\/fr\/wp-json\/wp\/v2\/types\/page"}],"author":[{"embeddable":true,"href":"https:\/\/www.revfine.com\/fr\/wp-json\/wp\/v2\/users\/1"}],"replies":[{"embeddable":true,"href":"https:\/\/www.revfine.com\/fr\/wp-json\/wp\/v2\/comments?post=17254"}],"version-history":[{"count":2,"href":"https:\/\/www.revfine.com\/fr\/wp-json\/wp\/v2\/pages\/17254\/revisions"}],"predecessor-version":[{"id":32301,"href":"https:\/\/www.revfine.com\/fr\/wp-json\/wp\/v2\/pages\/17254\/revisions\/32301"}],"wp:attachment":[{"href":"https:\/\/www.revfine.com\/fr\/wp-json\/wp\/v2\/media?parent=17254"}],"curies":[{"name":"wp","href":"https:\/\/api.w.org\/{rel}","templated":true}]}}