{"id":2499,"date":"2019-05-18T10:04:55","date_gmt":"2019-05-18T08:04:55","guid":{"rendered":"https:\/\/revfine.com\/?page_id=2499"},"modified":"2025-12-10T12:54:29","modified_gmt":"2025-12-10T11:54:29","slug":"lignes-directrices-articles","status":"publish","type":"page","link":"https:\/\/www.revfine.com\/fr\/guidelines-articles\/","title":{"rendered":"Directives \u00e9ditoriales pour les articles de la base de connaissances"},"content":{"rendered":"<p><em><span style=\"font-size: 14pt;\">Un partenariat de marketing de contenu est une collaboration entre votre entreprise et Revfine.com, qui permet \u00e0 notre audience de b\u00e9n\u00e9ficier de conseils pratiques, des derni\u00e8res tendances et d&#039;informations pertinentes, tout en renfor\u00e7ant la notori\u00e9t\u00e9 de votre marque. Vous trouverez ci-dessous nos recommandations et conseils pour optimiser la publication de vos articles.<\/span><\/em><\/p>\n<h3><strong>Connectez-vous avec le public de Revfine.com<\/strong><\/h3>\n<p>Il est important de tenir compte du public et du ton de Revfine.com lors de la cr\u00e9ation de contenu. Revfine.com attire des professionnels innovants et influents du secteur de l&#039;h\u00f4tellerie, du tourisme et des voyages, responsables des prises de d\u00e9cision au sein de leur organisation, tels que des propri\u00e9taires, des cadres sup\u00e9rieurs et des directeurs g\u00e9n\u00e9raux.<\/p>\n<h3><strong>Revfine.com &amp; Contenu<\/strong><\/h3>\n<p>Revfine.com inspire, partage des connaissances et propose des conseils pratiques en marketing, en technologies et en logiciels pour optimiser les revenus, innover dans les processus et am\u00e9liorer l&#039;exp\u00e9rience client. Chaque article offre des solutions explicatives et concr\u00e8tes. Cette approche se refl\u00e8te dans notre contenu \u00e9ditorial et s&#039;applique \u00e9galement \u00e0 nos contenus sponsoris\u00e9s.<\/p>\n<h3><strong>Lignes directrices Articles de la base de connaissances<\/strong><\/h3>\n<p>En r\u00e8gle g\u00e9n\u00e9rale, privil\u00e9giez l&#039;information et l&#039;engagement, sans faire de publicit\u00e9. Proposer des informations pertinentes et exploitables, pr\u00e9sent\u00e9es dans un style vivant et accessible, contribuera bien plus \u00e0 la promotion de votre marque qu&#039;un argumentaire marketing traditionnel. Plus votre article sera authentique et objectif, plus son impact sera important.<\/p>\n<p>Vous trouverez ci-dessous les directives pour \u00e9crire un article de la base de connaissances. Veuillez vous assurer que tous les articles sont conformes \u00e0 nos directives.<\/p>\n<ul>\n<li>Pour garder une impression objective de l&#039;article, mentionnez votre marque <span style=\"text-decoration: underline;\">une fois que<\/span> dans l&#039;article.<\/li>\n<li>L&#039;article doit comprendre <strong>texte unique et r\u00e9dig\u00e9 exclusivement<\/strong> pour Revfine.com. Votre article ne sera pas (partiellement) publi\u00e9 ailleurs<\/li>\n<li>Minimum de 800 mots (les conseils font entre 1000 et 2000 mots)<\/li>\n<li>1 lien externe vers le site de votre entreprise est autoris\u00e9<\/li>\n<li>Pour mesurer correctement tous les r\u00e9sultats, seul le code UTM de suivi Google est autoris\u00e9 dans l&#039;URL du site web de l&#039;entreprise.<\/li>\n<li>Cr\u00e9ation de liens internes\u00a0: vous \u00eates autoris\u00e9 \u00e0 cr\u00e9er des liens vers d&#039;autres articles pertinents de votre entreprise sur Revfine.com<\/li>\n<li>Les autres liens externes doivent \u00eatre pertinents et non commerciaux. Par exemple, pour sauvegarder les statistiques (veuillez vous r\u00e9f\u00e9rer \u00e0 la source)<\/li>\n<li>\u00c9crit en anglais<\/li>\n<li>S&#039;il vous pla\u00eet \u00e9crivez l&#039;article dans le <strong>&quot;deuxi\u00e8me personne&quot; (vous, votre, votre)<\/strong> au lieu de la \u00ab\u00a0premi\u00e8re personne\u00a0\u00bb (je, nous, notre)<\/li>\n<li>Introduction de l&#039;article\u00a0: aucun lien hypertexte ou nom de marque dans le texte d&#039;introduction n&#039;est autoris\u00e9 - environ 60\u00a0mots.<\/li>\n<li>Conclusion de l&#039;article\u00a0: aucun lien hypertexte ou nom de marque n&#039;est autoris\u00e9 dans la conclusion - environ 40\u00a0mots.<\/li>\n<li>L&#039;article doit \u00eatre relu et \u00e9dit\u00e9 pour plus de clart\u00e9, de grammaire et d&#039;orthographe\u00a0!<\/li>\n<li><strong>L&#039;utilisation de notre format d&#039;article (voir ci-dessous)<\/strong><\/li>\n<\/ul>\n<p><span style=\"color: #d4a763; font-size: 12pt;\"><strong><span style=\"text-decoration: underline;\">Pointe!<\/span> Partagez ces directives et le format de l&#039;article avec votre r\u00e9dacteur :)<\/strong><\/span><\/p>\n<h3><strong>Format des articles<\/strong><\/h3>\n<p>Vous trouverez ci-dessous notre format d&#039;article et des conseils pour r\u00e9diger un article r\u00e9ussi pour Revfine.com.<\/p>\n<h3><span style=\"font-size: 14pt;\"><strong>Titre:<\/strong><\/span><\/h3>\n<ul>\n<li>Pithy, punchy au point<\/li>\n<li>Maximum de 69 caract\u00e8res<\/li>\n<\/ul>\n<h3><span style=\"font-size: 14pt;\"><strong>Introduction:<\/strong><\/span><\/h3>\n<ul>\n<li>D\u00e9crivez au point pourquoi le sujet est important et ce que le lecteur obtiendra en lisant l&#039;article<\/li>\n<li>Aucun lien hypertexte ou nom de marque dans le texte d&#039;introduction n&#039;est autoris\u00e9<\/li>\n<li>Environ 60 mots<\/li>\n<\/ul>\n<h3><span style=\"font-size: 14pt;\"><strong>Corps:<\/strong><\/span><\/h3>\n<ul>\n<li>Ecrire l&#039;article de mani\u00e8re positive<\/li>\n<li>Utilisez une mise en page claire\u00a0: utilisez des titres, des sous-titres, des paragraphes, des puces et des exemples<\/li>\n<li>R\u00e9pondez \u00e0 des questions comme\u00a0: Qu\u2019est-ce que c\u2019est\u00a0? Pourquoi est-ce important\u00a0? Comment\u00a0? Que peut en retirer le lecteur\u00a0? (De pr\u00e9f\u00e9rence des conseils pratiques.)<\/li>\n<li>Gardez-le informatif, favorable, utile, pratique et facile \u00e0 lire<\/li>\n<li>Lorsqu&#039;un mot-cl\u00e9 pertinent pour les moteurs de recherche comme Google est applicable, assurez-vous que le mot-cl\u00e9 se trouve dans au moins 1 rubrique et dans le contenu (maximum 1%). Mais \u00e9vitez le bourrage de mots cl\u00e9s \u00e0 tout moment<\/li>\n<\/ul>\n<h3><span style=\"font-size: 14pt;\"><strong>Conclusion:<\/strong><\/span><\/h3>\n<ul>\n<li>Encouragez-les \u00e0 mettre en pratique les connaissances et les conseils donn\u00e9s afin d&#039;atteindre les objectifs souhait\u00e9s.<\/li>\n<li>Aucun lien hypertexte ou nom de marque n&#039;est autoris\u00e9 dans la conclusion<\/li>\n<li>Environ 40 mots<\/li>\n<\/ul>\n<h3><strong>Inspiration et conseils pour optimiser vos r\u00e9sultats<\/strong><\/h3>\n<p>Nous avons rassembl\u00e9 des conseils et des bonnes pratiques pour optimiser vos r\u00e9sultats en marketing de contenu. Nous avons \u00e9galement r\u00e9dig\u00e9 un guide complet sur le marketing de contenu destin\u00e9 aux fournisseurs de technologies h\u00f4teli\u00e8res. Ce guide vous aide \u00e0 atteindre la bonne audience avec le bon contenu, \u00e0 calculer, analyser et choisir les canaux de distribution les plus pertinents. <span style=\"text-decoration: underline;\"><a href=\"https:\/\/www.revfine.com\/fr\/inspiration\/\" target=\"_blank\" rel=\"noopener\">Cliquez ici pour tous les conseils<\/a><\/span>.<\/p>\n<h3><strong>Exigences relatives aux images<\/strong><\/h3>\n<ul>\n<li>Assurez-vous que les images sont disponibles pour une utilisation dans le domaine public (libres de droits d&#039;auteur).<\/li>\n<li>La vid\u00e9o peut \u00eatre int\u00e9gr\u00e9e \u00e0 l&#039;article en fournissant un code d&#039;int\u00e9gration (YouTube ou Vimeo)<\/li>\n<li>Veuillez ne pas ajouter le nom de votre marque ou votre logo aux images ou aux vid\u00e9os<\/li>\n<\/ul>\n<p><strong>Tout le mat\u00e9riel doit \u00eatre livr\u00e9 10 jours avant la date de publication.<\/strong><\/p>\n<h3><strong>Clause de non-responsabilit\u00e9:<\/strong><\/h3>\n<ul>\n<li>Revfine.com se r\u00e9serve le droit de rejeter les mat\u00e9riaux qui ne sont pas conformes \u00e0 nos normes de contenu et sp\u00e9cifications techniques<\/li>\n<li>Revfine.com se r\u00e9serve le droit d&#039;apporter de petites modifications \u00e9ditoriales au contenu conform\u00e9ment au ton de voix g\u00e9n\u00e9ral de Revfine.com<\/li>\n<\/ul>","protected":false},"excerpt":{"rendered":"<p>Un partenariat de marketing de contenu est une collaboration entre votre entreprise et Revfine.com, permettant \u00e0 notre audience de b\u00e9n\u00e9ficier de conseils pratiques, des derni\u00e8res tendances et d&#039;informations pertinentes, tout en renfor\u00e7ant la notori\u00e9t\u00e9 de votre marque. Vous trouverez ci-dessous nos recommandations et conseils pour optimiser vos articles de base de connaissances. Il est important d&#039;interagir avec l&#039;audience de Revfine.com.<\/p>","protected":false},"author":1,"featured_media":0,"parent":0,"menu_order":0,"comment_status":"closed","ping_status":"closed","template":"","meta":{"footnotes":""},"class_list":["post-2499","page","type-page","status-publish","hentry"],"yoast_head":"<!-- This site is optimized with the Yoast SEO plugin v27.3 - https:\/\/yoast.com\/product\/yoast-seo-wordpress\/ -->\n<title>Editorial Guidelines for Knowledge Base Articles - Revfine.com<\/title>\n<meta name=\"robots\" content=\"noindex, nofollow\" \/>\n<meta property=\"og:locale\" content=\"fr_FR\" \/>\n<meta property=\"og:type\" content=\"article\" \/>\n<meta property=\"og:title\" content=\"Editorial Guidelines for Knowledge Base Articles - Revfine.com\" \/>\n<meta property=\"og:description\" content=\"A content marketing partnership is a joint effort between your company and Revfine.com, providing our audience with practical tips, the latest trends, and interesting insights while creating brand awareness for your company. Below you will find our guidelines and tips to help you get the most out of your knowledge-base articles. Connect With the Audience of Revfine.com It\u2019s important to\" \/>\n<meta property=\"og:url\" content=\"https:\/\/www.revfine.com\/fr\/lignes-directrices-articles\/\" \/>\n<meta property=\"og:site_name\" content=\"Revfine.com\" \/>\n<meta property=\"article:modified_time\" content=\"2025-12-10T11:54:29+00:00\" \/>\n<meta name=\"twitter:card\" content=\"summary_large_image\" \/>\n<meta name=\"twitter:label1\" content=\"Dur\u00e9e de lecture estim\u00e9e\" \/>\n\t<meta name=\"twitter:data1\" content=\"4 minutes\" \/>\n<script type=\"application\/ld+json\" class=\"yoast-schema-graph\">{\"@context\":\"https:\\\/\\\/schema.org\",\"@graph\":[{\"@type\":\"WebPage\",\"@id\":\"https:\\\/\\\/www.revfine.com\\\/guidelines-articles\\\/\",\"url\":\"https:\\\/\\\/www.revfine.com\\\/guidelines-articles\\\/\",\"name\":\"Editorial Guidelines for Knowledge Base Articles - Revfine.com\",\"isPartOf\":{\"@id\":\"https:\\\/\\\/www.revfine.com\\\/pt\\\/#website\"},\"datePublished\":\"2019-05-18T08:04:55+00:00\",\"dateModified\":\"2025-12-10T11:54:29+00:00\",\"breadcrumb\":{\"@id\":\"https:\\\/\\\/www.revfine.com\\\/guidelines-articles\\\/#breadcrumb\"},\"inLanguage\":\"fr-FR\",\"potentialAction\":[{\"@type\":\"ReadAction\",\"target\":[\"https:\\\/\\\/www.revfine.com\\\/guidelines-articles\\\/\"]}]},{\"@type\":\"BreadcrumbList\",\"@id\":\"https:\\\/\\\/www.revfine.com\\\/guidelines-articles\\\/#breadcrumb\",\"itemListElement\":[{\"@type\":\"ListItem\",\"position\":1,\"name\":\"Home\",\"item\":\"https:\\\/\\\/www.revfine.com\\\/\"},{\"@type\":\"ListItem\",\"position\":2,\"name\":\"Editorial Guidelines for Knowledge Base Articles\"}]},{\"@type\":\"WebSite\",\"@id\":\"https:\\\/\\\/www.revfine.com\\\/pt\\\/#website\",\"url\":\"https:\\\/\\\/www.revfine.com\\\/pt\\\/\",\"name\":\"Revfine.com\",\"description\":\"Optimising Revenue\",\"potentialAction\":[{\"@type\":\"SearchAction\",\"target\":{\"@type\":\"EntryPoint\",\"urlTemplate\":\"https:\\\/\\\/www.revfine.com\\\/pt\\\/?s={search_term_string}\"},\"query-input\":{\"@type\":\"PropertyValueSpecification\",\"valueRequired\":true,\"valueName\":\"search_term_string\"}}],\"inLanguage\":\"fr-FR\"}]}<\/script>\n<!-- \/ Yoast SEO plugin. -->","yoast_head_json":{"title":"Directives \u00e9ditoriales pour les articles de la base de connaissances - Revfine.com","robots":{"index":"noindex","follow":"nofollow"},"og_locale":"fr_FR","og_type":"article","og_title":"Editorial Guidelines for Knowledge Base Articles - Revfine.com","og_description":"A content marketing partnership is a joint effort between your company and Revfine.com, providing our audience with practical tips, the latest trends, and interesting insights while creating brand awareness for your company. Below you will find our guidelines and tips to help you get the most out of your knowledge-base articles. Connect With the Audience of Revfine.com It\u2019s important to","og_url":"https:\/\/www.revfine.com\/fr\/lignes-directrices-articles\/","og_site_name":"Revfine.com","article_modified_time":"2025-12-10T11:54:29+00:00","twitter_card":"summary_large_image","twitter_misc":{"Dur\u00e9e de lecture estim\u00e9e":"4 minutes"},"schema":{"@context":"https:\/\/schema.org","@graph":[{"@type":"WebPage","@id":"https:\/\/www.revfine.com\/guidelines-articles\/","url":"https:\/\/www.revfine.com\/guidelines-articles\/","name":"Directives \u00e9ditoriales pour les articles de la base de connaissances - Revfine.com","isPartOf":{"@id":"https:\/\/www.revfine.com\/pt\/#website"},"datePublished":"2019-05-18T08:04:55+00:00","dateModified":"2025-12-10T11:54:29+00:00","breadcrumb":{"@id":"https:\/\/www.revfine.com\/guidelines-articles\/#breadcrumb"},"inLanguage":"fr-FR","potentialAction":[{"@type":"ReadAction","target":["https:\/\/www.revfine.com\/guidelines-articles\/"]}]},{"@type":"BreadcrumbList","@id":"https:\/\/www.revfine.com\/guidelines-articles\/#breadcrumb","itemListElement":[{"@type":"ListItem","position":1,"name":"Home","item":"https:\/\/www.revfine.com\/"},{"@type":"ListItem","position":2,"name":"Editorial Guidelines for Knowledge Base Articles"}]},{"@type":"WebSite","@id":"https:\/\/www.revfine.com\/pt\/#website","url":"https:\/\/www.revfine.com\/pt\/","name":"Revfine.com","description":"Optimiser les revenus","potentialAction":[{"@type":"SearchAction","target":{"@type":"EntryPoint","urlTemplate":"https:\/\/www.revfine.com\/pt\/?s={search_term_string}"},"query-input":{"@type":"PropertyValueSpecification","valueRequired":true,"valueName":"search_term_string"}}],"inLanguage":"fr-FR"}]}},"_links":{"self":[{"href":"https:\/\/www.revfine.com\/fr\/wp-json\/wp\/v2\/pages\/2499","targetHints":{"allow":["GET"]}}],"collection":[{"href":"https:\/\/www.revfine.com\/fr\/wp-json\/wp\/v2\/pages"}],"about":[{"href":"https:\/\/www.revfine.com\/fr\/wp-json\/wp\/v2\/types\/page"}],"author":[{"embeddable":true,"href":"https:\/\/www.revfine.com\/fr\/wp-json\/wp\/v2\/users\/1"}],"replies":[{"embeddable":true,"href":"https:\/\/www.revfine.com\/fr\/wp-json\/wp\/v2\/comments?post=2499"}],"version-history":[{"count":4,"href":"https:\/\/www.revfine.com\/fr\/wp-json\/wp\/v2\/pages\/2499\/revisions"}],"predecessor-version":[{"id":36800,"href":"https:\/\/www.revfine.com\/fr\/wp-json\/wp\/v2\/pages\/2499\/revisions\/36800"}],"wp:attachment":[{"href":"https:\/\/www.revfine.com\/fr\/wp-json\/wp\/v2\/media?parent=2499"}],"curies":[{"name":"wp","href":"https:\/\/api.w.org\/{rel}","templated":true}]}}