{"id":3111,"date":"2019-08-26T14:38:51","date_gmt":"2019-08-26T12:38:51","guid":{"rendered":"https:\/\/revfine.com\/?page_id=3111"},"modified":"2025-08-15T19:58:10","modified_gmt":"2025-08-15T17:58:10","slug":"article-format","status":"publish","type":"page","link":"https:\/\/www.revfine.com\/fr\/article-format\/","title":{"rendered":"Format de l&#039;article et conseils pour r\u00e9diger un article de base de connaissances r\u00e9ussi"},"content":{"rendered":"<p>Vous trouverez ci-dessous notre format d&#039;article et des conseils pour r\u00e9diger un article r\u00e9ussi pour Revfine.com.<\/p>\n<h3><span style=\"font-size: 14pt;\"><strong>Titre:<\/strong><\/span><\/h3>\n<ul>\n<li>Pithy, punchy au point<\/li>\n<li>Inclure le sujet et\/ou le mot-cl\u00e9 dans le titre, de pr\u00e9f\u00e9rence au d\u00e9but<\/li>\n<li>Maximum de 69 caract\u00e8res<\/li>\n<\/ul>\n<h3><span style=\"font-size: 14pt;\"><strong>Introduction:<\/strong><\/span><\/h3>\n<ul>\n<li>D\u00e9crivez pr\u00e9cis\u00e9ment pourquoi le sujet est important et ce que le lecteur r\u00e9alisera en lisant l&#039;article<\/li>\n<li>Mentionnez le mot-cl\u00e9 pr\u00e9f\u00e9rable au d\u00e9but de la phrase<\/li>\n<li>Aucun lien hypertexte ou nom de marque dans le texte d&#039;introduction n&#039;est autoris\u00e9<\/li>\n<li>Environ 60 mots<\/li>\n<\/ul>\n<h3><span style=\"font-size: 14pt;\"><strong>Corps:<\/strong><\/span><\/h3>\n<ul>\n<li>Ecrire l&#039;article de mani\u00e8re positive<\/li>\n<li>Utilisez une mise en page claire\u00a0: utilisez des titres, des sous-titres, des paragraphes, des puces et des exemples<\/li>\n<li>R\u00e9pondez \u00e0 des questions telles que, qu&#039;est-ce que, pourquoi important et comment (conseils pratiques pr\u00e9f\u00e9rables)<\/li>\n<li>Gardez-le informatif, encourageant, utile, pratique et facile \u00e0 lire<\/li>\n<li>Doit \u00eatre exempt de jargon technique. \u00catre accessible et invitant aux personnes de tous niveaux de lecture<\/li>\n<li>Lorsqu&#039;un mot-cl\u00e9 pertinent pour les moteurs de recherche comme Google est applicable, assurez-vous que le mot-cl\u00e9 se trouve dans au moins 1 rubrique et dans le contenu (maximum 1%). Mais \u00e9vitez le bourrage de mots cl\u00e9s \u00e0 tout moment<\/li>\n<li>Cr\u00e9ation de liens internes\u00a0: vous \u00eates autoris\u00e9 \u00e0 cr\u00e9er des liens vers d&#039;autres articles pertinents de votre entreprise sur Revfine.com<\/li>\n<li>\u00c9crivez l&#039;article \u00e0 la \u00ab\u00a0deuxi\u00e8me personne\u00a0\u00bb (You, Your, Yours) au lieu de la \u00ab\u00a0premi\u00e8re personne\u00a0\u00bb (I, We, Our)<\/li>\n<li>Relisez et modifiez pour plus de clart\u00e9, de grammaire et d&#039;orthographe<\/li>\n<\/ul>\n<h3><span style=\"font-size: 14pt;\"><strong>Conclusion:<\/strong><\/span><\/h3>\n<ul>\n<li>Motiver \u00e0 suivre les connaissances et les conseils donn\u00e9s, afin que les objectifs souhait\u00e9s puissent \u00eatre atteints<\/li>\n<li>Aucun lien hypertexte ou nom de marque n&#039;est autoris\u00e9 dans la conclusion<\/li>\n<li>Environ 40 mots<\/li>\n<\/ul>\n<p><span style=\"color: #ffffff;\">\u2013<\/span><em><strong><br \/>\nV\u00e9rifiez si votre article correspond aux directives de Revfine.com. <span style=\"text-decoration: underline;\"><a href=\"https:\/\/www.revfine.com\/fr\/article-guidelines\/\">Cliquez ici pour nos directives<\/a><\/span>.<\/strong><\/em><\/p>\n<h3><span style=\"font-size: 14pt;\"><strong>Exemples d&#039;articles\u00a0:<\/strong><\/span><\/h3>\n<p><a href=\"https:\/\/www.revfine.com\/fr\/increase-direct-bookings-hotel-chatbot\/\" target=\"_blank\" rel=\"noopener noreferrer\"><img decoding=\"async\" class=\"alignnone wp-image-4999 size-full\" src=\"https:\/\/www.revfine.com\/wp-content\/uploads\/2025\/07\/Example-1.jpg\" alt=\"\" width=\"500\" height=\"258\" srcset=\"https:\/\/www.revfine.com\/wp-content\/uploads\/2025\/07\/Example-1-300x155.jpg 300w, https:\/\/www.revfine.com\/wp-content\/uploads\/2025\/07\/Example-1.jpg 500w\" sizes=\"(max-width: 500px) 100vw, 500px\" \/><\/a> <a href=\"https:\/\/www.revfine.com\/fr\/marketing-realite-virtuelle\/\" target=\"_blank\" rel=\"noopener noreferrer\"><img decoding=\"async\" class=\"alignnone wp-image-5000 size-full\" src=\"https:\/\/www.revfine.com\/wp-content\/uploads\/2025\/07\/Example-2.jpg\" alt=\"\" width=\"500\" height=\"258\" srcset=\"https:\/\/www.revfine.com\/wp-content\/uploads\/2025\/07\/Example-2-300x155.jpg 300w, https:\/\/www.revfine.com\/wp-content\/uploads\/2025\/07\/Example-2.jpg 500w\" sizes=\"(max-width: 500px) 100vw, 500px\" \/><\/a> <a href=\"https:\/\/www.revfine.com\/fr\/reception-vs-vente-incitative-avant-le-sejour\/\"><img decoding=\"async\" class=\"alignnone wp-image-2463 size-full\" src=\"https:\/\/www.revfine.com\/wp-content\/uploads\/2025\/07\/Example-3.jpg\" alt=\"\" width=\"500\" height=\"258\" srcset=\"https:\/\/www.revfine.com\/wp-content\/uploads\/2025\/07\/Example-3-300x155.jpg 300w, https:\/\/www.revfine.com\/wp-content\/uploads\/2025\/07\/Example-3.jpg 500w\" sizes=\"(max-width: 500px) 100vw, 500px\" \/><\/a> <a href=\"https:\/\/www.revfine.com\/fr\/pms-logiciel\/\"><img decoding=\"async\" class=\"alignnone wp-image-2512 size-full\" src=\"https:\/\/www.revfine.com\/wp-content\/uploads\/2025\/07\/Example-4.jpg\" alt=\"\" width=\"500\" height=\"258\" srcset=\"https:\/\/www.revfine.com\/wp-content\/uploads\/2025\/07\/Example-4-300x155.jpg 300w, https:\/\/www.revfine.com\/wp-content\/uploads\/2025\/07\/Example-4.jpg 500w\" sizes=\"(max-width: 500px) 100vw, 500px\" \/><\/a><\/p>","protected":false},"excerpt":{"rendered":"<p>Vous trouverez ci-dessous notre format d&#039;article et des conseils pour r\u00e9diger un article r\u00e9ussi pour Revfine.com. Titre : concis, percutant jusqu&#039;au point Inclure le sujet et\/ou le mot-cl\u00e9 dans le titre, de pr\u00e9f\u00e9rence au d\u00e9but Maximum de 69 caract\u00e8res Introduction : D\u00e9crivez le point, pourquoi le sujet est important et ce que le lecteur obtiendra en lisant l&#039;article Mention les<\/p>","protected":false},"author":1,"featured_media":0,"parent":0,"menu_order":0,"comment_status":"closed","ping_status":"closed","template":"","meta":{"footnotes":""},"class_list":["post-3111","page","type-page","status-publish","hentry"],"yoast_head":"<!-- This site is optimized with the Yoast SEO plugin v27.3 - https:\/\/yoast.com\/product\/yoast-seo-wordpress\/ -->\n<title>Article Format &amp; Tips for Writing a Successful Knowledge Base Article - Revfine.com<\/title>\n<meta name=\"robots\" content=\"noindex, nofollow\" \/>\n<meta property=\"og:locale\" content=\"fr_FR\" \/>\n<meta property=\"og:type\" content=\"article\" \/>\n<meta property=\"og:title\" content=\"Article Format &amp; Tips for Writing a Successful Knowledge Base Article - Revfine.com\" \/>\n<meta property=\"og:description\" content=\"Below you find our article format and tips to write a successful article for Revfine.com. Title: Pithy, punchy to the point Include the subject and\/ or keyword in the title, preferable at the beginning Maximum of 69 characters Introduction: Describe to the point, why the subject is important and what the reader will achieve by reading the article Mention the\" \/>\n<meta property=\"og:url\" content=\"https:\/\/www.revfine.com\/fr\/article-format\/\" \/>\n<meta property=\"og:site_name\" content=\"Revfine.com\" \/>\n<meta property=\"article:modified_time\" content=\"2025-08-15T17:58:10+00:00\" \/>\n<meta property=\"og:image\" content=\"https:\/\/www.revfine.com\/wp-content\/uploads\/2025\/07\/Example-1.jpg\" \/>\n\t<meta property=\"og:image:width\" content=\"500\" \/>\n\t<meta property=\"og:image:height\" content=\"258\" \/>\n\t<meta property=\"og:image:type\" content=\"image\/jpeg\" \/>\n<meta name=\"twitter:card\" content=\"summary_large_image\" \/>\n<meta name=\"twitter:label1\" content=\"Dur\u00e9e de lecture estim\u00e9e\" \/>\n\t<meta name=\"twitter:data1\" content=\"2 minutes\" \/>\n<script type=\"application\/ld+json\" class=\"yoast-schema-graph\">{\"@context\":\"https:\\\/\\\/schema.org\",\"@graph\":[{\"@type\":\"WebPage\",\"@id\":\"https:\\\/\\\/www.revfine.com\\\/article-format\\\/\",\"url\":\"https:\\\/\\\/www.revfine.com\\\/article-format\\\/\",\"name\":\"Article Format & Tips for Writing a Successful Knowledge Base Article - Revfine.com\",\"isPartOf\":{\"@id\":\"https:\\\/\\\/www.revfine.com\\\/pt\\\/#website\"},\"primaryImageOfPage\":{\"@id\":\"https:\\\/\\\/www.revfine.com\\\/article-format\\\/#primaryimage\"},\"image\":{\"@id\":\"https:\\\/\\\/www.revfine.com\\\/article-format\\\/#primaryimage\"},\"thumbnailUrl\":\"https:\\\/\\\/www.revfine.com\\\/wp-content\\\/uploads\\\/2025\\\/07\\\/Example-1.jpg\",\"datePublished\":\"2019-08-26T12:38:51+00:00\",\"dateModified\":\"2025-08-15T17:58:10+00:00\",\"breadcrumb\":{\"@id\":\"https:\\\/\\\/www.revfine.com\\\/article-format\\\/#breadcrumb\"},\"inLanguage\":\"fr-FR\",\"potentialAction\":[{\"@type\":\"ReadAction\",\"target\":[\"https:\\\/\\\/www.revfine.com\\\/article-format\\\/\"]}]},{\"@type\":\"ImageObject\",\"inLanguage\":\"fr-FR\",\"@id\":\"https:\\\/\\\/www.revfine.com\\\/article-format\\\/#primaryimage\",\"url\":\"https:\\\/\\\/www.revfine.com\\\/wp-content\\\/uploads\\\/2025\\\/07\\\/Example-1.jpg\",\"contentUrl\":\"https:\\\/\\\/www.revfine.com\\\/wp-content\\\/uploads\\\/2025\\\/07\\\/Example-1.jpg\"},{\"@type\":\"BreadcrumbList\",\"@id\":\"https:\\\/\\\/www.revfine.com\\\/article-format\\\/#breadcrumb\",\"itemListElement\":[{\"@type\":\"ListItem\",\"position\":1,\"name\":\"Home\",\"item\":\"https:\\\/\\\/www.revfine.com\\\/\"},{\"@type\":\"ListItem\",\"position\":2,\"name\":\"Article Format &#038; Tips for Writing a Successful Knowledge Base Article\"}]},{\"@type\":\"WebSite\",\"@id\":\"https:\\\/\\\/www.revfine.com\\\/pt\\\/#website\",\"url\":\"https:\\\/\\\/www.revfine.com\\\/pt\\\/\",\"name\":\"Revfine.com\",\"description\":\"Optimising Revenue\",\"potentialAction\":[{\"@type\":\"SearchAction\",\"target\":{\"@type\":\"EntryPoint\",\"urlTemplate\":\"https:\\\/\\\/www.revfine.com\\\/pt\\\/?s={search_term_string}\"},\"query-input\":{\"@type\":\"PropertyValueSpecification\",\"valueRequired\":true,\"valueName\":\"search_term_string\"}}],\"inLanguage\":\"fr-FR\"}]}<\/script>\n<!-- \/ Yoast SEO plugin. -->","yoast_head_json":{"title":"Format d&#039;article et conseils pour r\u00e9diger un article de base de connaissances r\u00e9ussi - Revfine.com","robots":{"index":"noindex","follow":"nofollow"},"og_locale":"fr_FR","og_type":"article","og_title":"Article Format & Tips for Writing a Successful Knowledge Base Article - Revfine.com","og_description":"Below you find our article format and tips to write a successful article for Revfine.com. Title: Pithy, punchy to the point Include the subject and\/ or keyword in the title, preferable at the beginning Maximum of 69 characters Introduction: Describe to the point, why the subject is important and what the reader will achieve by reading the article Mention the","og_url":"https:\/\/www.revfine.com\/fr\/article-format\/","og_site_name":"Revfine.com","article_modified_time":"2025-08-15T17:58:10+00:00","og_image":[{"width":500,"height":258,"url":"https:\/\/www.revfine.com\/wp-content\/uploads\/2025\/07\/Example-1.jpg","type":"image\/jpeg"}],"twitter_card":"summary_large_image","twitter_misc":{"Dur\u00e9e de lecture estim\u00e9e":"2 minutes"},"schema":{"@context":"https:\/\/schema.org","@graph":[{"@type":"WebPage","@id":"https:\/\/www.revfine.com\/article-format\/","url":"https:\/\/www.revfine.com\/article-format\/","name":"Format d&#039;article et conseils pour r\u00e9diger un article de base de connaissances r\u00e9ussi - Revfine.com","isPartOf":{"@id":"https:\/\/www.revfine.com\/pt\/#website"},"primaryImageOfPage":{"@id":"https:\/\/www.revfine.com\/article-format\/#primaryimage"},"image":{"@id":"https:\/\/www.revfine.com\/article-format\/#primaryimage"},"thumbnailUrl":"https:\/\/www.revfine.com\/wp-content\/uploads\/2025\/07\/Example-1.jpg","datePublished":"2019-08-26T12:38:51+00:00","dateModified":"2025-08-15T17:58:10+00:00","breadcrumb":{"@id":"https:\/\/www.revfine.com\/article-format\/#breadcrumb"},"inLanguage":"fr-FR","potentialAction":[{"@type":"ReadAction","target":["https:\/\/www.revfine.com\/article-format\/"]}]},{"@type":"ImageObject","inLanguage":"fr-FR","@id":"https:\/\/www.revfine.com\/article-format\/#primaryimage","url":"https:\/\/www.revfine.com\/wp-content\/uploads\/2025\/07\/Example-1.jpg","contentUrl":"https:\/\/www.revfine.com\/wp-content\/uploads\/2025\/07\/Example-1.jpg"},{"@type":"BreadcrumbList","@id":"https:\/\/www.revfine.com\/article-format\/#breadcrumb","itemListElement":[{"@type":"ListItem","position":1,"name":"Home","item":"https:\/\/www.revfine.com\/"},{"@type":"ListItem","position":2,"name":"Article Format &#038; Tips for Writing a Successful Knowledge Base Article"}]},{"@type":"WebSite","@id":"https:\/\/www.revfine.com\/pt\/#website","url":"https:\/\/www.revfine.com\/pt\/","name":"Revfine.com","description":"Optimiser les revenus","potentialAction":[{"@type":"SearchAction","target":{"@type":"EntryPoint","urlTemplate":"https:\/\/www.revfine.com\/pt\/?s={search_term_string}"},"query-input":{"@type":"PropertyValueSpecification","valueRequired":true,"valueName":"search_term_string"}}],"inLanguage":"fr-FR"}]}},"_links":{"self":[{"href":"https:\/\/www.revfine.com\/fr\/wp-json\/wp\/v2\/pages\/3111","targetHints":{"allow":["GET"]}}],"collection":[{"href":"https:\/\/www.revfine.com\/fr\/wp-json\/wp\/v2\/pages"}],"about":[{"href":"https:\/\/www.revfine.com\/fr\/wp-json\/wp\/v2\/types\/page"}],"author":[{"embeddable":true,"href":"https:\/\/www.revfine.com\/fr\/wp-json\/wp\/v2\/users\/1"}],"replies":[{"embeddable":true,"href":"https:\/\/www.revfine.com\/fr\/wp-json\/wp\/v2\/comments?post=3111"}],"version-history":[{"count":2,"href":"https:\/\/www.revfine.com\/fr\/wp-json\/wp\/v2\/pages\/3111\/revisions"}],"predecessor-version":[{"id":35501,"href":"https:\/\/www.revfine.com\/fr\/wp-json\/wp\/v2\/pages\/3111\/revisions\/35501"}],"wp:attachment":[{"href":"https:\/\/www.revfine.com\/fr\/wp-json\/wp\/v2\/media?parent=3111"}],"curies":[{"name":"wp","href":"https:\/\/api.w.org\/{rel}","templated":true}]}}