{"id":3776,"date":"2019-12-02T09:11:55","date_gmt":"2019-12-02T08:11:55","guid":{"rendered":"https:\/\/revfine.com\/?page_id=3776"},"modified":"2019-12-11T17:40:21","modified_gmt":"2019-12-11T16:40:21","slug":"cest","status":"publish","type":"page","link":"https:\/\/www.revfine.com\/fr\/itb\/","title":{"rendered":"ITB"},"content":{"rendered":"<p><div class=\"fusion-fullwidth fullwidth-box fusion-builder-row-1 nonhundred-percent-fullwidth non-hundred-percent-height-scrolling\" style=\"--awb-border-radius-top-left:0px;--awb-border-radius-top-right:0px;--awb-border-radius-bottom-right:0px;--awb-border-radius-bottom-left:0px;--awb-flex-wrap:wrap;\" ><div class=\"fusion-builder-row fusion-row\"><div class=\"fusion-layout-column fusion_builder_column fusion-builder-column-0 fusion_builder_column_1_1 1_1 fusion-one-full fusion-column-first fusion-column-last\" style=\"--awb-bg-size:cover;\"><div class=\"fusion-column-wrapper fusion-column-has-shadow fusion-flex-column-wrapper-legacy\"><br><div class=\"fusion-clearfix\"><\/div><\/div><\/div><\/div><\/div><div class=\"fusion-fullwidth fullwidth-box fusion-builder-row-2 nonhundred-percent-fullwidth non-hundred-percent-height-scrolling\" style=\"--awb-border-radius-top-left:0px;--awb-border-radius-top-right:0px;--awb-border-radius-bottom-right:0px;--awb-border-radius-bottom-left:0px;--awb-flex-wrap:wrap;\" ><div class=\"fusion-builder-row fusion-row\"><div class=\"fusion-layout-column fusion_builder_column fusion-builder-column-1 fusion_builder_column_1_4 1_4 fusion-one-fourth fusion-column-first\" style=\"--awb-bg-size:cover;width:25%;width:calc(25% - ( ( 4% ) * 0.25 ) );margin-right: 4%;\"><div class=\"fusion-column-wrapper fusion-column-has-shadow fusion-flex-column-wrapper-legacy\"><div class=\"fusion-image-element in-legacy-container\" style=\"--awb-max-width:250px;--awb-caption-title-font-family:var(--h2_typography-font-family);--awb-caption-title-font-weight:var(--h2_typography-font-weight);--awb-caption-title-font-style:var(--h2_typography-font-style);--awb-caption-title-size:var(--h2_typography-font-size);--awb-caption-title-transform:var(--h2_typography-text-transform);--awb-caption-title-line-height:var(--h2_typography-line-height);--awb-caption-title-letter-spacing:var(--h2_typography-letter-spacing);\"><span class=\"fusion-imageframe imageframe-none imageframe-1 hover-type-none\"><img decoding=\"async\" width=\"494\" height=\"494\" alt=\"ITB - Travel Trade Show - Le leader mondial du voyage\" title=\"ITB \u2013 Travel Trade Show \u2013 La plaque tournante mondiale du voyage\" src=\"https:\/\/www.revfine.com\/wp-content\/uploads\/2025\/07\/ITB-Travel-Trade-Show-The-worlds-leading-travel-hub.jpg\" class=\"img-responsive wp-image-3853\" srcset=\"https:\/\/www.revfine.com\/wp-content\/uploads\/2025\/07\/ITB-Travel-Trade-Show-The-worlds-leading-travel-hub-150x150.jpg 150w, https:\/\/www.revfine.com\/wp-content\/uploads\/2025\/07\/ITB-Travel-Trade-Show-The-worlds-leading-travel-hub-300x300.jpg 300w, https:\/\/www.revfine.com\/wp-content\/uploads\/2025\/07\/ITB-Travel-Trade-Show-The-worlds-leading-travel-hub.jpg 494w\" sizes=\"(max-width: 494px) 100vw, 494px\" \/><\/span><\/div><div class=\"fusion-clearfix\"><\/div><\/div><\/div><div class=\"fusion-layout-column fusion_builder_column fusion-builder-column-2 fusion_builder_column_3_4 3_4 fusion-three-fourth fusion-column-last\" style=\"--awb-bg-size:cover;width:75%;width:calc(75% - ( ( 4% ) * 0.75 ) );\"><div class=\"fusion-column-wrapper fusion-column-has-shadow fusion-flex-column-wrapper-legacy\"><div class=\"fusion-text fusion-text-1\"><h2><span style=\"font-size: 20pt;\">ITB<\/span><\/h2>\n<p>Messe Berlin organise des salons et des congr\u00e8s internationaux depuis 1822. Messe Berlin organise chaque ann\u00e9e plus de 100 \u00e9v\u00e9nements r\u00e9gionaux, nationaux et internationaux internes et internationaux, y compris les principaux salons professionnels du voyage ITB au monde.<\/p>\n<\/div><br><br><div class=\"fusion-builder-row fusion-builder-row-inner fusion-row\"><div class=\"fusion-layout-column fusion_builder_column_inner fusion-builder-nested-column-0 fusion_builder_column_inner_2_3 2_3 fusion-two-third fusion-column-first\" style=\"--awb-bg-size:cover;width:66.666666666667%;width:calc(66.666666666667% - ( ( 4% ) * 0.66666666666667 ) );margin-right: 4%;\"><div class=\"fusion-column-wrapper fusion-column-has-shadow fusion-flex-column-wrapper-legacy\"><div class=\"fusion-social-links fusion-social-links-1\" style=\"--awb-margin-top:0px;--awb-margin-right:0px;--awb-margin-bottom:0px;--awb-margin-left:0px;--awb-box-border-top:0px;--awb-box-border-right:0px;--awb-box-border-bottom:0px;--awb-box-border-left:0px;--awb-icon-colors-hover:rgba(190,189,189,0.8);--awb-box-colors-hover:rgba(232,232,232,0.8);--awb-box-border-color:var(--awb-color3);--awb-box-border-color-hover:var(--awb-color4);\"><div class=\"fusion-social-networks color-type-custom\"><div class=\"fusion-social-networks-wrapper\"><a class=\"fusion-social-network-icon fusion-tooltip fusion-linkedin awb-icon-linkedin\" style=\"color:#bebdbd;font-size:16px;\" data-placement=\"top\" data-title=\"LinkedIn\" data-toggle=\"tooltip\" title=\"LinkedIn\" aria-label=\"li\u00e9\" target=\"_blank\" rel=\"noopener noreferrer\" href=\"https:\/\/www.linkedin.com\/groups\/2715065\/\"><\/a><a class=\"fusion-social-network-icon fusion-tooltip fusion-twitter awb-icon-twitter\" style=\"color:#bebdbd;font-size:16px;\" data-placement=\"top\" data-title=\"X\" data-toggle=\"tooltip\" title=\"X\" aria-label=\"Twitter\" target=\"_blank\" rel=\"noopener noreferrer\" href=\"https:\/\/twitter.com\/ITB_Berlin\"><\/a><a class=\"fusion-social-network-icon fusion-tooltip fusion-facebook awb-icon-facebook\" style=\"color:#bebdbd;font-size:16px;\" data-placement=\"top\" data-title=\"Facebook\" data-toggle=\"tooltip\" title=\"Facebook\" aria-label=\"Facebook\" target=\"_blank\" rel=\"noopener noreferrer\" href=\"https:\/\/www.facebook.com\/ITBBerlin\"><\/a><a class=\"fusion-social-network-icon fusion-tooltip fusion-instagram awb-icon-instagram\" style=\"color:#bebdbd;font-size:16px;\" data-placement=\"top\" data-title=\"Instagram\" data-toggle=\"tooltip\" title=\"Instagram\" aria-label=\"instagram\" target=\"_blank\" rel=\"noopener noreferrer\" href=\"https:\/\/www.instagram.com\/itbberlin\/\"><\/a><a class=\"fusion-social-network-icon fusion-tooltip fusion-youtube awb-icon-youtube\" style=\"color:#bebdbd;font-size:16px;\" data-placement=\"top\" data-title=\"YouTube\" data-toggle=\"tooltip\" title=\"Youtube\" aria-label=\"Youtube\" target=\"_blank\" rel=\"noopener noreferrer\" href=\"https:\/\/www.youtube.com\/user\/ITBBerlin\"><\/a><a class=\"fusion-social-network-icon fusion-tooltip fusion-xing awb-icon-xing\" style=\"color:#bebdbd;font-size:16px;\" data-placement=\"top\" data-title=\"Xing\" data-toggle=\"tooltip\" title=\"Xing\" aria-label=\"xing\" target=\"_blank\" rel=\"noopener noreferrer\" href=\"https:\/\/www.xing.com\/communities\/groups\/itb-berlin-ff5d-1073491\"><\/a><\/div><\/div><\/div><div class=\"fusion-clearfix\"><\/div><\/div><\/div><div class=\"fusion-layout-column fusion_builder_column_inner fusion-builder-nested-column-1 fusion_builder_column_inner_1_3 1_3 fusion-one-third fusion-column-last\" style=\"--awb-bg-size:cover;width:33.333333333333%;width:calc(33.333333333333% - ( ( 4% ) * 0.33333333333333 ) );\"><div class=\"fusion-column-wrapper fusion-column-has-shadow fusion-flex-column-wrapper-legacy\"><div class=\"fusion-button-wrapper\"><a class=\"fusion-button button-flat fusion-button-default-size button-custom fusion-button-default button-1 fusion-button-default-span fusion-button-default-type\" style=\"--button_accent_color:#ffffff;--button_accent_hover_color:#ffffff;--button_border_hover_color:#ffffff;--button_gradient_top_color:#d4a763;--button_gradient_bottom_color:#d4a763;--button_gradient_top_color_hover:#d4a763;--button_gradient_bottom_color_hover:#d4a763;\" target=\"_blank\" rel=\"noopener noreferrer\" href=\"https:\/\/www.itb.travel\/en\/\"><span class=\"fusion-button-text awb-button__text awb-button__text--default\">Site Web de l&#039;ITB<\/span><\/a><\/div><div class=\"fusion-clearfix\"><\/div><\/div><\/div><\/div><div class=\"fusion-clearfix\"><\/div><\/div><\/div><\/div><\/div><div class=\"fusion-fullwidth fullwidth-box fusion-builder-row-3 nonhundred-percent-fullwidth non-hundred-percent-height-scrolling\" style=\"--awb-border-radius-top-left:0px;--awb-border-radius-top-right:0px;--awb-border-radius-bottom-right:0px;--awb-border-radius-bottom-left:0px;--awb-flex-wrap:wrap;\" ><div class=\"fusion-builder-row fusion-row\"><div class=\"fusion-layout-column fusion_builder_column fusion-builder-column-3 fusion_builder_column_1_1 1_1 fusion-one-full fusion-column-first fusion-column-last\" style=\"--awb-bg-size:cover;\"><div class=\"fusion-column-wrapper fusion-column-has-shadow fusion-flex-column-wrapper-legacy\"><div class=\"fusion-sep-clear\"><\/div><div class=\"fusion-separator fusion-full-width-sep\" style=\"margin-left: auto;margin-right: auto;width:100%;\"><div class=\"fusion-separator-border sep-single sep-solid\" style=\"--awb-height:20px;--awb-amount:20px;border-color:#e0dede;border-top-width:1px;\"><\/div><\/div><div class=\"fusion-sep-clear\"><\/div><br><div class=\"fusion-text fusion-text-2\"><h3><span style=\"font-size: 16pt;\">Tous les \u00e9v\u00e9nements ITB :<\/span><\/h3>\n<\/div><div class=\"fusion-clearfix\"><\/div><\/div><\/div><\/div><\/div><div class=\"fusion-fullwidth fullwidth-box fusion-builder-row-4 nonhundred-percent-fullwidth non-hundred-percent-height-scrolling\" style=\"--awb-border-radius-top-left:0px;--awb-border-radius-top-right:0px;--awb-border-radius-bottom-right:0px;--awb-border-radius-bottom-left:0px;--awb-flex-wrap:wrap;\" ><div class=\"fusion-builder-row fusion-row\"><div class=\"fusion-layout-column fusion_builder_column fusion-builder-column-4 fusion_builder_column_1_1 1_1 fusion-one-full fusion-column-first fusion-column-last\" style=\"--awb-bg-size:cover;\"><div class=\"fusion-column-wrapper fusion-column-has-shadow fusion-flex-column-wrapper-legacy\"><style type=\"text\/css\">.fusion-portfolio-wrapper#fusion-portfolio-1 .fusion-portfolio-content{  text-align: left; }<\/style><div class=\"fusion-recent-works fusion-portfolio-element fusion-portfolio fusion-portfolio-1 fusion-portfolio-grid fusion-portfolio-paging-infinite fusion-portfolio-two fusion-portfolio-unboxed fusion-portfolio-text fusion-portfolio-equal-heights\" data-id=\"-rw-1\" data-columns=\"two\"><style type=\"text\/css\">.fusion-portfolio-1 .fusion-portfolio-wrapper .fusion-col-spacing{padding:20px;}<\/style><div class=\"fusion-portfolio-wrapper\" id=\"fusion-portfolio-1\" data-picturesize=\"auto\" data-pages=\"1\" style=\"margin:-20px;\"><article id=\"portfolio-1-post-2677\" class=\"fusion-portfolio-post itb fusion-col-spacing post-2677\"><div class=\"fusion-portfolio-content-wrapper\" style=\"border:none;\"><span class=\"vcard rich-snippet-hidden\"><span class=\"fn\"><a href=\"https:\/\/www.revfine.com\/fr\/author\/revfine-com\/\" title=\"Articles par Revfine.com\" rel=\"author\">Revfine.com<\/a><\/span><\/span><span class=\"updated rich-snippet-hidden\">2026-03-04T19:35:58+01:00<\/span><div  class=\"fusion-image-wrapper\" aria-haspopup=\"true\">\n\t\t\t\t\t\t\t<a href=\"https:\/\/www.revfine.com\/fr\/page\/itb-asia\/\" aria-label=\"ITB Asie Singapour | Octobre 2026\">\n\t\t\t\t\t\t\t<img decoding=\"async\" width=\"1200\" height=\"628\" src=\"https:\/\/www.revfine.com\/wp-content\/uploads\/2025\/07\/ITB-Asia.jpg\" class=\"attachment-full size-full wp-post-image\" alt=\"ITB Asie\" \/>\t\t\t<\/a>\n\t\t\t\t\t\t\t<\/div>\n<div class=\"fusion-portfolio-content\"><h2 class=\"entry-title fusion-post-title\"><a href=\"https:\/\/www.revfine.com\/fr\/page\/itb-asia\/\">ITB Asie Singapour | Octobre 2026<\/a><\/h2><div class=\"fusion-post-content\"><p> Salon leader en Asie, le salon du voyage ITB Asia \u00e0 Singapour d\u00e9voile une combinaison unique de produits de voyage et d&#039;opportunit\u00e9s de r\u00e9seautage. \u00c0 propos de l&#039;ITB Asia Travel Trade Show L&#039;ITB Asia Travel Trade Show \u00e0 Singapour est une exposition B2B de 3 jours sp\u00e9cialement con\u00e7ue pour l&#039;industrie du voyage. Ce salon est devenu un salon majeur pour le secteur asiatique du voyage, tout comme son salon parent : ITB Berlin. Le forum ITB Asie est<\/p><\/div><\/div><\/div><\/article><article id=\"portfolio-1-post-2665\" class=\"fusion-portfolio-post itb fusion-col-spacing post-2665\"><div class=\"fusion-portfolio-content-wrapper\" style=\"border:none;\"><span class=\"vcard rich-snippet-hidden\"><span class=\"fn\"><a href=\"https:\/\/www.revfine.com\/fr\/author\/revfine-com\/\" title=\"Articles par Revfine.com\" rel=\"author\">Revfine.com<\/a><\/span><\/span><span class=\"updated rich-snippet-hidden\">2026-03-04T19:29:28+01:00<\/span><div  class=\"fusion-image-wrapper\" aria-haspopup=\"true\">\n\t\t\t\t\t\t\t<a href=\"https:\/\/www.revfine.com\/fr\/page\/travel-tech-asia\/\" aria-label=\"Travel Tech Asia | Octobre 2026\">\n\t\t\t\t\t\t\t<img decoding=\"async\" width=\"1200\" height=\"628\" src=\"https:\/\/www.revfine.com\/wp-content\/uploads\/2025\/07\/Hotel-Revenue-Distribution-Summit-Singapore.jpg\" class=\"attachment-full size-full wp-post-image\" alt=\"Sommet sur la distribution des revenus des h\u00f4tels \u00e0 Singapour\" \/>\t\t\t<\/a>\n\t\t\t\t\t\t\t<\/div>\n<div class=\"fusion-portfolio-content\"><h2 class=\"entry-title fusion-post-title\"><a href=\"https:\/\/www.revfine.com\/fr\/page\/travel-tech-asia\/\">Travel Tech Asia | Octobre 2026<\/a><\/h2><div class=\"fusion-post-content\"><p> Le salon Travel Tech Asia de Singapour partagera des conseils pour maximiser les profits h\u00f4teliers et les r\u00e9servations directes. \u00c0 propos du Sommet sur les revenus et la distribution h\u00f4teli\u00e8re lors de Travel Tech Asia : L&#039;\u00e9v\u00e9nement Travel Tech Asia \u00e0 Singapour est une exposition d&#039;une journ\u00e9e qui r\u00e9unira les leaders de l&#039;industrie du voyage pour partager leurs id\u00e9es et solutions innovantes pour les h\u00f4tels en Asie. Cet \u00e9v\u00e9nement se tiendra la veille du salon du voyage Asia organis\u00e9 par le m\u00eame organisme.<\/p><\/div><\/div><\/div><\/article><article id=\"portfolio-1-post-2929\" class=\"fusion-portfolio-post itb fusion-col-spacing post-2929\"><div class=\"fusion-portfolio-content-wrapper\" style=\"border:none;\"><span class=\"vcard rich-snippet-hidden\"><span class=\"fn\"><a href=\"https:\/\/www.revfine.com\/fr\/author\/revfine-com\/\" title=\"Articles par Revfine.com\" rel=\"author\">Revfine.com<\/a><\/span><\/span><span class=\"updated rich-snippet-hidden\">2026-03-04T19:12:53+01:00<\/span><div  class=\"fusion-image-wrapper\" aria-haspopup=\"true\">\n\t\t\t\t\t\t\t<a href=\"https:\/\/www.revfine.com\/fr\/page\/itb-india\/\" aria-label=\"ITB Inde | septembre 2026\">\n\t\t\t\t\t\t\t<img decoding=\"async\" width=\"1200\" height=\"628\" src=\"https:\/\/www.revfine.com\/wp-content\/uploads\/2025\/07\/ITB-India.jpg\" class=\"attachment-full size-full wp-post-image\" alt=\"ITB Inde\" \/>\t\t\t<\/a>\n\t\t\t\t\t\t\t<\/div>\n<div class=\"fusion-portfolio-content\"><h2 class=\"entry-title fusion-post-title\"><a href=\"https:\/\/www.revfine.com\/fr\/page\/itb-india\/\">ITB Inde | septembre 2026<\/a><\/h2><div class=\"fusion-post-content\"><p> Le salon du voyage ITB India \u00e0 Mumbai rassemble plus de 400 principaux leaders de l&#039;industrie du voyage et exposants internationaux pour se connecter avec le march\u00e9 indien du voyage. \u00c0 propos du salon professionnel du voyage ITB en Inde Le salon professionnel du voyage ITB en Inde est un \u00e9v\u00e9nement professionnel de trois jours \u00e0 Mumbai qui a lieu chaque ann\u00e9e. Le salon du voyage est organis\u00e9 par Messe Berlin (Singapour). Il rassemble les principaux exposants internationaux et participants du MICE, Corporate et Travel<\/p><\/div><\/div><\/div><\/article><article id=\"portfolio-1-post-2923\" class=\"fusion-portfolio-post itb fusion-col-spacing post-2923\"><div class=\"fusion-portfolio-content-wrapper\" style=\"border:none;\"><span class=\"vcard rich-snippet-hidden\"><span class=\"fn\"><a href=\"https:\/\/www.revfine.com\/fr\/author\/revfine-com\/\" title=\"Articles par Revfine.com\" rel=\"author\">Revfine.com<\/a><\/span><\/span><span class=\"updated rich-snippet-hidden\">2026-03-04T18:58:33+01:00<\/span><div  class=\"fusion-image-wrapper\" aria-haspopup=\"true\">\n\t\t\t\t\t\t\t<a href=\"https:\/\/www.revfine.com\/fr\/page\/itb-china\/\" aria-label=\"ITB Chine | Mai 2026\">\n\t\t\t\t\t\t\t<img decoding=\"async\" width=\"1200\" height=\"628\" src=\"https:\/\/www.revfine.com\/wp-content\/uploads\/2025\/07\/ITB-China.jpg\" class=\"attachment-full size-full wp-post-image\" alt=\"ITB Chine\" \/>\t\t\t<\/a>\n\t\t\t\t\t\t\t<\/div>\n<div class=\"fusion-portfolio-content\"><h2 class=\"entry-title fusion-post-title\"><a href=\"https:\/\/www.revfine.com\/fr\/page\/itb-china\/\">ITB Chine | Mai 2026<\/a><\/h2><div class=\"fusion-post-content\"><p> D\u00e9couvrez les derni\u00e8res tendances et marketing du tourisme dans l&#039;industrie du voyage lors de l&#039;un des plus grands \u00e9v\u00e9nements d&#039;Asie, le salon ITB China Travel Trade Show \u00e0 Shanghai. \u00c0 propos de l&#039;ITB China Travel Trade Show L&#039;ITB China Travel Trade Show \u00e0 Shanghai est un \u00e9v\u00e9nement B2B de 3 jours et l&#039;une des expositions les plus importantes de l&#039;ann\u00e9e exclusivement ax\u00e9e sur le march\u00e9 chinois du voyage. Ce salon rassemble plus de 800 top acheteurs<\/p><\/div><\/div><\/div><\/article><article id=\"portfolio-1-post-2704\" class=\"fusion-portfolio-post itb fusion-col-spacing post-2704\"><div class=\"fusion-portfolio-content-wrapper\" style=\"border:none;\"><span class=\"vcard rich-snippet-hidden\"><span class=\"fn\"><a href=\"https:\/\/www.revfine.com\/fr\/author\/revfine-com\/\" title=\"Articles par Revfine.com\" rel=\"author\">Revfine.com<\/a><\/span><\/span><span class=\"updated rich-snippet-hidden\">21\/03\/2025 \u00e0 11:29:00<\/span><div  class=\"fusion-image-wrapper\" aria-haspopup=\"true\">\n\t\t\t\t\t\t\t<a href=\"https:\/\/www.revfine.com\/fr\/page\/itb-berlin\/\" aria-label=\"Convention ITB de Berlin | Mars 2026\">\n\t\t\t\t\t\t\t<img decoding=\"async\" width=\"1200\" height=\"628\" src=\"https:\/\/www.revfine.com\/wp-content\/uploads\/2025\/07\/ITB-Berlin.jpg\" class=\"attachment-full size-full wp-post-image\" alt=\"ITB Berlin - Salon du voyage itb Berlin\" \/>\t\t\t<\/a>\n\t\t\t\t\t\t\t<\/div>\n<div class=\"fusion-portfolio-content\"><h2 class=\"entry-title fusion-post-title\"><a href=\"https:\/\/www.revfine.com\/fr\/page\/itb-berlin\/\">Convention ITB de Berlin | Mars 2026<\/a><\/h2><div class=\"fusion-post-content\"><p> Le salon mondial du voyage ITB Berlin en Allemagne offrira un aper\u00e7u approfondi des derni\u00e8res tendances touristiques dans l&#039;industrie du voyage. \u00c0 propos du salon du voyage ITB Berlin Chaque ann\u00e9e en mars, le salon du voyage ITB Berlin en Allemagne rassemble plus de 10 000 exposants de 180 pays pour pr\u00e9senter leurs produits et services les plus innovants dans l&#039;industrie du voyage. ITB Berlin est en fait le plus grand voyage au monde<\/p><\/div><\/div><\/div><\/article><\/div><\/div><div class=\"fusion-clearfix\"><\/div><\/div><\/div><\/div><\/div><\/p>","protected":false},"excerpt":{"rendered":"","protected":false},"author":1,"featured_media":0,"parent":0,"menu_order":0,"comment_status":"closed","ping_status":"closed","template":"","meta":{"footnotes":""},"class_list":["post-3776","page","type-page","status-publish","hentry"],"yoast_head":"<!-- This site is optimized with the Yoast SEO plugin v27.3 - https:\/\/yoast.com\/product\/yoast-seo-wordpress\/ -->\n<title>ITB Travel Trade Show | Overview of All ITB Events<\/title>\n<meta name=\"description\" content=\"The ITB travel trade shows are one of the world\u2019s leading travel events. Here you find an overview of all ITB events including event information.\" \/>\n<meta name=\"robots\" content=\"index, follow, max-snippet:-1, max-image-preview:large, max-video-preview:-1\" \/>\n<link rel=\"canonical\" href=\"https:\/\/www.revfine.com\/fr\/cest\/\" \/>\n<meta property=\"og:locale\" content=\"fr_FR\" \/>\n<meta property=\"og:type\" content=\"article\" \/>\n<meta property=\"og:title\" content=\"ITB Travel Trade Show | Overview of All ITB Events\" \/>\n<meta property=\"og:description\" content=\"The ITB travel trade shows are one of the world\u2019s leading travel events. Here you find an overview of all ITB events including event information.\" \/>\n<meta property=\"og:url\" content=\"https:\/\/www.revfine.com\/fr\/cest\/\" \/>\n<meta property=\"og:site_name\" content=\"Revfine.com\" \/>\n<meta property=\"article:modified_time\" content=\"2019-12-11T16:40:21+00:00\" \/>\n<meta property=\"og:image\" content=\"https:\/\/www.revfine.com\/wp-content\/uploads\/ITB-Travel-Trade-Show.jpg\" \/>\n\t<meta property=\"og:image:width\" content=\"1000\" \/>\n\t<meta property=\"og:image:height\" content=\"516\" \/>\n\t<meta property=\"og:image:type\" content=\"image\/jpeg\" \/>\n<meta name=\"twitter:card\" content=\"summary_large_image\" \/>\n<meta name=\"twitter:label1\" content=\"Dur\u00e9e de lecture estim\u00e9e\" \/>\n\t<meta name=\"twitter:data1\" content=\"8 minutes\" \/>\n<script type=\"application\/ld+json\" class=\"yoast-schema-graph\">{\"@context\":\"https:\\\/\\\/schema.org\",\"@graph\":[{\"@type\":\"WebPage\",\"@id\":\"https:\\\/\\\/www.revfine.com\\\/itb\\\/\",\"url\":\"https:\\\/\\\/www.revfine.com\\\/itb\\\/\",\"name\":\"ITB Travel Trade Show | Overview of All ITB Events\",\"isPartOf\":{\"@id\":\"https:\\\/\\\/www.revfine.com\\\/pt\\\/#website\"},\"datePublished\":\"2019-12-02T08:11:55+00:00\",\"dateModified\":\"2019-12-11T16:40:21+00:00\",\"description\":\"The ITB travel trade shows are one of the world\u2019s leading travel events. Here you find an overview of all ITB events including event information.\",\"breadcrumb\":{\"@id\":\"https:\\\/\\\/www.revfine.com\\\/itb\\\/#breadcrumb\"},\"inLanguage\":\"fr-FR\",\"potentialAction\":[{\"@type\":\"ReadAction\",\"target\":[\"https:\\\/\\\/www.revfine.com\\\/itb\\\/\"]}]},{\"@type\":\"BreadcrumbList\",\"@id\":\"https:\\\/\\\/www.revfine.com\\\/itb\\\/#breadcrumb\",\"itemListElement\":[{\"@type\":\"ListItem\",\"position\":1,\"name\":\"Home\",\"item\":\"https:\\\/\\\/www.revfine.com\\\/\"},{\"@type\":\"ListItem\",\"position\":2,\"name\":\"ITB\"}]},{\"@type\":\"WebSite\",\"@id\":\"https:\\\/\\\/www.revfine.com\\\/pt\\\/#website\",\"url\":\"https:\\\/\\\/www.revfine.com\\\/pt\\\/\",\"name\":\"Revfine.com\",\"description\":\"Optimising Revenue\",\"potentialAction\":[{\"@type\":\"SearchAction\",\"target\":{\"@type\":\"EntryPoint\",\"urlTemplate\":\"https:\\\/\\\/www.revfine.com\\\/pt\\\/?s={search_term_string}\"},\"query-input\":{\"@type\":\"PropertyValueSpecification\",\"valueRequired\":true,\"valueName\":\"search_term_string\"}}],\"inLanguage\":\"fr-FR\"}]}<\/script>\n<!-- \/ Yoast SEO plugin. -->","yoast_head_json":{"title":"Salon professionnel du voyage ITB | Aper\u00e7u de tous les \u00e9v\u00e9nements ITB","description":"Les salons professionnels du voyage ITB sont l&#039;un des principaux \u00e9v\u00e9nements de voyage au monde. Vous trouverez ici un aper\u00e7u de tous les \u00e9v\u00e9nements ITB, y compris des informations sur les \u00e9v\u00e9nements.","robots":{"index":"index","follow":"follow","max-snippet":"max-snippet:-1","max-image-preview":"max-image-preview:large","max-video-preview":"max-video-preview:-1"},"canonical":"https:\/\/www.revfine.com\/fr\/cest\/","og_locale":"fr_FR","og_type":"article","og_title":"ITB Travel Trade Show | Overview of All ITB Events","og_description":"The ITB travel trade shows are one of the world\u2019s leading travel events. Here you find an overview of all ITB events including event information.","og_url":"https:\/\/www.revfine.com\/fr\/cest\/","og_site_name":"Revfine.com","article_modified_time":"2019-12-11T16:40:21+00:00","og_image":[{"width":1000,"height":516,"url":"https:\/\/www.revfine.com\/wp-content\/uploads\/ITB-Travel-Trade-Show.jpg","type":"image\/jpeg"}],"twitter_card":"summary_large_image","twitter_misc":{"Dur\u00e9e de lecture estim\u00e9e":"8 minutes"},"schema":{"@context":"https:\/\/schema.org","@graph":[{"@type":"WebPage","@id":"https:\/\/www.revfine.com\/itb\/","url":"https:\/\/www.revfine.com\/itb\/","name":"Salon professionnel du voyage ITB | Aper\u00e7u de tous les \u00e9v\u00e9nements ITB","isPartOf":{"@id":"https:\/\/www.revfine.com\/pt\/#website"},"datePublished":"2019-12-02T08:11:55+00:00","dateModified":"2019-12-11T16:40:21+00:00","description":"Les salons professionnels du voyage ITB sont l&#039;un des principaux \u00e9v\u00e9nements de voyage au monde. Vous trouverez ici un aper\u00e7u de tous les \u00e9v\u00e9nements ITB, y compris des informations sur les \u00e9v\u00e9nements.","breadcrumb":{"@id":"https:\/\/www.revfine.com\/itb\/#breadcrumb"},"inLanguage":"fr-FR","potentialAction":[{"@type":"ReadAction","target":["https:\/\/www.revfine.com\/itb\/"]}]},{"@type":"BreadcrumbList","@id":"https:\/\/www.revfine.com\/itb\/#breadcrumb","itemListElement":[{"@type":"ListItem","position":1,"name":"Home","item":"https:\/\/www.revfine.com\/"},{"@type":"ListItem","position":2,"name":"ITB"}]},{"@type":"WebSite","@id":"https:\/\/www.revfine.com\/pt\/#website","url":"https:\/\/www.revfine.com\/pt\/","name":"Revfine.com","description":"Optimiser les revenus","potentialAction":[{"@type":"SearchAction","target":{"@type":"EntryPoint","urlTemplate":"https:\/\/www.revfine.com\/pt\/?s={search_term_string}"},"query-input":{"@type":"PropertyValueSpecification","valueRequired":true,"valueName":"search_term_string"}}],"inLanguage":"fr-FR"}]}},"_links":{"self":[{"href":"https:\/\/www.revfine.com\/fr\/wp-json\/wp\/v2\/pages\/3776","targetHints":{"allow":["GET"]}}],"collection":[{"href":"https:\/\/www.revfine.com\/fr\/wp-json\/wp\/v2\/pages"}],"about":[{"href":"https:\/\/www.revfine.com\/fr\/wp-json\/wp\/v2\/types\/page"}],"author":[{"embeddable":true,"href":"https:\/\/www.revfine.com\/fr\/wp-json\/wp\/v2\/users\/1"}],"replies":[{"embeddable":true,"href":"https:\/\/www.revfine.com\/fr\/wp-json\/wp\/v2\/comments?post=3776"}],"version-history":[{"count":0,"href":"https:\/\/www.revfine.com\/fr\/wp-json\/wp\/v2\/pages\/3776\/revisions"}],"wp:attachment":[{"href":"https:\/\/www.revfine.com\/fr\/wp-json\/wp\/v2\/media?parent=3776"}],"curies":[{"name":"wp","href":"https:\/\/api.w.org\/{rel}","templated":true}]}}