{"id":4967,"date":"2020-02-08T14:50:39","date_gmt":"2020-02-08T13:50:39","guid":{"rendered":"https:\/\/revfine.com\/?page_id=4967"},"modified":"2020-02-10T10:48:55","modified_gmt":"2020-02-10T09:48:55","slug":"flux-rss","status":"publish","type":"page","link":"https:\/\/www.revfine.com\/fr\/rss-feeds\/","title":{"rendered":"Flux RSS"},"content":{"rendered":"<h2><span style=\"font-size: 22pt;\">Flux RSS de Revfine.com<\/span><\/h2>\n<p>Revfine.com propose les flux RSS suivants\u00a0:<\/p>\n<p><span style=\"color: #212121;\"><a style=\"color: #212121;\" href=\"https:\/\/www.revfine.com\/fr\/all\/feed\/\" target=\"_blank\" rel=\"noopener noreferrer\"><strong>Tout le contenu<\/strong><\/a><\/span><\/p>\n<p><span style=\"color: #212121;\"><a style=\"color: #212121;\" href=\"https:\/\/www.revfine.com\/fr\/category\/hotel-blog\/feed\/\" target=\"_blank\" rel=\"noopener noreferrer\"><strong>Tous les conseils sur l&#039;h\u00f4tellerie et l&#039;hospitalit\u00e9<\/strong><\/a><\/span><\/p>\n<ul>\n<li><span style=\"color: #212121;\"><a style=\"color: #212121;\" href=\"https:\/\/www.revfine.com\/fr\/category\/hotel-blog\/commercialisation\/feed\/\" target=\"_blank\" rel=\"noopener noreferrer\">Conseils de marketing et de distribution<\/a><\/span><\/li>\n<li><span style=\"color: #212121;\"><a style=\"color: #212121;\" href=\"https:\/\/www.revfine.com\/fr\/category\/hotel-blog\/la-gestion-des-recettes\/feed\/\" target=\"_blank\" rel=\"noopener noreferrer\">Conseils de gestion des revenus<\/a><\/span><\/li>\n<li><span style=\"color: #212121;\"><a style=\"color: #212121;\" href=\"https:\/\/www.revfine.com\/fr\/category\/hotel-blog\/technology\/feed\/\" target=\"_blank\" rel=\"noopener noreferrer\">Conseils technologiques<\/a><\/span><\/li>\n<li><span style=\"color: #212121;\"><a style=\"color: #212121;\" href=\"https:\/\/www.revfine.com\/fr\/category\/hotel-blog\/software\/feed\/\" target=\"_blank\" rel=\"noopener noreferrer\">Conseils logiciels<\/a><\/span><\/li>\n<\/ul>\n<p><span style=\"color: #212121;\"><a style=\"color: #212121;\" href=\"https:\/\/www.revfine.com\/fr\/category\/voyager\/feed\/\" target=\"_blank\" rel=\"noopener noreferrer\"><strong>Tous les conseils de voyage et de tourisme<\/strong><\/a><\/span><\/p>\n<ul>\n<li><span style=\"color: #212121;\"><a style=\"color: #212121;\" href=\"https:\/\/www.revfine.com\/fr\/category\/voyager\/voyage-marketing\/feed\/\" target=\"_blank\" rel=\"noopener noreferrer\">Conseils de marketing et de distribution<\/a><\/span><\/li>\n<li><span style=\"color: #212121;\"><a style=\"color: #212121;\" href=\"https:\/\/www.revfine.com\/fr\/category\/voyager\/travel-technology\/feed\/\" target=\"_blank\" rel=\"noopener noreferrer\">Conseils sur la technologie et les logiciels<\/a><\/span><\/li>\n<\/ul>","protected":false},"excerpt":{"rendered":"<p>Flux RSS de Revfine.com Revfine.com propose les flux RSS suivants : Tout le contenu Tous les conseils sur l&#039;h\u00f4tellerie et l&#039;accueil Conseils sur le marketing et la distribution Conseils sur la gestion des revenus Conseils sur la technologie Conseils sur les logiciels Tous les conseils sur les voyages et le tourisme Conseils sur le marketing et la distribution Conseils sur la technologie et les logiciels<\/p>","protected":false},"author":1,"featured_media":4986,"parent":0,"menu_order":0,"comment_status":"closed","ping_status":"closed","template":"","meta":{"footnotes":""},"class_list":["post-4967","page","type-page","status-publish","has-post-thumbnail","hentry"],"yoast_head":"<!-- This site is optimized with the Yoast SEO plugin v27.3 - https:\/\/yoast.com\/product\/yoast-seo-wordpress\/ -->\n<title>RSS Feeds | Hotel, Hospitality, Travel and Tourism Industry<\/title>\n<meta name=\"description\" content=\"Receive hotel, hospitality and travel industry information via our RSS feeds. We provide you with the latest marketing, technology &amp; revenue management tips\" \/>\n<meta name=\"robots\" content=\"index, follow, max-snippet:-1, max-image-preview:large, max-video-preview:-1\" \/>\n<link rel=\"canonical\" href=\"https:\/\/www.revfine.com\/fr\/flux-rss\/\" \/>\n<meta property=\"og:locale\" content=\"fr_FR\" \/>\n<meta property=\"og:type\" content=\"article\" \/>\n<meta property=\"og:title\" content=\"RSS Feeds | Hotel, Hospitality, Travel and Tourism Industry\" \/>\n<meta property=\"og:description\" content=\"Receive hotel, hospitality and travel industry information via our RSS feeds. We provide you with the latest marketing, technology &amp; revenue management tips\" \/>\n<meta property=\"og:url\" content=\"https:\/\/www.revfine.com\/fr\/flux-rss\/\" \/>\n<meta property=\"og:site_name\" content=\"Revfine.com\" \/>\n<meta property=\"article:modified_time\" content=\"2020-02-10T09:48:55+00:00\" \/>\n<meta property=\"og:image\" content=\"https:\/\/www.revfine.com\/wp-content\/uploads\/RSS-feeds-Hotel-industry-Hospitality-Industry-Travel-Industry-Tourism-Industry.png\" \/>\n\t<meta property=\"og:image:width\" content=\"1000\" \/>\n\t<meta property=\"og:image:height\" content=\"516\" \/>\n\t<meta property=\"og:image:type\" content=\"image\/png\" \/>\n<meta name=\"twitter:card\" content=\"summary_large_image\" \/>\n<script type=\"application\/ld+json\" class=\"yoast-schema-graph\">{\"@context\":\"https:\\\/\\\/schema.org\",\"@graph\":[{\"@type\":\"WebPage\",\"@id\":\"https:\\\/\\\/www.revfine.com\\\/rss-feeds\\\/\",\"url\":\"https:\\\/\\\/www.revfine.com\\\/rss-feeds\\\/\",\"name\":\"RSS Feeds | Hotel, Hospitality, Travel and Tourism Industry\",\"isPartOf\":{\"@id\":\"https:\\\/\\\/www.revfine.com\\\/pt\\\/#website\"},\"primaryImageOfPage\":{\"@id\":\"https:\\\/\\\/www.revfine.com\\\/rss-feeds\\\/#primaryimage\"},\"image\":{\"@id\":\"https:\\\/\\\/www.revfine.com\\\/rss-feeds\\\/#primaryimage\"},\"thumbnailUrl\":\"https:\\\/\\\/www.revfine.com\\\/wp-content\\\/uploads\\\/2025\\\/07\\\/RSS-feeds-Hotel-industry-Hospitality-Industry-Travel-Industry-Tourism-Industry.png\",\"datePublished\":\"2020-02-08T13:50:39+00:00\",\"dateModified\":\"2020-02-10T09:48:55+00:00\",\"description\":\"Receive hotel, hospitality and travel industry information via our RSS feeds. We provide you with the latest marketing, technology & revenue management tips\",\"breadcrumb\":{\"@id\":\"https:\\\/\\\/www.revfine.com\\\/rss-feeds\\\/#breadcrumb\"},\"inLanguage\":\"fr-FR\",\"potentialAction\":[{\"@type\":\"ReadAction\",\"target\":[\"https:\\\/\\\/www.revfine.com\\\/rss-feeds\\\/\"]}]},{\"@type\":\"ImageObject\",\"inLanguage\":\"fr-FR\",\"@id\":\"https:\\\/\\\/www.revfine.com\\\/rss-feeds\\\/#primaryimage\",\"url\":\"https:\\\/\\\/www.revfine.com\\\/wp-content\\\/uploads\\\/2025\\\/07\\\/RSS-feeds-Hotel-industry-Hospitality-Industry-Travel-Industry-Tourism-Industry.png\",\"contentUrl\":\"https:\\\/\\\/www.revfine.com\\\/wp-content\\\/uploads\\\/2025\\\/07\\\/RSS-feeds-Hotel-industry-Hospitality-Industry-Travel-Industry-Tourism-Industry.png\",\"width\":1000,\"height\":516,\"caption\":\"RSS feeds - Hotel industry - Hospitality Industry - Travel Industry - Tourism Industry\"},{\"@type\":\"BreadcrumbList\",\"@id\":\"https:\\\/\\\/www.revfine.com\\\/rss-feeds\\\/#breadcrumb\",\"itemListElement\":[{\"@type\":\"ListItem\",\"position\":1,\"name\":\"Home\",\"item\":\"https:\\\/\\\/www.revfine.com\\\/\"},{\"@type\":\"ListItem\",\"position\":2,\"name\":\"RSS Feeds\"}]},{\"@type\":\"WebSite\",\"@id\":\"https:\\\/\\\/www.revfine.com\\\/pt\\\/#website\",\"url\":\"https:\\\/\\\/www.revfine.com\\\/pt\\\/\",\"name\":\"Revfine.com\",\"description\":\"Optimising Revenue\",\"potentialAction\":[{\"@type\":\"SearchAction\",\"target\":{\"@type\":\"EntryPoint\",\"urlTemplate\":\"https:\\\/\\\/www.revfine.com\\\/pt\\\/?s={search_term_string}\"},\"query-input\":{\"@type\":\"PropertyValueSpecification\",\"valueRequired\":true,\"valueName\":\"search_term_string\"}}],\"inLanguage\":\"fr-FR\"}]}<\/script>\n<!-- \/ Yoast SEO plugin. -->","yoast_head_json":{"title":"Flux RSS | Industrie de l&#039;h\u00f4tellerie, de l&#039;accueil, des voyages et du tourisme","description":"Recevez des informations sur l&#039;h\u00f4tellerie, l&#039;h\u00f4tellerie et l&#039;industrie du voyage via nos flux RSS. Nous vous fournissons les derniers conseils en mati\u00e8re de marketing, de technologie et de gestion des revenus","robots":{"index":"index","follow":"follow","max-snippet":"max-snippet:-1","max-image-preview":"max-image-preview:large","max-video-preview":"max-video-preview:-1"},"canonical":"https:\/\/www.revfine.com\/fr\/flux-rss\/","og_locale":"fr_FR","og_type":"article","og_title":"RSS Feeds | Hotel, Hospitality, Travel and Tourism Industry","og_description":"Receive hotel, hospitality and travel industry information via our RSS feeds. We provide you with the latest marketing, technology & revenue management tips","og_url":"https:\/\/www.revfine.com\/fr\/flux-rss\/","og_site_name":"Revfine.com","article_modified_time":"2020-02-10T09:48:55+00:00","og_image":[{"width":1000,"height":516,"url":"https:\/\/www.revfine.com\/wp-content\/uploads\/RSS-feeds-Hotel-industry-Hospitality-Industry-Travel-Industry-Tourism-Industry.png","type":"image\/png"}],"twitter_card":"summary_large_image","schema":{"@context":"https:\/\/schema.org","@graph":[{"@type":"WebPage","@id":"https:\/\/www.revfine.com\/rss-feeds\/","url":"https:\/\/www.revfine.com\/rss-feeds\/","name":"Flux RSS | Industrie de l&#039;h\u00f4tellerie, de l&#039;accueil, des voyages et du tourisme","isPartOf":{"@id":"https:\/\/www.revfine.com\/pt\/#website"},"primaryImageOfPage":{"@id":"https:\/\/www.revfine.com\/rss-feeds\/#primaryimage"},"image":{"@id":"https:\/\/www.revfine.com\/rss-feeds\/#primaryimage"},"thumbnailUrl":"https:\/\/www.revfine.com\/wp-content\/uploads\/2025\/07\/RSS-feeds-Hotel-industry-Hospitality-Industry-Travel-Industry-Tourism-Industry.png","datePublished":"2020-02-08T13:50:39+00:00","dateModified":"2020-02-10T09:48:55+00:00","description":"Recevez des informations sur l&#039;h\u00f4tellerie, l&#039;h\u00f4tellerie et l&#039;industrie du voyage via nos flux RSS. Nous vous fournissons les derniers conseils en mati\u00e8re de marketing, de technologie et de gestion des revenus","breadcrumb":{"@id":"https:\/\/www.revfine.com\/rss-feeds\/#breadcrumb"},"inLanguage":"fr-FR","potentialAction":[{"@type":"ReadAction","target":["https:\/\/www.revfine.com\/rss-feeds\/"]}]},{"@type":"ImageObject","inLanguage":"fr-FR","@id":"https:\/\/www.revfine.com\/rss-feeds\/#primaryimage","url":"https:\/\/www.revfine.com\/wp-content\/uploads\/2025\/07\/RSS-feeds-Hotel-industry-Hospitality-Industry-Travel-Industry-Tourism-Industry.png","contentUrl":"https:\/\/www.revfine.com\/wp-content\/uploads\/2025\/07\/RSS-feeds-Hotel-industry-Hospitality-Industry-Travel-Industry-Tourism-Industry.png","width":1000,"height":516,"caption":"RSS feeds - Hotel industry - Hospitality Industry - Travel Industry - Tourism Industry"},{"@type":"BreadcrumbList","@id":"https:\/\/www.revfine.com\/rss-feeds\/#breadcrumb","itemListElement":[{"@type":"ListItem","position":1,"name":"Home","item":"https:\/\/www.revfine.com\/"},{"@type":"ListItem","position":2,"name":"RSS Feeds"}]},{"@type":"WebSite","@id":"https:\/\/www.revfine.com\/pt\/#website","url":"https:\/\/www.revfine.com\/pt\/","name":"Revfine.com","description":"Optimiser les revenus","potentialAction":[{"@type":"SearchAction","target":{"@type":"EntryPoint","urlTemplate":"https:\/\/www.revfine.com\/pt\/?s={search_term_string}"},"query-input":{"@type":"PropertyValueSpecification","valueRequired":true,"valueName":"search_term_string"}}],"inLanguage":"fr-FR"}]}},"_links":{"self":[{"href":"https:\/\/www.revfine.com\/fr\/wp-json\/wp\/v2\/pages\/4967","targetHints":{"allow":["GET"]}}],"collection":[{"href":"https:\/\/www.revfine.com\/fr\/wp-json\/wp\/v2\/pages"}],"about":[{"href":"https:\/\/www.revfine.com\/fr\/wp-json\/wp\/v2\/types\/page"}],"author":[{"embeddable":true,"href":"https:\/\/www.revfine.com\/fr\/wp-json\/wp\/v2\/users\/1"}],"replies":[{"embeddable":true,"href":"https:\/\/www.revfine.com\/fr\/wp-json\/wp\/v2\/comments?post=4967"}],"version-history":[{"count":0,"href":"https:\/\/www.revfine.com\/fr\/wp-json\/wp\/v2\/pages\/4967\/revisions"}],"wp:featuredmedia":[{"embeddable":true,"href":"https:\/\/www.revfine.com\/fr\/wp-json\/wp\/v2\/media\/4986"}],"wp:attachment":[{"href":"https:\/\/www.revfine.com\/fr\/wp-json\/wp\/v2\/media?parent=4967"}],"curies":[{"name":"wp","href":"https:\/\/api.w.org\/{rel}","templated":true}]}}