{"id":8632,"date":"2020-09-14T14:09:22","date_gmt":"2020-09-14T12:09:22","guid":{"rendered":"https:\/\/revfine.com\/?page_id=8632"},"modified":"2024-09-19T14:05:15","modified_gmt":"2024-09-19T12:05:15","slug":"information-expert-page-partenaire","status":"publish","type":"page","link":"https:\/\/www.revfine.com\/fr\/information-expert-partner-page\/","title":{"rendered":"Informations requises pour configurer votre page Expert Partner"},"content":{"rendered":"<p><div class=\"fusion-fullwidth fullwidth-box fusion-builder-row-1 nonhundred-percent-fullwidth non-hundred-percent-height-scrolling\" style=\"--awb-border-radius-top-left:0px;--awb-border-radius-top-right:0px;--awb-border-radius-bottom-right:0px;--awb-border-radius-bottom-left:0px;--awb-flex-wrap:wrap;\" ><div class=\"fusion-builder-row fusion-row\"><div class=\"fusion-layout-column fusion_builder_column fusion-builder-column-0 fusion_builder_column_1_1 1_1 fusion-one-full fusion-column-first fusion-column-last\" style=\"--awb-bg-size:cover;\"><div class=\"fusion-column-wrapper fusion-column-has-shadow fusion-flex-column-wrapper-legacy\"><div class=\"fusion-text fusion-text-1\"><p>Avec votre <span style=\"text-decoration: underline;\"><a href=\"https:\/\/www.revfine.com\/fr\/les-partenaires\/\" target=\"_blank\" rel=\"noopener noreferrer\">Page Partenaire expert<\/a><\/span> sur Revfine.com, vous pr\u00e9sentez votre entreprise et votre expertise \u00e0 notre public tr\u00e8s cibl\u00e9 de professionnels de l&#039;h\u00f4tellerie et du voyage.<br \/>\nPour configurer votre Expert Partner Page, nous avons besoin des informations suivantes.<\/p>\n<h3><strong>Informations sur la soci\u00e9t\u00e9<\/strong><\/h3>\n<p><span style=\"text-decoration: underline;\">Le pitch de l&#039;entreprise<\/span>:Que r\u00e9solvez-vous ? (max. 300 caract\u00e8res, espaces compris)<br \/>\n<span style=\"text-decoration: underline;\">URL<\/span>: Lien vers le site Web de votre entreprise et les canaux de m\u00e9dias sociaux<br \/>\n<span style=\"text-decoration: underline;\">Vid\u00e9o<\/span>:1 lien vid\u00e9o YouTube ou Vimeo. De pr\u00e9f\u00e9rence une vid\u00e9o informative sur vos services ou une pr\u00e9sentation de votre entreprise<br \/>\n<span style=\"text-decoration: underline;\">\u00c0 propos de votre entreprise<\/span>:Parlez de votre entreprise et des services que vous proposez (max. 550 caract\u00e8res, espaces compris)<\/p>\n<h3><strong>Images<\/strong><\/h3>\n<p><span style=\"text-decoration: underline;\">Logo<\/span>:Veuillez nous fournir un logo haute r\u00e9solution<br \/>\n<span style=\"text-decoration: underline;\"><a href=\"https:\/\/www.revfine.com\/fr\/page\/oaky\/\" target=\"_blank\" rel=\"noopener noreferrer\">Image d&#039;en-t\u00eate<\/a><\/span>: format Jpeg ou PNG. Taille 1920x430px. L&#039;en-t\u00eate sera affich\u00e9 en noir et blanc<br \/>\n<span style=\"text-decoration: underline;\"><a href=\"https:\/\/www.revfine.com\/fr\/les-partenaires\/\" target=\"_blank\" rel=\"noopener noreferrer\">L&#039;image s\u00e9lectionn\u00e9e<\/a><\/span>: format Jpeg ou PNG. Taille 1200x628px. Conseil : Personnalisez votre entreprise en mettant en valeur votre \u00e9quipe ou en mettant en avant votre service<\/p>\n<p>&gt; <strong>Veuillez ne pas ajouter votre nom de marque ou votre logo dans les images<\/strong>. Nous nous assurons que votre nom de marque et votre logo seront visibles.<br \/>\n&gt; <strong>Pas d&#039;image appropri\u00e9e\u00a0?<\/strong> Ne vous inqui\u00e9tez pas, nous s\u00e9lectionnerons pour vous une image belle et pertinente !<\/p>\n<h3><strong>Exemples de Pages Partenaires Experts\u00a0:<\/strong><\/h3>\n<\/div><div class=\"fusion-clearfix\"><\/div><\/div><\/div><\/div><\/div><div class=\"fusion-fullwidth fullwidth-box fusion-builder-row-2 nonhundred-percent-fullwidth non-hundred-percent-height-scrolling\" style=\"--awb-border-radius-top-left:0px;--awb-border-radius-top-right:0px;--awb-border-radius-bottom-right:0px;--awb-border-radius-bottom-left:0px;--awb-margin-bottom:-100px;--awb-flex-wrap:wrap;\" ><div class=\"fusion-builder-row fusion-row\"><div class=\"fusion-layout-column fusion_builder_column fusion-builder-column-1 fusion_builder_column_1_1 1_1 fusion-one-full fusion-column-first fusion-column-last\" style=\"--awb-bg-size:cover;\"><div class=\"fusion-column-wrapper fusion-column-has-shadow fusion-flex-column-wrapper-legacy\"><div class=\"fusion-recent-works fusion-portfolio-element fusion-portfolio fusion-portfolio-1 fusion-portfolio-carousel fusion-portfolio-paging-pagination recent-works-carousel portfolio-carousel picture-size-auto\" data-id=\"-rw-1\"><div class=\"awb-carousel awb-swiper awb-swiper-carousel\" style=\"--awb-columns:3;\" data-autoplay=\"yes\" data-columns=\"3\" data-itemmargin=\"25\" data-itemwidth=\"180\" data-touchscroll=\"no\" data-imagesize=\"auto\"><div class=\"swiper-wrapper\"><div class=\"swiper-slide\"><div class=\"fusion-carousel-item-wrapper\"><span class=\"entry-title rich-snippet-hidden\">Juyo Analytics<\/span><span class=\"vcard rich-snippet-hidden\"><span class=\"fn\"><a href=\"https:\/\/www.revfine.com\/fr\/author\/revfine-com\/\" title=\"Articles par Revfine.com\" rel=\"author\">Revfine.com<\/a><\/span><\/span><span class=\"updated rich-snippet-hidden\">2026-02-24T09:58:40+01:00<\/span><div  class=\"fusion-image-wrapper\" aria-haspopup=\"true\">\n\t\t\t\t\t\t\t<a href=\"https:\/\/www.revfine.com\/fr\/page\/juyo-analytics\/\" aria-label=\"Juyo Analytics\">\n\t\t\t\t\t\t\t<img decoding=\"async\" width=\"1200\" height=\"628\" src=\"https:\/\/www.revfine.com\/wp-content\/uploads\/2024\/02\/Juyo-Analytics-Featured-image-version-1.jpg\" class=\"attachment-full size-full wp-post-image\" alt=\"Juyo Analytics\" \/>\t\t\t<\/a>\n\t\t\t\t\t\t\t<\/div>\n<\/div><\/div><div class=\"swiper-slide\"><div class=\"fusion-carousel-item-wrapper\"><span class=\"entry-title rich-snippet-hidden\">Ruelle<\/span><span class=\"vcard rich-snippet-hidden\"><span class=\"fn\"><a href=\"https:\/\/www.revfine.com\/fr\/author\/revfine-com\/\" title=\"Articles par Revfine.com\" rel=\"author\">Revfine.com<\/a><\/span><\/span><span class=\"updated rich-snippet-hidden\">2024-07-12T14:13:59+02:00<\/span><div  class=\"fusion-image-wrapper\" aria-haspopup=\"true\">\n\t\t\t\t\t\t\t<a href=\"https:\/\/www.revfine.com\/fr\/page\/mews\/\" aria-label=\"Ruelle\">\n\t\t\t\t\t\t\t<img decoding=\"async\" width=\"1200\" height=\"628\" src=\"https:\/\/www.revfine.com\/wp-content\/uploads\/2023\/09\/Mews-The-Hospitality-System-of-The-Future.jpg\" class=\"attachment-full size-full wp-post-image\" alt=\"Mews - Le syst\u00e8me h\u00f4telier du futur\" \/>\t\t\t<\/a>\n\t\t\t\t\t\t\t<\/div>\n<\/div><\/div><div class=\"swiper-slide\"><div class=\"fusion-carousel-item-wrapper\"><span class=\"entry-title rich-snippet-hidden\">Pilote d&#039;\u00e9cran<\/span><span class=\"vcard rich-snippet-hidden\"><span class=\"fn\"><a href=\"https:\/\/www.revfine.com\/fr\/author\/revfine-com\/\" title=\"Articles par Revfine.com\" rel=\"author\">Revfine.com<\/a><\/span><\/span><span class=\"updated rich-snippet-hidden\">05\/08\/2025 \u00e0 15:56:34<\/span><div  class=\"fusion-image-wrapper\" aria-haspopup=\"true\">\n\t\t\t\t\t\t\t<a href=\"https:\/\/www.revfine.com\/fr\/page\/screen-pilot\/\" aria-label=\"Pilote d&#039;\u00e9cran\">\n\t\t\t\t\t\t\t<img decoding=\"async\" width=\"1200\" height=\"628\" src=\"https:\/\/www.revfine.com\/wp-content\/uploads\/2023\/02\/Screen-Pilot-Featured-Image-2025.jpg\" class=\"attachment-full size-full wp-post-image\" alt=\"Pilote d&#039;\u00e9cran\" \/>\t\t\t<\/a>\n\t\t\t\t\t\t\t<\/div>\n<\/div><\/div><div class=\"swiper-slide\"><div class=\"fusion-carousel-item-wrapper\"><span class=\"entry-title rich-snippet-hidden\">Lits nuageux<\/span><span class=\"vcard rich-snippet-hidden\"><span class=\"fn\"><a href=\"https:\/\/www.revfine.com\/fr\/author\/revfine-com\/\" title=\"Articles par Revfine.com\" rel=\"author\">Revfine.com<\/a><\/span><\/span><span class=\"updated rich-snippet-hidden\">2025-12-18T11:29:29+01:00<\/span><div  class=\"fusion-image-wrapper\" aria-haspopup=\"true\">\n\t\t\t\t\t\t\t<a href=\"https:\/\/www.revfine.com\/fr\/page\/cloudbeds\/\" aria-label=\"Lits nuageux\">\n\t\t\t\t\t\t\t<img decoding=\"async\" width=\"1200\" height=\"628\" src=\"https:\/\/www.revfine.com\/wp-content\/uploads\/2022\/08\/Cloudbeds-Powering-the-worlds-most-ambitious-hoteliers.png\" class=\"attachment-full size-full wp-post-image\" alt=\"Cloudbeds - Au service des h\u00f4teliers les plus ambitieux du monde\" srcset=\"https:\/\/www.revfine.com\/wp-content\/uploads\/2022\/08\/Cloudbeds-Powering-the-worlds-most-ambitious-hoteliers-200x105.png 200w, https:\/\/www.revfine.com\/wp-content\/uploads\/2022\/08\/Cloudbeds-Powering-the-worlds-most-ambitious-hoteliers-400x209.png 400w, https:\/\/www.revfine.com\/wp-content\/uploads\/2022\/08\/Cloudbeds-Powering-the-worlds-most-ambitious-hoteliers-600x314.png 600w, https:\/\/www.revfine.com\/wp-content\/uploads\/2022\/08\/Cloudbeds-Powering-the-worlds-most-ambitious-hoteliers-800x419.png 800w, https:\/\/www.revfine.com\/wp-content\/uploads\/2022\/08\/Cloudbeds-Powering-the-worlds-most-ambitious-hoteliers.png 1200w\" sizes=\"(min-width: 2200px) 100vw, (min-width: 784px) 383px, (min-width: 712px) 575px, (min-width: 640px) 712px, \" \/>\t\t\t<\/a>\n\t\t\t\t\t\t\t<\/div>\n<\/div><\/div><div class=\"swiper-slide\"><div class=\"fusion-carousel-item-wrapper\"><span class=\"entry-title rich-snippet-hidden\">Cendyn<\/span><span class=\"vcard rich-snippet-hidden\"><span class=\"fn\"><a href=\"https:\/\/www.revfine.com\/fr\/author\/revfine-com\/\" title=\"Articles par Revfine.com\" rel=\"author\">Revfine.com<\/a><\/span><\/span><span class=\"updated rich-snippet-hidden\">2024-03-26T17:20:04+01:00<\/span><div  class=\"fusion-image-wrapper\" aria-haspopup=\"true\">\n\t\t\t\t\t\t\t<a href=\"https:\/\/www.revfine.com\/fr\/page\/cendyn\/\" aria-label=\"Cendyn\">\n\t\t\t\t\t\t\t<img decoding=\"async\" width=\"1200\" height=\"628\" src=\"https:\/\/www.revfine.com\/wp-content\/uploads\/2022\/03\/Cendyn-featured-version-3.png\" class=\"attachment-full size-full wp-post-image\" alt=\"\" \/>\t\t\t<\/a>\n\t\t\t\t\t\t\t<\/div>\n<\/div><\/div><div class=\"swiper-slide\"><div class=\"fusion-carousel-item-wrapper\"><span class=\"entry-title rich-snippet-hidden\">Revenue Team par Franco Grasso<\/span><span class=\"vcard rich-snippet-hidden\"><span class=\"fn\"><a href=\"https:\/\/www.revfine.com\/fr\/author\/revfine-com\/\" title=\"Articles par Revfine.com\" rel=\"author\">Revfine.com<\/a><\/span><\/span><span class=\"updated rich-snippet-hidden\">23\/02\/2025 \u00e0 22:28:18+01:00<\/span><div  class=\"fusion-image-wrapper\" aria-haspopup=\"true\">\n\t\t\t\t\t\t\t<a href=\"https:\/\/www.revfine.com\/fr\/page\/franco-grasso\/\" aria-label=\"Revenue Team par Franco Grasso\">\n\t\t\t\t\t\t\t<img decoding=\"async\" width=\"1200\" height=\"628\" src=\"https:\/\/www.revfine.com\/wp-content\/uploads\/2021\/05\/Franco-Grasso-Revenue-Management.png\" class=\"attachment-full size-full wp-post-image\" alt=\"\" \/>\t\t\t<\/a>\n\t\t\t\t\t\t\t<\/div>\n<\/div><\/div><div class=\"swiper-slide\"><div class=\"fusion-carousel-item-wrapper\"><span class=\"entry-title rich-snippet-hidden\">Atomiser<\/span><span class=\"vcard rich-snippet-hidden\"><span class=\"fn\"><a href=\"https:\/\/www.revfine.com\/fr\/author\/revfine-com\/\" title=\"Articles par Revfine.com\" rel=\"author\">Revfine.com<\/a><\/span><\/span><span class=\"updated rich-snippet-hidden\">24\/03\/2025 \u00e0 14:01:23<\/span><div  class=\"fusion-image-wrapper\" aria-haspopup=\"true\">\n\t\t\t\t\t\t\t<a href=\"https:\/\/www.revfine.com\/fr\/page\/atomize\/\" aria-label=\"Atomiser\">\n\t\t\t\t\t\t\t<img decoding=\"async\" width=\"1200\" height=\"628\" src=\"https:\/\/www.revfine.com\/wp-content\/uploads\/2021\/05\/Atomize-Revenue-Mangement-System.png\" class=\"attachment-full size-full wp-post-image\" alt=\"Atomiser le syst\u00e8me de gestion des revenus\" \/>\t\t\t<\/a>\n\t\t\t\t\t\t\t<\/div>\n<\/div><\/div><div class=\"swiper-slide\"><div class=\"fusion-carousel-item-wrapper\"><span class=\"entry-title rich-snippet-hidden\">ID\u00c9ES<\/span><span class=\"vcard rich-snippet-hidden\"><span class=\"fn\"><a href=\"https:\/\/www.revfine.com\/fr\/author\/revfine-com\/\" title=\"Articles par Revfine.com\" rel=\"author\">Revfine.com<\/a><\/span><\/span><span class=\"updated rich-snippet-hidden\">22\/09\/2024 11:40:10+02:00<\/span><div  class=\"fusion-image-wrapper\" aria-haspopup=\"true\">\n\t\t\t\t\t\t\t<a href=\"https:\/\/www.revfine.com\/fr\/page\/ideas\/\" aria-label=\"ID\u00c9ES\">\n\t\t\t\t\t\t\t<img decoding=\"async\" width=\"1200\" height=\"628\" src=\"https:\/\/www.revfine.com\/wp-content\/uploads\/2025\/07\/IDeaS-Revenue-Management-Software-and-Services.png\" class=\"attachment-full size-full wp-post-image\" alt=\"IDeaS - Logiciels et services de gestion des revenus\" \/>\t\t\t<\/a>\n\t\t\t\t\t\t\t<\/div>\n<\/div><\/div><div class=\"swiper-slide\"><div class=\"fusion-carousel-item-wrapper\"><span class=\"entry-title rich-snippet-hidden\">Bookboost<\/span><span class=\"vcard rich-snippet-hidden\"><span class=\"fn\"><a href=\"https:\/\/www.revfine.com\/fr\/author\/revfine-com\/\" title=\"Articles par Revfine.com\" rel=\"author\">Revfine.com<\/a><\/span><\/span><span class=\"updated rich-snippet-hidden\">2024-02-15T15:53:16+01:00<\/span><div  class=\"fusion-image-wrapper\" aria-haspopup=\"true\">\n\t\t\t\t\t\t\t<a href=\"https:\/\/www.revfine.com\/fr\/page\/bookboost\/\" aria-label=\"Bookboost\">\n\t\t\t\t\t\t\t<img decoding=\"async\" width=\"1200\" height=\"628\" src=\"https:\/\/www.revfine.com\/wp-content\/uploads\/2021\/05\/Hospitality-Engagement-Platform.jpg\" class=\"attachment-full size-full wp-post-image\" alt=\"Plateforme d&#039;engagement h\u00f4telier\" \/>\t\t\t<\/a>\n\t\t\t\t\t\t\t<\/div>\n<\/div><\/div><div class=\"swiper-slide\"><div class=\"fusion-carousel-item-wrapper\"><span class=\"entry-title rich-snippet-hidden\">ChambrePrixGenie<\/span><span class=\"vcard rich-snippet-hidden\"><span class=\"fn\"><a href=\"https:\/\/www.revfine.com\/fr\/author\/revfine-com\/\" title=\"Articles par Revfine.com\" rel=\"author\">Revfine.com<\/a><\/span><\/span><span class=\"updated rich-snippet-hidden\">2026-01-30T17:48:23+01:00<\/span><div  class=\"fusion-image-wrapper\" aria-haspopup=\"true\">\n\t\t\t\t\t\t\t<a href=\"https:\/\/www.revfine.com\/fr\/page\/roompricegenie\/\" aria-label=\"ChambrePrixGenie\">\n\t\t\t\t\t\t\t<img decoding=\"async\" width=\"1200\" height=\"628\" src=\"https:\/\/www.revfine.com\/wp-content\/uploads\/2021\/05\/RoomPriceGenie-Revenue-Management-System-for-Independent-Hotels-and-Groups.jpg\" class=\"attachment-full size-full wp-post-image\" alt=\"RoomPriceGenie - Syst\u00e8me de gestion des revenus pour h\u00f4tels ind\u00e9pendants et groupes\" srcset=\"https:\/\/www.revfine.com\/wp-content\/uploads\/2021\/05\/RoomPriceGenie-Revenue-Management-System-for-Independent-Hotels-and-Groups-200x105.jpg 200w, https:\/\/www.revfine.com\/wp-content\/uploads\/2021\/05\/RoomPriceGenie-Revenue-Management-System-for-Independent-Hotels-and-Groups-400x209.jpg 400w, https:\/\/www.revfine.com\/wp-content\/uploads\/2021\/05\/RoomPriceGenie-Revenue-Management-System-for-Independent-Hotels-and-Groups-600x314.jpg 600w, https:\/\/www.revfine.com\/wp-content\/uploads\/2021\/05\/RoomPriceGenie-Revenue-Management-System-for-Independent-Hotels-and-Groups-800x419.jpg 800w, https:\/\/www.revfine.com\/wp-content\/uploads\/2021\/05\/RoomPriceGenie-Revenue-Management-System-for-Independent-Hotels-and-Groups.jpg 1200w\" sizes=\"(min-width: 2200px) 100vw, (min-width: 784px) 383px, (min-width: 712px) 575px, (min-width: 640px) 712px, \" \/>\t\t\t<\/a>\n\t\t\t\t\t\t\t<\/div>\n<\/div><\/div><\/div><div class=\"awb-swiper-button awb-swiper-button-prev\"><i class=\"awb-icon-angle-left\" aria-hidden=\"true\"><\/i><\/div><div class=\"awb-swiper-button awb-swiper-button-next\"><i class=\"awb-icon-angle-right\" aria-hidden=\"true\"><\/i><\/div><\/div><\/div><div class=\"fusion-clearfix\"><\/div><\/div><\/div><\/div><\/div><\/p>","protected":false},"excerpt":{"rendered":"","protected":false},"author":1,"featured_media":0,"parent":0,"menu_order":0,"comment_status":"closed","ping_status":"closed","template":"","meta":{"footnotes":""},"class_list":["post-8632","page","type-page","status-publish","hentry"],"yoast_head":"<!-- This site is optimized with the Yoast SEO plugin v27.3 - https:\/\/yoast.com\/product\/yoast-seo-wordpress\/ -->\n<title>Required Information for Setting up Your Expert Partner Page - Revfine.com<\/title>\n<meta name=\"robots\" content=\"noindex, nofollow\" \/>\n<meta property=\"og:locale\" content=\"fr_FR\" \/>\n<meta property=\"og:type\" content=\"article\" \/>\n<meta property=\"og:title\" content=\"Required Information for Setting up Your Expert Partner Page - Revfine.com\" \/>\n<meta property=\"og:url\" content=\"https:\/\/www.revfine.com\/fr\/information-expert-page-partenaire\/\" \/>\n<meta property=\"og:site_name\" content=\"Revfine.com\" \/>\n<meta property=\"article:modified_time\" content=\"2024-09-19T12:05:15+00:00\" \/>\n<meta name=\"twitter:card\" content=\"summary_large_image\" \/>\n<meta name=\"twitter:label1\" content=\"Dur\u00e9e de lecture estim\u00e9e\" \/>\n\t<meta name=\"twitter:data1\" content=\"6 minutes\" \/>\n<script type=\"application\/ld+json\" class=\"yoast-schema-graph\">{\"@context\":\"https:\\\/\\\/schema.org\",\"@graph\":[{\"@type\":\"WebPage\",\"@id\":\"https:\\\/\\\/www.revfine.com\\\/information-expert-partner-page\\\/\",\"url\":\"https:\\\/\\\/www.revfine.com\\\/information-expert-partner-page\\\/\",\"name\":\"Required Information for Setting up Your Expert Partner Page - Revfine.com\",\"isPartOf\":{\"@id\":\"https:\\\/\\\/www.revfine.com\\\/pt\\\/#website\"},\"datePublished\":\"2020-09-14T12:09:22+00:00\",\"dateModified\":\"2024-09-19T12:05:15+00:00\",\"breadcrumb\":{\"@id\":\"https:\\\/\\\/www.revfine.com\\\/information-expert-partner-page\\\/#breadcrumb\"},\"inLanguage\":\"fr-FR\",\"potentialAction\":[{\"@type\":\"ReadAction\",\"target\":[\"https:\\\/\\\/www.revfine.com\\\/information-expert-partner-page\\\/\"]}]},{\"@type\":\"BreadcrumbList\",\"@id\":\"https:\\\/\\\/www.revfine.com\\\/information-expert-partner-page\\\/#breadcrumb\",\"itemListElement\":[{\"@type\":\"ListItem\",\"position\":1,\"name\":\"Home\",\"item\":\"https:\\\/\\\/www.revfine.com\\\/\"},{\"@type\":\"ListItem\",\"position\":2,\"name\":\"Required Information for Setting up Your Expert Partner Page\"}]},{\"@type\":\"WebSite\",\"@id\":\"https:\\\/\\\/www.revfine.com\\\/pt\\\/#website\",\"url\":\"https:\\\/\\\/www.revfine.com\\\/pt\\\/\",\"name\":\"Revfine.com\",\"description\":\"Optimising Revenue\",\"potentialAction\":[{\"@type\":\"SearchAction\",\"target\":{\"@type\":\"EntryPoint\",\"urlTemplate\":\"https:\\\/\\\/www.revfine.com\\\/pt\\\/?s={search_term_string}\"},\"query-input\":{\"@type\":\"PropertyValueSpecification\",\"valueRequired\":true,\"valueName\":\"search_term_string\"}}],\"inLanguage\":\"fr-FR\"}]}<\/script>\n<!-- \/ Yoast SEO plugin. -->","yoast_head_json":{"title":"Informations requises pour configurer votre page de partenaire expert - Revfine.com","robots":{"index":"noindex","follow":"nofollow"},"og_locale":"fr_FR","og_type":"article","og_title":"Required Information for Setting up Your Expert Partner Page - Revfine.com","og_url":"https:\/\/www.revfine.com\/fr\/information-expert-page-partenaire\/","og_site_name":"Revfine.com","article_modified_time":"2024-09-19T12:05:15+00:00","twitter_card":"summary_large_image","twitter_misc":{"Dur\u00e9e de lecture estim\u00e9e":"6 minutes"},"schema":{"@context":"https:\/\/schema.org","@graph":[{"@type":"WebPage","@id":"https:\/\/www.revfine.com\/information-expert-partner-page\/","url":"https:\/\/www.revfine.com\/information-expert-partner-page\/","name":"Informations requises pour configurer votre page de partenaire expert - Revfine.com","isPartOf":{"@id":"https:\/\/www.revfine.com\/pt\/#website"},"datePublished":"2020-09-14T12:09:22+00:00","dateModified":"2024-09-19T12:05:15+00:00","breadcrumb":{"@id":"https:\/\/www.revfine.com\/information-expert-partner-page\/#breadcrumb"},"inLanguage":"fr-FR","potentialAction":[{"@type":"ReadAction","target":["https:\/\/www.revfine.com\/information-expert-partner-page\/"]}]},{"@type":"BreadcrumbList","@id":"https:\/\/www.revfine.com\/information-expert-partner-page\/#breadcrumb","itemListElement":[{"@type":"ListItem","position":1,"name":"Home","item":"https:\/\/www.revfine.com\/"},{"@type":"ListItem","position":2,"name":"Required Information for Setting up Your Expert Partner Page"}]},{"@type":"WebSite","@id":"https:\/\/www.revfine.com\/pt\/#website","url":"https:\/\/www.revfine.com\/pt\/","name":"Revfine.com","description":"Optimiser les revenus","potentialAction":[{"@type":"SearchAction","target":{"@type":"EntryPoint","urlTemplate":"https:\/\/www.revfine.com\/pt\/?s={search_term_string}"},"query-input":{"@type":"PropertyValueSpecification","valueRequired":true,"valueName":"search_term_string"}}],"inLanguage":"fr-FR"}]}},"_links":{"self":[{"href":"https:\/\/www.revfine.com\/fr\/wp-json\/wp\/v2\/pages\/8632","targetHints":{"allow":["GET"]}}],"collection":[{"href":"https:\/\/www.revfine.com\/fr\/wp-json\/wp\/v2\/pages"}],"about":[{"href":"https:\/\/www.revfine.com\/fr\/wp-json\/wp\/v2\/types\/page"}],"author":[{"embeddable":true,"href":"https:\/\/www.revfine.com\/fr\/wp-json\/wp\/v2\/users\/1"}],"replies":[{"embeddable":true,"href":"https:\/\/www.revfine.com\/fr\/wp-json\/wp\/v2\/comments?post=8632"}],"version-history":[{"count":1,"href":"https:\/\/www.revfine.com\/fr\/wp-json\/wp\/v2\/pages\/8632\/revisions"}],"predecessor-version":[{"id":32759,"href":"https:\/\/www.revfine.com\/fr\/wp-json\/wp\/v2\/pages\/8632\/revisions\/32759"}],"wp:attachment":[{"href":"https:\/\/www.revfine.com\/fr\/wp-json\/wp\/v2\/media?parent=8632"}],"curies":[{"name":"wp","href":"https:\/\/api.w.org\/{rel}","templated":true}]}}