{"id":17254,"date":"2021-12-09T11:50:51","date_gmt":"2021-12-09T10:50:51","guid":{"rendered":"https:\/\/www.revfine.com\/?page_id=17254"},"modified":"2024-07-16T14:11:16","modified_gmt":"2024-07-16T12:11:16","slug":"ispirazione","status":"publish","type":"page","link":"https:\/\/www.revfine.com\/it\/inspiration\/","title":{"rendered":"Ispirazione dei contenuti + Guida al marketing dei contenuti"},"content":{"rendered":"<h2><span style=\"font-size: 24pt;\">Ispirazione e suggerimenti per ottimizzare i tuoi risultati<\/span><\/h2>\n<p>Gli articoli basati sulla conoscenza sono ottimi per creare consapevolezza del marchio. Le risorse gratuite sono un modo eccellente per spingere i clic e generare lead per il sito web della tua azienda.<\/p>\n<p>Di seguito troverai spunti ed esempi per pubblicare contenuti su Revfine.com.<\/p>\n<h3><span style=\"font-size: 16pt;\"><strong>1) Crea consapevolezza del marchio con gli articoli della Knowledge Base<\/strong><\/span><\/h3>\n<p><strong>Obbiettivo:<\/strong> Consapevolezza del marchio<\/p>\n<p><strong>Qualche esempio:<\/strong><\/p>\n<ul>\n<li>Affronta gli argomenti in base al profilo del tuo cliente\n<ul>\n<li>Quali sono i loro punti deboli, interessi e bisogni?<\/li>\n<li>Quali sono le loro domande durante il loro percorso di acquisto (fase di consapevolezza, considerazione, decisione)<\/li>\n<\/ul>\n<\/li>\n<li>Educa il tuo pubblico di destinazione fornendo suggerimenti, strategie o un piano<\/li>\n<li>Dimostra di essere un leader del pensiero condividendo la tua visione<\/li>\n<li>Dimostra di essere un esperto fornendo informazioni approfondite, come analisi<\/li>\n<li>Informa il tuo pubblico sugli ultimi sviluppi e tendenze nel settore<\/li>\n<li>Descrivi i vantaggi del problema che risolvi<\/li>\n<li>Crea fiducia condividendo casi d&#039;uso<\/li>\n<li>Per ulteriore ispirazione, leggi la nostra ampia guida <span style=\"text-decoration: underline; color: #212121;\"><a style=\"color: #212121; text-decoration: underline;\" href=\"#guide\">&quot;Come i fornitori di tecnologia alberghiera possono aumentare le vendite con il marketing dei contenuti&quot;<\/a><\/span><\/li>\n<\/ul>\n<p><strong>Linee guida per la pubblicazione di articoli della knowledge base:<\/strong> Assicurati che tutti i contenuti siano conformi al nostro <strong><span style=\"text-decoration: underline;\"><a href=\"https:\/\/www.revfine.com\/it\/editorial-guidelines-knowledge-base-articles\/\" target=\"_blank\" rel=\"noopener\">linee guida<\/a><\/span><\/strong> &amp; <strong><span style=\"text-decoration: underline;\"><a href=\"https:\/\/www.revfine.com\/it\/articolo-formato\/\" target=\"_blank\" rel=\"noopener\">formato dell&#039;articolo<\/a><\/span><\/strong>.<\/p>\n<h3><span style=\"font-size: 16pt;\"><strong>2) Genera contatti con risorse educative<\/strong><\/span><\/h3>\n<p><strong>Obbiettivo:<\/strong> Brand awareness e clic e lead mirati<\/p>\n<p><strong>Qualche esempio:<\/strong><\/p>\n<ul>\n<li>Ebook<\/li>\n<li>Guide<\/li>\n<li>fogli bianchi<\/li>\n<li>Rapporti<a id=\"guide\"><\/a><\/li>\n<li>Liste di controllo<\/li>\n<li>Guide per l&#039;acquirente<\/li>\n<li>Casi studio<\/li>\n<li>Corsi<\/li>\n<li>Per ulteriore ispirazione, leggi la nostra ampia guida <a href=\"https:\/\/www.revfine.com\/wp-content\/uploads\/2024\/07\/Guide-How-Hotel-Tech-Suppliers-Can-Increase-Sales-with-Content-Marketing-2.1.pdf\" target=\"_blank\" rel=\"noopener\"><span style=\"text-decoration: underline; color: #212121;\">&quot;Come i fornitori di tecnologia alberghiera possono aumentare le vendite con il marketing dei contenuti&quot;<\/span><\/a><\/li>\n<\/ul>\n<p><strong>Informazioni richieste per la pubblicazione di una risorsa:<\/strong> Per favore, assicurati che abbiamo tutto il <strong><span style=\"text-decoration: underline;\"><a href=\"https:\/\/www.revfine.com\/it\/linee-guida-ebook\/\" target=\"_blank\" rel=\"noopener\">informazioni necessarie per pubblicare la tua risorsa<\/a><\/span><\/strong><a href=\"https:\/\/www.revfine.com\/it\/linee-guida-ebook\/\">.<\/a><\/p>\n<h3><strong><span style=\"font-size: 16pt;\">3) Aumenta ulteriormente i tuoi risultati con le nostre soluzioni promozionali personalizzate<\/span><\/strong><\/h3>\n<p>Per aumentare ulteriormente la visibilit\u00e0, la notoriet\u00e0 del tuo marchio e la generazione di lead, abbiamo sviluppato diverse opportunit\u00e0 promozionali personalizzate. <span style=\"text-decoration: underline;\"><strong><a href=\"https:\/\/www.revfine.com\/customised\/\" target=\"_blank\" rel=\"noopener\">Clicca qui<\/a><\/strong><\/span> per visualizzare le possibilit\u00e0. Sentiti libero di contattarci per discutere le possibilit\u00e0.<\/p>\n<h3><strong><span style=\"font-size: 16pt;\">4) Guida &quot;Come i fornitori di tecnologia alberghiera possono aumentare le vendite con il content marketing&quot;<\/span><\/strong><\/h3>\n<p>Abbiamo scritto una guida per aiutare i fornitori di tecnologia alberghiera a ottimizzare il loro content marketing. Nella guida, imparerai come raggiungere il pubblico giusto con il contenuto giusto, calcolare, analizzare e scegliere i canali di distribuzione giusti. <a href=\"https:\/\/www.revfine.com\/wp-content\/uploads\/2024\/07\/Guide-How-Hotel-Tech-Suppliers-Can-Increase-Sales-with-Content-Marketing-2.1.pdf\" target=\"_blank\" rel=\"noopener\"><strong><span style=\"text-decoration: underline;\">Clicca qui per scaricare la guida<\/span><\/strong><\/a>.<\/p>\n<h3><span style=\"font-size: 16pt;\"><strong>Servizio di copywriting<\/strong><\/span><\/h3>\n<p>Se non hai un copywriter interno, potrebbe essere interessante esternalizzare il copywriting. Un copywriter ti consente di tradurre le tue conoscenze in storie di alta qualit\u00e0 e coinvolgenti. Storie che ti aiutano a raggiungere gli obiettivi desiderati e a far risaltare il tuo marchio. Revfine.com pu\u00f2 metterti in contatto con un copywriter specializzato in ospitalit\u00e0 e tecnologia.<\/p>","protected":false},"excerpt":{"rendered":"<p>Ispirazione e suggerimenti per ottimizzare i risultati Gli articoli basati sulla conoscenza sono ottimi per creare consapevolezza del marchio. Le risorse gratuite sono un ottimo modo per aumentare i clic e generare lead per il sito web della tua azienda. Di seguito troverai ispirazione ed esempi per pubblicare contenuti su Revfine.com. 1) Crea consapevolezza del marchio con gli articoli della Knowledge Base Obiettivo: consapevolezza del marchio Alcuni esempi: affronta argomenti basati su<\/p>","protected":false},"author":1,"featured_media":0,"parent":0,"menu_order":0,"comment_status":"closed","ping_status":"closed","template":"","meta":{"footnotes":""},"class_list":["post-17254","page","type-page","status-publish","hentry"],"yoast_head":"<!-- This site is optimized with the Yoast SEO plugin v27.3 - https:\/\/yoast.com\/product\/yoast-seo-wordpress\/ -->\n<title>Content Inspiration + Content Marketing Guide - Revfine.com<\/title>\n<meta name=\"robots\" content=\"noindex, nofollow\" \/>\n<meta property=\"og:locale\" content=\"it_IT\" \/>\n<meta property=\"og:type\" content=\"article\" \/>\n<meta property=\"og:title\" content=\"Content Inspiration + Content Marketing Guide - Revfine.com\" \/>\n<meta property=\"og:description\" content=\"Inspiration &amp; Tips To Optimize Your Results Knowledge-based articles are great for creating brand awareness. Free resources are an excellent way to push clicks and generate leads to your company website. Below, you will find inspiration and examples for publishing content on Revfine.com. 1) Create Brand Awareness with Knowledge Base Articles Goal: Brand awareness Some examples: Address topics based on\" \/>\n<meta property=\"og:url\" content=\"https:\/\/www.revfine.com\/it\/ispirazione\/\" \/>\n<meta property=\"og:site_name\" content=\"Revfine.com\" \/>\n<meta property=\"article:modified_time\" content=\"2024-07-16T12:11:16+00:00\" \/>\n<meta name=\"twitter:card\" content=\"summary_large_image\" \/>\n<meta name=\"twitter:label1\" content=\"Tempo di lettura stimato\" \/>\n\t<meta name=\"twitter:data1\" content=\"2 minuti\" \/>\n<script type=\"application\/ld+json\" class=\"yoast-schema-graph\">{\"@context\":\"https:\\\/\\\/schema.org\",\"@graph\":[{\"@type\":\"WebPage\",\"@id\":\"https:\\\/\\\/www.revfine.com\\\/inspiration\\\/\",\"url\":\"https:\\\/\\\/www.revfine.com\\\/inspiration\\\/\",\"name\":\"Content Inspiration + Content Marketing Guide - Revfine.com\",\"isPartOf\":{\"@id\":\"https:\\\/\\\/www.revfine.com\\\/pt\\\/#website\"},\"datePublished\":\"2021-12-09T10:50:51+00:00\",\"dateModified\":\"2024-07-16T12:11:16+00:00\",\"breadcrumb\":{\"@id\":\"https:\\\/\\\/www.revfine.com\\\/inspiration\\\/#breadcrumb\"},\"inLanguage\":\"it-IT\",\"potentialAction\":[{\"@type\":\"ReadAction\",\"target\":[\"https:\\\/\\\/www.revfine.com\\\/inspiration\\\/\"]}]},{\"@type\":\"BreadcrumbList\",\"@id\":\"https:\\\/\\\/www.revfine.com\\\/inspiration\\\/#breadcrumb\",\"itemListElement\":[{\"@type\":\"ListItem\",\"position\":1,\"name\":\"Home\",\"item\":\"https:\\\/\\\/www.revfine.com\\\/\"},{\"@type\":\"ListItem\",\"position\":2,\"name\":\"Content Inspiration + Content Marketing Guide\"}]},{\"@type\":\"WebSite\",\"@id\":\"https:\\\/\\\/www.revfine.com\\\/pt\\\/#website\",\"url\":\"https:\\\/\\\/www.revfine.com\\\/pt\\\/\",\"name\":\"Revfine.com\",\"description\":\"Optimising Revenue\",\"potentialAction\":[{\"@type\":\"SearchAction\",\"target\":{\"@type\":\"EntryPoint\",\"urlTemplate\":\"https:\\\/\\\/www.revfine.com\\\/pt\\\/?s={search_term_string}\"},\"query-input\":{\"@type\":\"PropertyValueSpecification\",\"valueRequired\":true,\"valueName\":\"search_term_string\"}}],\"inLanguage\":\"it-IT\"}]}<\/script>\n<!-- \/ Yoast SEO plugin. -->","yoast_head_json":{"title":"Ispirazione dei contenuti + Guida al marketing dei contenuti - Revfine.com","robots":{"index":"noindex","follow":"nofollow"},"og_locale":"it_IT","og_type":"article","og_title":"Content Inspiration + Content Marketing Guide - Revfine.com","og_description":"Inspiration &amp; Tips To Optimize Your Results Knowledge-based articles are great for creating brand awareness. Free resources are an excellent way to push clicks and generate leads to your company website. Below, you will find inspiration and examples for publishing content on Revfine.com. 1) Create Brand Awareness with Knowledge Base Articles Goal: Brand awareness Some examples: Address topics based on","og_url":"https:\/\/www.revfine.com\/it\/ispirazione\/","og_site_name":"Revfine.com","article_modified_time":"2024-07-16T12:11:16+00:00","twitter_card":"summary_large_image","twitter_misc":{"Tempo di lettura stimato":"2 minuti"},"schema":{"@context":"https:\/\/schema.org","@graph":[{"@type":"WebPage","@id":"https:\/\/www.revfine.com\/inspiration\/","url":"https:\/\/www.revfine.com\/inspiration\/","name":"Ispirazione dei contenuti + Guida al marketing dei contenuti - Revfine.com","isPartOf":{"@id":"https:\/\/www.revfine.com\/pt\/#website"},"datePublished":"2021-12-09T10:50:51+00:00","dateModified":"2024-07-16T12:11:16+00:00","breadcrumb":{"@id":"https:\/\/www.revfine.com\/inspiration\/#breadcrumb"},"inLanguage":"it-IT","potentialAction":[{"@type":"ReadAction","target":["https:\/\/www.revfine.com\/inspiration\/"]}]},{"@type":"BreadcrumbList","@id":"https:\/\/www.revfine.com\/inspiration\/#breadcrumb","itemListElement":[{"@type":"ListItem","position":1,"name":"Home","item":"https:\/\/www.revfine.com\/"},{"@type":"ListItem","position":2,"name":"Content Inspiration + Content Marketing Guide"}]},{"@type":"WebSite","@id":"https:\/\/www.revfine.com\/pt\/#website","url":"https:\/\/www.revfine.com\/pt\/","name":"Revfine.com","description":"Ottimizzazione dei ricavi","potentialAction":[{"@type":"SearchAction","target":{"@type":"EntryPoint","urlTemplate":"https:\/\/www.revfine.com\/pt\/?s={search_term_string}"},"query-input":{"@type":"PropertyValueSpecification","valueRequired":true,"valueName":"search_term_string"}}],"inLanguage":"it-IT"}]}},"_links":{"self":[{"href":"https:\/\/www.revfine.com\/it\/wp-json\/wp\/v2\/pages\/17254","targetHints":{"allow":["GET"]}}],"collection":[{"href":"https:\/\/www.revfine.com\/it\/wp-json\/wp\/v2\/pages"}],"about":[{"href":"https:\/\/www.revfine.com\/it\/wp-json\/wp\/v2\/types\/page"}],"author":[{"embeddable":true,"href":"https:\/\/www.revfine.com\/it\/wp-json\/wp\/v2\/users\/1"}],"replies":[{"embeddable":true,"href":"https:\/\/www.revfine.com\/it\/wp-json\/wp\/v2\/comments?post=17254"}],"version-history":[{"count":2,"href":"https:\/\/www.revfine.com\/it\/wp-json\/wp\/v2\/pages\/17254\/revisions"}],"predecessor-version":[{"id":32301,"href":"https:\/\/www.revfine.com\/it\/wp-json\/wp\/v2\/pages\/17254\/revisions\/32301"}],"wp:attachment":[{"href":"https:\/\/www.revfine.com\/it\/wp-json\/wp\/v2\/media?parent=17254"}],"curies":[{"name":"parola chiave","href":"https:\/\/api.w.org\/{rel}","templated":true}]}}