{"id":2499,"date":"2019-05-18T10:04:55","date_gmt":"2019-05-18T08:04:55","guid":{"rendered":"https:\/\/revfine.com\/?page_id=2499"},"modified":"2025-12-10T12:54:29","modified_gmt":"2025-12-10T11:54:29","slug":"linee-guida-editoriali-base-di-conoscenza-articoli","status":"publish","type":"page","link":"https:\/\/www.revfine.com\/it\/guidelines-articles\/","title":{"rendered":"Linee guida editoriali per gli articoli della Knowledge Base"},"content":{"rendered":"<p><em><span style=\"font-size: 14pt;\">Una partnership di content marketing \u00e8 uno sforzo congiunto tra la tua azienda e Revfine.com, che fornisce al nostro pubblico consigli pratici, le ultime tendenze e spunti interessanti, creando al contempo brand awareness per la tua azienda. Di seguito troverai le nostre linee guida e suggerimenti per aiutarti a ottenere il massimo dai tuoi articoli della knowledge base.<\/span><\/em><\/p>\n<h3><strong>Connettiti con il pubblico di Revfine.com<\/strong><\/h3>\n<p>\u00c8 importante tenere a mente il pubblico e la voce di Revfine.com quando si creano contenuti. Revfine.com attrae professionisti innovativi e influenti del settore alberghiero, dell&#039;ospitalit\u00e0 e dei viaggi, responsabili del processo decisionale all&#039;interno della propria organizzazione, come proprietari, dirigenti senior e direttori generali.<\/p>\n<h3><strong>Revfine.com e contenuti<\/strong><\/h3>\n<p>Revfine.com ispira, condivide conoscenze e fornisce consigli pratici su marketing, revenue management, tecnologia e software per ottimizzare i ricavi, innovare i processi e migliorare l&#039;esperienza del cliente. Ogni articolo fornisce soluzioni esplicative e praticabili. Questa mentalit\u00e0 si riflette nei nostri contenuti editoriali ed \u00e8 qualcosa che estendiamo ai nostri contenuti sponsorizzati.<\/p>\n<h3><strong>Linee guida Articoli della Knowledge Base<\/strong><\/h3>\n<p>In generale, cerca di informare e coinvolgere, ma non fare pubblicit\u00e0. Offrire informazioni preziose e fruibili in uno stile vivace e leggibile contribuir\u00e0 molto di pi\u00f9 alla promozione del tuo brand rispetto a un pitch di marketing tradizionale. Pi\u00f9 autentico e imparziale sar\u00e0 il tuo articolo, maggiore sar\u00e0 l&#039;impatto.<\/p>\n<p>Di seguito troverai le linee guida per scrivere un articolo della knowledge base. Assicurati che tutti gli articoli siano conformi alle nostre linee guida.<\/p>\n<ul>\n<li>Per mantenere un aspetto obiettivo dell&#039;articolo, menziona il tuo marchio <span style=\"text-decoration: underline;\">una volta<\/span> all&#039;interno dell&#039;articolo.<\/li>\n<li>L&#039;articolo dovrebbe consistere in <strong>testo unico e scritto esclusivamente<\/strong> per Revfine.com. Il tuo articolo non sar\u00e0 (parzialmente) pubblicato altrove<\/li>\n<li>Minimo di 800 parole (l&#039;avviso \u00e8 compreso tra 1000 e 2000 parole)<\/li>\n<li>\u00c8 consentito 1 collegamento esterno al sito Web della tua azienda<\/li>\n<li>Per misurare correttamente tutti i risultati, \u00e8 consentito solo il tracciamento UTM di Google all&#039;interno dell&#039;URL del sito Web aziendale<\/li>\n<li>Creazione di link interni: puoi collegarti ad altri articoli rilevanti della tua azienda su Revfine.com<\/li>\n<li>Altri collegamenti esterni devono essere pertinenti e non commerciali. Ad esempio, per eseguire il backup delle statistiche (fare riferimento alla fonte)<\/li>\n<li>Scritto in inglese<\/li>\n<li>Si prega di scrivere l&#039;articolo in <strong>\u201cseconda persona\u201d (Tu, Tuo, Tuo)<\/strong> invece della \u201cprima persona\u201d (I, We, Our)<\/li>\n<li>Introduzione all&#039;articolo: non sono ammessi collegamenti ipertestuali o nomi di marchi nel testo introduttivo \u2013 circa 60 parole.<\/li>\n<li>Conclusione dell&#039;articolo: nella conclusione non sono ammessi collegamenti ipertestuali o nomi di marchi: circa 40 parole.<\/li>\n<li>L&#039;articolo deve essere corretto e modificato per chiarezza, grammatica e ortografia!<\/li>\n<li><strong>L&#039;utilizzo del nostro formato articolo (vedi sotto)<\/strong><\/li>\n<\/ul>\n<p><span style=\"color: #d4a763; font-size: 12pt;\"><strong><span style=\"text-decoration: underline;\">Mancia!<\/span> Condividi queste linee guida e il formato dell&#039;articolo con il tuo copywriter :)<\/strong><\/span><\/p>\n<h3><strong>Formato articolo<\/strong><\/h3>\n<p>Di seguito troverai il formato dei nostri articoli e i suggerimenti per scrivere un articolo di successo per Revfine.com.<\/p>\n<h3><span style=\"font-size: 14pt;\"><strong>Titolo:<\/strong><\/span><\/h3>\n<ul>\n<li>Conciso, incisivo al punto<\/li>\n<li>Massimo 69 caratteri<\/li>\n<\/ul>\n<h3><span style=\"font-size: 14pt;\"><strong>Introduzione:<\/strong><\/span><\/h3>\n<ul>\n<li>Descrivi in dettaglio perch\u00e9 l&#039;argomento \u00e8 importante e cosa otterr\u00e0 il lettore leggendo l&#039;articolo<\/li>\n<li>Non sono consentiti collegamenti ipertestuali o nomi di marchi nel testo introduttivo<\/li>\n<li>Circa 60 parole<\/li>\n<\/ul>\n<h3><span style=\"font-size: 14pt;\"><strong>Corpo:<\/strong><\/span><\/h3>\n<ul>\n<li>Scrivi l&#039;articolo in modo positivo<\/li>\n<li>Usa un layout chiaro: usa intestazioni, sottotitoli, paragrafi, elenchi puntati ed esempi<\/li>\n<li>Rispondere a domande come: &quot;Che cosa \u00e8 importante?&quot;, &quot;Perch\u00e9 \u00e8 importante?&quot; e &quot;Come?&quot;. Cosa pu\u00f2 ottenere il lettore? (Preferibilmente consigli pratici).<\/li>\n<li>Tienilo informativo, di supporto, utile, pratico e facile da leggere<\/li>\n<li>Quando una parola chiave pertinente per i motori di ricerca come Google \u00e8 applicabile, assicurati che la parola chiave sia in almeno 1 intestazione e all&#039;interno del contenuto (massimo 1%). Ma evita sempre il riempimento di parole chiave<\/li>\n<\/ul>\n<h3><span style=\"font-size: 14pt;\"><strong>Conclusione:<\/strong><\/span><\/h3>\n<ul>\n<li>Motivare a seguire le conoscenze e i suggerimenti forniti, in modo che gli obiettivi desiderati possano essere raggiunti<\/li>\n<li>Non sono ammessi collegamenti ipertestuali o nomi di marchi nella conclusione<\/li>\n<li>Circa 40 parole<\/li>\n<\/ul>\n<h3><strong>Ispirazione e suggerimenti per ottimizzare i risultati<\/strong><\/h3>\n<p>Abbiamo raccolto alcuni suggerimenti e best practice per ottimizzare i risultati del tuo content marketing. Abbiamo anche scritto una guida approfondita al content marketing per i fornitori di tecnologia alberghiera. La guida ti aiuta a raggiungere il pubblico giusto con i contenuti giusti, a calcolare, analizzare e scegliere i canali di distribuzione pi\u00f9 adatti. <span style=\"text-decoration: underline;\"><a href=\"https:\/\/www.revfine.com\/it\/ispirazione\/\" target=\"_blank\" rel=\"noopener\">Clicca qui per tutti i suggerimenti<\/a><\/span>.<\/p>\n<h3><strong>Requisiti dell&#039;immagine<\/strong><\/h3>\n<ul>\n<li>Assicurarsi che le immagini siano disponibili per l&#039;uso nel pubblico dominio (senza copyright)<\/li>\n<li>Il video pu\u00f2 essere incorporato all&#039;interno dell&#039;articolo fornendo un codice di incorporamento (YouTube o Vimeo)<\/li>\n<li>Si prega di non aggiungere il nome del marchio o il logo a immagini o video<\/li>\n<\/ul>\n<p><strong>Tutto il materiale deve essere consegnato 10 giorni prima della data di pubblicazione.<\/strong><\/p>\n<h3><strong>Disclaimer:<\/strong><\/h3>\n<ul>\n<li>Revfine.com si riserva il diritto di rifiutare materiali che non sono conformi ai nostri standard di contenuto e alle specifiche tecniche<\/li>\n<li>Revfine.com si riserva il diritto di apportare piccole modifiche editoriali ai contenuti in linea con il tono di voce generale di Revfine.com<\/li>\n<\/ul>","protected":false},"excerpt":{"rendered":"<p>Una partnership di content marketing \u00e8 uno sforzo congiunto tra la tua azienda e Revfine.com, che fornisce al nostro pubblico consigli pratici, le ultime tendenze e spunti interessanti, creando al contempo brand awareness per la tua azienda. Di seguito troverai le nostre linee guida e suggerimenti per aiutarti a ottenere il massimo dai tuoi articoli della knowledge base. Connettiti con il pubblico di Revfine.com. \u00c8 importante<\/p>","protected":false},"author":1,"featured_media":0,"parent":0,"menu_order":0,"comment_status":"closed","ping_status":"closed","template":"","meta":{"footnotes":""},"class_list":["post-2499","page","type-page","status-publish","hentry"],"yoast_head":"<!-- This site is optimized with the Yoast SEO plugin v27.6 - https:\/\/yoast.com\/product\/yoast-seo-wordpress\/ -->\n<title>Editorial Guidelines for Knowledge Base Articles - Revfine.com<\/title>\n<meta name=\"robots\" content=\"noindex, nofollow\" \/>\n<meta property=\"og:locale\" content=\"it_IT\" \/>\n<meta property=\"og:type\" content=\"article\" \/>\n<meta property=\"og:title\" content=\"Editorial Guidelines for Knowledge Base Articles - Revfine.com\" \/>\n<meta property=\"og:description\" content=\"A content marketing partnership is a joint effort between your company and Revfine.com, providing our audience with practical tips, the latest trends, and interesting insights while creating brand awareness for your company. Below you will find our guidelines and tips to help you get the most out of your knowledge-base articles. Connect With the Audience of Revfine.com It\u2019s important to\" \/>\n<meta property=\"og:url\" content=\"https:\/\/www.revfine.com\/it\/linee-guida-editoriali-base-di-conoscenza-articoli\/\" \/>\n<meta property=\"og:site_name\" content=\"Revfine.com\" \/>\n<meta property=\"article:modified_time\" content=\"2025-12-10T11:54:29+00:00\" \/>\n<meta name=\"twitter:card\" content=\"summary_large_image\" \/>\n<meta name=\"twitter:label1\" content=\"Tempo di lettura stimato\" \/>\n\t<meta name=\"twitter:data1\" content=\"4 minuti\" \/>\n<script type=\"application\/ld+json\" class=\"yoast-schema-graph\">{\"@context\":\"https:\\\/\\\/schema.org\",\"@graph\":[{\"@type\":\"WebPage\",\"@id\":\"https:\\\/\\\/www.revfine.com\\\/guidelines-articles\\\/\",\"url\":\"https:\\\/\\\/www.revfine.com\\\/guidelines-articles\\\/\",\"name\":\"Editorial Guidelines for Knowledge Base Articles - Revfine.com\",\"isPartOf\":{\"@id\":\"https:\\\/\\\/www.revfine.com\\\/pt\\\/#website\"},\"datePublished\":\"2019-05-18T08:04:55+00:00\",\"dateModified\":\"2025-12-10T11:54:29+00:00\",\"breadcrumb\":{\"@id\":\"https:\\\/\\\/www.revfine.com\\\/guidelines-articles\\\/#breadcrumb\"},\"inLanguage\":\"it-IT\",\"potentialAction\":[{\"@type\":\"ReadAction\",\"target\":[\"https:\\\/\\\/www.revfine.com\\\/guidelines-articles\\\/\"]}]},{\"@type\":\"BreadcrumbList\",\"@id\":\"https:\\\/\\\/www.revfine.com\\\/guidelines-articles\\\/#breadcrumb\",\"itemListElement\":[{\"@type\":\"ListItem\",\"position\":1,\"name\":\"Home\",\"item\":\"https:\\\/\\\/www.revfine.com\\\/\"},{\"@type\":\"ListItem\",\"position\":2,\"name\":\"Editorial Guidelines for Knowledge Base Articles\"}]},{\"@type\":\"WebSite\",\"@id\":\"https:\\\/\\\/www.revfine.com\\\/pt\\\/#website\",\"url\":\"https:\\\/\\\/www.revfine.com\\\/pt\\\/\",\"name\":\"Revfine.com\",\"description\":\"Optimising Revenue\",\"potentialAction\":[{\"@type\":\"SearchAction\",\"target\":{\"@type\":\"EntryPoint\",\"urlTemplate\":\"https:\\\/\\\/www.revfine.com\\\/pt\\\/?s={search_term_string}\"},\"query-input\":{\"@type\":\"PropertyValueSpecification\",\"valueRequired\":true,\"valueName\":\"search_term_string\"}}],\"inLanguage\":\"it-IT\"}]}<\/script>\n<!-- \/ Yoast SEO plugin. -->","yoast_head_json":{"title":"Linee guida editoriali per gli articoli della Knowledge Base - Revfine.com","robots":{"index":"noindex","follow":"nofollow"},"og_locale":"it_IT","og_type":"article","og_title":"Editorial Guidelines for Knowledge Base Articles - Revfine.com","og_description":"A content marketing partnership is a joint effort between your company and Revfine.com, providing our audience with practical tips, the latest trends, and interesting insights while creating brand awareness for your company. Below you will find our guidelines and tips to help you get the most out of your knowledge-base articles. Connect With the Audience of Revfine.com It\u2019s important to","og_url":"https:\/\/www.revfine.com\/it\/linee-guida-editoriali-base-di-conoscenza-articoli\/","og_site_name":"Revfine.com","article_modified_time":"2025-12-10T11:54:29+00:00","twitter_card":"summary_large_image","twitter_misc":{"Tempo di lettura stimato":"4 minuti"},"schema":{"@context":"https:\/\/schema.org","@graph":[{"@type":"WebPage","@id":"https:\/\/www.revfine.com\/guidelines-articles\/","url":"https:\/\/www.revfine.com\/guidelines-articles\/","name":"Linee guida editoriali per gli articoli della Knowledge Base - Revfine.com","isPartOf":{"@id":"https:\/\/www.revfine.com\/pt\/#website"},"datePublished":"2019-05-18T08:04:55+00:00","dateModified":"2025-12-10T11:54:29+00:00","breadcrumb":{"@id":"https:\/\/www.revfine.com\/guidelines-articles\/#breadcrumb"},"inLanguage":"it-IT","potentialAction":[{"@type":"ReadAction","target":["https:\/\/www.revfine.com\/guidelines-articles\/"]}]},{"@type":"BreadcrumbList","@id":"https:\/\/www.revfine.com\/guidelines-articles\/#breadcrumb","itemListElement":[{"@type":"ListItem","position":1,"name":"Home","item":"https:\/\/www.revfine.com\/"},{"@type":"ListItem","position":2,"name":"Editorial Guidelines for Knowledge Base Articles"}]},{"@type":"WebSite","@id":"https:\/\/www.revfine.com\/pt\/#website","url":"https:\/\/www.revfine.com\/pt\/","name":"Revfine.com","description":"Ottimizzazione dei ricavi","potentialAction":[{"@type":"SearchAction","target":{"@type":"EntryPoint","urlTemplate":"https:\/\/www.revfine.com\/pt\/?s={search_term_string}"},"query-input":{"@type":"PropertyValueSpecification","valueRequired":true,"valueName":"search_term_string"}}],"inLanguage":"it-IT"}]}},"_links":{"self":[{"href":"https:\/\/www.revfine.com\/it\/wp-json\/wp\/v2\/pages\/2499","targetHints":{"allow":["GET"]}}],"collection":[{"href":"https:\/\/www.revfine.com\/it\/wp-json\/wp\/v2\/pages"}],"about":[{"href":"https:\/\/www.revfine.com\/it\/wp-json\/wp\/v2\/types\/page"}],"author":[{"embeddable":true,"href":"https:\/\/www.revfine.com\/it\/wp-json\/wp\/v2\/users\/1"}],"replies":[{"embeddable":true,"href":"https:\/\/www.revfine.com\/it\/wp-json\/wp\/v2\/comments?post=2499"}],"version-history":[{"count":4,"href":"https:\/\/www.revfine.com\/it\/wp-json\/wp\/v2\/pages\/2499\/revisions"}],"predecessor-version":[{"id":36800,"href":"https:\/\/www.revfine.com\/it\/wp-json\/wp\/v2\/pages\/2499\/revisions\/36800"}],"wp:attachment":[{"href":"https:\/\/www.revfine.com\/it\/wp-json\/wp\/v2\/media?parent=2499"}],"curies":[{"name":"parola chiave","href":"https:\/\/api.w.org\/{rel}","templated":true}]}}