{"id":3111,"date":"2019-08-26T14:38:51","date_gmt":"2019-08-26T12:38:51","guid":{"rendered":"https:\/\/revfine.com\/?page_id=3111"},"modified":"2025-08-15T19:58:10","modified_gmt":"2025-08-15T17:58:10","slug":"articolo-formato","status":"publish","type":"page","link":"https:\/\/www.revfine.com\/it\/article-format\/","title":{"rendered":"Formato dell&#039;articolo e suggerimenti per scrivere un articolo di Knowledge Base di successo"},"content":{"rendered":"<p>Di seguito trovi il formato dell&#039;articolo e i suggerimenti per scrivere un articolo di successo per Revfine.com.<\/p>\n<h3><span style=\"font-size: 14pt;\"><strong>Titolo:<\/strong><\/span><\/h3>\n<ul>\n<li>Conciso, incisivo al punto<\/li>\n<li>Includere l&#039;oggetto e\/o la parola chiave nel titolo, preferibilmente all&#039;inizio<\/li>\n<li>Massimo 69 caratteri<\/li>\n<\/ul>\n<h3><span style=\"font-size: 14pt;\"><strong>Introduzione:<\/strong><\/span><\/h3>\n<ul>\n<li>Descrivi al punto, perch\u00e9 l&#039;argomento \u00e8 importante e cosa otterr\u00e0 il lettore leggendo l&#039;articolo<\/li>\n<li>Menziona la parola chiave preferibile all&#039;inizio della frase<\/li>\n<li>Non sono consentiti collegamenti ipertestuali o nomi di marchi nel testo introduttivo<\/li>\n<li>Circa 60 parole<\/li>\n<\/ul>\n<h3><span style=\"font-size: 14pt;\"><strong>Corpo:<\/strong><\/span><\/h3>\n<ul>\n<li>Scrivi l&#039;articolo in modo positivo<\/li>\n<li>Usa un layout chiaro: usa titoli, sottotitoli, paragrafi, elenchi puntati ed esempi<\/li>\n<li>Rispondi a domande come, che cos&#039;\u00e8, perch\u00e9 \u00e8 importante e come (consigli pratici preferiti)<\/li>\n<li>Mantienilo informativo, di supporto, utile, pratico e di facile lettura<\/li>\n<li>Deve essere chiaro di gergo tecnico. Sii accessibile e invitante per le persone di tutti i livelli di lettura<\/li>\n<li>Quando una parola chiave pertinente per i motori di ricerca come Google \u00e8 applicabile, assicurati che la parola chiave sia in almeno 1 intestazione e all&#039;interno del contenuto (massimo 1%). Ma evita sempre il riempimento di parole chiave<\/li>\n<li>Creazione di link interni: puoi collegarti ad altri articoli rilevanti della tua azienda su Revfine.com<\/li>\n<li>Scrivi l&#039;articolo in \u201cseconda persona\u201d (You, Your, Yours) invece che in \u201cprima persona\u201d (I, We, Our)<\/li>\n<li>Correggi e modifica per chiarezza, grammatica e ortografia<\/li>\n<\/ul>\n<h3><span style=\"font-size: 14pt;\"><strong>Conclusione:<\/strong><\/span><\/h3>\n<ul>\n<li>Motivare a dare seguito alle conoscenze e ai suggerimenti dati, in modo da poter raggiungere gli obiettivi desiderati<\/li>\n<li>Non sono ammessi collegamenti ipertestuali o nomi di marchi nella conclusione<\/li>\n<li>Circa 40 parole<\/li>\n<\/ul>\n<p><span style=\"color: #ffffff;\">\u2013<\/span><em><strong><br \/>\nControlla se il tuo articolo corrisponde alle linee guida di Revfine.com. <span style=\"text-decoration: underline;\"><a href=\"https:\/\/www.revfine.com\/it\/article-guidelines\/\">Clicca qui per le nostre linee guida<\/a><\/span>.<\/strong><\/em><\/p>\n<h3><span style=\"font-size: 14pt;\"><strong>Articoli di esempio:<\/strong><\/span><\/h3>\n<p><a href=\"https:\/\/www.revfine.com\/it\/increase-direct-bookings-hotel-chatbot\/\" target=\"_blank\" rel=\"noopener noreferrer\"><img decoding=\"async\" class=\"alignnone wp-image-4999 size-full\" src=\"https:\/\/www.revfine.com\/wp-content\/uploads\/2025\/07\/Example-1.jpg\" alt=\"\" width=\"500\" height=\"258\" srcset=\"https:\/\/www.revfine.com\/wp-content\/uploads\/2025\/07\/Example-1-300x155.jpg 300w, https:\/\/www.revfine.com\/wp-content\/uploads\/2025\/07\/Example-1.jpg 500w\" sizes=\"(max-width: 500px) 100vw, 500px\" \/><\/a> <a href=\"https:\/\/www.revfine.com\/it\/marketing-in-realta-virtuale\/\" target=\"_blank\" rel=\"noopener noreferrer\"><img decoding=\"async\" class=\"alignnone wp-image-5000 size-full\" src=\"https:\/\/www.revfine.com\/wp-content\/uploads\/2025\/07\/Example-2.jpg\" alt=\"\" width=\"500\" height=\"258\" srcset=\"https:\/\/www.revfine.com\/wp-content\/uploads\/2025\/07\/Example-2-300x155.jpg 300w, https:\/\/www.revfine.com\/wp-content\/uploads\/2025\/07\/Example-2.jpg 500w\" sizes=\"(max-width: 500px) 100vw, 500px\" \/><\/a> <a href=\"https:\/\/www.revfine.com\/it\/reception-vs-upselling-prima-del-soggiorno\/\"><img decoding=\"async\" class=\"alignnone wp-image-2463 size-full\" src=\"https:\/\/www.revfine.com\/wp-content\/uploads\/2025\/07\/Example-3.jpg\" alt=\"\" width=\"500\" height=\"258\" srcset=\"https:\/\/www.revfine.com\/wp-content\/uploads\/2025\/07\/Example-3-300x155.jpg 300w, https:\/\/www.revfine.com\/wp-content\/uploads\/2025\/07\/Example-3.jpg 500w\" sizes=\"(max-width: 500px) 100vw, 500px\" \/><\/a> <a href=\"https:\/\/www.revfine.com\/it\/pms-software\/\"><img decoding=\"async\" class=\"alignnone wp-image-2512 size-full\" src=\"https:\/\/www.revfine.com\/wp-content\/uploads\/2025\/07\/Example-4.jpg\" alt=\"\" width=\"500\" height=\"258\" srcset=\"https:\/\/www.revfine.com\/wp-content\/uploads\/2025\/07\/Example-4-300x155.jpg 300w, https:\/\/www.revfine.com\/wp-content\/uploads\/2025\/07\/Example-4.jpg 500w\" sizes=\"(max-width: 500px) 100vw, 500px\" \/><\/a><\/p>","protected":false},"excerpt":{"rendered":"<p>Di seguito trovi il nostro formato di articolo e i suggerimenti per scrivere un articolo di successo per Revfine.com. Titolo: Conciso, incisivo al punto Includi l&#039;oggetto e\/o la parola chiave nel titolo, preferibilmente all&#039;inizio Massimo 69 caratteri Introduzione: Descrivi concisamente perch\u00e9 l&#039;argomento \u00e8 importante e cosa otterr\u00e0 il lettore leggendo l&#039;articolo Menziona il<\/p>","protected":false},"author":1,"featured_media":0,"parent":0,"menu_order":0,"comment_status":"closed","ping_status":"closed","template":"","meta":{"footnotes":""},"class_list":["post-3111","page","type-page","status-publish","hentry"],"yoast_head":"<!-- This site is optimized with the Yoast SEO plugin v27.3 - https:\/\/yoast.com\/product\/yoast-seo-wordpress\/ -->\n<title>Article Format &amp; Tips for Writing a Successful Knowledge Base Article - Revfine.com<\/title>\n<meta name=\"robots\" content=\"noindex, nofollow\" \/>\n<meta property=\"og:locale\" content=\"it_IT\" \/>\n<meta property=\"og:type\" content=\"article\" \/>\n<meta property=\"og:title\" content=\"Article Format &amp; Tips for Writing a Successful Knowledge Base Article - Revfine.com\" \/>\n<meta property=\"og:description\" content=\"Below you find our article format and tips to write a successful article for Revfine.com. Title: Pithy, punchy to the point Include the subject and\/ or keyword in the title, preferable at the beginning Maximum of 69 characters Introduction: Describe to the point, why the subject is important and what the reader will achieve by reading the article Mention the\" \/>\n<meta property=\"og:url\" content=\"https:\/\/www.revfine.com\/it\/articolo-formato\/\" \/>\n<meta property=\"og:site_name\" content=\"Revfine.com\" \/>\n<meta property=\"article:modified_time\" content=\"2025-08-15T17:58:10+00:00\" \/>\n<meta property=\"og:image\" content=\"https:\/\/www.revfine.com\/wp-content\/uploads\/2025\/07\/Example-1.jpg\" \/>\n\t<meta property=\"og:image:width\" content=\"500\" \/>\n\t<meta property=\"og:image:height\" content=\"258\" \/>\n\t<meta property=\"og:image:type\" content=\"image\/jpeg\" \/>\n<meta name=\"twitter:card\" content=\"summary_large_image\" \/>\n<meta name=\"twitter:label1\" content=\"Tempo di lettura stimato\" \/>\n\t<meta name=\"twitter:data1\" content=\"2 minuti\" \/>\n<script type=\"application\/ld+json\" class=\"yoast-schema-graph\">{\"@context\":\"https:\\\/\\\/schema.org\",\"@graph\":[{\"@type\":\"WebPage\",\"@id\":\"https:\\\/\\\/www.revfine.com\\\/article-format\\\/\",\"url\":\"https:\\\/\\\/www.revfine.com\\\/article-format\\\/\",\"name\":\"Article Format & Tips for Writing a Successful Knowledge Base Article - Revfine.com\",\"isPartOf\":{\"@id\":\"https:\\\/\\\/www.revfine.com\\\/pt\\\/#website\"},\"primaryImageOfPage\":{\"@id\":\"https:\\\/\\\/www.revfine.com\\\/article-format\\\/#primaryimage\"},\"image\":{\"@id\":\"https:\\\/\\\/www.revfine.com\\\/article-format\\\/#primaryimage\"},\"thumbnailUrl\":\"https:\\\/\\\/www.revfine.com\\\/wp-content\\\/uploads\\\/2025\\\/07\\\/Example-1.jpg\",\"datePublished\":\"2019-08-26T12:38:51+00:00\",\"dateModified\":\"2025-08-15T17:58:10+00:00\",\"breadcrumb\":{\"@id\":\"https:\\\/\\\/www.revfine.com\\\/article-format\\\/#breadcrumb\"},\"inLanguage\":\"it-IT\",\"potentialAction\":[{\"@type\":\"ReadAction\",\"target\":[\"https:\\\/\\\/www.revfine.com\\\/article-format\\\/\"]}]},{\"@type\":\"ImageObject\",\"inLanguage\":\"it-IT\",\"@id\":\"https:\\\/\\\/www.revfine.com\\\/article-format\\\/#primaryimage\",\"url\":\"https:\\\/\\\/www.revfine.com\\\/wp-content\\\/uploads\\\/2025\\\/07\\\/Example-1.jpg\",\"contentUrl\":\"https:\\\/\\\/www.revfine.com\\\/wp-content\\\/uploads\\\/2025\\\/07\\\/Example-1.jpg\"},{\"@type\":\"BreadcrumbList\",\"@id\":\"https:\\\/\\\/www.revfine.com\\\/article-format\\\/#breadcrumb\",\"itemListElement\":[{\"@type\":\"ListItem\",\"position\":1,\"name\":\"Home\",\"item\":\"https:\\\/\\\/www.revfine.com\\\/\"},{\"@type\":\"ListItem\",\"position\":2,\"name\":\"Article Format &#038; Tips for Writing a Successful Knowledge Base Article\"}]},{\"@type\":\"WebSite\",\"@id\":\"https:\\\/\\\/www.revfine.com\\\/pt\\\/#website\",\"url\":\"https:\\\/\\\/www.revfine.com\\\/pt\\\/\",\"name\":\"Revfine.com\",\"description\":\"Optimising Revenue\",\"potentialAction\":[{\"@type\":\"SearchAction\",\"target\":{\"@type\":\"EntryPoint\",\"urlTemplate\":\"https:\\\/\\\/www.revfine.com\\\/pt\\\/?s={search_term_string}\"},\"query-input\":{\"@type\":\"PropertyValueSpecification\",\"valueRequired\":true,\"valueName\":\"search_term_string\"}}],\"inLanguage\":\"it-IT\"}]}<\/script>\n<!-- \/ Yoast SEO plugin. -->","yoast_head_json":{"title":"Formato dell&#039;articolo e suggerimenti per scrivere un articolo di Knowledge Base di successo - Revfine.com","robots":{"index":"noindex","follow":"nofollow"},"og_locale":"it_IT","og_type":"article","og_title":"Article Format & Tips for Writing a Successful Knowledge Base Article - Revfine.com","og_description":"Below you find our article format and tips to write a successful article for Revfine.com. Title: Pithy, punchy to the point Include the subject and\/ or keyword in the title, preferable at the beginning Maximum of 69 characters Introduction: Describe to the point, why the subject is important and what the reader will achieve by reading the article Mention the","og_url":"https:\/\/www.revfine.com\/it\/articolo-formato\/","og_site_name":"Revfine.com","article_modified_time":"2025-08-15T17:58:10+00:00","og_image":[{"width":500,"height":258,"url":"https:\/\/www.revfine.com\/wp-content\/uploads\/2025\/07\/Example-1.jpg","type":"image\/jpeg"}],"twitter_card":"summary_large_image","twitter_misc":{"Tempo di lettura stimato":"2 minuti"},"schema":{"@context":"https:\/\/schema.org","@graph":[{"@type":"WebPage","@id":"https:\/\/www.revfine.com\/article-format\/","url":"https:\/\/www.revfine.com\/article-format\/","name":"Formato dell&#039;articolo e suggerimenti per scrivere un articolo di Knowledge Base di successo - Revfine.com","isPartOf":{"@id":"https:\/\/www.revfine.com\/pt\/#website"},"primaryImageOfPage":{"@id":"https:\/\/www.revfine.com\/article-format\/#primaryimage"},"image":{"@id":"https:\/\/www.revfine.com\/article-format\/#primaryimage"},"thumbnailUrl":"https:\/\/www.revfine.com\/wp-content\/uploads\/2025\/07\/Example-1.jpg","datePublished":"2019-08-26T12:38:51+00:00","dateModified":"2025-08-15T17:58:10+00:00","breadcrumb":{"@id":"https:\/\/www.revfine.com\/article-format\/#breadcrumb"},"inLanguage":"it-IT","potentialAction":[{"@type":"ReadAction","target":["https:\/\/www.revfine.com\/article-format\/"]}]},{"@type":"ImageObject","inLanguage":"it-IT","@id":"https:\/\/www.revfine.com\/article-format\/#primaryimage","url":"https:\/\/www.revfine.com\/wp-content\/uploads\/2025\/07\/Example-1.jpg","contentUrl":"https:\/\/www.revfine.com\/wp-content\/uploads\/2025\/07\/Example-1.jpg"},{"@type":"BreadcrumbList","@id":"https:\/\/www.revfine.com\/article-format\/#breadcrumb","itemListElement":[{"@type":"ListItem","position":1,"name":"Home","item":"https:\/\/www.revfine.com\/"},{"@type":"ListItem","position":2,"name":"Article Format &#038; Tips for Writing a Successful Knowledge Base Article"}]},{"@type":"WebSite","@id":"https:\/\/www.revfine.com\/pt\/#website","url":"https:\/\/www.revfine.com\/pt\/","name":"Revfine.com","description":"Ottimizzazione dei ricavi","potentialAction":[{"@type":"SearchAction","target":{"@type":"EntryPoint","urlTemplate":"https:\/\/www.revfine.com\/pt\/?s={search_term_string}"},"query-input":{"@type":"PropertyValueSpecification","valueRequired":true,"valueName":"search_term_string"}}],"inLanguage":"it-IT"}]}},"_links":{"self":[{"href":"https:\/\/www.revfine.com\/it\/wp-json\/wp\/v2\/pages\/3111","targetHints":{"allow":["GET"]}}],"collection":[{"href":"https:\/\/www.revfine.com\/it\/wp-json\/wp\/v2\/pages"}],"about":[{"href":"https:\/\/www.revfine.com\/it\/wp-json\/wp\/v2\/types\/page"}],"author":[{"embeddable":true,"href":"https:\/\/www.revfine.com\/it\/wp-json\/wp\/v2\/users\/1"}],"replies":[{"embeddable":true,"href":"https:\/\/www.revfine.com\/it\/wp-json\/wp\/v2\/comments?post=3111"}],"version-history":[{"count":2,"href":"https:\/\/www.revfine.com\/it\/wp-json\/wp\/v2\/pages\/3111\/revisions"}],"predecessor-version":[{"id":35501,"href":"https:\/\/www.revfine.com\/it\/wp-json\/wp\/v2\/pages\/3111\/revisions\/35501"}],"wp:attachment":[{"href":"https:\/\/www.revfine.com\/it\/wp-json\/wp\/v2\/media?parent=3111"}],"curies":[{"name":"parola chiave","href":"https:\/\/api.w.org\/{rel}","templated":true}]}}