{"id":3932,"date":"2019-12-07T10:24:48","date_gmt":"2019-12-07T09:24:48","guid":{"rendered":"https:\/\/revfine.com\/?page_id=3932"},"modified":"2019-12-11T16:54:52","modified_gmt":"2019-12-11T15:54:52","slug":"iltm","status":"publish","type":"page","link":"https:\/\/www.revfine.com\/it\/iltm\/","title":{"rendered":"ILTM (Mercato Internazionale dei Viaggi di Lusso)"},"content":{"rendered":"<p><div class=\"fusion-fullwidth fullwidth-box fusion-builder-row-1 nonhundred-percent-fullwidth non-hundred-percent-height-scrolling\" style=\"--awb-border-radius-top-left:0px;--awb-border-radius-top-right:0px;--awb-border-radius-bottom-right:0px;--awb-border-radius-bottom-left:0px;--awb-flex-wrap:wrap;\" ><div class=\"fusion-builder-row fusion-row\"><div class=\"fusion-layout-column fusion_builder_column fusion-builder-column-0 fusion_builder_column_1_1 1_1 fusion-one-full fusion-column-first fusion-column-last\" style=\"--awb-bg-size:cover;\"><div class=\"fusion-column-wrapper fusion-column-has-shadow fusion-flex-column-wrapper-legacy\"><br><div class=\"fusion-clearfix\"><\/div><\/div><\/div><\/div><\/div><div class=\"fusion-fullwidth fullwidth-box fusion-builder-row-2 nonhundred-percent-fullwidth non-hundred-percent-height-scrolling\" style=\"--awb-border-radius-top-left:0px;--awb-border-radius-top-right:0px;--awb-border-radius-bottom-right:0px;--awb-border-radius-bottom-left:0px;--awb-flex-wrap:wrap;\" ><div class=\"fusion-builder-row fusion-row\"><div class=\"fusion-layout-column fusion_builder_column fusion-builder-column-1 fusion_builder_column_1_4 1_4 fusion-one-fourth fusion-column-first\" style=\"--awb-bg-size:cover;width:25%;width:calc(25% - ( ( 4% ) * 0.25 ) );margin-right: 4%;\"><div class=\"fusion-column-wrapper fusion-column-has-shadow fusion-flex-column-wrapper-legacy\"><div class=\"fusion-image-element in-legacy-container\" style=\"--awb-max-width:250px;--awb-caption-title-font-family:var(--h2_typography-font-family);--awb-caption-title-font-weight:var(--h2_typography-font-weight);--awb-caption-title-font-style:var(--h2_typography-font-style);--awb-caption-title-size:var(--h2_typography-font-size);--awb-caption-title-transform:var(--h2_typography-text-transform);--awb-caption-title-line-height:var(--h2_typography-line-height);--awb-caption-title-letter-spacing:var(--h2_typography-letter-spacing);\"><span class=\"fusion-imageframe imageframe-none imageframe-1 hover-type-none\"><img decoding=\"async\" width=\"1000\" height=\"516\" alt=\"Mercato internazionale dei viaggi di lusso - ILTM\" title=\"Mercato Internazionale dei Viaggi di Lusso \u2013 ILTM\" src=\"https:\/\/www.revfine.com\/wp-content\/uploads\/2025\/07\/International-Luxury-Travel-Market-ILTM.jpg\" class=\"img-responsive wp-image-3944\"\/><\/span><\/div><div class=\"fusion-clearfix\"><\/div><\/div><\/div><div class=\"fusion-layout-column fusion_builder_column fusion-builder-column-2 fusion_builder_column_3_4 3_4 fusion-three-fourth fusion-column-last\" style=\"--awb-bg-size:cover;width:75%;width:calc(75% - ( ( 4% ) * 0.75 ) );\"><div class=\"fusion-column-wrapper fusion-column-has-shadow fusion-flex-column-wrapper-legacy\"><div class=\"fusion-text fusion-text-1\"><h2><span style=\"font-size: 20pt;\">ILTM<\/span><\/h2>\n<p>Ogni evento introduce una selezione senza rivali di marchi di viaggi di lusso alla vasta rete di consulenti di viaggi di lusso selezionati personalmente da ILTM, attraverso programmi di appuntamenti su misura e sessioni di networking.<\/p>\n<p>Oltre agli eventi di punta a livello mondiale a Cannes e nell&#039;Asia del Pacifico, ILTM ha quattro eventi locali principali; ILTM Arabia, ILTM China, ILTM Latin America e ILTM North America, oltre a un evento specializzato; ILTM Africa.<\/p>\n<\/div><br><br><div class=\"fusion-builder-row fusion-builder-row-inner fusion-row\"><div class=\"fusion-layout-column fusion_builder_column_inner fusion-builder-nested-column-0 fusion_builder_column_inner_1_3 1_3 fusion-one-third fusion-column-first\" style=\"--awb-bg-size:cover;width:33.333333333333%;width:calc(33.333333333333% - ( ( 4% ) * 0.33333333333333 ) );margin-right: 4%;\"><div class=\"fusion-column-wrapper fusion-column-has-shadow fusion-flex-column-wrapper-legacy\"><div class=\"fusion-button-wrapper\"><a class=\"fusion-button button-flat fusion-button-default-size button-custom fusion-button-default button-1 fusion-button-default-span fusion-button-default-type\" style=\"--button_accent_color:#ffffff;--button_accent_hover_color:#ffffff;--button_border_hover_color:#ffffff;--button_gradient_top_color:#d4a763;--button_gradient_bottom_color:#d4a763;--button_gradient_top_color_hover:#d4a763;--button_gradient_bottom_color_hover:#d4a763;\" target=\"_blank\" rel=\"noopener noreferrer\" href=\"https:\/\/www.iltm.com\/\"><span class=\"fusion-button-text awb-button__text awb-button__text--default\">Sito Web ITLM<\/span><\/a><\/div><div class=\"fusion-clearfix\"><\/div><\/div><\/div><\/div><div class=\"fusion-clearfix\"><\/div><\/div><\/div><\/div><\/div><div class=\"fusion-fullwidth fullwidth-box fusion-builder-row-3 nonhundred-percent-fullwidth non-hundred-percent-height-scrolling\" style=\"--awb-border-radius-top-left:0px;--awb-border-radius-top-right:0px;--awb-border-radius-bottom-right:0px;--awb-border-radius-bottom-left:0px;--awb-flex-wrap:wrap;\" ><div class=\"fusion-builder-row fusion-row\"><div class=\"fusion-layout-column fusion_builder_column fusion-builder-column-3 fusion_builder_column_1_1 1_1 fusion-one-full fusion-column-first fusion-column-last\" style=\"--awb-bg-size:cover;\"><div class=\"fusion-column-wrapper fusion-column-has-shadow fusion-flex-column-wrapper-legacy\"><div class=\"fusion-sep-clear\"><\/div><div class=\"fusion-separator fusion-full-width-sep\" style=\"margin-left: auto;margin-right: auto;width:100%;\"><div class=\"fusion-separator-border sep-single sep-solid\" style=\"--awb-height:20px;--awb-amount:20px;border-color:#e0dede;border-top-width:1px;\"><\/div><\/div><div class=\"fusion-sep-clear\"><\/div><br><div class=\"fusion-text fusion-text-2\"><h3><span style=\"font-size: 16pt;\">Tutti gli eventi ILTM:<\/span><\/h3>\n<\/div><div class=\"fusion-clearfix\"><\/div><\/div><\/div><\/div><\/div><div class=\"fusion-fullwidth fullwidth-box fusion-builder-row-4 nonhundred-percent-fullwidth non-hundred-percent-height-scrolling\" style=\"--awb-border-radius-top-left:0px;--awb-border-radius-top-right:0px;--awb-border-radius-bottom-right:0px;--awb-border-radius-bottom-left:0px;--awb-flex-wrap:wrap;\" ><div class=\"fusion-builder-row fusion-row\"><div class=\"fusion-layout-column fusion_builder_column fusion-builder-column-4 fusion_builder_column_1_1 1_1 fusion-one-full fusion-column-first fusion-column-last\" style=\"--awb-bg-size:cover;\"><div class=\"fusion-column-wrapper fusion-column-has-shadow fusion-flex-column-wrapper-legacy\"><style type=\"text\/css\">.fusion-portfolio-wrapper#fusion-portfolio-1 .fusion-portfolio-content{  text-align: left; }<\/style><div class=\"fusion-recent-works fusion-portfolio-element fusion-portfolio fusion-portfolio-1 fusion-portfolio-grid fusion-portfolio-paging-pagination fusion-portfolio-two fusion-portfolio-unboxed fusion-portfolio-text fusion-portfolio-equal-heights\" data-id=\"-rw-1\" data-columns=\"two\"><style type=\"text\/css\">.fusion-portfolio-1 .fusion-portfolio-wrapper .fusion-col-spacing{padding:20px;}<\/style><div class=\"fusion-portfolio-wrapper\" id=\"fusion-portfolio-1\" data-picturesize=\"auto\" data-pages=\"1\" style=\"margin:-20px;\"><article id=\"portfolio-1-post-3928\" class=\"fusion-portfolio-post iltm fusion-col-spacing post-3928\"><div class=\"fusion-portfolio-content-wrapper\" style=\"border:none;\"><span class=\"vcard rich-snippet-hidden\"><span class=\"fn\"><a href=\"https:\/\/www.revfine.com\/it\/author\/revfine-com\/\" title=\"Articoli scritti da Revfine.com\" rel=\"author\">Revfine.com<\/a><\/span><\/span><span class=\"updated rich-snippet-hidden\">2026-03-04T19:42:26+01:00<\/span><div  class=\"fusion-image-wrapper\" aria-haspopup=\"true\">\n\t\t\t\t\t\t\t<a href=\"https:\/\/www.revfine.com\/it\/page\/iltm-cannes\/\" aria-label=\"Mercato Internazionale del Turismo di Lusso Cannes | Dicembre 2026\">\n\t\t\t\t\t\t\t<img decoding=\"async\" width=\"1200\" height=\"628\" src=\"https:\/\/www.revfine.com\/wp-content\/uploads\/2025\/07\/ILTM-Cannes-International-Luxury-Travel-Market-Cannes-France.jpg\" class=\"attachment-full size-full wp-post-image\" alt=\"ILTM Cannes - Mercato Internazionale dei Viaggi di Lusso Cannes - Francia\" \/>\t\t\t<\/a>\n\t\t\t\t\t\t\t<\/div>\n<div class=\"fusion-portfolio-content\"><h2 class=\"entry-title fusion-post-title\"><a href=\"https:\/\/www.revfine.com\/it\/page\/iltm-cannes\/\">Mercato Internazionale del Turismo di Lusso Cannes | Dicembre 2026<\/a><\/h2><div class=\"fusion-post-content\"><p> ILTM Cannes (International Luxury Travel Market Cannes) promette di essere il pi\u00f9 grande evento dell&#039;anno per la comunit\u00e0 globale dei viaggi di lusso. Informazioni su ILTM Cannes Questo evento offre l&#039;opportunit\u00e0 perfetta per incontrare esperienze di viaggio di lusso. Apre le porte a una consolidata comunit\u00e0 internazionale di acquirenti di viaggi d&#039;\u00e9lite. All&#039;evento ILTM Cannes (International Luxury Travel Market Cannes), fornitori selezionati verranno presentati ad acquirenti esclusivi e alcuni dei pi\u00f9 desiderabili e<\/p><\/div><\/div><\/div><\/article><article id=\"portfolio-1-post-3916\" class=\"fusion-portfolio-post iltm fusion-col-spacing post-3916\"><div class=\"fusion-portfolio-content-wrapper\" style=\"border:none;\"><span class=\"vcard rich-snippet-hidden\"><span class=\"fn\"><a href=\"https:\/\/www.revfine.com\/it\/author\/revfine-com\/\" title=\"Articoli scritti da Revfine.com\" rel=\"author\">Revfine.com<\/a><\/span><\/span><span class=\"updated rich-snippet-hidden\">2026-03-04T19:24:52+01:00<\/span><div  class=\"fusion-image-wrapper\" aria-haspopup=\"true\">\n\t\t\t\t\t\t\t<a href=\"https:\/\/www.revfine.com\/it\/page\/iltm-north-america\/\" aria-label=\"ILTM Nord America | Settembre 2026\">\n\t\t\t\t\t\t\t<img decoding=\"async\" width=\"1200\" height=\"628\" src=\"https:\/\/www.revfine.com\/wp-content\/uploads\/2025\/07\/ILTM-North-America-International-Luxury-Travel-Market-North-America.jpg\" class=\"attachment-full size-full wp-post-image\" alt=\"ILTM Nord America - Mercato internazionale dei viaggi di lusso in Nord America\" \/>\t\t\t<\/a>\n\t\t\t\t\t\t\t<\/div>\n<div class=\"fusion-portfolio-content\"><h2 class=\"entry-title fusion-post-title\"><a href=\"https:\/\/www.revfine.com\/it\/page\/iltm-north-america\/\">ILTM Nord America | Settembre 2026<\/a><\/h2><div class=\"fusion-post-content\"><p> ILTM North America (International Luxury Travel Market North America) riunisce agenti e consulenti di viaggi di lusso provenienti da Canada, Messico e Stati Uniti. Informazioni su ILTM North America L&#039;evento ILTM North America (International Luxury Travel Market North America) \u00e8 una fiera di viaggi solo su invito, in cui i migliori agenti di viaggio e consulenti di Canada, Stati Uniti e Messico si riuniscono per incontrare le esperienze di viaggio pi\u00f9 lussuose del mondo . Con oltre 19.000 appuntamenti su misura in tre giorni, viaggi di lusso<\/p><\/div><\/div><\/div><\/article><article id=\"portfolio-1-post-3913\" class=\"fusion-portfolio-post iltm fusion-col-spacing post-3913\"><div class=\"fusion-portfolio-content-wrapper\" style=\"border:none;\"><span class=\"vcard rich-snippet-hidden\"><span class=\"fn\"><a href=\"https:\/\/www.revfine.com\/it\/author\/revfine-com\/\" title=\"Articoli scritti da Revfine.com\" rel=\"author\">Revfine.com<\/a><\/span><\/span><span class=\"updated rich-snippet-hidden\">2026-03-04T19:08:33+01:00<\/span><div  class=\"fusion-image-wrapper\" aria-haspopup=\"true\">\n\t\t\t\t\t\t\t<a href=\"https:\/\/www.revfine.com\/it\/page\/iltm-asia-pacific\/\" aria-label=\"ILTM Asia Pacifico | Giugno 2026\">\n\t\t\t\t\t\t\t<img decoding=\"async\" width=\"1200\" height=\"628\" src=\"https:\/\/www.revfine.com\/wp-content\/uploads\/2025\/07\/ILTM-Asia-Pacific-International-Luxury-Travel-Market-Asia-Pacific.jpg\" class=\"attachment-full size-full wp-post-image\" alt=\"ILTM Asia Pacific - Mercato internazionale dei viaggi di lusso Asia Pacific\" \/>\t\t\t<\/a>\n\t\t\t\t\t\t\t<\/div>\n<div class=\"fusion-portfolio-content\"><h2 class=\"entry-title fusion-post-title\"><a href=\"https:\/\/www.revfine.com\/it\/page\/iltm-asia-pacific\/\">ILTM Asia Pacifico | Giugno 2026<\/a><\/h2><div class=\"fusion-post-content\"><p> ILTM Asia Pacific (Pacific (International Luxury Travel Market Asia Pacific)&quot; offre l&#039;opportunit\u00e0 di incontrare e fare rete con i principali acquirenti di viaggi di lusso. Informazioni su ILTM Asia Pacific L&#039;evento ILTM Asia Pacific (International Luxury Travel Market Asia Pacific) si svolge a Singapore e introduce principali acquirenti di viaggi di lusso dalle regioni dell&#039;Asia del Pacifico alle esperienze di viaggio internazionali.Questa fiera di viaggi fornisce la piattaforma per costruire relazioni commerciali con fornitori di marchi di viaggi di lusso.Chi<\/p><\/div><\/div><\/div><\/article><article id=\"portfolio-1-post-3907\" class=\"fusion-portfolio-post iltm fusion-col-spacing post-3907\"><div class=\"fusion-portfolio-content-wrapper\" style=\"border:none;\"><span class=\"vcard rich-snippet-hidden\"><span class=\"fn\"><a href=\"https:\/\/www.revfine.com\/it\/author\/revfine-com\/\" title=\"Articoli scritti da Revfine.com\" rel=\"author\">Revfine.com<\/a><\/span><\/span><span class=\"updated rich-snippet-hidden\">2026-03-04T11:56:27+01:00<\/span><div  class=\"fusion-image-wrapper\" aria-haspopup=\"true\">\n\t\t\t\t\t\t\t<a href=\"https:\/\/www.revfine.com\/it\/page\/iltm-latin-america\/\" aria-label=\"ILTM America Latina | Maggio 2026\">\n\t\t\t\t\t\t\t<img decoding=\"async\" width=\"1200\" height=\"628\" src=\"https:\/\/www.revfine.com\/wp-content\/uploads\/2025\/07\/ILTM-Latin-America-International-Luxury-Travel-Market-Latin-America.jpg\" class=\"attachment-full size-full wp-post-image\" alt=\"ILTM America Latina - Mercato internazionale dei viaggi di lusso in America Latina\" \/>\t\t\t<\/a>\n\t\t\t\t\t\t\t<\/div>\n<div class=\"fusion-portfolio-content\"><h2 class=\"entry-title fusion-post-title\"><a href=\"https:\/\/www.revfine.com\/it\/page\/iltm-latin-america\/\">ILTM America Latina | Maggio 2026<\/a><\/h2><div class=\"fusion-post-content\"><p> ILTM Latin America (International Luxury Travel Market Latin America) unisce gli agenti di viaggio di lusso con i fornitori internazionali di esperienze di viaggio. Informazioni su ILTM America Latina Gli agenti di viaggio di lusso di San Paolo, Brasile e America Latina si riuniscono per incontri con fornitori di esperienze di viaggio provenienti da tutto il mondo. All&#039;evento ILTM America Latina, puoi costruire reti e stabilire relazioni commerciali uniche con i viaggiatori d&#039;\u00e9lite dell&#039;America Latina. Questa fiera dei viaggi offre affari in<\/p><\/div><\/div><\/div><\/article><article id=\"portfolio-1-post-3894\" class=\"fusion-portfolio-post iltm fusion-col-spacing post-3894\"><div class=\"fusion-portfolio-content-wrapper\" style=\"border:none;\"><span class=\"vcard rich-snippet-hidden\"><span class=\"fn\"><a href=\"https:\/\/www.revfine.com\/it\/author\/revfine-com\/\" title=\"Articoli scritti da Revfine.com\" rel=\"author\">Revfine.com<\/a><\/span><\/span><span class=\"updated rich-snippet-hidden\">2026-04-21T15:22:51+02:00<\/span><div  class=\"fusion-image-wrapper\" aria-haspopup=\"true\">\n\t\t\t\t\t\t\t<a href=\"https:\/\/www.revfine.com\/it\/page\/iltm-africa\/\" aria-label=\"Mercato internazionale del turismo di lusso in Africa | Aprile 2027\">\n\t\t\t\t\t\t\t<img decoding=\"async\" width=\"1200\" height=\"628\" src=\"https:\/\/www.revfine.com\/wp-content\/uploads\/2025\/07\/ILTM-Africa-International-Luxury-Travel-Market-Africa-South-Africa.jpg\" class=\"attachment-full size-full wp-post-image\" alt=\"ILTM Africa - Mercato Internazionale dei Viaggi di Lusso Africa - Sud Africa\" \/>\t\t\t<\/a>\n\t\t\t\t\t\t\t<\/div>\n<div class=\"fusion-portfolio-content\"><h2 class=\"entry-title fusion-post-title\"><a href=\"https:\/\/www.revfine.com\/it\/page\/iltm-africa\/\">Mercato internazionale del turismo di lusso in Africa | Aprile 2027<\/a><\/h2><div class=\"fusion-post-content\"><p> ILTM Africa (International Luxury Travel Market Africa) \u00e8 un evento esclusivo, in cui i fornitori di viaggi di lusso africani incontrano acquirenti da tutto il mondo. Informazioni su ILTM Africa ILTM Africa \u00e8 il primo evento B2B di viaggio di lusso in Sudafrica lanciato nel 2013. Questo evento esclusivo introduce le strutture di lusso dei fornitori di viaggi agli acquirenti e ai pianificatori di viaggio di tutto il mondo con una serie unica di esperienze per i viaggiatori interessati ad esplorare l&#039;Africa. Chi dovrebbe partecipare?<\/p><\/div><\/div><\/div><\/article><\/div><\/div><div class=\"fusion-clearfix\"><\/div><\/div><\/div><\/div><\/div><\/p>","protected":false},"excerpt":{"rendered":"","protected":false},"author":1,"featured_media":3950,"parent":0,"menu_order":0,"comment_status":"closed","ping_status":"closed","template":"","meta":{"footnotes":""},"class_list":["post-3932","page","type-page","status-publish","has-post-thumbnail","hentry"],"yoast_head":"<!-- This site is optimized with the Yoast SEO plugin v27.3 - https:\/\/yoast.com\/product\/yoast-seo-wordpress\/ -->\n<title>ILTM Luxury Travel Events | Overview of All ILTM Events<\/title>\n<meta name=\"description\" content=\"ILTM is the only truly global event for the luxury travel industry. Here you find an overview of all ILTM events including event information.\" \/>\n<meta name=\"robots\" content=\"index, follow, max-snippet:-1, max-image-preview:large, max-video-preview:-1\" \/>\n<link rel=\"canonical\" href=\"https:\/\/www.revfine.com\/it\/iltm\/\" \/>\n<meta property=\"og:locale\" content=\"it_IT\" \/>\n<meta property=\"og:type\" content=\"article\" \/>\n<meta property=\"og:title\" content=\"ILTM Luxury Travel Events | Overview of All ILTM Events\" \/>\n<meta property=\"og:description\" content=\"ILTM is the only truly global event for the luxury travel industry. Here you find an overview of all ILTM events including event information.\" \/>\n<meta property=\"og:url\" content=\"https:\/\/www.revfine.com\/it\/iltm\/\" \/>\n<meta property=\"og:site_name\" content=\"Revfine.com\" \/>\n<meta property=\"article:modified_time\" content=\"2019-12-11T15:54:52+00:00\" \/>\n<meta property=\"og:image\" content=\"https:\/\/www.revfine.com\/wp-content\/uploads\/ILTM-Luxury-Travel-Events.jpg\" \/>\n\t<meta property=\"og:image:width\" content=\"1000\" \/>\n\t<meta property=\"og:image:height\" content=\"516\" \/>\n\t<meta property=\"og:image:type\" content=\"image\/jpeg\" \/>\n<meta name=\"twitter:card\" content=\"summary_large_image\" \/>\n<meta name=\"twitter:label1\" content=\"Tempo di lettura stimato\" \/>\n\t<meta name=\"twitter:data1\" content=\"7 minuti\" \/>\n<script type=\"application\/ld+json\" class=\"yoast-schema-graph\">{\"@context\":\"https:\\\/\\\/schema.org\",\"@graph\":[{\"@type\":\"WebPage\",\"@id\":\"https:\\\/\\\/www.revfine.com\\\/iltm\\\/\",\"url\":\"https:\\\/\\\/www.revfine.com\\\/iltm\\\/\",\"name\":\"ILTM Luxury Travel Events | Overview of All ILTM Events\",\"isPartOf\":{\"@id\":\"https:\\\/\\\/www.revfine.com\\\/pt\\\/#website\"},\"primaryImageOfPage\":{\"@id\":\"https:\\\/\\\/www.revfine.com\\\/iltm\\\/#primaryimage\"},\"image\":{\"@id\":\"https:\\\/\\\/www.revfine.com\\\/iltm\\\/#primaryimage\"},\"thumbnailUrl\":\"https:\\\/\\\/www.revfine.com\\\/wp-content\\\/uploads\\\/2025\\\/07\\\/ILTM-Luxury-Travel-Events.jpg\",\"datePublished\":\"2019-12-07T09:24:48+00:00\",\"dateModified\":\"2019-12-11T15:54:52+00:00\",\"description\":\"ILTM is the only truly global event for the luxury travel industry. Here you find an overview of all ILTM events including event information.\",\"breadcrumb\":{\"@id\":\"https:\\\/\\\/www.revfine.com\\\/iltm\\\/#breadcrumb\"},\"inLanguage\":\"it-IT\",\"potentialAction\":[{\"@type\":\"ReadAction\",\"target\":[\"https:\\\/\\\/www.revfine.com\\\/iltm\\\/\"]}]},{\"@type\":\"ImageObject\",\"inLanguage\":\"it-IT\",\"@id\":\"https:\\\/\\\/www.revfine.com\\\/iltm\\\/#primaryimage\",\"url\":\"https:\\\/\\\/www.revfine.com\\\/wp-content\\\/uploads\\\/2025\\\/07\\\/ILTM-Luxury-Travel-Events.jpg\",\"contentUrl\":\"https:\\\/\\\/www.revfine.com\\\/wp-content\\\/uploads\\\/2025\\\/07\\\/ILTM-Luxury-Travel-Events.jpg\",\"width\":1000,\"height\":516,\"caption\":\"ILTM - Luxury Travel Events\"},{\"@type\":\"BreadcrumbList\",\"@id\":\"https:\\\/\\\/www.revfine.com\\\/iltm\\\/#breadcrumb\",\"itemListElement\":[{\"@type\":\"ListItem\",\"position\":1,\"name\":\"Home\",\"item\":\"https:\\\/\\\/www.revfine.com\\\/\"},{\"@type\":\"ListItem\",\"position\":2,\"name\":\"ILTM (International Luxury Travel Market)\"}]},{\"@type\":\"WebSite\",\"@id\":\"https:\\\/\\\/www.revfine.com\\\/pt\\\/#website\",\"url\":\"https:\\\/\\\/www.revfine.com\\\/pt\\\/\",\"name\":\"Revfine.com\",\"description\":\"Optimising Revenue\",\"potentialAction\":[{\"@type\":\"SearchAction\",\"target\":{\"@type\":\"EntryPoint\",\"urlTemplate\":\"https:\\\/\\\/www.revfine.com\\\/pt\\\/?s={search_term_string}\"},\"query-input\":{\"@type\":\"PropertyValueSpecification\",\"valueRequired\":true,\"valueName\":\"search_term_string\"}}],\"inLanguage\":\"it-IT\"}]}<\/script>\n<!-- \/ Yoast SEO plugin. -->","yoast_head_json":{"title":"Eventi di viaggio di lusso ILTM | Panoramica di tutti gli eventi ILTM","description":"ILTM \u00e8 l&#039;unico evento veramente globale per l&#039;industria dei viaggi di lusso. Qui trovi una panoramica di tutti gli eventi ILTM, comprese le informazioni sugli eventi.","robots":{"index":"index","follow":"follow","max-snippet":"max-snippet:-1","max-image-preview":"max-image-preview:large","max-video-preview":"max-video-preview:-1"},"canonical":"https:\/\/www.revfine.com\/it\/iltm\/","og_locale":"it_IT","og_type":"article","og_title":"ILTM Luxury Travel Events | Overview of All ILTM Events","og_description":"ILTM is the only truly global event for the luxury travel industry. Here you find an overview of all ILTM events including event information.","og_url":"https:\/\/www.revfine.com\/it\/iltm\/","og_site_name":"Revfine.com","article_modified_time":"2019-12-11T15:54:52+00:00","og_image":[{"width":1000,"height":516,"url":"https:\/\/www.revfine.com\/wp-content\/uploads\/ILTM-Luxury-Travel-Events.jpg","type":"image\/jpeg"}],"twitter_card":"summary_large_image","twitter_misc":{"Tempo di lettura stimato":"7 minuti"},"schema":{"@context":"https:\/\/schema.org","@graph":[{"@type":"WebPage","@id":"https:\/\/www.revfine.com\/iltm\/","url":"https:\/\/www.revfine.com\/iltm\/","name":"Eventi di viaggio di lusso ILTM | Panoramica di tutti gli eventi ILTM","isPartOf":{"@id":"https:\/\/www.revfine.com\/pt\/#website"},"primaryImageOfPage":{"@id":"https:\/\/www.revfine.com\/iltm\/#primaryimage"},"image":{"@id":"https:\/\/www.revfine.com\/iltm\/#primaryimage"},"thumbnailUrl":"https:\/\/www.revfine.com\/wp-content\/uploads\/2025\/07\/ILTM-Luxury-Travel-Events.jpg","datePublished":"2019-12-07T09:24:48+00:00","dateModified":"2019-12-11T15:54:52+00:00","description":"ILTM \u00e8 l&#039;unico evento veramente globale per l&#039;industria dei viaggi di lusso. Qui trovi una panoramica di tutti gli eventi ILTM, comprese le informazioni sugli eventi.","breadcrumb":{"@id":"https:\/\/www.revfine.com\/iltm\/#breadcrumb"},"inLanguage":"it-IT","potentialAction":[{"@type":"ReadAction","target":["https:\/\/www.revfine.com\/iltm\/"]}]},{"@type":"ImageObject","inLanguage":"it-IT","@id":"https:\/\/www.revfine.com\/iltm\/#primaryimage","url":"https:\/\/www.revfine.com\/wp-content\/uploads\/2025\/07\/ILTM-Luxury-Travel-Events.jpg","contentUrl":"https:\/\/www.revfine.com\/wp-content\/uploads\/2025\/07\/ILTM-Luxury-Travel-Events.jpg","width":1000,"height":516,"caption":"ILTM - Luxury Travel Events"},{"@type":"BreadcrumbList","@id":"https:\/\/www.revfine.com\/iltm\/#breadcrumb","itemListElement":[{"@type":"ListItem","position":1,"name":"Home","item":"https:\/\/www.revfine.com\/"},{"@type":"ListItem","position":2,"name":"ILTM (International Luxury Travel Market)"}]},{"@type":"WebSite","@id":"https:\/\/www.revfine.com\/pt\/#website","url":"https:\/\/www.revfine.com\/pt\/","name":"Revfine.com","description":"Ottimizzazione dei ricavi","potentialAction":[{"@type":"SearchAction","target":{"@type":"EntryPoint","urlTemplate":"https:\/\/www.revfine.com\/pt\/?s={search_term_string}"},"query-input":{"@type":"PropertyValueSpecification","valueRequired":true,"valueName":"search_term_string"}}],"inLanguage":"it-IT"}]}},"_links":{"self":[{"href":"https:\/\/www.revfine.com\/it\/wp-json\/wp\/v2\/pages\/3932","targetHints":{"allow":["GET"]}}],"collection":[{"href":"https:\/\/www.revfine.com\/it\/wp-json\/wp\/v2\/pages"}],"about":[{"href":"https:\/\/www.revfine.com\/it\/wp-json\/wp\/v2\/types\/page"}],"author":[{"embeddable":true,"href":"https:\/\/www.revfine.com\/it\/wp-json\/wp\/v2\/users\/1"}],"replies":[{"embeddable":true,"href":"https:\/\/www.revfine.com\/it\/wp-json\/wp\/v2\/comments?post=3932"}],"version-history":[{"count":0,"href":"https:\/\/www.revfine.com\/it\/wp-json\/wp\/v2\/pages\/3932\/revisions"}],"wp:featuredmedia":[{"embeddable":true,"href":"https:\/\/www.revfine.com\/it\/wp-json\/wp\/v2\/media\/3950"}],"wp:attachment":[{"href":"https:\/\/www.revfine.com\/it\/wp-json\/wp\/v2\/media?parent=3932"}],"curies":[{"name":"parola chiave","href":"https:\/\/api.w.org\/{rel}","templated":true}]}}